{"id":6910,"date":"2025-10-13T03:29:02","date_gmt":"2025-10-13T03:29:02","guid":{"rendered":"https:\/\/frvape.com\/?page_id=6910"},"modified":"2025-10-13T13:23:47","modified_gmt":"2025-10-13T13:23:47","slug":"faqs","status":"publish","type":"page","link":"https:\/\/frvape.com\/cs\/faqs\/","title":{"rendered":"Nej\u010dast\u011bj\u0161\u00ed dotazy"},"content":{"rendered":"<div data-elementor-type=\"wp-page\" data-elementor-id=\"6910\" class=\"elementor elementor-6910\">\n\t\t\t\t<div class=\"elementor-element elementor-element-7160fb7f e-flex e-con-boxed e-con e-parent\" data-id=\"7160fb7f\" data-element_type=\"container\">\n\t\t\t\t\t<div class=\"e-con-inner\">\n\t\t\t\t<div class=\"elementor-element elementor-element-2c88839a elementor-widget elementor-widget-text-editor\" data-id=\"2c88839a\" data-element_type=\"widget\" data-widget_type=\"text-editor.default\">\n\t\t\t\t\t\t\t\t\t\t\t\t\t\t\t\t\t<\/div>\n\t\t\t\t\t<\/div>\n\t\t\t\t<\/div>\n\t\t<div class=\"elementor-element elementor-element-e89950c e-flex e-con-boxed e-con e-parent\" data-id=\"e89950c\" data-element_type=\"container\">\n\t\t\t\t\t<div class=\"e-con-inner\">\n\t\t\t\t<div class=\"elementor-element elementor-element-6e3cd73 elementor-widget elementor-widget-heading\" data-id=\"6e3cd73\" data-element_type=\"widget\" data-widget_type=\"heading.default\">\n\t\t\t\t\t<h1 class=\"elementor-heading-title elementor-size-default\"><b>Nej\u010dast\u011bj\u0161\u00ed dotazy<\/b><\/h1>\t\t\t\t<\/div>\n\t\t\t\t\t<\/div>\n\t\t\t\t<\/div>\n\t\t<div class=\"elementor-element elementor-element-87cee18 e-flex e-con-boxed e-con e-parent\" data-id=\"87cee18\" data-element_type=\"container\">\n\t\t\t\t\t<div class=\"e-con-inner\">\n\t\t\t\t<div class=\"elementor-element elementor-element-9ea1ab8 elementor-widget elementor-widget-text-editor\" data-id=\"9ea1ab8\" data-element_type=\"widget\" data-widget_type=\"text-editor.default\">\n\t\t\t\t\t\t\t\t\t<p><strong>1.Kdy bude odesl\u00e1na?<\/strong><br \/>Doba p\u0159\u00edpravy objedn\u00e1vky je 2-3 pracovn\u00ed dny po p\u0159\u00edprav\u011b<\/p>\n<p><strong>2.Doba p\u0159epravy<\/strong><br \/>Odesl\u00e1n\u00ed na va\u0161i adresu potrv\u00e1 p\u0159ibli\u017en\u011b 3-8 pracovn\u00edch dn\u00ed. V\u00fdchoz\u00ed logistickou slu\u017ebou v Evrop\u011b je DHL.<\/p>\n<p><strong>3.O chuti<\/strong><br \/>10 ks\/krabice\/ p\u0159\u00edchu\u0165, m\u016f\u017eete si vybrat p\u0159\u00edchu\u0165, kterou chcete, pokud n\u011bkter\u00e1 p\u0159\u00edchu\u0165, kterou si vyberete, nen\u00ed na sklad\u011b, budu v\u00e1s kontaktovat, abyste ji zm\u011bnili.<\/p>\n<p><strong>4.Jak\u00e9 platebn\u00ed metody p\u0159ij\u00edm\u00e1te?<\/strong><br \/>Podporujeme n\u00e1sleduj\u00edc\u00ed platebn\u00ed metody: Kreditn\u00ed\/debetn\u00ed karty, p\u0159\u00edm\u00fd bankovn\u00ed p\u0159evod, platba kryptom\u011bnami, BLIK, Bancontact, iDEAL, Multibanco, MyBank, Przelewy24, Trustly, EPS a dal\u0161\u00ed. Dostupn\u00e9 mo\u017enosti platby si m\u016f\u017eete prohl\u00e9dnout na str\u00e1nce pokladny.<\/p>\n<p><strong>5.Pro\u010d byla moje platba odm\u00edtnuta?<\/strong><br \/><strong>Platby mohou b\u00fdt odm\u00edtnuty pro<\/strong> z r\u016fzn\u00fdch d\u016fvod\u016f, jako jsou nespr\u00e1vn\u00e9 \u00fadaje o kreditn\u00ed kart\u011b, nedostatek finan\u010dn\u00edch prost\u0159edk\u016f nebo probl\u00e9my s poskytovatelem platebn\u00edch slu\u017eeb. Ujist\u011bte se pros\u00edm, \u017ee zadan\u00e9 platebn\u00ed \u00fadaje jsou spr\u00e1vn\u00e9, nebo se obra\u0165te na sv\u00e9ho poskytovatele platebn\u00edch slu\u017eeb a probl\u00e9m vy\u0159e\u0161te.<\/p>\n<p><strong>6.Je platba bezpe\u010dn\u00e1?<\/strong><br \/>K zaji\u0161t\u011bn\u00ed bezpe\u010dnosti plateb pou\u017e\u00edv\u00e1me r\u016fzn\u00e1 opat\u0159en\u00ed, v\u010detn\u011b \u0161ifrovac\u00ed technologie a zpracov\u00e1n\u00ed plateb v souladu se standardy PCI.<\/p>\n<p><strong>7.Jak mohu obdr\u017eet potvrzen\u00ed objedn\u00e1vky po proveden\u00ed platby?<\/strong><br \/>Ihned po \u00fasp\u011b\u0161n\u00e9 platb\u011b obdr\u017e\u00edte e-mail s potvrzen\u00edm objedn\u00e1vky a podrobn\u00fdmi informacemi o objedn\u00e1vce.<\/p>\n<p><strong>8.Jak mohu po\u017e\u00e1dat o vr\u00e1cen\u00ed pen\u011bz?<\/strong><br \/>Pokud pot\u0159ebujete vr\u00e1tit pen\u00edze, kontaktujte n\u00e1\u0161 t\u00fdm z\u00e1kaznick\u00e9 podpory a uve\u010fte podrobnosti o objedn\u00e1vce. Pom\u016f\u017eeme v\u00e1m s vy\u0159\u00edzen\u00edm \u017e\u00e1dosti o vr\u00e1cen\u00ed pen\u011bz v souladu s na\u0161imi z\u00e1sadami pro vr\u00e1cen\u00ed pen\u011bz.<\/p>\t\t\t\t\t\t\t\t<\/div>\n\t\t\t\t\t<\/div>\n\t\t\t\t<\/div>\n\t\t\t\t<\/div>","protected":false},"excerpt":{"rendered":"<p>FAQs 1.When will it be shipped?Order prepare time is 2-3 working daysafter prepare 2.Shipping timeIt will take about 3-8working days to ship to your address.. The default shipping logistics in Europe is DHL. 3.About taste10pcs\/box\/flavor, you can choose theflavor you want, if some flavor whichyou choose is not instock,i will contactyou to chang 4.Which payment [&#8230;]","protected":false},"author":1,"featured_media":0,"parent":0,"menu_order":0,"comment_status":"closed","ping_status":"closed","template":"","meta":{"footnotes":""},"class_list":["post-6910","page","type-page","status-publish","hentry"],"jetpack_sharing_enabled":true,"_links":{"self":[{"href":"https:\/\/frvape.com\/cs\/wp-json\/wp\/v2\/pages\/6910","targetHints":{"allow":["GET"]}}],"collection":[{"href":"https:\/\/frvape.com\/cs\/wp-json\/wp\/v2\/pages"}],"about":[{"href":"https:\/\/frvape.com\/cs\/wp-json\/wp\/v2\/types\/page"}],"author":[{"embeddable":true,"href":"https:\/\/frvape.com\/cs\/wp-json\/wp\/v2\/users\/1"}],"replies":[{"embeddable":true,"href":"https:\/\/frvape.com\/cs\/wp-json\/wp\/v2\/comments?post=6910"}],"version-history":[{"count":7,"href":"https:\/\/frvape.com\/cs\/wp-json\/wp\/v2\/pages\/6910\/revisions"}],"predecessor-version":[{"id":8122,"href":"https:\/\/frvape.com\/cs\/wp-json\/wp\/v2\/pages\/6910\/revisions\/8122"}],"wp:attachment":[{"href":"https:\/\/frvape.com\/cs\/wp-json\/wp\/v2\/media?parent=6910"}],"curies":[{"name":"wp","href":"https:\/\/api.w.org\/{rel}","templated":true}]}}