{"id":7125,"date":"2025-10-13T06:48:19","date_gmt":"2025-10-13T06:48:19","guid":{"rendered":"https:\/\/frvape.com\/?page_id=7125"},"modified":"2025-10-13T13:26:19","modified_gmt":"2025-10-13T13:26:19","slug":"nabidky-kuponu","status":"publish","type":"page","link":"https:\/\/frvape.com\/cs\/nabidky-kuponu\/","title":{"rendered":"Coupons &#038; Offer"},"content":{"rendered":"<div data-elementor-type=\"wp-page\" data-elementor-id=\"7125\" class=\"elementor elementor-7125\">\n\t\t\t\t<div class=\"elementor-element elementor-element-7d519ebb e-flex e-con-boxed e-con e-parent\" data-id=\"7d519ebb\" data-element_type=\"container\">\n\t\t\t\t\t<div class=\"e-con-inner\">\n\t\t\t\t<div class=\"elementor-element elementor-element-4672ad55 elementor-widget elementor-widget-text-editor\" data-id=\"4672ad55\" data-element_type=\"widget\" data-widget_type=\"text-editor.default\">\n\t\t\t\t\t\t\t\t\t\t\t\t\t\t\t\t\t<\/div>\n\t\t\t\t\t<\/div>\n\t\t\t\t<\/div>\n\t\t<div class=\"elementor-element elementor-element-f5a1dac e-flex e-con-boxed e-con e-parent\" data-id=\"f5a1dac\" data-element_type=\"container\">\n\t\t\t\t\t<div class=\"e-con-inner\">\n\t\t\t\t<div class=\"elementor-element elementor-element-8c5601b elementor-widget elementor-widget-text-editor\" data-id=\"8c5601b\" data-element_type=\"widget\" data-widget_type=\"text-editor.default\">\n\t\t\t\t\t\t\t\t\t<h3 data-start=\"108\" data-end=\"153\"><strong data-start=\"112\" data-end=\"153\">Exkluzivn\u00ed kup\u00f3ny a nab\u00eddky na FR Vape<\/strong><\/h3><p data-start=\"155\" data-end=\"305\"><strong data-start=\"155\" data-end=\"305\">V\u00edtejte na str\u00e1nk\u00e1ch FR Vape - va\u0161eho komplexn\u00edho obchodu s pr\u00e9miov\u00fdmi produkty pro vaping. U\u017eijte si \u00fa\u017easn\u00e9 \u00faspory na sv\u00e9 p\u0159\u00ed\u0161t\u00ed objedn\u00e1vce s na\u0161imi speci\u00e1ln\u00edmi kup\u00f3ny a nab\u00eddkami!<\/strong><\/p><hr data-start=\"307\" data-end=\"310\"><h4 data-start=\"312\" data-end=\"336\"><strong data-start=\"317\" data-end=\"336\">Aktu\u00e1ln\u00ed nab\u00eddky:<\/strong><\/h4><hr data-start=\"338\" data-end=\"341\"><p data-start=\"343\" data-end=\"390\"><strong data-start=\"343\" data-end=\"390\">1. Uv\u00edtac\u00ed nab\u00eddka - 10% z prvn\u00ed objedn\u00e1vky<\/strong><\/p><p data-start=\"392\" data-end=\"499\">Nov\u00e1\u010dek ve FR Vape? U\u017eijte si <strong data-start=\"414\" data-end=\"425\">10% OFF<\/strong> p\u0159i prvn\u00edm n\u00e1kupu!<br data-start=\"449\" data-end=\"452\">\nSta\u010d\u00ed pou\u017e\u00edt k\u00f3d: <strong data-start=\"473\" data-end=\"486\">WELCOME10<\/strong> u pokladny.<\/p><hr data-start=\"501\" data-end=\"504\"><p data-start=\"506\" data-end=\"553\"><strong data-start=\"506\" data-end=\"553\">2. Kupte 2, z\u00edskejte 1 zdarma na vybran\u00e9 e-liquidy!<\/strong><\/p><p data-start=\"555\" data-end=\"720\">Ud\u011blejte si z\u00e1soby sv\u00fdch obl\u00edben\u00fdch e-liquid\u016f a u\u0161et\u0159ete!<br data-start=\"600\" data-end=\"603\">\nKupte si dv\u011b lahvi\u010dky vybran\u00fdch e-liquid\u016f a z\u00edskejte jednu zcela ZDARMA!<br data-start=\"669\" data-end=\"672\">\nK\u00f3d nen\u00ed pot\u0159eba, nab\u00eddka se uplatn\u00ed automaticky.<\/p><hr data-start=\"722\" data-end=\"725\"><p data-start=\"727\" data-end=\"766\"><strong data-start=\"727\" data-end=\"766\">3. Doprava zdarma p\u0159i objedn\u00e1vce nad $50<\/strong><\/p><p data-start=\"768\" data-end=\"917\">Z\u00edskejte dopravu ZDARMA na v\u0161echny objedn\u00e1vky nad <strong data-start=\"805\" data-end=\"812\">$50<\/strong>!<br data-start=\"813\" data-end=\"816\">\nNen\u00ed pot\u0159eba \u017e\u00e1dn\u00fd propaga\u010dn\u00ed k\u00f3d, sta\u010d\u00ed vyplnit ko\u0161\u00edk a sleva se uplatn\u00ed automaticky p\u0159i placen\u00ed.<\/p><hr data-start=\"919\" data-end=\"922\"><p data-start=\"924\" data-end=\"963\"><strong data-start=\"924\" data-end=\"963\">4. Bleskov\u00fd prodej - 25% ze v\u0161ech za\u0159\u00edzen\u00ed<\/strong><\/p><p data-start=\"965\" data-end=\"1114\">Po omezenou dobu u\u0161et\u0159\u00edte <strong data-start=\"990\" data-end=\"1001\">25% VYPNUTO<\/strong> na v\u0161echna vape za\u0159\u00edzen\u00ed, v\u010detn\u011b sad, mod\u016f a jednor\u00e1zov\u00fdch za\u0159\u00edzen\u00ed.<br data-start=\"1061\" data-end=\"1064\">\nPosp\u011b\u0161te si, tato nab\u00eddka brzy kon\u010d\u00ed! Pou\u017eijte k\u00f3d: <strong data-start=\"1102\" data-end=\"1113\">FLASH25<\/strong>.<\/p><hr data-start=\"1116\" data-end=\"1119\"><h4 data-start=\"1121\" data-end=\"1150\"><strong data-start=\"1126\" data-end=\"1150\">Exkluzivn\u00ed VIP nab\u00eddka:<\/strong><\/h4><p data-start=\"1152\" data-end=\"1186\"><strong data-start=\"1152\" data-end=\"1186\">5. 15% OFF pro \u010dleny FR Vape<\/strong><\/p><p data-start=\"1188\" data-end=\"1340\">Zaregistrujte se do na\u0161eho VIP \u010dlenstv\u00ed a z\u00edskejte <strong data-start=\"1227\" data-end=\"1238\">15% OFF<\/strong> ka\u017edou va\u0161i objedn\u00e1vku!<br data-start=\"1260\" data-end=\"1263\">\nZ\u00edskejte exkluzivn\u00ed nab\u00eddky, v\u010dasn\u00fd p\u0159\u00edstup k nov\u00fdm produkt\u016fm a speci\u00e1ln\u00ed propaga\u010dn\u00ed akce.<\/p><p>\n\n\n\n\n\n\n\n\n\n\n\n\n\n\n\n\n\n\n\n<\/p><p data-start=\"1342\" data-end=\"1369\">[P\u0159ipojte se k VIP programu nyn\u00ed!]\t\t\t\t\t\t\t\t<\/div>\n\t\t\t\t\t<\/div>\n\t\t\t\t<\/div>\n\t\t\t\t<\/div>","protected":false},"excerpt":{"rendered":"<p>Exclusive Coupons &amp; Offers at FR Vape Welcome to FR Vape \u2013 your one-stop shop for premium vaping products. Enjoy amazing savings on your next order with our special coupons and offers! Current Offers: 1. Welcome Offer \u2013 10% Off Your First Order New to FR Vape? Enjoy 10% OFF on your first purchase! Simply [&#8230;]","protected":false},"author":1,"featured_media":0,"parent":0,"menu_order":0,"comment_status":"closed","ping_status":"closed","template":"","meta":{"footnotes":""},"class_list":["post-7125","page","type-page","status-publish","hentry"],"jetpack_sharing_enabled":true,"_links":{"self":[{"href":"https:\/\/frvape.com\/cs\/wp-json\/wp\/v2\/pages\/7125","targetHints":{"allow":["GET"]}}],"collection":[{"href":"https:\/\/frvape.com\/cs\/wp-json\/wp\/v2\/pages"}],"about":[{"href":"https:\/\/frvape.com\/cs\/wp-json\/wp\/v2\/types\/page"}],"author":[{"embeddable":true,"href":"https:\/\/frvape.com\/cs\/wp-json\/wp\/v2\/users\/1"}],"replies":[{"embeddable":true,"href":"https:\/\/frvape.com\/cs\/wp-json\/wp\/v2\/comments?post=7125"}],"version-history":[{"count":5,"href":"https:\/\/frvape.com\/cs\/wp-json\/wp\/v2\/pages\/7125\/revisions"}],"predecessor-version":[{"id":7130,"href":"https:\/\/frvape.com\/cs\/wp-json\/wp\/v2\/pages\/7125\/revisions\/7130"}],"wp:attachment":[{"href":"https:\/\/frvape.com\/cs\/wp-json\/wp\/v2\/media?parent=7125"}],"curies":[{"name":"wp","href":"https:\/\/api.w.org\/{rel}","templated":true}]}}