{"id":7167,"date":"2025-10-13T07:12:26","date_gmt":"2025-10-13T07:12:26","guid":{"rendered":"https:\/\/frvape.com\/?page_id=7167"},"modified":"2025-10-13T07:13:43","modified_gmt":"2025-10-13T07:13:43","slug":"zasady-prepravy","status":"publish","type":"page","link":"https:\/\/frvape.com\/cs\/zasady-prepravy\/","title":{"rendered":"Z\u00e1sady p\u0159epravy"},"content":{"rendered":"<div data-elementor-type=\"wp-page\" data-elementor-id=\"7167\" class=\"elementor elementor-7167\">\n\t\t\t\t<div class=\"elementor-element elementor-element-60995797 e-flex e-con-boxed e-con e-parent\" data-id=\"60995797\" data-element_type=\"container\">\n\t\t\t\t\t<div class=\"e-con-inner\">\n\t\t\t\t<div class=\"elementor-element elementor-element-2b1c4b14 elementor-widget elementor-widget-text-editor\" data-id=\"2b1c4b14\" data-element_type=\"widget\" data-widget_type=\"text-editor.default\">\n\t\t\t\t\t\t\t\t\t\t\t\t\t\t\t\t\t<\/div>\n\t\t\t\t\t<\/div>\n\t\t\t\t<\/div>\n\t\t<div class=\"elementor-element elementor-element-90603f5 e-flex e-con-boxed e-con e-parent\" data-id=\"90603f5\" data-element_type=\"container\">\n\t\t\t\t\t<div class=\"e-con-inner\">\n\t\t\t\t<div class=\"elementor-element elementor-element-9aec96a elementor-widget elementor-widget-text-editor\" data-id=\"9aec96a\" data-element_type=\"widget\" data-widget_type=\"text-editor.default\">\n\t\t\t\t\t\t\t\t\t<h3 data-start=\"77\" data-end=\"100\"><strong data-start=\"81\" data-end=\"100\">Z\u00e1sady p\u0159epravy<\/strong><\/h3>\n<p data-start=\"102\" data-end=\"289\">Ve spole\u010dnosti FR Vape se sna\u017e\u00edme doru\u010dit va\u0161e vapingov\u00e9 produkty rychle a bezpe\u010dn\u011b. P\u0159e\u010dt\u011bte si pros\u00edm na\u0161e p\u0159epravn\u00ed podm\u00ednky, kde najdete v\u00edce informac\u00ed o zp\u016fsobu p\u0159epravy, dodac\u00edch lh\u016ft\u00e1ch a dal\u0161\u00edch informac\u00edch.<\/p>\n<hr data-start=\"291\" data-end=\"294\" \/>\n<h4 data-start=\"296\" data-end=\"320\"><strong data-start=\"301\" data-end=\"320\">Doba zpracov\u00e1n\u00ed<\/strong><\/h4>\n<ul data-start=\"322\" data-end=\"725\">\n<li data-start=\"322\" data-end=\"505\">\n<p data-start=\"324\" data-end=\"505\"><strong data-start=\"324\" data-end=\"345\">Zpracov\u00e1n\u00ed objedn\u00e1vek:<\/strong> V\u0161echny objedn\u00e1vky jsou zpracov\u00e1ny v r\u00e1mci <strong data-start=\"378\" data-end=\"399\">1-2 pracovn\u00ed dny<\/strong> (pond\u011bl\u00ed a\u017e p\u00e1tek). Objedn\u00e1vky podan\u00e9 o v\u00edkendech nebo sv\u00e1tc\u00edch budou vy\u0159\u00edzeny n\u00e1sleduj\u00edc\u00ed pracovn\u00ed den.<\/p>\n<\/li>\n<li data-start=\"509\" data-end=\"725\">\n<p data-start=\"511\" data-end=\"725\"><strong data-start=\"511\" data-end=\"534\">Potvrzen\u00ed objedn\u00e1vky:<\/strong> Jakmile bude va\u0161e objedn\u00e1vka zad\u00e1na, obdr\u017e\u00edte <strong data-start=\"582\" data-end=\"604\">Potvrzen\u00ed objedn\u00e1vky<\/strong> e-mail. Jakmile bude va\u0161e objedn\u00e1vka zpracov\u00e1na a odesl\u00e1na, obdr\u017e\u00edte <strong data-start=\"671\" data-end=\"696\">Potvrzen\u00ed o odesl\u00e1n\u00ed<\/strong> e-mail s \u00fadaji o sledov\u00e1n\u00ed.<\/p>\n<\/li>\n<\/ul>\n<hr data-start=\"727\" data-end=\"730\" \/>\n<h4 data-start=\"732\" data-end=\"773\"><strong data-start=\"737\" data-end=\"773\">Zp\u016fsoby p\u0159epravy a doba dod\u00e1n\u00ed<\/strong><\/h4>\n<p data-start=\"775\" data-end=\"946\">Nab\u00edz\u00edme r\u016fzn\u00e9 zp\u016fsoby p\u0159epravy, abychom zajistili co nejlep\u0161\u00ed doru\u010den\u00ed. Doba p\u0159epravy se li\u0161\u00ed v z\u00e1vislosti na va\u0161\u00ed poloze a mo\u017enosti p\u0159epravy zvolen\u00e9 p\u0159i objedn\u00e1vce.<\/p>\n<ul data-start=\"948\" data-end=\"1410\">\n<li data-start=\"948\" data-end=\"1089\">\n<p data-start=\"950\" data-end=\"1089\"><strong data-start=\"950\" data-end=\"999\">Standardn\u00ed doprava (zdarma pro objedn\u00e1vky nad $50):<\/strong><br data-start=\"999\" data-end=\"1002\" \/>P\u0159edpokl\u00e1dan\u00e9 dod\u00e1n\u00ed: <strong data-start=\"1024\" data-end=\"1045\">3-7 pracovn\u00edch dn\u016f<\/strong><br data-start=\"1045\" data-end=\"1048\" \/>K dispozici pro v\u0161echny vnitrost\u00e1tn\u00ed objedn\u00e1vky v USA.<\/p>\n<\/li>\n<li data-start=\"1093\" data-end=\"1222\">\n<p data-start=\"1095\" data-end=\"1222\"><strong data-start=\"1095\" data-end=\"1118\">Zrychlen\u00e1 p\u0159eprava:<\/strong><br data-start=\"1118\" data-end=\"1121\" \/>P\u0159edpokl\u00e1dan\u00e9 dod\u00e1n\u00ed: <strong data-start=\"1143\" data-end=\"1164\">2-3 pracovn\u00ed dny<\/strong><br data-start=\"1164\" data-end=\"1167\" \/>K dispozici pro vnitrost\u00e1tn\u00ed objedn\u00e1vky. Plat\u00ed se dal\u0161\u00ed poplatky.<\/p>\n<\/li>\n<li data-start=\"1224\" data-end=\"1410\">\n<p data-start=\"1226\" data-end=\"1410\"><strong data-start=\"1226\" data-end=\"1253\">Mezin\u00e1rodn\u00ed p\u0159eprava:<\/strong><br data-start=\"1253\" data-end=\"1256\" \/>Zas\u00edl\u00e1me i do zahrani\u010d\u00ed. Doba dod\u00e1n\u00ed mezin\u00e1rodn\u00edch objedn\u00e1vek z\u00e1vis\u00ed na va\u0161\u00ed poloze, ale obecn\u011b plat\u00ed, \u017ee doraz\u00ed do... <strong data-start=\"1387\" data-end=\"1409\">7-21 pracovn\u00edch dn\u016f<\/strong>.<\/p>\n<\/li>\n<\/ul>\n<hr data-start=\"1412\" data-end=\"1415\" \/>\n<h4 data-start=\"1417\" data-end=\"1440\"><strong data-start=\"1422\" data-end=\"1440\">N\u00e1klady na dopravu<\/strong><\/h4>\n<ul data-start=\"1442\" data-end=\"1705\">\n<li data-start=\"1442\" data-end=\"1572\">\n<p data-start=\"1444\" data-end=\"1473\"><strong data-start=\"1444\" data-end=\"1471\">P\u0159eprava po USA:<\/strong><\/p>\n<ul data-start=\"1476\" data-end=\"1572\">\n<li data-start=\"1476\" data-end=\"1535\">\n<p data-start=\"1478\" data-end=\"1535\">Standardn\u00ed doprava: <strong data-start=\"1497\" data-end=\"1506\">$5.99<\/strong> (Zdarma pro objedn\u00e1vky nad $50)<\/p>\n<\/li>\n<li data-start=\"1538\" data-end=\"1572\">\n<p data-start=\"1540\" data-end=\"1572\">Zrychlen\u00e1 p\u0159eprava: <strong data-start=\"1560\" data-end=\"1570\">$15.99<\/strong><\/p>\n<\/li>\n<\/ul>\n<\/li>\n<li data-start=\"1573\" data-end=\"1705\">\n<p data-start=\"1575\" data-end=\"1604\"><strong data-start=\"1575\" data-end=\"1602\">Mezin\u00e1rodn\u00ed p\u0159eprava:<\/strong><\/p>\n<ul data-start=\"1607\" data-end=\"1705\">\n<li data-start=\"1607\" data-end=\"1705\">\n<p data-start=\"1609\" data-end=\"1705\">Sazby se li\u0161\u00ed v z\u00e1vislosti na m\u00edst\u011b a hmotnosti objedn\u00e1vky. N\u00e1klady na dopravu si m\u016f\u017eete prohl\u00e9dnout v pokladn\u011b.<\/p>\n<\/li>\n<\/ul>\n<\/li>\n<\/ul>\n<hr data-start=\"1707\" data-end=\"1710\" \/>\n<h4 data-start=\"1712\" data-end=\"1740\"><strong data-start=\"1717\" data-end=\"1740\">Sledov\u00e1n\u00ed va\u0161\u00ed objedn\u00e1vky<\/strong><\/h4>\n<p data-start=\"1742\" data-end=\"1931\">Jakmile bude va\u0161e objedn\u00e1vka odesl\u00e1na, obdr\u017e\u00edte <strong data-start=\"1798\" data-end=\"1817\">Sledovac\u00ed \u010d\u00edslo<\/strong> prost\u0159ednictv\u00edm e-mailu. Pr\u016fb\u011bh objedn\u00e1vky m\u016f\u017eete sledovat na webov\u00fdch str\u00e1nk\u00e1ch dopravce nebo na na\u0161em webu. <strong data-start=\"1905\" data-end=\"1925\">Sledov\u00e1n\u00ed objedn\u00e1vky<\/strong> strana.<\/p>\n<hr data-start=\"1933\" data-end=\"1936\" \/>\n<h4 data-start=\"1938\" data-end=\"1968\"><strong data-start=\"1943\" data-end=\"1968\">Omezen\u00ed p\u0159epravy<\/strong><\/h4>\n<ul data-start=\"1970\" data-end=\"2391\">\n<li data-start=\"1970\" data-end=\"2174\">\n<p data-start=\"1972\" data-end=\"2174\"><strong data-start=\"1972\" data-end=\"1997\">Vyhrazen\u00e1 m\u00edsta:<\/strong> Vzhledem k m\u00edstn\u00edm p\u0159edpis\u016fm nejsme schopni zas\u00edlat zbo\u017e\u00ed do n\u011bkter\u00fdch m\u00edst. Pod\u00edvejte se pros\u00edm na seznam m\u00edst s omezen\u00fdm p\u0159\u00edstupem na na\u0161\u00ed <strong data-start=\"2121\" data-end=\"2137\">Nej\u010dast\u011bj\u0161\u00ed dotazy t\u00fdkaj\u00edc\u00ed se p\u0159epravy<\/strong> nebo n\u00e1s kontaktujte pro v\u00edce informac\u00ed.<\/p>\n<\/li>\n<li data-start=\"2178\" data-end=\"2391\">\n<p data-start=\"2180\" data-end=\"2391\"><strong data-start=\"2180\" data-end=\"2201\">Ov\u011b\u0159en\u00ed v\u011bku:<\/strong> V\u0161echny objedn\u00e1vky vy\u017eaduj\u00ed <strong data-start=\"2221\" data-end=\"2241\">ov\u011b\u0159en\u00ed v\u011bku<\/strong> p\u0159i dod\u00e1n\u00ed. Pro n\u00e1kup vapingov\u00fdch produkt\u016f od spole\u010dnosti FR Vape mus\u00edte b\u00fdt star\u0161\u00ed 21 let. Ujist\u011bte se, \u017ee je k dispozici osoba star\u0161\u00ed 21 let, kter\u00e1 z\u00e1silku podep\u00ed\u0161e.<\/p>\n<\/li>\n<\/ul>\n<hr data-start=\"2393\" data-end=\"2396\" \/>\n<h4 data-start=\"2398\" data-end=\"2431\"><strong data-start=\"2403\" data-end=\"2431\">Ztracen\u00e9 nebo po\u0161kozen\u00e9 bal\u00ed\u010dky<\/strong><\/h4>\n<ul data-start=\"2433\" data-end=\"2842\">\n<li data-start=\"2433\" data-end=\"2645\">\n<p data-start=\"2435\" data-end=\"2645\"><strong data-start=\"2435\" data-end=\"2453\">Ztracen\u00e9 bal\u00ed\u010dky:<\/strong> Pokud je v\u00e1\u0161 bal\u00ed\u010dek ozna\u010den jako doru\u010den\u00fd, ale neobdr\u017eeli jste ho, kontaktujte pros\u00edm neprodlen\u011b n\u00e1\u0161 t\u00fdm podpory na adrese. <strong data-start=\"2570\" data-end=\"2592\"><a class=\"decorated-link cursor-pointer\" rel=\"noopener\" data-start=\"2572\" data-end=\"2590\">support@frvape.com<\/a><\/strong>. Probl\u00e9m vy\u0159e\u0161\u00edme ve spolupr\u00e1ci s dopravcem.<\/p>\n<\/li>\n<li data-start=\"2649\" data-end=\"2842\">\n<p data-start=\"2651\" data-end=\"2842\"><strong data-start=\"2651\" data-end=\"2669\">Po\u0161kozen\u00e9 p\u0159edm\u011bty:<\/strong> Pokud obdr\u017e\u00edte po\u0161kozen\u00e9 zbo\u017e\u00ed, kontaktujte n\u00e1s pros\u00edm do. <strong data-start=\"2726\" data-end=\"2736\">7 dn\u00ed<\/strong> po obdr\u017een\u00ed z\u00e1silky. P\u0159ilo\u017ete fotografie po\u0161kozen\u00ed a my v\u00e1m zajist\u00edme v\u00fdm\u011bnu nebo vr\u00e1cen\u00ed pen\u011bz.<\/p>\n<\/li>\n<\/ul>\n<hr data-start=\"2844\" data-end=\"2847\" \/>\n<h4 data-start=\"2849\" data-end=\"2877\"><strong data-start=\"2854\" data-end=\"2877\">Vr\u00e1cen\u00ed a v\u00fdm\u011bna zbo\u017e\u00ed<\/strong><\/h4>\n<p data-start=\"2879\" data-end=\"3002\">Pod\u00edvejte se pros\u00edm na na\u0161e <strong data-start=\"2899\" data-end=\"2927\">Pravidla pro vr\u00e1cen\u00ed a v\u00fdm\u011bnu zbo\u017e\u00ed<\/strong> informace o tom, jak vr\u00e1tit nebo vym\u011bnit zbo\u017e\u00ed zakoupen\u00e9 u spole\u010dnosti FR Vape.<\/p>\t\t\t\t\t\t\t\t<\/div>\n\t\t\t\t\t<\/div>\n\t\t\t\t<\/div>\n\t\t\t\t<\/div>","protected":false},"excerpt":{"rendered":"<p>Shipping Policy At FR Vape, we are committed to delivering your vaping products quickly and securely. Please read our shipping policy for more details on how we handle shipping, delivery times, and more. Processing Time Order Processing: All orders are processed within 1\u20132 business days (Monday to Friday). Orders placed on weekends or public holidays [&#8230;]","protected":false},"author":1,"featured_media":0,"parent":0,"menu_order":0,"comment_status":"closed","ping_status":"closed","template":"","meta":{"footnotes":""},"class_list":["post-7167","page","type-page","status-publish","hentry"],"jetpack_sharing_enabled":true,"_links":{"self":[{"href":"https:\/\/frvape.com\/cs\/wp-json\/wp\/v2\/pages\/7167","targetHints":{"allow":["GET"]}}],"collection":[{"href":"https:\/\/frvape.com\/cs\/wp-json\/wp\/v2\/pages"}],"about":[{"href":"https:\/\/frvape.com\/cs\/wp-json\/wp\/v2\/types\/page"}],"author":[{"embeddable":true,"href":"https:\/\/frvape.com\/cs\/wp-json\/wp\/v2\/users\/1"}],"replies":[{"embeddable":true,"href":"https:\/\/frvape.com\/cs\/wp-json\/wp\/v2\/comments?post=7167"}],"version-history":[{"count":4,"href":"https:\/\/frvape.com\/cs\/wp-json\/wp\/v2\/pages\/7167\/revisions"}],"predecessor-version":[{"id":7171,"href":"https:\/\/frvape.com\/cs\/wp-json\/wp\/v2\/pages\/7167\/revisions\/7171"}],"wp:attachment":[{"href":"https:\/\/frvape.com\/cs\/wp-json\/wp\/v2\/media?parent=7167"}],"curies":[{"name":"wp","href":"https:\/\/api.w.org\/{rel}","templated":true}]}}