{"id":7204,"date":"2025-10-13T07:27:19","date_gmt":"2025-10-13T07:27:19","guid":{"rendered":"https:\/\/frvape.com\/?page_id=7204"},"modified":"2025-10-13T07:29:31","modified_gmt":"2025-10-13T07:29:31","slug":"vekova-politika","status":"publish","type":"page","link":"https:\/\/frvape.com\/cs\/vekova-politika\/","title":{"rendered":"V\u011bkov\u00e1 politika"},"content":{"rendered":"<div data-elementor-type=\"wp-page\" data-elementor-id=\"7204\" class=\"elementor elementor-7204\">\n\t\t\t\t<div class=\"elementor-element elementor-element-7db4835c e-flex e-con-boxed e-con e-parent\" data-id=\"7db4835c\" data-element_type=\"container\">\n\t\t\t\t\t<div class=\"e-con-inner\">\n\t\t\t\t<div class=\"elementor-element elementor-element-1cc1a384 elementor-widget elementor-widget-text-editor\" data-id=\"1cc1a384\" data-element_type=\"widget\" data-widget_type=\"text-editor.default\">\n\t\t\t\t\t\t\t\t\t\t\t\t\t\t\t\t\t<\/div>\n\t\t\t\t\t<\/div>\n\t\t\t\t<\/div>\n\t\t<div class=\"elementor-element elementor-element-aa8a800 e-flex e-con-boxed e-con e-parent\" data-id=\"aa8a800\" data-element_type=\"container\">\n\t\t\t\t\t<div class=\"e-con-inner\">\n\t\t\t\t<div class=\"elementor-element elementor-element-22a10a8 elementor-widget elementor-widget-text-editor\" data-id=\"22a10a8\" data-element_type=\"widget\" data-widget_type=\"text-editor.default\">\n\t\t\t\t\t\t\t\t\t<h3 data-start=\"73\" data-end=\"91\"><strong data-start=\"77\" data-end=\"91\">V\u011bkov\u00e1 politika<\/strong><\/h3>\n<p data-start=\"93\" data-end=\"368\">Na adrese <strong data-start=\"96\" data-end=\"107\">FR Vape<\/strong>, jsme odhodl\u00e1ni podporovat zodpov\u011bdn\u00e9 vapov\u00e1n\u00ed. Vzhledem k povaze na\u0161ich v\u00fdrobk\u016f, kter\u00e9 jsou ur\u010deny pro dosp\u011bl\u00e9, jsme zavedli p\u0159\u00edsn\u00e9 protokoly pro ov\u011b\u0159en\u00ed v\u011bku, abychom zajistili soulad s pr\u00e1vn\u00edmi po\u017eadavky a zachovali bezpe\u010dnost na\u0161ich z\u00e1kazn\u00edk\u016f.<\/p>\n<hr data-start=\"370\" data-end=\"373\" \/>\n<h4 data-start=\"375\" data-end=\"402\"><strong data-start=\"380\" data-end=\"402\">1. Po\u017eadavek na v\u011bk<\/strong><\/h4>\n<ul data-start=\"404\" data-end=\"822\">\n<li data-start=\"404\" data-end=\"613\">\n<p data-start=\"406\" data-end=\"613\"><strong data-start=\"406\" data-end=\"422\">Minim\u00e1ln\u00ed v\u011bk:<\/strong> Mus\u00edte b\u00fdt alespo\u0148 <strong data-start=\"444\" data-end=\"460\">21 let<\/strong> nakupovat jak\u00e9koli vapingov\u00e9 produkty od <strong data-start=\"498\" data-end=\"509\">FR Vape<\/strong>. To je v souladu s feder\u00e1ln\u00edmi a st\u00e1tn\u00edmi z\u00e1kony upravuj\u00edc\u00edmi prodej tab\u00e1kov\u00fdch a nikotinov\u00fdch v\u00fdrobk\u016f.<\/p>\n<\/li>\n<li data-start=\"614\" data-end=\"822\">\n<p data-start=\"616\" data-end=\"822\"><strong data-start=\"616\" data-end=\"637\">Ov\u011b\u0159en\u00ed v\u011bku:<\/strong> Pou\u017e\u00edv\u00e1n\u00edm na\u0161ich webov\u00fdch str\u00e1nek a n\u00e1kupem potvrzujete, \u017ee jste ve sv\u00e9 jurisdikci plnolet\u00ed a m\u016f\u017eete nakupovat vapingov\u00e9 produkty. P\u0159ed zpracov\u00e1n\u00edm va\u0161\u00ed objedn\u00e1vky m\u016f\u017eeme po\u017eadovat doklad o v\u011bku.<\/p>\n<\/li>\n<\/ul>\n<hr data-start=\"824\" data-end=\"827\" \/>\n<h4 data-start=\"829\" data-end=\"865\"><strong data-start=\"834\" data-end=\"865\">2. Proces ov\u011b\u0159ov\u00e1n\u00ed v\u011bku<\/strong><\/h4>\n<p data-start=\"867\" data-end=\"1051\">Abychom zajistili dodr\u017eov\u00e1n\u00ed v\u011bkov\u00fdch omezen\u00ed, vyu\u017e\u00edv\u00e1me slu\u017ebu ov\u011b\u0159en\u00ed v\u011bku t\u0159et\u00ed stranou. Tato slu\u017eba p\u0159ed dokon\u010den\u00edm n\u00e1kupu ov\u011b\u0159\u00ed, zda jste plnolet\u00ed.<\/p>\n<ul data-start=\"1053\" data-end=\"1432\">\n<li data-start=\"1053\" data-end=\"1186\">\n<p data-start=\"1055\" data-end=\"1186\"><strong data-start=\"1055\" data-end=\"1075\">Zad\u00e1v\u00e1n\u00ed objedn\u00e1vek:<\/strong> Kdy\u017e zad\u00e1te objedn\u00e1vku na <strong data-start=\"1103\" data-end=\"1117\">frvape.com<\/strong>, budete muset potvrdit, \u017ee je v\u00e1m nejm\u00e9n\u011b 21 let.<\/p>\n<\/li>\n<li data-start=\"1187\" data-end=\"1432\">\n<p data-start=\"1189\" data-end=\"1432\"><strong data-start=\"1189\" data-end=\"1217\">Dal\u0161\u00ed ov\u011b\u0159en\u00ed:<\/strong> V p\u0159\u00edpad\u011b pot\u0159eby v\u00e1s m\u016f\u017eeme p\u0159ed zpracov\u00e1n\u00edm objedn\u00e1vky po\u017e\u00e1dat o nahr\u00e1n\u00ed fotografie pr\u016fkazu toto\u017enosti vydan\u00e9ho vl\u00e1dou, abychom ov\u011b\u0159ili v\u00e1\u0161 v\u011bk. V\u00e1\u0161 pr\u016fkaz toto\u017enosti bude pou\u017eit pouze pro \u00fa\u010dely ov\u011b\u0159en\u00ed a nebude ulo\u017een v na\u0161em syst\u00e9mu.<\/p>\n<\/li>\n<\/ul>\n<hr data-start=\"1434\" data-end=\"1437\" \/>\n<h4 data-start=\"1439\" data-end=\"1472\"><strong data-start=\"1444\" data-end=\"1472\">3. Omezen\u00ed prodeje<\/strong><\/h4>\n<ul data-start=\"1474\" data-end=\"1991\">\n<li data-start=\"1474\" data-end=\"1658\">\n<p data-start=\"1476\" data-end=\"1658\"><strong data-start=\"1476\" data-end=\"1499\">Z\u00e1kaz prodeje nezletil\u00fdm:<\/strong> Neprod\u00e1v\u00e1me \u017e\u00e1dn\u00e9 vapingov\u00e9 produkty osob\u00e1m mlad\u0161\u00edm 21 let. Pokud jste nezletil\u00ed, zdr\u017ete se pros\u00edm pokus\u016f o n\u00e1kup zbo\u017e\u00ed z na\u0161ich webov\u00fdch str\u00e1nek.<\/p>\n<\/li>\n<li data-start=\"1659\" data-end=\"1991\">\n<p data-start=\"1661\" data-end=\"1991\"><strong data-start=\"1661\" data-end=\"1691\">Zem\u011bpisn\u00e1 omezen\u00ed:<\/strong> N\u011bkter\u00e9 zem\u011b, regiony nebo st\u00e1ty mohou m\u00edt vlastn\u00ed v\u011bkov\u00e1 omezen\u00ed pro prodej vapingov\u00fdch produkt\u016f. Je va\u0161\u00ed odpov\u011bdnost\u00ed ov\u011b\u0159it a ujistit se, \u017ee ve va\u0161\u00ed oblasti sm\u00edte vapingov\u00e9 produkty nakupovat a pou\u017e\u00edvat. Vyhrazujeme si pr\u00e1vo odm\u00edtnout slu\u017eby z\u00e1kazn\u00edk\u016fm z oblast\u00ed s omezen\u00fdm p\u0159\u00edstupem.<\/p>\n<\/li>\n<\/ul>\n<hr data-start=\"1993\" data-end=\"1996\" \/>\n<h4 data-start=\"1998\" data-end=\"2041\"><strong data-start=\"2003\" data-end=\"2041\">4. Dopad poru\u0161en\u00ed v\u011bkov\u00e9 politiky<\/strong><\/h4>\n<ul data-start=\"2043\" data-end=\"2514\">\n<li data-start=\"2043\" data-end=\"2202\">\n<p data-start=\"2045\" data-end=\"2202\"><strong data-start=\"2045\" data-end=\"2068\">Odm\u00edtnut\u00ed slu\u017eby:<\/strong> Pokud zjist\u00edme, \u017ee z\u00e1kazn\u00edk nen\u00ed plnolet\u00fd nebo poru\u0161il na\u0161e z\u00e1sady t\u00fdkaj\u00edc\u00ed se v\u011bku, okam\u017eit\u011b zru\u0161\u00edme jeho objedn\u00e1vku a vr\u00e1t\u00edme mu pen\u00edze.<\/p>\n<\/li>\n<li data-start=\"2203\" data-end=\"2370\">\n<p data-start=\"2205\" data-end=\"2370\"><strong data-start=\"2205\" data-end=\"2228\">Pozastaven\u00ed \u00fa\u010dtu:<\/strong> Ka\u017ed\u00e9mu z\u00e1kazn\u00edkovi, u kter\u00e9ho se zjist\u00ed, \u017ee uv\u00e1d\u00ed nepravdiv\u00e9 \u00fadaje o sv\u00e9m v\u011bku, m\u016f\u017ee b\u00fdt \u00fa\u010det pozastaven nebo mu m\u016f\u017ee b\u00fdt trvale zak\u00e1z\u00e1n p\u0159\u00edstup na na\u0161e webov\u00e9 str\u00e1nky.<\/p>\n<\/li>\n<li data-start=\"2371\" data-end=\"2514\">\n<p data-start=\"2373\" data-end=\"2514\"><strong data-start=\"2373\" data-end=\"2396\">Pr\u00e1vn\u00ed d\u016fsledky:<\/strong> Poru\u0161en\u00ed z\u00e1kon\u016f t\u00fdkaj\u00edc\u00edch se v\u011bku m\u016f\u017ee m\u00edt za n\u00e1sledek pr\u00e1vn\u00ed kroky v souladu s platn\u00fdmi z\u00e1kony va\u0161\u00ed jurisdikce.<\/p>\n<\/li>\n<\/ul>\n<hr data-start=\"2516\" data-end=\"2519\" \/>\n<h4 data-start=\"2521\" data-end=\"2556\"><strong data-start=\"2526\" data-end=\"2556\">5. Odpov\u011bdnost rodi\u010d\u016f<\/strong><\/h4>\n<p data-start=\"2558\" data-end=\"2815\">Pokud jste dosp\u011bl\u00e1 osoba a kupujete vapingov\u00e9 produkty pro n\u011bkoho jin\u00e9ho, jste zodpov\u011bdn\u00ed za to, \u017ee p\u0159\u00edjemce je tak\u00e9 plnolet\u00fd a m\u016f\u017ee produkty pou\u017e\u00edvat. <strong data-start=\"2717\" data-end=\"2728\">FR Vape<\/strong> neodpov\u00edd\u00e1 za prodej nebo zneu\u017eit\u00ed produkt\u016f osobami mlad\u0161\u00edmi ne\u017e z\u00e1konn\u00fd v\u011bk.<\/p>\n<hr data-start=\"2817\" data-end=\"2820\" \/>\n<h4 data-start=\"2822\" data-end=\"2866\"><strong data-start=\"2827\" data-end=\"2866\">6. Z\u00e1vazek k odpov\u011bdn\u00e9mu vapingu<\/strong><\/h4>\n<p data-start=\"2868\" data-end=\"3111\">Na adrese <strong data-start=\"2871\" data-end=\"2882\">FR Vape<\/strong>, podporujeme zodpov\u011bdn\u00e9 pou\u017e\u00edv\u00e1n\u00ed vapingov\u00fdch produkt\u016f. Doporu\u010dujeme dosp\u011bl\u00fdm, aby na\u0161e v\u00fdrobky pou\u017e\u00edvali v souladu se zdravotn\u00edmi a bezpe\u010dnostn\u00edmi pokyny. Nepodporujeme ani neschvalujeme pou\u017e\u00edv\u00e1n\u00ed v\u00fdrobk\u016f pro vaping osobami mlad\u0161\u00edmi ne\u017e z\u00e1konem stanoven\u00fd v\u011bk.<\/p>\n<p>9. Kontaktujte n\u00e1s<\/p>\n<p>M\u00e1te-li jak\u00e9koli dotazy nebo p\u0159ipom\u00ednky k t\u011bmto Z\u00e1sad\u00e1m ochrany osobn\u00edch \u00fadaj\u016f, kontaktujte n\u00e1s:<\/p>\n<p>Telefon: +86 133 6063 1532<\/p>\n<p>Adresa:Room 312, No. 23, Wusha Xinle Road, Chang'an Town, Dongguan<\/p>\t\t\t\t\t\t\t\t<\/div>\n\t\t\t\t\t<\/div>\n\t\t\t\t<\/div>\n\t\t\t\t<\/div>","protected":false},"excerpt":{"rendered":"<p>Age Policy At FR Vape, we are committed to promoting responsible vaping. Due to the nature of our products, which are intended for adults, we have implemented strict age verification protocols to ensure compliance with legal requirements and to maintain the safety of our customers. 1. Age Requirement Minimum Age: You must be at least [&#8230;]","protected":false},"author":1,"featured_media":0,"parent":0,"menu_order":0,"comment_status":"closed","ping_status":"closed","template":"","meta":{"footnotes":""},"class_list":["post-7204","page","type-page","status-publish","hentry"],"jetpack_sharing_enabled":true,"_links":{"self":[{"href":"https:\/\/frvape.com\/cs\/wp-json\/wp\/v2\/pages\/7204","targetHints":{"allow":["GET"]}}],"collection":[{"href":"https:\/\/frvape.com\/cs\/wp-json\/wp\/v2\/pages"}],"about":[{"href":"https:\/\/frvape.com\/cs\/wp-json\/wp\/v2\/types\/page"}],"author":[{"embeddable":true,"href":"https:\/\/frvape.com\/cs\/wp-json\/wp\/v2\/users\/1"}],"replies":[{"embeddable":true,"href":"https:\/\/frvape.com\/cs\/wp-json\/wp\/v2\/comments?post=7204"}],"version-history":[{"count":4,"href":"https:\/\/frvape.com\/cs\/wp-json\/wp\/v2\/pages\/7204\/revisions"}],"predecessor-version":[{"id":7208,"href":"https:\/\/frvape.com\/cs\/wp-json\/wp\/v2\/pages\/7204\/revisions\/7208"}],"wp:attachment":[{"href":"https:\/\/frvape.com\/cs\/wp-json\/wp\/v2\/media?parent=7204"}],"curies":[{"name":"wp","href":"https:\/\/api.w.org\/{rel}","templated":true}]}}