{"id":7209,"date":"2025-10-13T07:30:07","date_gmt":"2025-10-13T07:30:07","guid":{"rendered":"https:\/\/frvape.com\/?page_id=7209"},"modified":"2025-10-13T07:32:55","modified_gmt":"2025-10-13T07:32:55","slug":"koupit-vapes-s-paypal","status":"publish","type":"page","link":"https:\/\/frvape.com\/cs\/koupit-vapes-s-paypal\/","title":{"rendered":"Koupit Vapes s Paypal"},"content":{"rendered":"<div data-elementor-type=\"wp-page\" data-elementor-id=\"7209\" class=\"elementor elementor-7209\">\n\t\t\t\t<div class=\"elementor-element elementor-element-1fc0d9f2 e-flex e-con-boxed e-con e-parent\" data-id=\"1fc0d9f2\" data-element_type=\"container\">\n\t\t\t\t\t<div class=\"e-con-inner\">\n\t\t\t\t<div class=\"elementor-element elementor-element-7bd5de14 elementor-widget elementor-widget-text-editor\" data-id=\"7bd5de14\" data-element_type=\"widget\" data-widget_type=\"text-editor.default\">\n\t\t\t\t\t\t\t\t\t\t\t\t\t\t\t\t\t<\/div>\n\t\t\t\t\t<\/div>\n\t\t\t\t<\/div>\n\t\t<div class=\"elementor-element elementor-element-07d1529 e-flex e-con-boxed e-con e-parent\" data-id=\"07d1529\" data-element_type=\"container\">\n\t\t\t\t\t<div class=\"e-con-inner\">\n\t\t\t\t<div class=\"elementor-element elementor-element-6073f1f elementor-widget elementor-widget-text-editor\" data-id=\"6073f1f\" data-element_type=\"widget\" data-widget_type=\"text-editor.default\">\n\t\t\t\t\t\t\t\t\t<h3 data-start=\"153\" data-end=\"193\"><strong data-start=\"157\" data-end=\"193\">Koupit vapes s PayPal na FR Vape<\/strong><\/h3>\n<p data-start=\"195\" data-end=\"315\">Na adrese <strong data-start=\"198\" data-end=\"209\">FR Vape<\/strong>, nab\u00edz\u00edme v\u00e1m pohodln\u00fd a bezpe\u010dn\u00fd zp\u016fsob, jak si zakoupit sv\u00e9 obl\u00edben\u00e9 vapingov\u00e9 produkty pomoc\u00ed <strong data-start=\"304\" data-end=\"314\">PayPal<\/strong>.<\/p>\n<hr data-start=\"317\" data-end=\"320\" \/>\n<h4 data-start=\"322\" data-end=\"360\"><strong data-start=\"327\" data-end=\"360\">Jak nakupovat vapes pomoc\u00ed slu\u017eby PayPal:<\/strong><\/h4>\n<ol data-start=\"362\" data-end=\"1327\">\n<li data-start=\"362\" data-end=\"548\">\n<p data-start=\"365\" data-end=\"548\"><strong data-start=\"365\" data-end=\"391\">Prohl\u00e9dn\u011bte si na\u0161i kolekci:<\/strong><br data-start=\"391\" data-end=\"394\" \/>Za\u010dn\u011bte prohl\u00ed\u017een\u00edm na\u0161\u00ed \u0161irok\u00e9 nab\u00eddky vap\u016f, e-liquid\u016f, p\u0159\u00edslu\u0161enstv\u00ed a dal\u0161\u00edch produkt\u016f. Jakmile najdete po\u017eadovan\u00e9 produkty, jednodu\u0161e klikn\u011bte na tla\u010d\u00edtko <strong data-start=\"532\" data-end=\"547\">P\u0159idat do ko\u0161\u00edku<\/strong>.<\/p>\n<\/li>\n<li data-start=\"550\" data-end=\"722\">\n<p data-start=\"553\" data-end=\"722\"><strong data-start=\"553\" data-end=\"572\">P\u0159ejd\u011bte k pokladn\u011b:<\/strong><br data-start=\"572\" data-end=\"575\" \/>Po p\u0159id\u00e1n\u00ed v\u0161eho do ko\u0161\u00edku klikn\u011bte na tla\u010d\u00edtko <strong data-start=\"635\" data-end=\"643\">Ko\u0161\u00edk<\/strong> a prohl\u00e9dn\u011bte si sv\u00e9 polo\u017eky. P\u0159ed pokra\u010dov\u00e1n\u00edm se ujist\u011bte, \u017ee je v\u0161e v po\u0159\u00e1dku.<\/p>\n<\/li>\n<li data-start=\"724\" data-end=\"898\">\n<p data-start=\"727\" data-end=\"898\"><strong data-start=\"727\" data-end=\"757\">U pokladny vyberte mo\u017enost PayPal:<\/strong><br data-start=\"757\" data-end=\"760\" \/>Kdy\u017e se dostanete na str\u00e1nku pokladny, zobraz\u00ed se v\u00e1m n\u011bkolik mo\u017enost\u00ed platby. Sta\u010d\u00ed vybrat <strong data-start=\"864\" data-end=\"874\">PayPal<\/strong> jako zp\u016fsob platby.<\/p>\n<\/li>\n<li data-start=\"900\" data-end=\"1104\">\n<p data-start=\"903\" data-end=\"1104\"><strong data-start=\"903\" data-end=\"923\">P\u0159ihlaste se do slu\u017eby PayPal:<\/strong><br data-start=\"923\" data-end=\"926\" \/>Pokud je\u0161t\u011b nejste p\u0159ihl\u00e1\u0161eni ke sv\u00e9mu \u00fa\u010dtu PayPal, budete vyzv\u00e1ni k p\u0159ihl\u00e1\u0161en\u00ed. M\u016f\u017eete bezpe\u010dn\u011b zaplatit pomoc\u00ed z\u016fstatku na \u00fa\u010dtu PayPal, propojen\u00e9ho bankovn\u00edho \u00fa\u010dtu nebo kreditn\u00ed\/debetn\u00ed karty.<\/p>\n<\/li>\n<li data-start=\"1106\" data-end=\"1327\">\n<p data-start=\"1109\" data-end=\"1327\"><strong data-start=\"1109\" data-end=\"1136\">Dokon\u010dete sv\u016fj n\u00e1kup:<\/strong><br data-start=\"1136\" data-end=\"1139\" \/>Po p\u0159ihl\u00e1\u0161en\u00ed do slu\u017eby PayPal zkontrolujte sv\u00e9 platebn\u00ed \u00fadaje a potvr\u010fte n\u00e1kup. Obdr\u017e\u00edte <strong data-start=\"1242\" data-end=\"1264\">Potvrzen\u00ed objedn\u00e1vky<\/strong> e-mail od <strong data-start=\"1276\" data-end=\"1287\">FR Vape<\/strong> jakmile je va\u0161e objedn\u00e1vka \u00fasp\u011b\u0161n\u011b zad\u00e1na.<\/p>\n<\/li>\n<\/ol>\n<hr data-start=\"1329\" data-end=\"1332\" \/>\n<h4 data-start=\"1334\" data-end=\"1369\"><strong data-start=\"1339\" data-end=\"1369\">Pro\u010d pou\u017e\u00edvat slu\u017ebu PayPal u spole\u010dnosti FR Vape?<\/strong><\/h4>\n<ul data-start=\"1371\" data-end=\"1747\">\n<li data-start=\"1371\" data-end=\"1509\">\n<p data-start=\"1373\" data-end=\"1509\"><strong data-start=\"1373\" data-end=\"1397\">Zabezpe\u010den\u00e9 transakce:<\/strong> Slu\u017eba PayPal nab\u00edz\u00ed bezpe\u010dn\u00fd zp\u016fsob, jak dokon\u010dit transakce, ani\u017e byste n\u00e1m p\u0159\u00edmo sd\u011blovali sv\u00e9 platebn\u00ed \u00fadaje.<\/p>\n<\/li>\n<li data-start=\"1510\" data-end=\"1617\">\n<p data-start=\"1512\" data-end=\"1617\"><strong data-start=\"1512\" data-end=\"1528\">Snadn\u00e9 pou\u017eit\u00ed:<\/strong> PayPal je jednoduch\u00e1 a d\u016fv\u011bryhodn\u00e1 platebn\u00ed metoda, kter\u00e1 urychluje a usnad\u0148uje placen\u00ed.<\/p>\n<\/li>\n<li data-start=\"1618\" data-end=\"1747\">\n<p data-start=\"1620\" data-end=\"1747\"><strong data-start=\"1620\" data-end=\"1641\">Ochrana kupuj\u00edc\u00edho:<\/strong> Slu\u017eba PayPal poskytuje ochranu kupuj\u00edc\u00edho u zp\u016fsobil\u00fdch transakc\u00ed a zaji\u0161\u0165uje tak klid p\u0159i nakupov\u00e1n\u00ed u n\u00e1s.<\/p>\n<\/li>\n<\/ul>\n<hr data-start=\"1749\" data-end=\"1752\" \/>\n<h4 data-start=\"1754\" data-end=\"1779\"><strong data-start=\"1759\" data-end=\"1779\">D\u016fle\u017eit\u00e9 pozn\u00e1mky:<\/strong><\/h4>\n<ul data-start=\"1781\" data-end=\"2085\">\n<li data-start=\"1781\" data-end=\"1944\">\n<p data-start=\"1783\" data-end=\"1944\"><strong data-start=\"1783\" data-end=\"1800\">Dostupnost:<\/strong> PayPal je k dispozici pro v\u0161echny vnitrost\u00e1tn\u00ed objedn\u00e1vky. N\u011bkter\u00e9 mezin\u00e1rodn\u00ed transakce mohou vy\u017eadovat alternativn\u00ed zp\u016fsoby platby v z\u00e1vislosti na m\u00edst\u011b.<\/p>\n<\/li>\n<li data-start=\"1945\" data-end=\"2085\">\n<p data-start=\"1947\" data-end=\"2085\"><strong data-start=\"1947\" data-end=\"1978\">Flexibilita platebn\u00edch metod:<\/strong> Pokud nem\u00e1te z\u016fstatek na \u00fa\u010dtu PayPal, m\u016f\u017eete si pro platby propojit kreditn\u00ed\/debetn\u00ed kartu s \u00fa\u010dtem PayPal.<\/p>\n<\/li>\n<\/ul>\n<hr data-start=\"2087\" data-end=\"2090\" \/>\n<h4 data-start=\"2092\" data-end=\"2111\"><strong data-start=\"2097\" data-end=\"2111\">Pot\u0159ebujete pomoc?<\/strong><\/h4>\n<p data-start=\"2113\" data-end=\"2236\">Pokud se p\u0159i placen\u00ed p\u0159es PayPal setk\u00e1te s jak\u00fdmikoliv probl\u00e9my nebo budete m\u00edt jak\u00e9koli dotazy, nev\u00e1hejte se obr\u00e1tit na n\u00e1\u0161 t\u00fdm z\u00e1kaznick\u00e9 podpory:<\/p>\n<ul data-start=\"2238\" data-end=\"2301\">\n<li data-start=\"2272\" data-end=\"2301\">\n<p data-start=\"2274\" data-end=\"2301\"><strong data-start=\"2274\" data-end=\"2284\">Telefon:<\/strong> +86 133 6063 1532<\/p>\n<\/li>\n<\/ul>\t\t\t\t\t\t\t\t<\/div>\n\t\t\t\t\t<\/div>\n\t\t\t\t<\/div>\n\t\t\t\t<\/div>","protected":false},"excerpt":{"rendered":"<p>Buy Vapes with PayPal at FR Vape At FR Vape, we offer a convenient and secure way for you to purchase your favorite vaping products using PayPal. How to Buy Vapes with PayPal: Browse Our Collection:Start by browsing our wide selection of vapes, e-liquids, accessories, and more. Once you&#8217;ve found the products you want, simply [&#8230;]","protected":false},"author":1,"featured_media":0,"parent":0,"menu_order":0,"comment_status":"closed","ping_status":"closed","template":"","meta":{"footnotes":""},"class_list":["post-7209","page","type-page","status-publish","hentry"],"jetpack_sharing_enabled":true,"_links":{"self":[{"href":"https:\/\/frvape.com\/cs\/wp-json\/wp\/v2\/pages\/7209","targetHints":{"allow":["GET"]}}],"collection":[{"href":"https:\/\/frvape.com\/cs\/wp-json\/wp\/v2\/pages"}],"about":[{"href":"https:\/\/frvape.com\/cs\/wp-json\/wp\/v2\/types\/page"}],"author":[{"embeddable":true,"href":"https:\/\/frvape.com\/cs\/wp-json\/wp\/v2\/users\/1"}],"replies":[{"embeddable":true,"href":"https:\/\/frvape.com\/cs\/wp-json\/wp\/v2\/comments?post=7209"}],"version-history":[{"count":4,"href":"https:\/\/frvape.com\/cs\/wp-json\/wp\/v2\/pages\/7209\/revisions"}],"predecessor-version":[{"id":7218,"href":"https:\/\/frvape.com\/cs\/wp-json\/wp\/v2\/pages\/7209\/revisions\/7218"}],"wp:attachment":[{"href":"https:\/\/frvape.com\/cs\/wp-json\/wp\/v2\/media?parent=7209"}],"curies":[{"name":"wp","href":"https:\/\/api.w.org\/{rel}","templated":true}]}}