{"id":7220,"date":"2025-10-13T07:34:00","date_gmt":"2025-10-13T07:34:00","guid":{"rendered":"https:\/\/frvape.com\/?page_id=7220"},"modified":"2025-10-13T07:43:13","modified_gmt":"2025-10-13T07:43:13","slug":"koupit-vapes-s-qr-kodem-sepa","status":"publish","type":"page","link":"https:\/\/frvape.com\/cs\/koupit-vapes-s-qr-kodem-sepa\/","title":{"rendered":"Koupit Vapes s QR k\u00f3dem SEPA"},"content":{"rendered":"<div data-elementor-type=\"wp-page\" data-elementor-id=\"7220\" class=\"elementor elementor-7220\">\n\t\t\t\t<div class=\"elementor-element elementor-element-5db7690e e-flex e-con-boxed e-con e-parent\" data-id=\"5db7690e\" data-element_type=\"container\">\n\t\t\t\t\t<div class=\"e-con-inner\">\n\t\t\t\t<div class=\"elementor-element elementor-element-4b5d9876 elementor-widget elementor-widget-text-editor\" data-id=\"4b5d9876\" data-element_type=\"widget\" data-widget_type=\"text-editor.default\">\n\t\t\t\t\t\t\t\t\t\t\t\t\t\t\t\t\t<\/div>\n\t\t\t\t\t<\/div>\n\t\t\t\t<\/div>\n\t\t<div class=\"elementor-element elementor-element-1551a70 e-flex e-con-boxed e-con e-parent\" data-id=\"1551a70\" data-element_type=\"container\">\n\t\t\t\t\t<div class=\"e-con-inner\">\n\t\t\t\t<div class=\"elementor-element elementor-element-d80f4e5 elementor-widget elementor-widget-text-editor\" data-id=\"d80f4e5\" data-element_type=\"widget\" data-widget_type=\"text-editor.default\">\n\t\t\t\t\t\t\t\t\t<h3 data-start=\"296\" data-end=\"342\"><strong data-start=\"300\" data-end=\"342\">Koupit vapes s QR k\u00f3dem SEPA na FR Vape<\/strong><\/h3>\n<p data-start=\"344\" data-end=\"619\">Na adrese <strong data-start=\"347\" data-end=\"358\">FR Vape<\/strong>, nyn\u00ed nab\u00edz\u00edme mo\u017enost zakoupit si sv\u00e9 obl\u00edben\u00e9 vapingov\u00e9 produkty pomoc\u00ed pohodln\u00e9ho a bezpe\u010dn\u00e9ho <strong data-start=\"459\" data-end=\"490\">Zp\u016fsob platby pomoc\u00ed k\u00f3du SEPA QR<\/strong>. Tato mo\u017enost je k dispozici z\u00e1kazn\u00edk\u016fm v r\u00e1mci <strong data-start=\"541\" data-end=\"559\">Evropsk\u00e1 unie<\/strong> pro rychl\u00e9 a snadn\u00e9 platby p\u0159\u00edmo z va\u0161eho bankovn\u00edho \u00fa\u010dtu.<\/p>\n<hr data-start=\"621\" data-end=\"624\" \/>\n<h4 data-start=\"626\" data-end=\"670\"><strong data-start=\"631\" data-end=\"670\">Jak nakupovat vapes pomoc\u00ed k\u00f3du SEPA QR:<\/strong><\/h4>\n<ol data-start=\"672\" data-end=\"1699\">\n<li data-start=\"672\" data-end=\"827\">\n<p data-start=\"675\" data-end=\"827\"><strong data-start=\"675\" data-end=\"696\">Prohl\u00e9dn\u011bte si n\u00e1\u0161 obchod:<\/strong><br data-start=\"696\" data-end=\"699\" \/>Prohl\u00e9dn\u011bte si na\u0161i \u0161irokou nab\u00eddku vap\u016f, e-liquid\u016f, p\u0159\u00edslu\u0161enstv\u00ed a dal\u0161\u00edch produkt\u016f. Jakmile si vyberete zbo\u017e\u00ed, klikn\u011bte na <strong data-start=\"811\" data-end=\"826\">P\u0159idat do ko\u0161\u00edku<\/strong>.<\/p>\n<\/li>\n<li data-start=\"829\" data-end=\"992\">\n<p data-start=\"832\" data-end=\"992\"><strong data-start=\"832\" data-end=\"851\">P\u0159ejd\u011bte k pokladn\u011b:<\/strong><br data-start=\"851\" data-end=\"854\" \/>Po p\u0159id\u00e1n\u00ed polo\u017eek do ko\u0161\u00edku klikn\u011bte na tla\u010d\u00edtko <strong data-start=\"904\" data-end=\"912\">Ko\u0161\u00edk<\/strong> ikonu a prohl\u00e9dn\u011bte si sv\u00e9 produkty. Pokud v\u0161e vypad\u00e1 dob\u0159e, p\u0159ejd\u011bte k pokladn\u011b.<\/p>\n<\/li>\n<li data-start=\"994\" data-end=\"1165\">\n<p data-start=\"997\" data-end=\"1165\"><strong data-start=\"997\" data-end=\"1036\">Zvolte platebn\u00ed metodu SEPA QR k\u00f3d:<\/strong><br data-start=\"1036\" data-end=\"1039\" \/>Na str\u00e1nce pokladny vyberte <strong data-start=\"1071\" data-end=\"1087\">K\u00f3d SEPA QR<\/strong> jako zp\u016fsob platby. T\u00edm se vygeneruje jedine\u010dn\u00fd QR k\u00f3d pro va\u0161i platbu.<\/p>\n<\/li>\n<li data-start=\"1167\" data-end=\"1356\">\n<p data-start=\"1170\" data-end=\"1356\"><strong data-start=\"1170\" data-end=\"1210\">Naskenujte k\u00f3d QR pomoc\u00ed bankovn\u00ed aplikace:<\/strong><br data-start=\"1210\" data-end=\"1213\" \/>Otev\u0159ete aplikaci mobiln\u00edho bankovnictv\u00ed, kter\u00e1 podporuje platby SEPA. Pou\u017eijte aplikaci <strong data-start=\"1288\" data-end=\"1307\">Skener QR k\u00f3d\u016f<\/strong> naskenovat k\u00f3d zobrazen\u00fd na pokladn\u00ed str\u00e1nce.<\/p>\n<\/li>\n<li data-start=\"1358\" data-end=\"1531\">\n<p data-start=\"1361\" data-end=\"1531\"><strong data-start=\"1361\" data-end=\"1385\">Schv\u00e1len\u00ed platby:<\/strong><br data-start=\"1385\" data-end=\"1388\" \/>Po naskenov\u00e1n\u00ed k\u00f3du QR se v aplikaci banky zobraz\u00ed \u00fadaje o platb\u011b. Potvr\u010fte \u010d\u00e1stku a schv\u00e1lte p\u0159evod z bankovn\u00edho \u00fa\u010dtu.<\/p>\n<\/li>\n<li data-start=\"1533\" data-end=\"1699\">\n<p data-start=\"1536\" data-end=\"1699\"><strong data-start=\"1536\" data-end=\"1559\">Potvrzen\u00ed objedn\u00e1vky:<\/strong><br data-start=\"1559\" data-end=\"1562\" \/>Jakmile bude platba potvrzena, obdr\u017e\u00edte <strong data-start=\"1616\" data-end=\"1638\">Potvrzen\u00ed objedn\u00e1vky<\/strong> e-mail a my za\u010dneme zpracov\u00e1vat a odes\u00edlat va\u0161i objedn\u00e1vku.<\/p>\n<\/li>\n<\/ol>\n<hr data-start=\"1701\" data-end=\"1704\" \/>\n<h4 data-start=\"1706\" data-end=\"1747\"><strong data-start=\"1711\" data-end=\"1747\">Pro\u010d pou\u017e\u00edvat QR k\u00f3d SEPA u FR Vape?<\/strong><\/h4>\n<ul data-start=\"1749\" data-end=\"2311\">\n<li data-start=\"1749\" data-end=\"1880\">\n<p data-start=\"1751\" data-end=\"1880\"><strong data-start=\"1751\" data-end=\"1777\">Bezpe\u010dn\u00e9 a pohodln\u00e9:<\/strong> P\u0159evody SEPA jsou platbami mezi bankami, tak\u017ee jsou bezpe\u010dn\u00e9 a bez zprost\u0159edkovatel\u016f t\u0159et\u00edch stran.<\/p>\n<\/li>\n<li data-start=\"1881\" data-end=\"2010\">\n<p data-start=\"1883\" data-end=\"2010\"><strong data-start=\"1883\" data-end=\"1906\">Okam\u017eit\u00e9 zpracov\u00e1n\u00ed:<\/strong> Platby proveden\u00e9 prost\u0159ednictv\u00edm SEPA QR k\u00f3d\u016f jsou zpracov\u00e1v\u00e1ny rychle, co\u017e v\u00e1m umo\u017en\u00ed z\u00edskat vapingov\u00e9 produkty rychleji.<\/p>\n<\/li>\n<li data-start=\"2011\" data-end=\"2187\">\n<p data-start=\"2013\" data-end=\"2187\"><strong data-start=\"2013\" data-end=\"2036\">P\u0159ijet\u00ed v cel\u00e9 EU:<\/strong> Tento zp\u016fsob platby je k dispozici v\u0161em z\u00e1kazn\u00edk\u016fm v. <strong data-start=\"2094\" data-end=\"2112\">Evropsk\u00e1 unie<\/strong> kte\u0159\u00ed maj\u00ed p\u0159\u00edstup k bankovn\u00edmu \u00fa\u010dtu kompatibiln\u00edmu se SEPA a k aplikaci mobiln\u00edho bankovnictv\u00ed.<\/p>\n<\/li>\n<li data-start=\"2188\" data-end=\"2311\">\n<p data-start=\"2190\" data-end=\"2311\"><strong data-start=\"2190\" data-end=\"2213\">\u017d\u00e1dn\u00e9 dal\u0161\u00ed poplatky:<\/strong> P\u0159i pou\u017e\u00edv\u00e1n\u00ed plateb SEPA se nemus\u00edte ob\u00e1vat poplatk\u016f za kreditn\u00ed karty ani jin\u00fdch skryt\u00fdch poplatk\u016f.<\/p>\n<\/li>\n<\/ul>\n<hr data-start=\"2313\" data-end=\"2316\" \/>\n<h4 data-start=\"2318\" data-end=\"2343\"><strong data-start=\"2323\" data-end=\"2343\">D\u016fle\u017eit\u00e9 pozn\u00e1mky:<\/strong><\/h4>\n<ul data-start=\"2345\" data-end=\"2942\">\n<li data-start=\"2345\" data-end=\"2556\">\n<p data-start=\"2347\" data-end=\"2556\"><strong data-start=\"2347\" data-end=\"2369\">Dostupnost SEPA:<\/strong> Platby SEPA QR jsou k dispozici pouze pro z\u00e1kazn\u00edky ve <strong data-start=\"2423\" data-end=\"2439\">Zem\u011b EU<\/strong> kter\u00e9 podporuj\u00ed platby SEPA. Pat\u0159\u00ed sem zem\u011b jako N\u011bmecko, Francie, \u0160pan\u011blsko, It\u00e1lie a dal\u0161\u00ed zem\u011b euroz\u00f3ny.<\/p>\n<\/li>\n<li data-start=\"2557\" data-end=\"2753\">\n<p data-start=\"2559\" data-end=\"2753\"><strong data-start=\"2559\" data-end=\"2587\">Doba zpracov\u00e1n\u00ed platby:<\/strong> Platby SEPA mohou b\u00fdt zpracov\u00e1ny v re\u00e1ln\u00e9m \u010dase nebo b\u011bhem n\u011bkolika hodin v z\u00e1vislosti na va\u0161\u00ed bance. Ujist\u011bte se, \u017ee jste platbu provedli neprodlen\u011b, aby nedo\u0161lo ke zpo\u017ed\u011bn\u00ed va\u0161\u00ed objedn\u00e1vky.<\/p>\n<\/li>\n<li data-start=\"2754\" data-end=\"2942\">\n<p data-start=\"2756\" data-end=\"2942\"><strong data-start=\"2756\" data-end=\"2777\">Platnost QR k\u00f3du:<\/strong> K\u00f3d SEPA QR je platn\u00fd po omezenou dobu. Dbejte pros\u00edm na to, abyste jej naskenovali a schv\u00e1lili v dan\u00e9m \u010dasov\u00e9m r\u00e1mci, jinak bude nutn\u00e9 platbu znovu iniciovat.<\/p>\n<\/li>\n<\/ul>\n<h4>Kontaktujte n\u00e1s:<\/h4>\n<p>M\u00e1te-li jak\u00e9koli dotazy nebo p\u0159ipom\u00ednky k t\u011bmto Z\u00e1sad\u00e1m ochrany osobn\u00edch \u00fadaj\u016f, kontaktujte n\u00e1s:<\/p>\n<p>Telefon: +86 133 6063 1532<\/p>\n<p>Adresa:Room 312, No. 23, Wusha Xinle Road, Chang'an Town, Dongguan<\/p>\t\t\t\t\t\t\t\t<\/div>\n\t\t\t\t\t<\/div>\n\t\t\t\t<\/div>\n\t\t\t\t<\/div>","protected":false},"excerpt":{"rendered":"<p>Buy Vapes with SEPA QR Code at FR Vape At FR Vape, we now offer the ability to purchase your favorite vaping products using the convenient and secure SEPA QR Code payment method. This option is available to customers within the European Union for fast and easy payments directly from your bank account. How to [&#8230;]","protected":false},"author":1,"featured_media":0,"parent":0,"menu_order":0,"comment_status":"closed","ping_status":"closed","template":"","meta":{"footnotes":""},"class_list":["post-7220","page","type-page","status-publish","hentry"],"jetpack_sharing_enabled":true,"_links":{"self":[{"href":"https:\/\/frvape.com\/cs\/wp-json\/wp\/v2\/pages\/7220","targetHints":{"allow":["GET"]}}],"collection":[{"href":"https:\/\/frvape.com\/cs\/wp-json\/wp\/v2\/pages"}],"about":[{"href":"https:\/\/frvape.com\/cs\/wp-json\/wp\/v2\/types\/page"}],"author":[{"embeddable":true,"href":"https:\/\/frvape.com\/cs\/wp-json\/wp\/v2\/users\/1"}],"replies":[{"embeddable":true,"href":"https:\/\/frvape.com\/cs\/wp-json\/wp\/v2\/comments?post=7220"}],"version-history":[{"count":4,"href":"https:\/\/frvape.com\/cs\/wp-json\/wp\/v2\/pages\/7220\/revisions"}],"predecessor-version":[{"id":7240,"href":"https:\/\/frvape.com\/cs\/wp-json\/wp\/v2\/pages\/7220\/revisions\/7240"}],"wp:attachment":[{"href":"https:\/\/frvape.com\/cs\/wp-json\/wp\/v2\/media?parent=7220"}],"curies":[{"name":"wp","href":"https:\/\/api.w.org\/{rel}","templated":true}]}}