{"id":10203,"date":"2025-10-31T16:54:27","date_gmt":"2025-10-31T16:54:27","guid":{"rendered":"https:\/\/frvape.com\/product\/vapsolo-twins-20000-disposable-vape-with-dual-flavors-20k-puffs\/"},"modified":"2025-12-16T08:34:30","modified_gmt":"2025-12-16T08:34:30","slug":"vapsolo-twins-20000-jednorazovy-vape-s-dualnimi-prichutemi-20k-puffs","status":"publish","type":"product","link":"https:\/\/frvape.com\/cs\/product\/vapsolo-twins-20000-jednorazovy-vape-s-dualnimi-prichutemi-20k-puffs\/","title":{"rendered":"Vapsolo Twins 20000 Vape na jedno pou\u017eit\u00ed s dv\u011bma p\u0159\u00edchut\u011bmi a 20 000 puffy"},"content":{"rendered":"<h3>P\u0159ehled<\/h3>\n<p>Na str\u00e1nk\u00e1ch <strong>Vapsolo Twins 20000<\/strong> je \u0161pi\u010dkov\u00fd jednor\u00e1zov\u00fd vape navr\u017een\u00fd pro maxim\u00e1ln\u00ed uspokojen\u00ed. U\u017eijte si <strong>dvoj\u00ed p\u0159\u00edchu\u0165<\/strong> a <strong>20000 obl\u00e1\u010dk\u016f<\/strong> s funkcemi, jako je <strong>oto\u010dn\u00fd n\u00e1ustek<\/strong>, <strong>chytr\u00e1 obrazovka<\/strong>a <strong>du\u00e1ln\u00ed olejov\u00e9 n\u00e1dr\u017ee<\/strong>. Ide\u00e1ln\u00ed pro dlouhotrvaj\u00edc\u00ed pot\u011b\u0161en\u00ed z vapov\u00e1n\u00ed.<\/p>\n<h3>Kl\u00ed\u010dov\u00e9 specifikace<\/h3>\n<p>- E-Liquid: 40 ML<br \/>\n- Baterie: 650 mAh, dob\u00edjec\u00ed (port typu C)<br \/>\n- C\u00edvka: Odolnost 1,0 \u03a9.<br \/>\n- Po\u010det puf\u016f: A\u017e 20000 \u0161luk\u016f<br \/>\n- Hladiny nikotinu: 0%, 2%, 3%, 5%<br \/>\n- Hmotnost: P\u0159ibli\u017en\u011b 95 g na kus<br \/>\n- Rozm\u011bry kartonu: 53*31*36 cm (200 kus\u016f, 10 krabic)<br \/>\nZa\u0159\u00edzen\u00ed poskytuje <strong>\u0159\u00edzen\u00ed proud\u011bn\u00ed vzduchu<\/strong> a je <strong>tahov\u00e9 aktivace<\/strong>, co\u017e usnad\u0148uje jeho pou\u017e\u00edv\u00e1n\u00ed.<\/p>\n<h3>Nejd\u016fle\u017eit\u011bj\u0161\u00ed funkce<\/h3>\n<p><strong>Rota\u010dn\u00ed n\u00e1ustek:<\/strong> Jednoduch\u00fdm oto\u010den\u00edm snadno p\u0159epnete mezi dv\u011bma p\u0159\u00edchut\u011bmi a z\u00edsk\u00e1te sv\u011b\u017e\u00ed a p\u0159ekvapiv\u00e9 pocity.<br \/>\n<strong>P\u0159ehledn\u00fd du\u00e1ln\u00ed displej:<\/strong> Je vybaven inteligentn\u00edm displejem zobrazuj\u00edc\u00edm stav baterie a oleje, kter\u00fd zaji\u0161\u0165uje bezstarostn\u00fd vaping.<br \/>\n<strong>Dlouhodob\u00fd po\u017eitek:<\/strong> Dod\u00e1v\u00e1 a\u017e <strong>20 000 vdech\u016f<\/strong> s v\u00fdkonnou 650mAh <strong>dob\u00edjec\u00ed baterie<\/strong>.<\/p>\n<h3>Kompletn\u00ed kombinace chut\u00ed<\/h3>\n<p>Vyberte si z na\u0161\u00ed \u0161irok\u00e9 nab\u00eddky lahodn\u00fdch <strong>dvojice du\u00e1ln\u00edch p\u0159\u00edchut\u00ed<\/strong> pro Twins 20000:<br \/>\n1. Jahodov\u00fd led a broskvov\u00fd meloun s mangem<br \/>\n2. Trojit\u00fd meloun a ananas s kokosem<br \/>\n3. Citronov\u00e1 limon\u00e1da Blue Razz &amp; Lemon Lime<br \/>\n4. Trojit\u00fd meloun a malinov\u00fd meloun<br \/>\n5. Citronov\u00e1 limetka a melounov\u00e1 zmrzlina<br \/>\n6. Pomeran\u010dov\u00fd meloun s mangem a Red Bull<br \/>\n7. Ananasov\u00fd kokos a jahodov\u00fd ban\u00e1n<br \/>\n8. Hroznov\u00fd led a jahodov\u00e9 kiwi<br \/>\n9. Jahodov\u00e9 kiwi a jahodov\u00e1 malinov\u00e1 t\u0159e\u0161\u0148ov\u00e1 zmrzlina<br \/>\n10. Melounov\u00fd led a jahodov\u00e9 mango<br \/>\n11. Ananasov\u00fd kokos a melounov\u00fd led<br \/>\n12. Melounov\u00e1 zmrzlina a sm\u011bs bobul\u00ed<br \/>\n13. Jahodov\u00fd ban\u00e1n a \u0161umiv\u00e1 t\u0159e\u0161e\u0148<br \/>\n14. Bor\u016fvkov\u00fd led a \u0161umiv\u00e1 t\u0159e\u0161e\u0148<br \/>\n15. Jahodov\u00fd malinov\u00fd t\u0159e\u0161\u0148ov\u00fd led a hroznov\u00fd led<br \/>\n16. \u010cern\u00fd led Dra\u010d\u00ed ovoce Jahoda a malina Meloun<\/p>\n<h3>Za\u017eijte dvojn\u00e1sobn\u00fd po\u017eitek<\/h3>\n<p>S <strong>VapSolo Twins 20000<\/strong>, ka\u017ed\u00fd dou\u0161ek v\u00e1s pohlt\u00ed spokojenost\u00ed. Toto za\u0159\u00edzen\u00ed je ide\u00e1ln\u00ed pro MTL vaping a p\u0159in\u00e1\u0161\u00ed <strong>dvoj\u00ed p\u0159\u00edchu\u0165<\/strong> a <strong>du\u00e1ln\u00ed olejov\u00e9 n\u00e1dr\u017ee<\/strong> pro st\u00e1lou \u010derstvost. Hromadn\u00e9 objedn\u00e1vky jsou k dispozici ve v\u00edce sil\u00e1ch nikotinu.<\/p>","protected":false},"excerpt":{"rendered":"<p>Na str\u00e1nk\u00e1ch <strong>Vapsolo Twins 20000<\/strong> nab\u00edz\u00ed <strong>dvoj\u00ed p\u0159\u00edchu\u0165<\/strong> pro jedine\u010dn\u00fd z\u00e1\u017eitek z vapingu. Obsahuje a\u017e <strong>20000 obl\u00e1\u010dk\u016f<\/strong>, a <strong>dob\u00edjec\u00ed baterie<\/strong>a chytr\u00fd displej.<br \/>\nVyberte si z n\u011bkolika p\u00e1r\u016f p\u0159\u00edchut\u00ed, jako je jahodov\u00fd led nebo mangov\u00fd broskvov\u00fd meloun.<\/p>","protected":false},"featured_media":10197,"comment_status":"open","ping_status":"closed","template":"","meta":[],"product_brand":[408],"product_cat":[1016,863],"product_tag":[512,112,841,223,115,840],"class_list":{"0":"post-10203","1":"product","2":"type-product","3":"status-publish","4":"has-post-thumbnail","6":"product_brand-vapsolo","7":"product_cat-big-puffs-vapes","8":"product_cat-vapsolo","9":"product_tag-20000-puffs","10":"product_tag-disposable-vape","11":"product_tag-dual-flavors","12":"product_tag-nicotine-vape","13":"product_tag-rechargeable-vape","14":"product_tag-vapsolo-twins-20000","16":"first","17":"instock","18":"sale","19":"shipping-taxable","20":"purchasable","21":"product-type-variable"},"jetpack_sharing_enabled":true,"tiered_pricing_type":"fixed","tiered_pricing_fixed_rules":[],"tiered_pricing_product_settings":{"layout":"default","base_unit_name":{"singular":null,"plural":null},"default_variation":null},"tiered_pricing_minimum_quantity":null,"tiered_pricing_roles_data":[],"tiered_pricing_percentage_rules":[],"tiered_pricing_maximum_quantity":null,"tiered_pricing_quantity_step":null,"_links":{"self":[{"href":"https:\/\/frvape.com\/cs\/wp-json\/wp\/v2\/product\/10203","targetHints":{"allow":["GET"]}}],"collection":[{"href":"https:\/\/frvape.com\/cs\/wp-json\/wp\/v2\/product"}],"about":[{"href":"https:\/\/frvape.com\/cs\/wp-json\/wp\/v2\/types\/product"}],"replies":[{"embeddable":true,"href":"https:\/\/frvape.com\/cs\/wp-json\/wp\/v2\/comments?post=10203"}],"wp:featuredmedia":[{"embeddable":true,"href":"https:\/\/frvape.com\/cs\/wp-json\/wp\/v2\/media\/10197"}],"wp:attachment":[{"href":"https:\/\/frvape.com\/cs\/wp-json\/wp\/v2\/media?parent=10203"}],"wp:term":[{"taxonomy":"product_brand","embeddable":true,"href":"https:\/\/frvape.com\/cs\/wp-json\/wp\/v2\/product_brand?post=10203"},{"taxonomy":"product_cat","embeddable":true,"href":"https:\/\/frvape.com\/cs\/wp-json\/wp\/v2\/product_cat?post=10203"},{"taxonomy":"product_tag","embeddable":true,"href":"https:\/\/frvape.com\/cs\/wp-json\/wp\/v2\/product_tag?post=10203"}],"curies":[{"name":"wp","href":"https:\/\/api.w.org\/{rel}","templated":true}]}}