{"id":10495,"date":"2025-11-02T03:43:17","date_gmt":"2025-11-02T03:43:17","guid":{"rendered":"https:\/\/frvape.com\/product\/uzy-crystal-100000-puffs-disposable-vape-quad-flavor-rechargeable-e-cigarette\/"},"modified":"2025-11-04T02:28:46","modified_gmt":"2025-11-04T02:28:46","slug":"uzy-crystal-100000-puffs-jednorazove-vape-quad-prichut-dobijeci-e-cigareta","status":"publish","type":"product","link":"https:\/\/frvape.com\/cs\/product\/uzy-crystal-100000-puffs-jednorazove-vape-quad-prichut-dobijeci-e-cigareta\/","title":{"rendered":"Uzy Crystal 100000 Puffs Vape na jedno pou\u017eit\u00ed - Quad Flavor, dob\u00edjec\u00ed e-cigareta"},"content":{"rendered":"<h3>Pr\u00e9miov\u00fd z\u00e1\u017eitek se \u010dty\u0159mi p\u0159\u00edchut\u011bmi<\/h3>\n<p>Na str\u00e1nk\u00e1ch <strong>Uzy Crystal 100000<\/strong> p\u0159in\u00e1\u0161\u00ed revoluci ve vapingu d\u00edky inovativn\u00edmu syst\u00e9mu \u010dty\u0159 p\u0159\u00edchut\u00ed. Tento \u0161pi\u010dkov\u00fd syst\u00e9m je ur\u010den pro znalce, kte\u0159\u00ed tou\u017e\u00ed po rozmanitosti. <strong>jednor\u00e1zov\u00e9 vape<\/strong> obsahuje \u010dty\u0159i r\u016fzn\u00e9 chu\u0165ov\u00e9 komory v jednom za\u0159\u00edzen\u00ed. Pokro\u010dil\u00e1 <strong>c\u00edvka se \u010dty\u0159mi oky<\/strong> (1,0\u03a9) poskytuje v\u00fdjime\u010dnou hustotu p\u00e1ry a udr\u017euje autentickou konzistenci chuti po celou dobu vapov\u00e1n\u00ed.<\/p>\n<h3>Chytr\u00e9 in\u017een\u00fdrstv\u00ed a dlouh\u00e1 \u017eivotnost<\/h3>\n<p>Vybaveno <strong>Nab\u00edjec\u00ed baterie s kapacitou 650 mAh<\/strong>, toto za\u0159\u00edzen\u00ed podporuje dlouhodob\u00e9 pou\u017e\u00edv\u00e1n\u00ed s pohodln\u00fdm rychl\u00fdm nab\u00edjen\u00edm typu C. Integrovan\u00e9 <strong>Chytr\u00e1 obrazovka LED<\/strong> umo\u017e\u0148uje v re\u00e1ln\u00e9m \u010dase monitorovat baterie i <strong>56ml e-liquidu<\/strong> \u00farovn\u00ed, tak\u017ee v\u00e1s nikdy nezastihne nep\u0159ipraven\u00e9. D\u00edky sv\u00e9 velkorys\u00e9 kapacit\u011b navr\u017een\u00e9 pro <strong>100 000 vdech\u016f<\/strong>, Uzy Crystal nab\u00edz\u00ed na trhu jednor\u00e1zov\u00fdch vape za\u0159\u00edzen\u00ed neb\u00fdvalou \u017eivotnost.<\/p>\n<h3>Dostupn\u00e9 kombinace chut\u00ed<\/h3>\n<ul>\n<li>Broskev Mango Ananas &amp; Bor\u016fvka Malina &amp; Citron Limetka &amp; Meloun BubbleGum<\/li>\n<li>T\u0159e\u0161\u0148ov\u00fd led a hroznov\u00fd led a mu\u010denka Mango a l\u00e1ska 66<\/li>\n<li>Jahodov\u00e9 mango &amp; MR Blue &amp; Summer Peach Ice &amp; Black Ice<\/li>\n<li>Melounov\u00fd led &amp; Blue Razz T\u0159e\u0161e\u0148 &amp; meloun Kysel\u00e1 broskev &amp; mu\u010denka Kiwi<\/li>\n<li>Jahodov\u00fd led &amp; Gumov\u00fd medv\u00eddek &amp; Meloun Dra\u010d\u00ed ovoce &amp; Bor\u016fvkov\u00e9 kiwi<\/li>\n<li>Jahodov\u00fd meloun &amp; Blue Razz Ice &amp; Blueberry Raspberry Cherry &amp; fizzy cherry Ice<\/li>\n<li>Bor\u016fvkov\u00fd led a mango Broskev Meru\u0148ka a kiwi Mu\u010denka Guava a b\u00edl\u00e1 broskev Razz<\/li>\n<li>Bor\u016fvkov\u00fd led &amp; jahodov\u00fd ban\u00e1n &amp; dv\u011b jablka &amp; Skittles<\/li>\n<li>Sm\u00ed\u0161en\u00e9 bobule a mu\u010denka Kiwi Limetka a brusinka Hroznov\u00e9 v\u00edno a jahoda Kiwi<\/li>\n<li>Broskvov\u00fd led &amp; bor\u016fvka t\u0159e\u0161e\u0148 &amp; energetick\u00fd n\u00e1poj &amp; meloun li\u010di<\/li>\n<\/ul>\n<h3>Navr\u017eeno pro dokonalost<\/h3>\n<p>Uzy Crystal je vyroben z prvot\u0159\u00eddn\u00edch materi\u00e1l\u016f a m\u00e1 elegantn\u00ed vzhled. <strong>k\u0159i\u0161\u0165\u00e1lov\u00fd design<\/strong> kter\u00e1 odr\u00e1\u017e\u00ed vyt\u0159\u00edben\u00fd styl a z\u00e1rove\u0148 si zachov\u00e1v\u00e1 pohodlnou hmotnost 160 g. Jej\u00ed ergonomick\u00e9 kontury p\u0159irozen\u011b padnou do ruky a poskytuj\u00ed jak <strong>vizu\u00e1ln\u00ed elegance<\/strong> a praktick\u00fd komfort. P\u0159izp\u016fsobte si p\u0159\u00edjem nikotinu pomoc\u00ed mo\u017enost\u00ed s\u00edly 0%, 2%, 3% nebo 5%.<\/p>\n<h3>Optim\u00e1ln\u00ed balen\u00ed a hodnota<\/h3>\n<p>Efektivn\u00ed balen\u00ed 10 kus\u016f v krabici a 120 kus\u016f v kartonu (hmotnost kartonu 19,21 kg) kombinuje prvot\u0159\u00eddn\u00ed v\u00fdkon s logistick\u00fdm komfortem. Navr\u017eeno jak pro osobn\u00ed <strong>po\u017eitek z vapingu<\/strong> a efektivitou komer\u010dn\u00ed distribuce nastavuje tato inovace se \u010dty\u0159mi p\u0159\u00edchut\u011bmi nov\u00e9 standardy v kategorii jednor\u00e1zov\u00fdch vap\u016f.<\/p>","protected":false},"excerpt":{"rendered":"<p>Vyzkou\u0161ejte si v\u0161estrannou chu\u0165 4 v 1 d\u00edky <strong>Uzy Crystal 100000<\/strong> <strong>jednor\u00e1zov\u00e9 vape<\/strong> s <strong>c\u00edvky se \u010dty\u0159mi oky<\/strong> a kapacitou 56 ml e-liquidu. Vychutnejte si a\u017e <strong>100 000 vdech\u016f<\/strong> s <strong>Dob\u00edjec\u00ed typ C<\/strong> baterie a chytr\u00fd LED displej.<\/p>","protected":false},"featured_media":10489,"comment_status":"open","ping_status":"closed","template":"","meta":[],"product_brand":[237],"product_cat":[1016,1017,846],"product_tag":[],"class_list":{"0":"post-10495","1":"product","2":"type-product","3":"status-publish","4":"has-post-thumbnail","6":"product_brand-uzy","7":"product_cat-big-puffs-vapes","8":"product_cat-crystal-vapes","9":"product_cat-uzy","11":"first","12":"instock","13":"sale","14":"shipping-taxable","15":"purchasable","16":"product-type-variable"},"jetpack_sharing_enabled":true,"tiered_pricing_type":"fixed","tiered_pricing_fixed_rules":[],"tiered_pricing_product_settings":{"layout":"default","base_unit_name":{"singular":null,"plural":null},"default_variation":null},"tiered_pricing_minimum_quantity":null,"tiered_pricing_roles_data":[],"tiered_pricing_percentage_rules":[],"tiered_pricing_maximum_quantity":null,"tiered_pricing_quantity_step":null,"_links":{"self":[{"href":"https:\/\/frvape.com\/cs\/wp-json\/wp\/v2\/product\/10495","targetHints":{"allow":["GET"]}}],"collection":[{"href":"https:\/\/frvape.com\/cs\/wp-json\/wp\/v2\/product"}],"about":[{"href":"https:\/\/frvape.com\/cs\/wp-json\/wp\/v2\/types\/product"}],"replies":[{"embeddable":true,"href":"https:\/\/frvape.com\/cs\/wp-json\/wp\/v2\/comments?post=10495"}],"wp:featuredmedia":[{"embeddable":true,"href":"https:\/\/frvape.com\/cs\/wp-json\/wp\/v2\/media\/10489"}],"wp:attachment":[{"href":"https:\/\/frvape.com\/cs\/wp-json\/wp\/v2\/media?parent=10495"}],"wp:term":[{"taxonomy":"product_brand","embeddable":true,"href":"https:\/\/frvape.com\/cs\/wp-json\/wp\/v2\/product_brand?post=10495"},{"taxonomy":"product_cat","embeddable":true,"href":"https:\/\/frvape.com\/cs\/wp-json\/wp\/v2\/product_cat?post=10495"},{"taxonomy":"product_tag","embeddable":true,"href":"https:\/\/frvape.com\/cs\/wp-json\/wp\/v2\/product_tag?post=10495"}],"curies":[{"name":"wp","href":"https:\/\/api.w.org\/{rel}","templated":true}]}}