{"id":11262,"date":"2025-11-02T04:39:37","date_gmt":"2025-11-02T04:39:37","guid":{"rendered":"https:\/\/frvape.com\/product\/vapsolo-triple-60k-disposable-vape-650mah-mesh-coil-3-in-1-flavors\/"},"modified":"2025-12-16T09:18:34","modified_gmt":"2025-12-16T09:18:34","slug":"vapsolo-triple-60k-jednorazove-vape-650mah-mesh-civka-3-v-1-chute","status":"publish","type":"product","link":"https:\/\/frvape.com\/cs\/product\/vapsolo-triple-60k-jednorazove-vape-650mah-mesh-civka-3-v-1-chute\/","title":{"rendered":"Vapsolo Triple 60K Vape na jedno pou\u017eit\u00ed: 650mAh Mesh Coil 3 v 1 p\u0159\u00edchut\u011b"},"content":{"rendered":"<h3>Dokonal\u00fd z\u00e1\u017eitek s mnoha p\u0159\u00edchut\u011bmi<\/h3>\n<p>Na str\u00e1nk\u00e1ch <strong>Vapsolo Triple 60K<\/strong> nov\u011b definuje jednor\u00e1zov\u00fd vaping d\u00edky inovativn\u00edmu designu s trojit\u00fdm tankov\u00fdm syst\u00e9mem, kter\u00fd poskytuje a\u017e. <strong>60 000 syt\u00fdch obl\u00e1\u010dk\u016f<\/strong>. Ka\u017ed\u00fd kompaktn\u00ed p\u0159\u00edstroj obsahuje t\u0159i samostatn\u00e9 n\u00e1dr\u017ee s prvot\u0159\u00eddn\u00edmi <strong>Kombinace chut\u00ed 3 v 1<\/strong> kter\u00e9 se posouvaj\u00ed mezi profily jednoduch\u00fdm oto\u010den\u00edm. Navr\u017eeno s nejmodern\u011bj\u0161\u00edmi <strong>technologie s\u00ed\u0165ov\u00e9 c\u00edvky<\/strong> (odpor 1,0\u03a9), tato jednor\u00e1zov\u00e1 e-cigareta zaru\u010duje intenzivn\u011b aromatickou p\u00e1ru a v\u00fdjime\u010dn\u011b hladk\u00e9 potahov\u00e1n\u00ed.<\/p>\n<h3>Specifikace Premium<\/h3>\n<p>Nap\u00e1jen\u00ed pomoc\u00ed <strong>Nab\u00edjec\u00ed baterie s kapacitou 650 mAh<\/strong> s rychl\u00fdm <strong>Nab\u00edjen\u00ed typu C<\/strong>, Vapsolo Triple udr\u017euje nep\u0159eru\u0161ovan\u00e9 relace. Integrovan\u00fd <strong>e-liquid a displej nap\u00e1jen\u00ed<\/strong> v\u00e1s na prvn\u00ed pohled informuje o zb\u00fdvaj\u00edc\u00ed \u0161\u0165\u00e1v\u011b a stavu baterie. V\u00e1\u017e\u00ed pouh\u00fdch <strong>135g<\/strong> s ergonomickou p\u0159enosnost\u00ed a s funkc\u00ed st\u0159elby tahem pro maxim\u00e1ln\u00ed pohodl\u00ed.<\/p>\n<h3>Rozmanit\u00e1 \u0161k\u00e1la chut\u00ed<\/h3>\n<p>Prozkoumejte na\u0161e pe\u010dliv\u011b vybran\u00e9 profily r\u016fzn\u00fdch chut\u00ed:<br \/>\n<strong>Peach Berry &amp; Black Ice &amp; Strawberry Vanilla Coke<\/strong><br \/>\n<strong>Jahoda Ban\u00e1n a malina Meloun a citronov\u00e1 limetka<\/strong><br \/>\n<strong>Kiwi Passions Ovoce a l\u00e1ska 66 &amp; Vanilka<\/strong><br \/>\n<strong>Malina Meloun a mango Broskev a jahoda Kiwi<\/strong><br \/>\n<strong>Citronov\u00e1 limetka a jahoda Meloun a bor\u016fvkov\u00fd led<\/strong><br \/>\n<strong>Jahodov\u00e1 vanilkov\u00e1 kola a bor\u016fvkov\u00e1 malina a citronov\u00e1 limetka<\/strong><br \/>\n<strong>Ananasov\u00fd kokos &amp; jahoda Ban\u00e1n &amp; Blue Razz<\/strong><br \/>\n<strong>Tropick\u00e9 ovoce a jahody Meloun a citron Broskev<\/strong><br \/>\n<strong>Melounov\u00fd led &amp; Red Bull &amp; jahodov\u00e9 kiwi<\/strong><br \/>\n<strong>Jahoda malina a t\u0159e\u0161e\u0148 bobule a hroznov\u00e9 v\u00edno m\u00e1ta<\/strong><br \/>\n<strong>Bor\u016fvka malina a jahoda Mango a citronov\u00e1 kola<\/strong><br \/>\n<strong>Melounov\u00e1 zmrzlina &amp; jahodov\u00e1 zmrzlina &amp; trojit\u00fd meloun<\/strong><br \/>\n<strong>\u010cern\u00fd ryb\u00edz &amp; r\u016f\u017eov\u00e1 limon\u00e1da &amp; mangov\u00e1 maracuja<\/strong><br \/>\n<strong>Jahodov\u00e9 kiwi &amp; Love 66 &amp; Cherry Cola<\/strong><br \/>\n<strong>Broskvov\u00fd led a dra\u010d\u00ed ovoce Led a sm\u011bs ovoce<\/strong><\/p>\n<h3>Komer\u010dn\u00ed balen\u00ed<\/h3>\n<p>Toto jednor\u00e1zov\u00e9 vape za\u0159\u00edzen\u00ed se dod\u00e1v\u00e1 v pouzdrech p\u0159ipraven\u00fdch pro velkoobchod s <strong>200 kus\u016f v kartonu<\/strong> (rozm\u011bry kartonu: 51 \u00d7 50 \u00d7 27 cm). Ka\u017ed\u00e1 krabice obsahuje <strong>10 karton\u016f<\/strong> pro hromadn\u00e9 skladov\u00e1n\u00ed - ide\u00e1ln\u00ed pro maloobchodn\u00edky, kte\u0159\u00ed pot\u0159ebuj\u00ed velkoobjemov\u00e9 z\u00e1soby. Hmotnost v\u00fdrobku: <strong>26,7 kg na karton<\/strong>.<\/p>\n<h3>Pro\u010d si vybrat Vapsolo Triple 60K?<\/h3>\n<p>Revolu\u010dn\u00ed <strong>syst\u00e9m t\u0159\u00ed p\u0159\u00edchut\u00ed<\/strong> uspokoj\u00ed touhu po j\u00eddle bez nutnosti p\u0159ep\u00edn\u00e1n\u00ed za\u0159\u00edzen\u00ed, zat\u00edmco optimalizovan\u00fd <strong>s\u00ed\u0165ov\u00e1 c\u00edvka<\/strong> zaji\u0161\u0165uje maxim\u00e1ln\u00ed produkci p\u00e1ry a konzistenci chuti. Jeho <strong>Dob\u00edjec\u00ed typ C<\/strong> baterie je ekologi\u010dt\u011bj\u0161\u00ed ne\u017e alternativy na jedno nabit\u00ed a <strong>tekut\u00fd displej<\/strong> eliminuje odhadov\u00e1n\u00ed chuti. Navr\u017eeno pro vapery, kte\u0159\u00ed up\u0159ednost\u0148uj\u00ed rozmanitost, hustotu mraku a del\u0161\u00ed sezen\u00ed.<\/p>","protected":false},"excerpt":{"rendered":"<p>Za\u017eijte 60 tis\u00edc obl\u00e1\u010dk\u016f s <strong>Vapsolo Triple 60 000<\/strong> s pokro\u010dil\u00fdmi <strong>technologie s\u00ed\u0165ov\u00e9 c\u00edvky<\/strong> a <strong>Nab\u00edjen\u00ed typu C<\/strong>.<br \/>\nUnik\u00e1tn\u00ed syst\u00e9m n\u00e1dr\u017e\u00ed 3 v 1 nab\u00edz\u00ed a\u017e <strong>3 r\u016fzn\u00e9 p\u0159\u00edchut\u011b na za\u0159\u00edzen\u00ed<\/strong>.<br \/>\nS e-<strong>displej kapaliny a nap\u00e1jen\u00ed<\/strong> a <strong>Baterie s kapacitou 650 mAh<\/strong> pro celodenn\u00ed v\u00fdkon.<\/p>","protected":false},"featured_media":11256,"comment_status":"open","ping_status":"closed","template":"","meta":[],"product_brand":[408],"product_cat":[863],"product_tag":[901,902,77,103,810,900],"class_list":{"0":"post-11262","1":"product","2":"type-product","3":"status-publish","4":"has-post-thumbnail","6":"product_brand-vapsolo","7":"product_cat-vapsolo","8":"product_tag-3-in-1-disposable-vape","9":"product_tag-60000-puff-vape","10":"product_tag-mesh-coil-vape","11":"product_tag-rechargeable-e-cigarette","12":"product_tag-triple-flavor-vape","13":"product_tag-vapsolo-triple-60000","15":"first","16":"instock","17":"sale","18":"shipping-taxable","19":"purchasable","20":"product-type-variable"},"jetpack_sharing_enabled":true,"tiered_pricing_type":"fixed","tiered_pricing_fixed_rules":[],"tiered_pricing_product_settings":{"layout":"default","base_unit_name":{"singular":null,"plural":null},"default_variation":null},"tiered_pricing_minimum_quantity":null,"tiered_pricing_roles_data":[],"tiered_pricing_percentage_rules":[],"tiered_pricing_maximum_quantity":null,"tiered_pricing_quantity_step":null,"_links":{"self":[{"href":"https:\/\/frvape.com\/cs\/wp-json\/wp\/v2\/product\/11262","targetHints":{"allow":["GET"]}}],"collection":[{"href":"https:\/\/frvape.com\/cs\/wp-json\/wp\/v2\/product"}],"about":[{"href":"https:\/\/frvape.com\/cs\/wp-json\/wp\/v2\/types\/product"}],"replies":[{"embeddable":true,"href":"https:\/\/frvape.com\/cs\/wp-json\/wp\/v2\/comments?post=11262"}],"wp:featuredmedia":[{"embeddable":true,"href":"https:\/\/frvape.com\/cs\/wp-json\/wp\/v2\/media\/11256"}],"wp:attachment":[{"href":"https:\/\/frvape.com\/cs\/wp-json\/wp\/v2\/media?parent=11262"}],"wp:term":[{"taxonomy":"product_brand","embeddable":true,"href":"https:\/\/frvape.com\/cs\/wp-json\/wp\/v2\/product_brand?post=11262"},{"taxonomy":"product_cat","embeddable":true,"href":"https:\/\/frvape.com\/cs\/wp-json\/wp\/v2\/product_cat?post=11262"},{"taxonomy":"product_tag","embeddable":true,"href":"https:\/\/frvape.com\/cs\/wp-json\/wp\/v2\/product_tag?post=11262"}],"curies":[{"name":"wp","href":"https:\/\/api.w.org\/{rel}","templated":true}]}}