{"id":12021,"date":"2025-11-02T09:27:36","date_gmt":"2025-11-02T09:27:36","guid":{"rendered":"https:\/\/frvape.com\/product\/vopk-cool-bar-9000-disposable-vape-high-puff-device\/"},"modified":"2025-11-02T09:27:48","modified_gmt":"2025-11-02T09:27:48","slug":"vopk-cool-bar-9000-jednorazove-vape-zarizeni-s-vysokym-pufem","status":"publish","type":"product","link":"https:\/\/frvape.com\/cs\/product\/vopk-cool-bar-9000-jednorazove-vape-zarizeni-s-vysokym-pufem\/","title":{"rendered":"VOPK Cool Bar 9000 Vape na jedno pou\u017eit\u00ed - High Puff za\u0159\u00edzen\u00ed"},"content":{"rendered":"<p>P\u0159edstaven\u00ed <strong>VOPK Cool Bar 9000 Puffs jednor\u00e1zov\u00e9 vape pero<\/strong>, vrchol inovace v oblasti p\u0159enosn\u00e9ho vapingu. Toto za\u0159\u00edzen\u00ed je navr\u017eeno pro bezkonkuren\u010dn\u00ed \u017eivotnost a po\u017eitek a m\u016f\u017ee se pochlubit neuv\u011b\u0159iteln\u00fdmi 9 000 potahy, tak\u017ee je ide\u00e1ln\u00ed jak pro za\u010d\u00e1te\u010dn\u00edky, tak pro zku\u0161en\u00e9 u\u017eivatele.<\/p>\n<h3>Kl\u00ed\u010dov\u00e9 vlastnosti a specifikace<\/h3>\n<p>VOPK Cool Bar vynik\u00e1 svou robustn\u00ed konstrukc\u00ed. <strong>9000 obl\u00e1\u010dk\u016f<\/strong> v\u00fdkon, poh\u00e1n\u011bn\u00fd kapacitou 15 ml e-liquidu, kter\u00e1 zaji\u0161\u0165uje del\u0161\u00ed pou\u017e\u00edv\u00e1n\u00ed. P\u0159izp\u016fsobte si p\u0159\u00edjem nikotinu d\u00edky mo\u017enostem <strong>0%, 2%, 3% a 5% s\u00edla nikotinu<\/strong>, kter\u00e9 vyhovuj\u00ed r\u016fzn\u00fdm preferenc\u00edm. Uvnit\u0159 je <strong>1,0ohmov\u00e1 s\u00ed\u0165ov\u00e1 c\u00edvka<\/strong> optimalizuje pod\u00e1v\u00e1n\u00ed chuti a produkci p\u00e1ry, aby bylo \u0161lukov\u00e1n\u00ed v\u017edy hladk\u00e9 a uspokojiv\u00e9.<\/p>\n<p>Podpora va\u0161eho \u017eivotn\u00edho stylu vapingu, jeho <strong>Baterie s kapacitou 600 mAh<\/strong> nab\u00edz\u00ed spolehliv\u00fd v\u00fdkon s rychl\u00fdm <strong>Nab\u00edjen\u00ed typu C<\/strong> a minimalizuje prostoje. Na str\u00e1nk\u00e1ch <strong>nastaviteln\u00e9 proud\u011bn\u00ed vzduchu<\/strong> funkce umo\u017e\u0148uje jemn\u011b nastavit intenzitu tahu a zv\u00fd\u0161it tak pohodl\u00ed. V pouzd\u0159e <strong>chladn\u00fd design lahvi\u010dky e-d\u017eus\u016f<\/strong>kombinuje ergonomick\u00fd styl s prakti\u010dnost\u00ed.<\/p>\n<h3>\u0158ada vynikaj\u00edc\u00edch p\u0159\u00edchut\u00ed<\/h3>\n<p>Vyb\u00edrejte si z n\u00e1dhern\u00e9 nab\u00eddky 10 vybran\u00fdch p\u0159\u00edchut\u00ed, kter\u00e9 v\u00e1m zp\u0159\u00edjemn\u00ed z\u00e1\u017eitek. P\u0159izp\u016fsobte si sv\u016fj v\u00fdb\u011br podle n\u00e1lady a preferenc\u00ed:<\/p>\n<p><strong>Melounov\u00fd led<\/strong><br \/><strong>Mixberry<\/strong><br \/><strong>Cola Ice<\/strong><br \/><strong>Broskvov\u00fd led<\/strong><br \/><strong>Orange Sour<\/strong><br \/><strong>Hroznov\u00e9 aloe<\/strong><br \/><strong>\u0160umiv\u00fd citron<\/strong><br \/><strong>Dvojit\u00e1 m\u00e1ta<\/strong><br \/><strong>Hroznov\u00e9 li\u010di<\/strong><br \/><strong>Red Bull Ice<\/strong><\/p>\n<p>Vychutnejte si dokonalou kombinaci <strong>v\u00fdkon a elegance<\/strong> s VOPK Cool Bar. A\u0165 u\u017e p\u0159ech\u00e1z\u00edte z kou\u0159en\u00ed, nebo modernizujete svou vape sadu, toto za\u0159\u00edzen\u00ed zaru\u010duje prvot\u0159\u00eddn\u00ed a bezprobl\u00e9movou cestu p\u0159i ka\u017ed\u00e9m \u0161lukov\u00e1n\u00ed. Zlep\u0161ete sv\u00e9 chv\u00edle s <strong>VOPK Cool Bar 9000 Puffs Vape na jedno pou\u017eit\u00ed<\/strong> dnes.<\/p>","protected":false},"excerpt":{"rendered":"<p>Objevte <strong>VOPK Cool Bar 9000 Vape na jedno pou\u017eit\u00ed<\/strong>, kter\u00e1 p\u0159in\u00e1\u0161\u00ed 9 000 \u0161luk\u016f s pr\u00e9miov\u00fdmi p\u0159\u00edchut\u011bmi, jako je nap\u0159. <strong>Dvojit\u00e1 m\u00e1ta<\/strong>.<br \/>Nab\u00edz\u00ed nastaviteln\u00fd airflow a nab\u00edjen\u00ed Type-C pro p\u0159izp\u016fsobiteln\u00fd po\u017eitek z vapov\u00e1n\u00ed.<br \/>Ide\u00e1ln\u00ed pro v\u0161echny vapery, kte\u0159\u00ed hledaj\u00ed pohodl\u00ed a v\u00fdkon.<\/p>","protected":false},"featured_media":12015,"comment_status":"open","ping_status":"closed","template":"","meta":[],"product_brand":[787],"product_cat":[890],"product_tag":[942,102,943,400,103,941],"class_list":{"0":"post-12021","1":"product","2":"type-product","3":"status-publish","4":"has-post-thumbnail","6":"product_brand-vopk","7":"product_cat-vopk","8":"product_tag-9000-puffs-disposable-vape","9":"product_tag-adjustable-airflow-vape","10":"product_tag-flavored-vape-devices","11":"product_tag-long-lasting-vape","12":"product_tag-rechargeable-e-cigarette","13":"product_tag-vopk-cool-bar-9000","15":"first","16":"instock","17":"sale","18":"shipping-taxable","19":"purchasable","20":"product-type-variable"},"jetpack_sharing_enabled":true,"tiered_pricing_type":"fixed","tiered_pricing_fixed_rules":[],"tiered_pricing_product_settings":{"layout":"default","base_unit_name":{"singular":null,"plural":null},"default_variation":null},"tiered_pricing_minimum_quantity":null,"tiered_pricing_roles_data":[],"tiered_pricing_percentage_rules":[],"tiered_pricing_maximum_quantity":null,"tiered_pricing_quantity_step":null,"_links":{"self":[{"href":"https:\/\/frvape.com\/cs\/wp-json\/wp\/v2\/product\/12021","targetHints":{"allow":["GET"]}}],"collection":[{"href":"https:\/\/frvape.com\/cs\/wp-json\/wp\/v2\/product"}],"about":[{"href":"https:\/\/frvape.com\/cs\/wp-json\/wp\/v2\/types\/product"}],"replies":[{"embeddable":true,"href":"https:\/\/frvape.com\/cs\/wp-json\/wp\/v2\/comments?post=12021"}],"wp:featuredmedia":[{"embeddable":true,"href":"https:\/\/frvape.com\/cs\/wp-json\/wp\/v2\/media\/12015"}],"wp:attachment":[{"href":"https:\/\/frvape.com\/cs\/wp-json\/wp\/v2\/media?parent=12021"}],"wp:term":[{"taxonomy":"product_brand","embeddable":true,"href":"https:\/\/frvape.com\/cs\/wp-json\/wp\/v2\/product_brand?post=12021"},{"taxonomy":"product_cat","embeddable":true,"href":"https:\/\/frvape.com\/cs\/wp-json\/wp\/v2\/product_cat?post=12021"},{"taxonomy":"product_tag","embeddable":true,"href":"https:\/\/frvape.com\/cs\/wp-json\/wp\/v2\/product_tag?post=12021"}],"curies":[{"name":"wp","href":"https:\/\/api.w.org\/{rel}","templated":true}]}}