{"id":12180,"date":"2025-11-02T11:02:43","date_gmt":"2025-11-02T11:02:43","guid":{"rendered":"https:\/\/frvape.com\/product\/mr-goodie-speed-racer-dual-mode-disposable-vape-80k-puffs-50ml-e-liquid\/"},"modified":"2025-12-16T08:40:27","modified_gmt":"2025-12-16T08:40:27","slug":"mr-goodie-speed-racer-dual-mode-jednorazovy-vape-80k-puffs-50ml-e-liquid","status":"publish","type":"product","link":"https:\/\/frvape.com\/cs\/product\/mr-goodie-speed-racer-dual-mode-jednorazovy-vape-80k-puffs-50ml-e-liquid\/","title":{"rendered":"Mr.Goodie Speed Racer Dual Mode Disposable Vape - 80K Puffs, 50ml e-liquidu"},"content":{"rendered":"<h3>Revolu\u010dn\u00ed z\u00e1\u017eitek z vapov\u00e1n\u00ed ve dvou re\u017eimech<\/h3>\n<p>Na str\u00e1nk\u00e1ch <strong>Pan Goodie Speed Racer<\/strong> nov\u011b definuje jednor\u00e1zov\u00fd vaping s neb\u00fdvalou v\u0161estrannost\u00ed. Tento v\u00fdkonn\u00fd p\u0159\u00edstroj je navr\u017een tak, aby se dal p\u0159izp\u016fsobit, a podporuje jak tradi\u010dn\u00ed <strong>MTL (Mouth-to-Lung)<\/strong> vaping s rychlost\u00ed a\u017e <strong>80 000 vdech\u016f<\/strong> a intenzivn\u00ed <strong>DTL (Direct-to-Lung)<\/strong> sezen\u00ed, kter\u00e1 p\u0159in\u00e1\u0161ej\u00ed <strong>40 000 obl\u00e1\u010dk\u016f<\/strong>. Jeho sofistikovan\u00e9 <strong>dvojit\u00e1 s\u00ed\u0165ov\u00e1 c\u00edvka<\/strong> Syst\u00e9m zaru\u010duje v\u00fdbu\u0161nou konzistenci chuti a objemnou produkci p\u00e1ry p\u0159i ka\u017ed\u00e9m pou\u017eit\u00ed.<\/p>\n<h3>Pokro\u010dil\u00fd syst\u00e9m vizu\u00e1ln\u00ed kontroly<\/h3>\n<p>Monitorujte sv\u00e9 vapingov\u00e9 pot\u0159eby prost\u0159ednictv\u00edm p\u0159evratn\u00e9ho <strong>360\u00b0 zak\u0159iven\u00e1 obrazovka LED<\/strong> kter\u00fd poskytuje okam\u017eit\u00e9 \u00fadaje v re\u00e1ln\u00e9m \u010dase o zb\u00fdvaj\u00edc\u00edch <strong>hladiny e-liquidu<\/strong>, <strong>\u017eivotnost baterie<\/strong>a stav za\u0159\u00edzen\u00ed. V kombinaci s p\u0159esnost\u00ed <strong>nastaviteln\u00e9 proud\u011bn\u00ed vzduchu<\/strong> Tato funkce, vylad\u011bn\u00e1 podle va\u0161ich inhala\u010dn\u00edch preferenc\u00ed, zaji\u0161\u0165uje optimalizovan\u00fd v\u00fdkon jak pro diskr\u00e9tn\u00ed MTL potahov\u00e1n\u00ed, tak pro robustn\u00ed z\u00e1\u017eitky p\u0159i DTL potahov\u00e1n\u00ed.<\/p>\n<h3>Bezkonkuren\u010dn\u00ed v\u00fdkon a kapacita<\/h3>\n<p>Tento vapingov\u00fd z\u00e1zrak poh\u00e1n\u00ed masivn\u00ed <strong>Dob\u00edjec\u00ed baterie s kapacitou 1 400 mAh<\/strong> v kombinaci se \u0161pi\u010dkov\u00fdm pr\u016fmyslov\u00fdm <strong>50ml p\u0159edpln\u011bn\u00e1 n\u00e1dr\u017e na e-liquid<\/strong>. Toto duo vytv\u00e1\u0159\u00ed v\u00fdjime\u010dn\u011b dlouh\u00e9 relace a z\u00e1rove\u0148 eliminuje \u010dast\u00e9 p\u0159eru\u0161ov\u00e1n\u00ed nab\u00edjen\u00ed. U\u017eijte si t\u00fddny nep\u0159etr\u017eit\u00e9ho vapov\u00e1n\u00ed z jedin\u00e9ho za\u0159\u00edzen\u00ed.<\/p>\n<h3>V\u00fdb\u011br p\u0159\u00edchut\u00ed<\/h3>\n<p>Pono\u0159te se do prvot\u0159\u00eddn\u00ed chuti s na\u0161\u00ed \u0161irokou nab\u00eddkou p\u0159\u00edchut\u00ed:<br \/>\nMelounov\u00e1 \u017ev\u00fdka\u010dka<br \/>\nJahodov\u00fd citron<br \/>\nCola Gummy<br \/>\nBlue Razz<br \/>\nBrusinka P. Citron<br \/>\nBor\u016fvkov\u00fd citron Min<br \/>\nHroznov\u00e1 m\u00e1ta<br \/>\nL\u00e1ska 66<br \/>\nMedovicov\u00fd melounov\u00fd led<br \/>\nSm\u011bs ovoce<\/p>\n<h3>Pro\u010d si vape\u0159i vyb\u00edraj\u00ed Speed Racer<\/h3>\n<p>V tomto za\u0159\u00edzen\u00ed se snoub\u00ed extr\u00e9mn\u00ed v\u00fddr\u017e \u0161lukov\u00e1n\u00ed se \u0161pi\u010dkovou vapingovou technologi\u00ed, kter\u00e1 se u jednor\u00e1zov\u00fdch za\u0159\u00edzen\u00ed vyskytuje jen z\u0159\u00eddka. Ergonomick\u00fd design zaji\u0161\u0165uje kapesn\u00ed p\u0159enosnost a pohodlnou manipulaci, zat\u00edmco <strong>dvojit\u00e1 s\u00ed\u0165ov\u00e1 c\u00edvka<\/strong> architektura zachov\u00e1v\u00e1 jemn\u00e9 chu\u0165ov\u00e9 t\u00f3ny a\u017e do z\u00e1v\u011bre\u010dn\u00e9ho vyfouknut\u00ed. Ide\u00e1ln\u00ed jak pro nov\u00e9 vapery, kte\u0159\u00ed hledaj\u00ed jednoduchost, tak pro nad\u0161ence, kte\u0159\u00ed vy\u017eaduj\u00ed vysoce v\u00fdkonn\u00e9 v\u0161estrann\u00e9 za\u0159\u00edzen\u00ed pro ka\u017edodenn\u00ed pou\u017eit\u00ed.<\/p>","protected":false},"excerpt":{"rendered":"<p>Zku\u0161enosti <strong>vapov\u00e1n\u00ed ve dvou re\u017eimech<\/strong> s voz\u00edkem Mr.Goodie Speed Racer, kter\u00fd poskytuje a\u017e <strong>80 000 MTL obl\u00e1\u010dk\u016f<\/strong> nebo <strong>40 000 obl\u00e1\u010dk\u016f DTL<\/strong>. Obsahuje a <strong>360\u00b0 zak\u0159iven\u00e1 obrazovka LED<\/strong>, <strong>Baterie s kapacitou 1 400 mAh<\/strong>a <strong>Kapacita 50 ml e-liquidu<\/strong> pro prodlou\u017een\u00e9 sezen\u00ed.<\/p>","protected":false},"featured_media":12174,"comment_status":"open","ping_status":"closed","template":"","meta":[],"product_brand":[769],"product_cat":[873],"product_tag":[1022,950,1126,799,77,948,115],"class_list":{"0":"post-12180","1":"product","2":"type-product","3":"status-publish","4":"has-post-thumbnail","6":"product_brand-mr-goodie","7":"product_cat-mr-goodie","8":"product_tag-000-puffs-vape","9":"product_tag-50ml-e-liquid-capacity","10":"product_tag-1126","11":"product_tag-dual-mode-disposable-vape","12":"product_tag-mesh-coil-vape","13":"product_tag-mr-goodie-speed-racer","14":"product_tag-rechargeable-vape","16":"first","17":"instock","18":"sale","19":"shipping-taxable","20":"purchasable","21":"product-type-variable"},"jetpack_sharing_enabled":true,"tiered_pricing_type":"fixed","tiered_pricing_fixed_rules":[],"tiered_pricing_product_settings":{"layout":"default","base_unit_name":{"singular":null,"plural":null},"default_variation":null},"tiered_pricing_minimum_quantity":null,"tiered_pricing_roles_data":[],"tiered_pricing_percentage_rules":[],"tiered_pricing_maximum_quantity":null,"tiered_pricing_quantity_step":null,"_links":{"self":[{"href":"https:\/\/frvape.com\/cs\/wp-json\/wp\/v2\/product\/12180","targetHints":{"allow":["GET"]}}],"collection":[{"href":"https:\/\/frvape.com\/cs\/wp-json\/wp\/v2\/product"}],"about":[{"href":"https:\/\/frvape.com\/cs\/wp-json\/wp\/v2\/types\/product"}],"replies":[{"embeddable":true,"href":"https:\/\/frvape.com\/cs\/wp-json\/wp\/v2\/comments?post=12180"}],"wp:featuredmedia":[{"embeddable":true,"href":"https:\/\/frvape.com\/cs\/wp-json\/wp\/v2\/media\/12174"}],"wp:attachment":[{"href":"https:\/\/frvape.com\/cs\/wp-json\/wp\/v2\/media?parent=12180"}],"wp:term":[{"taxonomy":"product_brand","embeddable":true,"href":"https:\/\/frvape.com\/cs\/wp-json\/wp\/v2\/product_brand?post=12180"},{"taxonomy":"product_cat","embeddable":true,"href":"https:\/\/frvape.com\/cs\/wp-json\/wp\/v2\/product_cat?post=12180"},{"taxonomy":"product_tag","embeddable":true,"href":"https:\/\/frvape.com\/cs\/wp-json\/wp\/v2\/product_tag?post=12180"}],"curies":[{"name":"wp","href":"https:\/\/api.w.org\/{rel}","templated":true}]}}