{"id":1241,"date":"2025-10-12T00:44:20","date_gmt":"2025-10-12T00:44:20","guid":{"rendered":"https:\/\/frvape.com\/product\/bang-36000-ice-blending-disposable-vape-adjustable-ice-level-36000-puffs-nicotine-options\/"},"modified":"2025-11-26T09:19:58","modified_gmt":"2025-11-26T09:19:58","slug":"bang-36000-ice-blending-jednorazova-vape-nastavitelna-uroven-ledu-36000-puffs-moznosti-nikotinu","status":"publish","type":"product","link":"https:\/\/frvape.com\/cs\/product\/bang-36000-ice-blending-jednorazova-vape-nastavitelna-uroven-ledu-36000-puffs-moznosti-nikotinu\/","title":{"rendered":"Bang 36000 Ice Blending Disposable Vape - nastaviteln\u00e1 \u00farove\u0148 ledu, 36000 \u0161luk\u016f, mo\u017enost volby nikotinu"},"content":{"rendered":"<p>Objevte revolu\u010dn\u00ed <strong>Bang 36000 Ice Blending jednor\u00e1zov\u00e1 e-cigareta<\/strong>, navr\u017een\u00fd tak, aby nov\u011b definoval va\u0161i cestu k vapingu d\u00edky bezkonkuren\u010dn\u00ed flexibilit\u011b a dlouh\u00e9 \u017eivotnosti. Toto \u0161pi\u010dkov\u00e9 za\u0159\u00edzen\u00ed kombinuje pokro\u010dil\u00e9 technologie s u\u017eivatelsky p\u0159\u00edv\u011btiv\u00fdmi funkcemi, kter\u00e9 zaji\u0161\u0165uj\u00ed individu\u00e1ln\u00ed z\u00e1\u017eitek p\u0159izp\u016fsoben\u00fd va\u0161im preferenc\u00edm. A\u0165 u\u017e jste milovn\u00edci mrak\u016f, nebo nad\u0161enci do chuti, tento vape v\u00e1m nab\u00eddne v\u0161e, co pot\u0159ebujete, a to d\u00edky nastaviteln\u00e9mu chlazen\u00ed, masivn\u00edmu po\u010dtu potah\u016f a rozmanit\u00fdm mo\u017enostem nikotinu pro maxim\u00e1ln\u00ed uspokojen\u00ed.<br \/>Je navr\u017een pro p\u0159enosnost a spolehlivost. <strong>Bang 36000 M\u00edch\u00e1n\u00ed ledu<\/strong> vynik\u00e1 na trhu elegantn\u00edm designem a robustn\u00ed konstrukc\u00ed. U\u017e \u017e\u00e1dn\u00e9 dopl\u0148ov\u00e1n\u00ed n\u00e1pln\u00ed nebo slo\u017eit\u00e9 nastavov\u00e1n\u00ed - jednodu\u0161e vybalte z krabice a u\u017e\u00edvejte si nep\u0159eru\u0161ovan\u00e9 vapovac\u00ed blaho.<br \/>Zjist\u011bte, pro\u010d se toto za\u0159\u00edzen\u00ed stalo obl\u00edben\u00fdm mezi vapery po cel\u00e9m sv\u011bt\u011b a kombinuje pohodl\u00ed se \u0161pi\u010dkov\u00fdm v\u00fdkonem.<\/p>\n<h3>Pro\u010d hladina ledu Bang 36000 m\u011bn\u00ed pravidla hry<\/h3>\n<p>Na str\u00e1nk\u00e1ch <strong>Bang 36000 M\u00edch\u00e1n\u00ed ledu<\/strong> m\u011bn\u00ed vaping v p\u0159izp\u016fsobiteln\u00e9 dobrodru\u017estv\u00ed. Jeho <strong>nastaviteln\u00e1 hladina ledu<\/strong> Funkce umo\u017e\u0148uje jemn\u011b nastavit intenzitu chlazen\u00ed od jemn\u00e9ho chladu a\u017e po arktickou vlnu a p\u0159izp\u016fsobit se tak ka\u017ed\u00e9 n\u00e1lad\u011b a okam\u017eiku. Tato inovace zaji\u0161\u0165uje, \u017ee va\u0161e vapov\u00e1n\u00ed nikdy neubere na sv\u011b\u017eesti a s ka\u017ed\u00fdm potahem v\u00e1m poskytne povzbuzuj\u00edc\u00ed hit.<br \/>Se sv\u00fdm <strong>v\u00fdkonn\u00e1 850mAh baterie<\/strong>, za\u0159\u00edzen\u00ed podporuje del\u0161\u00ed vapov\u00e1n\u00ed bez nutnosti neust\u00e1l\u00e9ho dob\u00edjen\u00ed - ide\u00e1ln\u00ed pro \u017eivotn\u00ed styl na cest\u00e1ch.<br \/>A chlub\u00ed se <strong>p\u016fsobiv\u00e1 kapacita 36 ml e-liquidu<\/strong>, zaru\u010duje <strong>36000 obl\u00e1\u010dk\u016f<\/strong> \u010dist\u00fdch a bohat\u00fdch v\u00fdpar\u016f. To znamen\u00e1, \u017ee si vychutn\u00e1te ka\u017ed\u00fd okam\u017eik, ne\u017e za\u010dnete p\u0159em\u00fd\u0161let o v\u00fdm\u011bn\u011b.<\/p>\n<h3>Kompletn\u00ed specifikace produktu<\/h3>\n<p><strong>PUFFS: 36000<\/strong><br \/><strong>E-liquid: 36ml<\/strong><br \/><strong>Odpor: 1,0 ohm<\/strong><br \/><strong>Baterie: 850mAh<\/strong><br \/><strong>Nab\u00edjen\u00ed: Port USB typu C<\/strong><br \/><strong>Mo\u017enosti nikotinu: 0%, 2%, 3% nebo 5%.<\/strong><br \/>Tyto specifikace zaji\u0161\u0165uj\u00ed v\u00fdjime\u010dnou \u017eivotnost a v\u00fdkon:. <strong>Odpor 1,0 ohm\u016f<\/strong> poskytuje plynulou a konzistentn\u00ed produkci p\u00e1ry, zat\u00edmco <strong>Nab\u00edjen\u00ed typu C<\/strong> nab\u00edz\u00ed rychl\u00e9 a spolehliv\u00e9 dopl\u0148ov\u00e1n\u00ed energie. Zvolte si \u00farove\u0148 nikotinu a p\u0159izp\u016fsobte si z\u00e1\u017eitek na m\u00edru, od nulov\u00e9 hladiny nikotinu pro milovn\u00edky \u010dist\u00e9 chuti a\u017e po vy\u0161\u0161\u00ed s\u00edlu pro siln\u00fd \u00fader do krku.<\/p>\n<h3>Kl\u00ed\u010dov\u00e9 funkce, kter\u00e9 tento vape odli\u0161uj\u00ed<\/h3>\n<h3>Nastaviteln\u00e1 \u00farove\u0148 ledu pro p\u0159izp\u016fsoben\u00e9 chlazen\u00ed<\/h3>\n<p>S inovativn\u00edm <strong>\u00faprava ledu<\/strong> funkce, jste \u0161\u00e9fem sv\u00fdch vibrac\u00ed p\u0159i vapingu. Vyto\u010dte jemnou chladivost nebo ji rozje\u010fte do mraziv\u00e9 exploze. D\u00edky tomuto jedine\u010dn\u00e9mu ovl\u00e1d\u00e1n\u00ed m\u016f\u017eete p\u0159izp\u016fsobit intenzitu sv\u00e9 chuti a zajistit, aby ka\u017ed\u00e9 sezen\u00ed bylo jedine\u010dn\u011b osv\u011b\u017euj\u00edc\u00ed a povzbuzuj\u00edc\u00ed.<\/p>\n<h3>V\u00fdkonn\u00e1 baterie pro celodenn\u00ed vaping<\/h3>\n<p>Rozlu\u010dte se s probl\u00e9my s nap\u00e1jen\u00edm uprost\u0159ed sezen\u00ed. Na str\u00e1nk\u00e1ch <strong>Baterie s kapacitou 850 mAh<\/strong> je navr\u017een tak, aby vydr\u017eel hodiny nep\u0159etr\u017eit\u00e9ho pou\u017e\u00edv\u00e1n\u00ed na jedno nabit\u00ed. Nab\u00edjen\u00ed prob\u00edh\u00e1 rychle prost\u0159ednictv\u00edm typu C - za m\u00e9n\u011b ne\u017e hodinu - a vy si m\u016f\u017eete vychutnat bezstarostn\u00fd vaping, kter\u00fd udr\u017e\u00ed krok s va\u0161imi nejru\u0161n\u011bj\u0161\u00edmi dny.<\/p>\n<h3>Obrovsk\u00e1 kapacita e-liquidu pro nekone\u010dn\u00e9 mno\u017estv\u00ed \u0161luk\u016f<\/h3>\n<p>Velkorys\u00e9 dr\u017een\u00ed <strong>36 ml e-liquidu<\/strong>, tento p\u0159\u00edstroj slibuje ohromuj\u00edc\u00ed <strong>36000 obl\u00e1\u010dk\u016f<\/strong>. To je pro pr\u016fm\u011brn\u00e9ho u\u017eivatele n\u011bkolik t\u00fddn\u016f h\u00fd\u010dk\u00e1n\u00ed, co\u017e minimalizuje pot\u0159ebu dopl\u0148ov\u00e1n\u00ed. V kombinaci s nepropustnou konstrukc\u00ed zaji\u0161\u0165uje efektivn\u00ed odpa\u0159ov\u00e1n\u00ed ka\u017ed\u00e9 kapky pr\u00e9miov\u00e9ho e-liquidu, co\u017e v\u00e1m p\u0159in\u00e1\u0161\u00ed maxim\u00e1ln\u00ed hodnotu a po\u017eitek.<\/p>\n<h3>Vlastn\u00ed hladiny nikotinu, kter\u00e9 vyhovuj\u00ed ka\u017ed\u00e9mu<\/h3>\n<p>Snadno si p\u0159izp\u016fsob\u00edte p\u0159\u00edjem nikotinu: od \u010dist\u00e9ho, uklid\u0148uj\u00edc\u00edho <strong>0% nikotin<\/strong> pro nefal\u0161ovanou chu\u0165, na <strong>2%, 3% nebo 5%<\/strong> pro r\u016fzn\u00e9 intenzity z\u00e1sahu. D\u00edky t\u00e9to flexibilit\u011b je <strong>Bang 36000 M\u00edch\u00e1n\u00ed ledu<\/strong> ide\u00e1ln\u00ed pro za\u010d\u00e1te\u010dn\u00edky, zku\u0161en\u00e9 vapery a ty, kte\u0159\u00ed p\u0159ech\u00e1zej\u00ed z tradi\u010dn\u00edho tab\u00e1ku. Vyberte si ide\u00e1ln\u00ed rovnov\u00e1hu a vychutnejte si konzistenci p\u0159i ka\u017ed\u00e9m \u0161luknut\u00ed.<\/p>\n<h3>Premium E-Liquid Flavor Collection<\/h3>\n<p>Pono\u0159te se do \u0159ady <strong>vzru\u0161uj\u00edc\u00ed chut\u011b<\/strong> vytvo\u0159en\u00e9 pro r\u016fzn\u00e9 palety. V ka\u017ed\u00e9 variant\u011b se m\u00eds\u00ed p\u0159\u00edrodn\u00ed esence s kreativn\u00edmi \u00fapravami, kter\u00e9 zaji\u0161\u0165uj\u00ed \u017eiv\u00e9 chu\u0165ov\u00e9 z\u00e1\u017eitky. Zde je kompletn\u00ed seznam p\u0159\u00edchut\u00ed e-liquid\u016f pro <strong>Bang 36000 M\u00edch\u00e1n\u00ed ledu<\/strong>:<\/p>\n<ul>\n<li>Jahodov\u00e1 zmrzlina<\/li>\n<li>Jahodov\u00e9 mango<\/li>\n<li>TRIPLE BERRY<\/li>\n<li>Jahodov\u00e1 BANANA<\/li>\n<li>Ananasov\u00fd kokos<\/li>\n<li>Bor\u016fvkov\u00fd led<\/li>\n<li>Jahodov\u00fd meloun<\/li>\n<li>Bor\u016fvka malina<\/li>\n<li>Red Bull<\/li>\n<li>LOVE66<\/li>\n<li>Jahodov\u00e9 mango<\/li>\n<li>Melounov\u00fd led<\/li>\n<\/ul>\n<p>S p\u0159\u00edchut\u011bmi od ovocn\u00fdch klasik, jako je nap\u0159. <strong>Melounov\u00fd led<\/strong> k odv\u00e1\u017en\u00fdm sm\u011bs\u00edm, jako je <strong>TRIPLE BERRY<\/strong> a dod\u00e1v\u00e1 energii <strong>Red Bull<\/strong>, ka\u017ed\u00fd si zde najde n\u011bco pro sebe. Vyzkou\u0161ejte vrstven\u00e9 t\u00f3ny, kter\u00e9 umoc\u0148uje nastaviteln\u00e1 \u00farove\u0148 ledu, a vytvo\u0159te tak multisenzorickou vape cestu.<\/p>\n<h3>Pro\u010d Bang 36000 Ice Blending vynik\u00e1<\/h3>\n<p>Pokud tou\u017e\u00edte <strong>ovl\u00e1d\u00e1n\u00ed<\/strong>, <strong>pohodl\u00ed<\/strong>a <strong>odr\u016fda<\/strong>, je toto za\u0159\u00edzen\u00ed va\u0161\u00edm dokonal\u00fdm spole\u010dn\u00edkem. Jeho p\u0159izp\u016fsobivost vynikne d\u00edky funkci nastaven\u00ed ledu, zat\u00edmco <strong>Kapacita 36000 obl\u00e1\u010dk\u016f<\/strong> a robustn\u00ed konstrukce z n\u011bj \u010din\u00ed dlouhodobou investici do pot\u011b\u0161en\u00ed. A\u0165 u\u017e tou\u017e\u00edte po mraziv\u00fdch pocitech nebo intenzivn\u00edch aromatech, tato vapka v\u00e1m je spolehliv\u011b poskytne, co\u017e z n\u00ed d\u011bl\u00e1 nejlep\u0161\u00ed volbu pro vapery po cel\u00e9m sv\u011bt\u011b.<\/p>\n<h3>\u010casto kladen\u00e9 ot\u00e1zky<\/h3>\n<p><strong>Jak dlouho vydr\u017e\u00ed baterie?<\/strong><br \/>Na str\u00e1nk\u00e1ch <strong>Baterie s kapacitou 850 mAh<\/strong> poskytuje v\u011bt\u0161in\u011b u\u017eivatel\u016f dostate\u010dn\u00fd v\u00fdkon pro celodenn\u00ed intenzivn\u00ed vaping. Doba dob\u00edjen\u00ed je d\u00edky p\u0159ipojen\u00ed typu C rychl\u00e1 a v pr\u016fm\u011bru trv\u00e1 m\u00e9n\u011b ne\u017e hodinu.<\/p>\n<p><strong>Mohu b\u011bhem pou\u017e\u00edv\u00e1n\u00ed upravovat hladinu ledu?<\/strong><br \/>Ano! Na <strong>\u00faprava ledu<\/strong> je intuitivn\u00ed a kdykoli p\u0159\u00edstupn\u00e1. Jednodu\u0161e stiskn\u011bte a podr\u017ete tla\u010d\u00edtko na za\u0159\u00edzen\u00ed a proch\u00e1zejte \u00farovn\u011bmi chlazen\u00ed, co\u017e umo\u017e\u0148uje p\u0159izp\u016fsoben\u00ed za chodu bez p\u0159eru\u0161en\u00ed vapov\u00e1n\u00ed.<\/p>\n<p><strong>Jakou hladinu nikotinu si m\u00e1m vybrat?<\/strong><br \/><strong>0% nikotin<\/strong> je ide\u00e1ln\u00ed, pokud chcete \u017eivou chu\u0165 bez n\u00e1vykov\u00fdch l\u00e1tek.<br \/><strong>2% nebo 3% nikotinu<\/strong> nab\u00edz\u00ed lehk\u00fd, uspokojiv\u00fd z\u00e1sah ide\u00e1ln\u00ed pro st\u0159edn\u011b n\u00e1ro\u010dn\u00e9 u\u017eivatele.<br \/><strong>5% nikotin<\/strong> poskytuje siln\u00fd n\u00e1raz do krku pro ty, kte\u0159\u00ed pot\u0159ebuj\u00ed siln\u011bj\u0161\u00ed n\u00e1raz, aby napodobili tradi\u010dn\u00ed kou\u0159en\u00ed.<\/p>\n<p><strong>Je toto za\u0159\u00edzen\u00ed vhodn\u00e9 pro za\u010d\u00e1te\u010dn\u00edky?<\/strong><br \/>Rozhodn\u011b. Jako p\u0159edpln\u011bn\u00e1 jednor\u00e1zov\u00e1 vape je p\u0159ipravena k pou\u017eit\u00ed s <strong>36 ml e-liquidu<\/strong>. \u017d\u00e1dn\u00e9 dopl\u0148ov\u00e1n\u00ed, m\u00edch\u00e1n\u00ed nebo slo\u017eit\u00e9 nastavov\u00e1n\u00ed - sta\u010d\u00ed jen vdechovat a vychutn\u00e1vat. D\u00edky ovl\u00e1d\u00e1n\u00ed jedn\u00edm tla\u010d\u00edtkem a p\u0159ehledn\u00e9mu indik\u00e1toru nabit\u00ed je vapov\u00e1n\u00ed pro nov\u00e1\u010dky snadn\u00e9 a p\u0159\u00edjemn\u00e9.<\/p>\n<p><strong>Kter\u00e1 p\u0159\u00edchu\u0165 je nejlep\u0161\u00ed?<\/strong><br \/>Chladic\u00ed ventil\u00e1tory adore <strong>Melounov\u00fd led<\/strong> nebo <strong>Jahodov\u00e1 zmrzlina<\/strong> pro jejich osv\u011b\u017euj\u00edc\u00ed profily. Pokud d\u00e1v\u00e1te p\u0159ednost odv\u00e1\u017en\u00fdm a bohat\u00fdm z\u00e1\u017eitk\u016fm, <strong>TRIPLE BERRY<\/strong> a <strong>LOVE66<\/strong> p\u0159in\u00e1\u0161\u00ed komplexn\u00ed, osv\u011b\u017euj\u00edc\u00ed chut\u011b. D\u00edky velk\u00e9mu mno\u017estv\u00ed mo\u017enost\u00ed st\u0159\u00eddejte p\u0159\u00edchut\u011b, abyste si zachovali vzru\u0161uj\u00edc\u00ed z\u00e1\u017eitek.<\/p>\n<h3>Z\u00e1v\u011bre\u010dn\u00fd verdikt<\/h3>\n<p>Na str\u00e1nk\u00e1ch <strong>Bang 36000 M\u00edch\u00e1n\u00ed ledu<\/strong> je navr\u017een tak, aby pozvedl \u00farove\u0148 va\u0161eho vapingu d\u00edky inovativn\u00edm funkc\u00edm a trval\u00e9 kvalit\u011b. Nen\u00ed to jen za\u0159\u00edzen\u00ed - je to vylep\u0161en\u00ed \u017eivotn\u00edho stylu, kter\u00e9 v sob\u011b spojuje styl, podstatu a chytrost. D\u00edky sv\u00e9mu <strong>nastaviteln\u00e1 hladina ledu<\/strong>, prodlou\u017eenou v\u00fddr\u017e\u00ed p\u0159i \u0161lukov\u00e1n\u00ed a v\u0161estrann\u00fdm v\u00fdb\u011brem nikotinu, vynik\u00e1 v ka\u017ed\u00e9 oblasti. Vyberte si z na\u0161\u00ed pestr\u00e9 nab\u00eddky p\u0159\u00edchut\u00ed je\u0161t\u011b dnes a odemkn\u011bte si pohodov\u011bj\u0161\u00ed, del\u0161\u00ed a osobn\u011bj\u0161\u00ed vapingov\u00e9 dobrodru\u017estv\u00ed.<\/p>","protected":false},"excerpt":{"rendered":"<p>Za\u017eijte dokonal\u00fd vaping s <strong>Bang 36000 Ice Blending Vape na jedno pou\u017eit\u00ed<\/strong>. Obsahuje <strong>nastaviteln\u00e1 hladina ledu<\/strong> pro p\u0159izp\u016fsoben\u00e9 chlazen\u00ed, <strong>36000 obl\u00e1\u010dk\u016f<\/strong> od 36 ml e-liquidu a volitelnou s\u00edlu nikotinu v rozsahu <strong>0%<\/strong>, <strong>2%<\/strong>, <strong>3%<\/strong>, nebo <strong>5%<\/strong>. Ide\u00e1ln\u00ed pro celodenn\u00ed bezprobl\u00e9mov\u00fd po\u017eitek s v\u00fdkonn\u00fdm <strong>Baterie s kapacitou 850 mAh<\/strong>.<\/p>","protected":false},"featured_media":1235,"comment_status":"open","ping_status":"closed","template":"","meta":[],"product_brand":[107],"product_cat":[1072,17],"product_tag":[221,220,219,112,222,223],"class_list":{"0":"post-1241","1":"product","2":"type-product","3":"status-publish","4":"has-post-thumbnail","6":"product_brand-bang","7":"product_cat-bang","8":"product_cat-uncategorized","9":"product_tag-36000-puffs","10":"product_tag-adjustable-ice-level","11":"product_tag-bang-36000-ice-blending","12":"product_tag-disposable-vape","13":"product_tag-e-liquid-flavors","14":"product_tag-nicotine-vape","16":"first","17":"instock","18":"sale","19":"shipping-taxable","20":"purchasable","21":"product-type-variable"},"jetpack_sharing_enabled":true,"tiered_pricing_type":"fixed","tiered_pricing_fixed_rules":[],"tiered_pricing_product_settings":{"layout":"default","base_unit_name":{"singular":null,"plural":null},"default_variation":null},"tiered_pricing_minimum_quantity":null,"tiered_pricing_roles_data":[],"tiered_pricing_percentage_rules":[],"tiered_pricing_maximum_quantity":null,"tiered_pricing_quantity_step":null,"_links":{"self":[{"href":"https:\/\/frvape.com\/cs\/wp-json\/wp\/v2\/product\/1241","targetHints":{"allow":["GET"]}}],"collection":[{"href":"https:\/\/frvape.com\/cs\/wp-json\/wp\/v2\/product"}],"about":[{"href":"https:\/\/frvape.com\/cs\/wp-json\/wp\/v2\/types\/product"}],"replies":[{"embeddable":true,"href":"https:\/\/frvape.com\/cs\/wp-json\/wp\/v2\/comments?post=1241"}],"wp:featuredmedia":[{"embeddable":true,"href":"https:\/\/frvape.com\/cs\/wp-json\/wp\/v2\/media\/1235"}],"wp:attachment":[{"href":"https:\/\/frvape.com\/cs\/wp-json\/wp\/v2\/media?parent=1241"}],"wp:term":[{"taxonomy":"product_brand","embeddable":true,"href":"https:\/\/frvape.com\/cs\/wp-json\/wp\/v2\/product_brand?post=1241"},{"taxonomy":"product_cat","embeddable":true,"href":"https:\/\/frvape.com\/cs\/wp-json\/wp\/v2\/product_cat?post=1241"},{"taxonomy":"product_tag","embeddable":true,"href":"https:\/\/frvape.com\/cs\/wp-json\/wp\/v2\/product_tag?post=1241"}],"curies":[{"name":"wp","href":"https:\/\/api.w.org\/{rel}","templated":true}]}}