{"id":1360,"date":"2025-10-12T01:08:41","date_gmt":"2025-10-12T01:08:41","guid":{"rendered":"https:\/\/frvape.com\/product\/elfbox-pulse-x-25000-disposable-vape-25k-puffs-rechargeable-design\/"},"modified":"2025-11-26T09:17:37","modified_gmt":"2025-11-26T09:17:37","slug":"elfbox-pulse-x-25000-jednorazovy-vape-25k-puffs-dobijeci-design","status":"publish","type":"product","link":"https:\/\/frvape.com\/cs\/product\/elfbox-pulse-x-25000-jednorazovy-vape-25k-puffs-dobijeci-design\/","title":{"rendered":"ElfBox Pulse-x 25000 jednor\u00e1zov\u00fdch vape | 25K Puffs | Dob\u00edjec\u00ed design"},"content":{"rendered":"<h3>P\u0159edstavujeme ElfBox Pulse-x 25000: Revolu\u010dn\u00ed z\u00e1\u017eitek z vapingu<\/h3>\n<p>Na str\u00e1nk\u00e1ch <strong>ElfBox Pulse-x 25000<\/strong> dob\u00edjec\u00ed jednor\u00e1zov\u00e9 vapovac\u00ed pero je navr\u017eeno tak, aby zm\u011bnilo va\u0161i cestu k vapov\u00e1n\u00ed d\u00edky sv\u00e9mu bezkonkuren\u010dn\u00edmu v\u00fdkonu, p\u016fsobiv\u00e9 \u017eivotnosti a inovativn\u00edm funkc\u00edm. Toto za\u0159\u00edzen\u00ed je ur\u010deno jak pro p\u0159\u00edle\u017eitostn\u00e9 u\u017eivatele, tak pro velkoobchodn\u00ed odb\u011bratele a m\u016f\u017ee se pochlubit ohromuj\u00edc\u00edmi <strong>25 000 obl\u00e1\u010dk\u016f<\/strong> kapacitu a <strong>dob\u00edjec\u00ed<\/strong> Funkce Type-C z n\u011bj \u010din\u00ed ekologickou a cenov\u011b v\u00fdhodnou volbu na trhu vapingu. D\u00edky sv\u00e9mu <strong>dvojit\u00e1 s\u00ed\u0165ov\u00e1 c\u00edvka<\/strong> technologie a v\u00edcen\u00e1sobn\u00e9 <strong>s\u00edla nikotinu<\/strong>, toto vape pero poskytuje konzistentn\u00ed, bohatou chu\u0165 od za\u010d\u00e1tku do konce, co\u017e je ide\u00e1ln\u00ed pro uspokojen\u00ed va\u0161ich chut\u00ed.<\/p>\n<h3>Pro\u010d si vybrat ElfBox Pulse-x 25000?<\/h3>\n<p>Zvolte si <strong>ElfBox Pulse-x<\/strong> kombinovat nejmodern\u011bj\u0161\u00ed technologie a u\u017eivatelsk\u00e9 pohodl\u00ed. Se sv\u00fdm <strong>dlouhotrvaj\u00edc\u00ed<\/strong> design a v\u0161estrann\u00e9 specifikace, je to vynikaj\u00edc\u00ed volba:<\/p>\n<p><strong>Prodlou\u017een\u00e1 \u017eivotnost vapingu:<\/strong> Zku\u0161enosti a\u017e do <strong>25 000 obl\u00e1\u010dk\u016f<\/strong> v b\u011b\u017en\u00e9m re\u017eimu, co\u017e v\u00e1m zajist\u00ed nep\u0159etr\u017eit\u00fd vaping bez nutnosti \u010dast\u00e9 v\u00fdm\u011bny. Na <strong>18ml e-liquidu<\/strong> kapacita maximalizuje vyu\u017eit\u00ed a sni\u017euje mno\u017estv\u00ed odpadu.<\/p>\n<p><strong>Pokro\u010dil\u00fd syst\u00e9m vyt\u00e1p\u011bn\u00ed:<\/strong> Navr\u017eeno s <strong>dvojit\u00e1 s\u00ed\u0165ov\u00e1 c\u00edvka<\/strong> nastaven\u00ed (<strong>0,8ohm+0,8ohm<\/strong>), za\u0159\u00edzen\u00ed poskytuje hladkou, hustou p\u00e1ru a zesiluje chu\u0165 p\u0159i ka\u017ed\u00e9m potahu. Ve spojen\u00ed s <strong>Nastaven\u00ed v\u00fdkonu AI<\/strong>, tato technologie se p\u0159izp\u016fsob\u00ed va\u0161im vapingov\u00fdm n\u00e1vyk\u016fm a zajist\u00ed optim\u00e1ln\u00ed v\u00fdkon.<\/p>\n<p><strong>Flexibiln\u00ed mo\u017enosti nikotinu:<\/strong> P\u0159izp\u016fsobte si vaping na m\u00edru pomoc\u00ed p\u0159esn\u00fdch <strong>nikotin<\/strong> volby - vyberte z <strong>0%, 2%, 3% a 5%<\/strong>. A\u0165 u\u017e d\u00e1v\u00e1te p\u0159ednost lehk\u00e9mu beznikotinov\u00e9mu z\u00e1\u017eitku, nebo siln\u011bj\u0161\u00edmu kopnut\u00ed. <strong>ElfBox Pulse-x<\/strong> vyhovuje v\u0161em preferenc\u00edm.<\/p>\n<p><strong>Chytr\u00e9 a ekologick\u00e9 funkce:<\/strong> Vybaveno <strong>3D zak\u0159iven\u00e1 obrazovka<\/strong> a <strong>VPU uvnit\u0159<\/strong> \u010didla, panel zobrazuje z\u00e1kladn\u00ed informace, zat\u00edmco <strong>dob\u00edjec\u00ed<\/strong> Baterie s kapacitou 750 mAh zaru\u010duje udr\u017eitelnost d\u00edky nab\u00edjen\u00ed typu C. <strong>Pulzn\u00ed nap\u00e1jen\u00ed<\/strong> a <strong>Super Boost<\/strong> re\u017eimy nab\u00edzej\u00ed p\u0159izp\u016fsobiteln\u00e9 vapov\u00e1n\u00ed, kter\u00e9 zvy\u0161uje objem p\u00e1ry podle pot\u0159eby.<\/p>\n<h3>Rozmanit\u00e1 \u0161k\u00e1la chut\u00ed k ochutn\u00e1n\u00ed<\/h3>\n<p>Dop\u0159ejte si na\u0161i rozs\u00e1hlou kolekci e-d\u017eus\u016f, pe\u010dliv\u011b vytvo\u0159enou tak, aby pot\u011b\u0161ila va\u0161e chu\u0165ov\u00e9 poh\u00e1rky. Ka\u017ed\u00e1 <strong>ElfBox Pulse-x<\/strong> p\u0159in\u00e1\u0161\u00ed bohatou a konzistentn\u00ed chu\u0165 dopln\u011bnou ledov\u00fdm podt\u00f3nem nebo ovocnou sv\u011b\u017eest\u00ed:<\/p>\n<p><strong>Jahodov\u00e1 zmrzlina<\/strong><br \/><strong>Sv\u011b\u017e\u00ed led<\/strong><br \/><strong>Jahodov\u00fd meloun<\/strong><br \/><strong>T\u0159e\u0161\u0148ov\u00e1 limon\u00e1da<\/strong><br \/><strong>Jahodov\u00fd ban\u00e1n<\/strong><br \/><strong>Blue Razz Ice<\/strong><br \/><strong>Kiwi a mu\u010denka<\/strong><br \/><strong>Hroznov\u00fd led<\/strong><br \/><strong>Red Bull<\/strong><br \/><strong>Broskvov\u00fd led<\/strong><\/p>\n<p>S <strong>10 r\u016fzn\u00fdch p\u0159\u00edchut\u00ed<\/strong>, m\u016f\u017eete st\u0159\u00eddat osv\u011b\u017euj\u00edc\u00ed chladiv\u00e9 n\u00e1poje a exotick\u00e9 ovocn\u00e9 sm\u011bsi a za\u017e\u00edt tak individu\u00e1ln\u00ed dobrodru\u017estv\u00ed.<\/p>\n<h3>Podrobn\u00e9 specifikace produktu<\/h3>\n<p>Na str\u00e1nk\u00e1ch <strong>ElfBox Pulse-x 25000<\/strong> up\u0159ednost\u0148uje robustn\u00ed kvalitu proveden\u00ed a technickou dokonalost. Pod\u00edvejte se, pro\u010d jsou jeho specifikace \u0161pi\u010dkou v oboru:<\/p>\n<p><strong>Kapacita nad\u00fdchan\u00e9ho vzduchu<\/strong>: B\u011b\u017en\u00fd re\u017eim (25 000 vdech\u016f), pulzn\u00ed re\u017eim (15 000 vdech\u016f)<br \/><strong>Nastaven\u00ed c\u00edvky<\/strong>: <strong>Dvojit\u00e1 s\u00ed\u0165ov\u00e1 c\u00edvka<\/strong>, konfigurace 0,8ohm+0,8ohm<br \/><strong>Objem e-kapaliny<\/strong>: Velkorys\u00fd objem 18 ml<br \/><strong>Siln\u00e9 str\u00e1nky nikotinu<\/strong>: Mo\u017enosti na <strong>0%, 2%, 3%, 5%<\/strong><br \/><strong>Baterie<\/strong>: V\u00fdkonn\u00fd 750mAh <strong>dob\u00edjec\u00ed<\/strong> baterie (odhadovan\u00fd ekvivalent 13500 mAh), nab\u00edjec\u00ed rozhran\u00ed typu C<br \/><strong>Zobrazit<\/strong>: Inovativn\u00ed <strong>3D zak\u0159iven\u00e1 obrazovka<\/strong> pro monitorov\u00e1n\u00ed v re\u00e1ln\u00e9m \u010dase<br \/><strong>Technick\u00e9 funkce<\/strong>: Zahrnuje <strong>Nastaven\u00ed v\u00fdkonu AI<\/strong>, <strong>Pulzn\u00ed nap\u00e1jen\u00ed<\/strong>, <strong>Super Boost<\/strong>a VPU Inside pro lep\u0161\u00ed ovl\u00e1d\u00e1n\u00ed<br \/><strong>Rozm\u011bry a hmotnost<\/strong>: Kompaktn\u00ed rozm\u011bry 91,5*56,5*28,5 mm a n\u00edzk\u00e1 hmotnost 100 g na jednotku.<br \/><strong>Podrobnosti o balen\u00ed<\/strong>: Jednotliv\u00e1 za\u0159\u00edzen\u00ed jsou v hlavn\u00edch krabic\u00edch (5 ks v krabici); mno\u017estv\u00ed v kartonu 100 ks v kartonu, rozm\u011bry kartonu 375*370*226 mm, hrub\u00e1 hmotnost 12,55 kg.<\/p>\n<h3>Ide\u00e1ln\u00ed pro vapery a velkoobchodn\u00ed odb\u011bratele<\/h3>\n<p>Se sv\u00fdm <strong>vysok\u00fd po\u010det obl\u00e1\u010dk\u016f<\/strong> a <strong>dob\u00edjec\u00ed<\/strong> funkce,... <strong>ElfBox Pulse-x<\/strong> minimalizuje n\u00e1klady na v\u00fdm\u011bnu a dopad na \u017eivotn\u00ed prost\u0159ed\u00ed, tak\u017ee je ide\u00e1ln\u00ed pro osobn\u00ed pou\u017eit\u00ed nebo hromadn\u00e9 objedn\u00e1vky. Jeho <strong>dvojit\u00e1 s\u00ed\u0165ov\u00e1 c\u00edvka<\/strong> zaji\u0161\u0165uje konzistentn\u00ed uvol\u0148ov\u00e1n\u00ed chuti, zat\u00edmco <strong>flexibilita nikotinu<\/strong> vyhovuje r\u016fzn\u00fdm po\u017eadavk\u016fm u\u017eivatel\u016f. Investujte do tohoto pr\u00e9miov\u00e9ho vape pera je\u0161t\u011b dnes - a\u0165 u\u017e pro osobn\u00ed pot\u011b\u0161en\u00ed, nebo pro maloobchodn\u00ed prodej, slibuje vynikaj\u00edc\u00ed uspokojen\u00ed podpo\u0159en\u00e9 \u0161pi\u010dkovou technologi\u00ed.<\/p>","protected":false},"excerpt":{"rendered":"<p>Z\u00edskejte <strong>ElfBox Pulse-x 25000<\/strong> dob\u00edjec\u00ed jednor\u00e1zov\u00e9 vape pero, kter\u00e9 poskytuje a\u017e <strong>25 000 obl\u00e1\u010dk\u016f<\/strong> na za\u0159\u00edzen\u00ed s <strong>dvojit\u00e1 s\u00ed\u0165ov\u00e1 c\u00edvka<\/strong> technologie. K dispozici v <strong>0%\/2%\/3%\/5% nicotine<\/strong> s\u00edly a rozmanit\u00e9 chut\u011b.<\/p>","protected":false},"featured_media":1354,"comment_status":"open","ping_status":"closed","template":"","meta":[],"product_brand":[206],"product_cat":[207],"product_tag":[245,246,112,244,243,115],"class_list":{"0":"post-1360","1":"product","2":"type-product","3":"status-publish","4":"has-post-thumbnail","6":"product_brand-elfbox","7":"product_cat-elfbox-vape","8":"product_tag-25k-puffs","9":"product_tag-adjustable-nicotine","10":"product_tag-disposable-vape","11":"product_tag-dual-mesh-coil","12":"product_tag-elfbox-pulse-x-25000","13":"product_tag-rechargeable-vape","15":"first","16":"instock","17":"sale","18":"shipping-taxable","19":"purchasable","20":"product-type-variable"},"jetpack_sharing_enabled":true,"tiered_pricing_type":"fixed","tiered_pricing_fixed_rules":[],"tiered_pricing_product_settings":{"layout":"default","base_unit_name":{"singular":null,"plural":null},"default_variation":null},"tiered_pricing_minimum_quantity":null,"tiered_pricing_roles_data":[],"tiered_pricing_percentage_rules":[],"tiered_pricing_maximum_quantity":null,"tiered_pricing_quantity_step":null,"_links":{"self":[{"href":"https:\/\/frvape.com\/cs\/wp-json\/wp\/v2\/product\/1360","targetHints":{"allow":["GET"]}}],"collection":[{"href":"https:\/\/frvape.com\/cs\/wp-json\/wp\/v2\/product"}],"about":[{"href":"https:\/\/frvape.com\/cs\/wp-json\/wp\/v2\/types\/product"}],"replies":[{"embeddable":true,"href":"https:\/\/frvape.com\/cs\/wp-json\/wp\/v2\/comments?post=1360"}],"wp:featuredmedia":[{"embeddable":true,"href":"https:\/\/frvape.com\/cs\/wp-json\/wp\/v2\/media\/1354"}],"wp:attachment":[{"href":"https:\/\/frvape.com\/cs\/wp-json\/wp\/v2\/media?parent=1360"}],"wp:term":[{"taxonomy":"product_brand","embeddable":true,"href":"https:\/\/frvape.com\/cs\/wp-json\/wp\/v2\/product_brand?post=1360"},{"taxonomy":"product_cat","embeddable":true,"href":"https:\/\/frvape.com\/cs\/wp-json\/wp\/v2\/product_cat?post=1360"},{"taxonomy":"product_tag","embeddable":true,"href":"https:\/\/frvape.com\/cs\/wp-json\/wp\/v2\/product_tag?post=1360"}],"curies":[{"name":"wp","href":"https:\/\/api.w.org\/{rel}","templated":true}]}}