{"id":14603,"date":"2025-11-19T03:12:15","date_gmt":"2025-11-19T03:12:15","guid":{"rendered":"https:\/\/frvape.com\/product\/vapsolo-honor-20000-disposable-vape-20k-puffs-rechargeable-mesh-coil-e-cigarette\/"},"modified":"2025-12-16T08:29:47","modified_gmt":"2025-12-16T08:29:47","slug":"vapsolo-honor-20000-jednorazove-vape-20k-puffs-dobijeci-sitova-civka-e-cigaretou","status":"publish","type":"product","link":"https:\/\/frvape.com\/cs\/product\/vapsolo-honor-20000-jednorazove-vape-20k-puffs-dobijeci-sitova-civka-e-cigaretou\/","title":{"rendered":"Vapsolo Honor 20000 jednor\u00e1zov\u00fd Vape - 20K Puffs, dob\u00edjec\u00ed Mesh Coil E-Cigarette"},"content":{"rendered":"<p>P\u0159edstaven\u00ed <strong>Vapsolo Honor 20000<\/strong> jednor\u00e1zov\u00e9 \u0161luk\u00e1tko ur\u010den\u00e9 pro vapery, kte\u0159\u00ed vy\u017eaduj\u00ed dlouhou \u017eivotnost, v\u00fdjime\u010dnou chu\u0165 a bezkonkuren\u010dn\u00ed pohodl\u00ed. Tento vysoce v\u00fdkonn\u00fd <strong>elektronick\u00e1 cigareta<\/strong> nab\u00edz\u00ed neuv\u011b\u0159itelnou <strong>20 000 vdech\u016f<\/strong>, co\u017e zaji\u0161\u0165uje del\u0161\u00ed vapov\u00e1n\u00ed bez kompromis\u016f. A\u0165 u\u017e jste za\u010d\u00e1te\u010dn\u00edk nebo zku\u0161en\u00fd nad\u0161enec, jeho <strong>pokro\u010dil\u00e9 funkce<\/strong> v\u017edy zajist\u00ed hladk\u00fd a uspokojiv\u00fd z\u00e1\u017eitek.<\/p>\n<h3>Pokro\u010dil\u00e1 technologie vapingu<\/h3>\n<p>Na str\u00e1nk\u00e1ch <strong>Vapsolo Honor 20000<\/strong> vynik\u00e1 svou <strong>4stup\u0148ov\u00e9 nastaviteln\u00e9 proud\u011bn\u00ed vzduchu<\/strong>, co\u017e v\u00e1m umo\u017en\u00ed p\u0159izp\u016fsobit si \u0161lukov\u00e1n\u00ed od t\u011bsn\u00e9ho, chu\u0165ov\u011b zam\u011b\u0159en\u00e9ho po vzdu\u0161n\u00e9, chytlav\u00e9 \u0161luky.<br \/>\nJeho <strong>C\u00edvka s oky 1,0\u03a9<\/strong> trvale poskytuje hustou p\u00e1ru a intenzivn\u00ed chu\u0165 p\u0159i v\u0161ech sezen\u00edch.<br \/>\nNikdy se v\u00e1m nestane, \u017ee by v\u00e1m ne\u010dekan\u011b do\u0161la \u0161\u0165\u00e1va - vestav\u011bn\u00fd displej e-liquidu a nap\u00e1jen\u00ed v\u00e1s informuje o stavu baterie.<br \/>\nNa str\u00e1nk\u00e1ch <strong>dob\u00edjec\u00ed baterie s kapacitou 650 mAh<\/strong> podporuje rychl\u00e9 nab\u00edjen\u00ed p\u0159es USB typu C, \u010d\u00edm\u017e minimalizuje prostoje a maximalizuje pohodl\u00ed.<\/p>\n<h3>Kl\u00ed\u010dov\u00e9 specifikace<\/h3>\n<p>Proud\u011bn\u00ed vzduchu: Nastaviteln\u00fd ve 4 \u00farovn\u00edch<br \/>\nZobrazen\u00ed: Indik\u00e1tory e-liquidu a nap\u00e1jen\u00ed<br \/>\nKapacita baterie: 650 mAh<br \/>\nTyp c\u00edvky: C\u00edvka Mesh<br \/>\nOdpor c\u00edvky: 1,0\u03a9<br \/>\nNab\u00edjec\u00ed port: Type-C<br \/>\nHmotnost za\u0159\u00edzen\u00ed: 110 g<br \/>\nBalen\u00ed: 200 ks v kartonu; 10 karton\u016f v krabici; Rozm\u011bry kartonu: Hmotnost: 22 kg.<\/p>\n<h3>Rozmanitost p\u0159\u00edchut\u00ed<\/h3>\n<p>Vapsolo Honor 20000 nab\u00edz\u00ed pestrou \u0161k\u00e1lu p\u0159\u00edchut\u00ed e-liquid\u016f, kter\u00e9 pot\u011b\u0161\u00ed va\u0161e chu\u0165ov\u00e9 poh\u00e1rky, v\u010detn\u011b:<br \/>\n<strong>Jahodov\u00fd meloun Bubblegum<\/strong><br \/>\n<strong>Jahodov\u00e9 kiwi<\/strong><br \/>\n<strong>Melounov\u00fd led<\/strong><br \/>\n<strong>Citronov\u00e1 broskev<\/strong><br \/>\n<strong>Cherry Berry<\/strong><br \/>\n<strong>Cool Mint<\/strong><br \/>\n<strong>Jahodov\u00fd ban\u00e1n<\/strong><br \/>\n<strong>Jahodov\u00fd meloun<\/strong><br \/>\n<strong>Bor\u016fvka malina citron<\/strong><br \/>\n<strong>Aloe Grape<\/strong><br \/>\n<strong>Jahodov\u00e1 zmrzlina<\/strong><br \/>\n<strong>Sm\u00ed\u0161en\u00e9 bobule<\/strong><br \/>\n<strong>Kiwi Mu\u010denka Ovoce Guava<\/strong><br \/>\n<strong>Lemon Lime<\/strong><br \/>\n<strong>Cherry Cola Ice<\/strong><br \/>\nKa\u017ed\u00e1 p\u0159\u00edchu\u0165 je vytvo\u0159ena pro osv\u011b\u017euj\u00edc\u00ed a hladk\u00fd vaping.<\/p>\n<h3>Pro\u010d vynik\u00e1<\/h3>\n<p>Pro <strong>vapers<\/strong> hled\u00e1n\u00ed pr\u00e9miov\u00e9 jednor\u00e1zov\u00e9 <strong>Vapsolo Honor 20000<\/strong> vynik\u00e1 kombinac\u00ed <strong>spolehlivost<\/strong>, <strong>dlouhov\u011bkost<\/strong>a v\u0161estrann\u00e9 mo\u017enosti ochucen\u00ed.<br \/>\nJe kompaktn\u00ed a lehk\u00e1, v\u00e1\u017e\u00ed 110 g, tak\u017ee se snadno p\u0159en\u00e1\u0161\u00ed, a jej\u00ed dob\u00edjec\u00ed konstrukce sni\u017euje dopad na \u017eivotn\u00ed prost\u0159ed\u00ed.<br \/>\nTato elektronick\u00e1 cigareta je ide\u00e1ln\u00ed pro ka\u017edodenn\u00ed osobn\u00ed pou\u017eit\u00ed nebo velkoobchodn\u00ed distribuci a zaji\u0161\u0165uje st\u00e1lou spokojenost a hodnotu.<\/p>","protected":false},"excerpt":{"rendered":"<p>Objevte <strong>Vapsolo Honor 20000<\/strong> jednor\u00e1zov\u00e1 elektronick\u00e1 cigareta, kter\u00e1 obsahuje a\u017e <strong>20 000 vdech\u016f<\/strong> pro dlouhotrvaj\u00edc\u00ed vaping.<br \/>\nS <strong>C\u00edvka s oky 1,0\u03a9<\/strong> a <strong>4stup\u0148ov\u00e9 nastaviteln\u00e9 proud\u011bn\u00ed vzduchu<\/strong>, poskytuje bohatou p\u00e1ru a p\u0159izp\u016fsobiteln\u00e9 potahov\u00e1n\u00ed.<br \/>\nNap\u00e1jen\u00ed pomoc\u00ed <strong>dob\u00edjec\u00ed baterie<\/strong> s rychl\u00fdm nab\u00edjen\u00edm typu C je ide\u00e1ln\u00ed pro spolehliv\u00e9 pou\u017e\u00edv\u00e1n\u00ed na cest\u00e1ch.<\/p>","protected":false},"featured_media":14597,"comment_status":"open","ping_status":"closed","template":"","meta":[],"product_brand":[408],"product_cat":[863],"product_tag":[1041,112,1042,492,229,1040],"class_list":{"0":"post-14603","1":"product","2":"type-product","3":"status-publish","4":"has-post-thumbnail","6":"product_brand-vapsolo","7":"product_cat-vapsolo","8":"product_tag-adjustable-airflow-vaporizer","9":"product_tag-disposable-vape","10":"product_tag-high-puff-count-vape","11":"product_tag-mesh-coil-electronic-cigarette","12":"product_tag-rechargeable-electronic-cigarette","13":"product_tag-vapsolo-honor-20000","15":"first","16":"instock","17":"sale","18":"shipping-taxable","19":"purchasable","20":"product-type-variable"},"jetpack_sharing_enabled":true,"tiered_pricing_type":"fixed","tiered_pricing_fixed_rules":[],"tiered_pricing_product_settings":{"layout":"default","base_unit_name":{"singular":null,"plural":null},"default_variation":null},"tiered_pricing_minimum_quantity":null,"tiered_pricing_roles_data":[],"tiered_pricing_percentage_rules":[],"tiered_pricing_maximum_quantity":null,"tiered_pricing_quantity_step":null,"_links":{"self":[{"href":"https:\/\/frvape.com\/cs\/wp-json\/wp\/v2\/product\/14603","targetHints":{"allow":["GET"]}}],"collection":[{"href":"https:\/\/frvape.com\/cs\/wp-json\/wp\/v2\/product"}],"about":[{"href":"https:\/\/frvape.com\/cs\/wp-json\/wp\/v2\/types\/product"}],"replies":[{"embeddable":true,"href":"https:\/\/frvape.com\/cs\/wp-json\/wp\/v2\/comments?post=14603"}],"wp:featuredmedia":[{"embeddable":true,"href":"https:\/\/frvape.com\/cs\/wp-json\/wp\/v2\/media\/14597"}],"wp:attachment":[{"href":"https:\/\/frvape.com\/cs\/wp-json\/wp\/v2\/media?parent=14603"}],"wp:term":[{"taxonomy":"product_brand","embeddable":true,"href":"https:\/\/frvape.com\/cs\/wp-json\/wp\/v2\/product_brand?post=14603"},{"taxonomy":"product_cat","embeddable":true,"href":"https:\/\/frvape.com\/cs\/wp-json\/wp\/v2\/product_cat?post=14603"},{"taxonomy":"product_tag","embeddable":true,"href":"https:\/\/frvape.com\/cs\/wp-json\/wp\/v2\/product_tag?post=14603"}],"curies":[{"name":"wp","href":"https:\/\/api.w.org\/{rel}","templated":true}]}}