{"id":1499,"date":"2025-10-12T01:28:38","date_gmt":"2025-10-12T01:28:38","guid":{"rendered":"https:\/\/frvape.com\/product\/aivono-aim-magic-15000-puffs-rechargeable-disposable-vape-with-multiple-flavors\/"},"modified":"2025-12-16T09:46:54","modified_gmt":"2025-12-16T09:46:54","slug":"aivono-aim-magic-15000-puffs-dobijeci-jednorazova-vape-s-vice-prichutemi","status":"publish","type":"product","link":"https:\/\/frvape.com\/cs\/product\/aivono-aim-magic-15000-puffs-dobijeci-jednorazova-vape-s-vice-prichutemi\/","title":{"rendered":"Aivono Aim Magic 15000 Puffs Nab\u00edjec\u00ed jednor\u00e1zov\u00e1 vape s v\u00edce p\u0159\u00edchut\u011bmi"},"content":{"rendered":"<h3>V\u00edtejte v budoucnosti jednor\u00e1zov\u00e9ho vapingu<\/h3>\n<p>Na str\u00e1nk\u00e1ch <strong>Aivono Aim Magic 15000<\/strong> p\u0159in\u00e1\u0161\u00ed revoluci ve vapingu d\u00edky sv\u00e9mu v\u00fdjime\u010dn\u00e9mu v\u00fdkonu a designu zam\u011b\u0159en\u00e9mu na u\u017eivatele. Je ide\u00e1ln\u00ed pro za\u010d\u00e1te\u010dn\u00edky i zku\u0161en\u00e9 u\u017eivatele. <strong>jednor\u00e1zov\u00e9 vape<\/strong> kombinuje odolnost s pohodl\u00edm a nab\u00edz\u00ed prodlou\u017eenou \u017eivotnost a\u017e 15 000 potah\u016f pro nep\u0159etr\u017eit\u00fd po\u017eitek. Je navr\u017een s elegantn\u00edm profilem o rozm\u011brech pouh\u00fdch 43*102 mm a hmotnost\u00ed pouh\u00fdch 86 g, je p\u0159enosn\u00fd a dokonale se hod\u00ed do ka\u017ed\u00e9ho \u017eivotn\u00edho stylu. Je podpo\u0159en pokro\u010dilou technologi\u00ed a podporuje <strong>OEM\/ODM<\/strong> p\u0159\u00edle\u017eitosti, kter\u00e9 podnik\u016fm umo\u017e\u0148uj\u00ed p\u0159izp\u016fsobit zna\u010dku tak, aby byla na trhu jedine\u010dn\u00e1.<\/p>\n<h3>V\u00fdjime\u010dn\u00e9 v\u00fdkonnostn\u00ed schopnosti<\/h3>\n<p>Srdcem modelu Aim Magic 15000 je v\u00fdkonn\u00e1 \u010dist\u011b kobaltov\u00e1 baterie 13350 s kapacitou. <strong>Kapacita 600 mAh<\/strong>, co\u017e zaji\u0161\u0165uje konzistentn\u00ed v\u00fdstup v pr\u016fb\u011bhu \u010dasu. Tento <strong>dob\u00edjec\u00ed baterie<\/strong> lze snadno doplnit prost\u0159ednictv\u00edm <strong>Rozhran\u00ed Type-C<\/strong>, kter\u00e1 zaji\u0161\u0165uje rychl\u00e9 a efektivn\u00ed nab\u00edjen\u00ed, abyste mohli vapovat kdekoli. Inovativn\u00ed <strong>du\u00e1ln\u00ed s\u00ed\u0165ov\u00e9 j\u00e1dro<\/strong> topn\u00fd syst\u00e9m s <strong>Odpor 1,0\u03a9<\/strong>, poskytuje plynulou, silnou produkci p\u00e1ry z velkorys\u00e9ho <strong>24ml e-liquid tank<\/strong>. Vyberte si preferovan\u00fd <strong>s\u00edla nikotinu<\/strong>-0%, 2%, 3% nebo 5% - p\u0159izp\u016fsobte si z\u00e1\u017eitek ke sv\u00e9 spokojenosti, a\u0165 u\u017e hled\u00e1te intenzivn\u00ed \u0161luky nebo pot\u011b\u0161en\u00ed bez nikotinu.<\/p>\n<h3>Rozs\u00e1hl\u00e9 mo\u017enosti p\u0159\u00edchut\u00ed<\/h3>\n<p>K\u00e1vovar Aivono Aim Magic 15000 z\u00e1\u0159\u00ed rozmanitost\u00ed chut\u00ed, proto\u017ee nab\u00edz\u00ed 16 pr\u00e9miov\u00fdch mo\u017enost\u00ed pro ka\u017edou chu\u0165. Ka\u017ed\u00e1 p\u0159\u00edchu\u0165 vyu\u017e\u00edv\u00e1 vysoce kvalitn\u00ed ingredience, kter\u00e9 zaji\u0161\u0165uj\u00ed sv\u011b\u017e\u00ed a uspokojivou chu\u0165 s mo\u017enostmi od ledov\u00e9 a pikantn\u00ed a\u017e po sladkou a ovocnou. Prozkoumejte celou \u0159adu:<\/p>\n<ul>\n<li><strong>Ananasov\u00fd kokosov\u00fd led<\/strong><\/li>\n<li><strong>Jahodov\u00e1 zmrzlina<\/strong><\/li>\n<li><strong>Blue Razz Ice<\/strong><\/li>\n<li><strong>\u017dv\u00fdka\u010dka Lush Bubble Gum<\/strong><\/li>\n<li><strong>Melounov\u00fd led<\/strong><\/li>\n<li><strong>Cool Mint<\/strong><\/li>\n<li><strong>AIM MAGIC : Peach Ice<\/strong><\/li>\n<li><strong>Bor\u016fvkov\u00fd led<\/strong><\/li>\n<li><strong>Hroznov\u00fd led<\/strong><\/li>\n<li><strong>Ananasov\u00e9 mango<\/strong><\/li>\n<li><strong>R\u016f\u017eov\u00e1 limon\u00e1da<\/strong><\/li>\n<li><strong>Melounov\u00e1 \u017ev\u00fdka\u010dka<\/strong><\/li>\n<li><strong>Jahodov\u00fd meloun<\/strong><\/li>\n<li><strong>Jahodov\u00e1 zmrzlina Kiwi<\/strong><\/li>\n<li><strong>Sm\u00ed\u0161en\u00e9 bobule<\/strong><\/li>\n<\/ul>\n<p>Tato \u0161irok\u00e1 nab\u00eddka v\u00e1m zaru\u010d\u00ed, \u017ee si najdete tu pravou a s ka\u017ed\u00fdm pot\u00e1hnut\u00edm zlep\u0161\u00edte sv\u00e9 vapov\u00e1n\u00ed.<\/p>\n<h3>Pokro\u010dil\u00e9 u\u017eivatelsk\u00e9 funkce a p\u0159izp\u016fsoben\u00ed<\/h3>\n<p>Toto za\u0159\u00edzen\u00ed vynik\u00e1 chytr\u00fdmi a intuitivn\u00edmi funkcemi, kter\u00e9 zvy\u0161uj\u00ed \u00farove\u0148 va\u0161eho vapov\u00e1n\u00ed. Nap\u0159\u00edklad vestav\u011bn\u00fd <strong>displej e-liquid<\/strong> umo\u017e\u0148uje sledovat hladinu \u0161\u0165\u00e1vy v re\u00e1ln\u00e9m \u010dase, \u010d\u00edm\u017e zabra\u0148uje such\u00fdm \u0161luk\u016fm. Mezit\u00edm <strong>zobrazen\u00ed stavu nabit\u00ed baterie<\/strong> v\u00e1s informuje o stavu nap\u00e1jen\u00ed pro optim\u00e1ln\u00ed pl\u00e1nov\u00e1n\u00ed. Programovateln\u00fd <strong>osv\u011btlen\u00e9 logo<\/strong> dod\u00e1v\u00e1 osobn\u00ed n\u00e1dech - ten lze p\u0159izp\u016fsobit b\u011bhem <strong>OEM\/ODM<\/strong> slu\u017eby, ide\u00e1ln\u00ed pro budov\u00e1n\u00ed firemn\u00ed zna\u010dky. Krom\u011b toho <strong>du\u00e1ln\u00ed s\u00ed\u0165ov\u00fd p\u0159ep\u00edna\u010d<\/strong> umo\u017e\u0148uje bezprobl\u00e9mov\u00e9 ovl\u00e1d\u00e1n\u00ed intenzity v\u00fdpar\u016f, zat\u00edmco pohodln\u00e1 funkce <strong>vrchn\u00ed n\u00e1pl\u0148<\/strong> Syst\u00e9m usnad\u0148uje dopl\u0148ov\u00e1n\u00ed olej\u016f bez nepo\u0159\u00e1dku. V\u0161imn\u011bte si, \u017ee jednotky mohou b\u00fdt dod\u00e1v\u00e1ny nenapln\u011bn\u00e9, co\u017e umo\u017e\u0148uje z\u00e1kazn\u00edk\u016fm, aby si je sami naplnili a sn\u00ed\u017eili tak n\u00e1klady na p\u0159epravu a p\u0159izp\u016fsoben\u00ed.<\/p>\n<h3>Komplexn\u00ed specifikace pro bezprobl\u00e9movou integraci<\/h3>\n<p>Aivono Aim Magic 15000 je precizn\u011b navr\u017een a spl\u0148uje p\u0159\u00edsn\u00e1 krit\u00e9ria kvality. Mezi hlavn\u00ed specifikace pat\u0159\u00ed kompaktn\u00ed rozm\u011bry 43*102 mm a \u010dist\u00e1 hmotnost 86 g, kter\u00e9 zaji\u0161\u0165uj\u00ed snadnou p\u0159enosnost. Pro distribuci se pou\u017e\u00edvaj\u00ed jednotliv\u00e1 balen\u00ed o rozm\u011brech 6 cm*5 cm*10 cm s celkovou hmotnost\u00ed 0,086 kg, zat\u00edmco mo\u017enosti hromadn\u00e9 p\u0159epravy pojmou 200 jednotek ve velk\u00e9 krabici (rozm\u011bry: 113*103*155 mm, hmotnost: 18 kg) s pou\u017eit\u00edm mal\u00fdch krabic jako vnit\u0159n\u00edch balen\u00ed (55*100*30 mm). Toto optimalizovan\u00e9 balen\u00ed podporuje efektivn\u00ed <strong>OEM\/ODM<\/strong> operace na glob\u00e1ln\u00edch trz\u00edch. Funkce za\u0159\u00edzen\u00ed \"v\u0161e v jednom\" minimalizuje \u00fadr\u017ebu a odoln\u00e9 komponenty zaji\u0161\u0165uj\u00ed spolehliv\u00fd v\u00fdkon relaci za relac\u00ed.<\/p>\n<h3>Pro\u010d si vybrat Aim Magic 15000?<\/h3>\n<p>D\u00edky kombinaci inovac\u00ed, v\u0161estrannosti a \u0161etrnosti k \u017eivotn\u00edmu prost\u0159ed\u00ed - d\u00edky technologii <strong>dob\u00edjec\u00ed baterie<\/strong> a voliteln\u00e1 doprava bez n\u00e1pln\u011b - Aivono Aim Magic 15000 je \u0161pi\u010dkou ve sv\u00e9 t\u0159\u00edd\u011b. Sv\u00fdmi rozs\u00e1hl\u00fdmi mo\u017enostmi uspokoj\u00ed nejr\u016fzn\u011bj\u0161\u00ed preference. <strong>s\u00edla nikotinu<\/strong> a chu\u0165ov\u00e9 mo\u017enosti, d\u00edky \u010demu\u017e vynik\u00e1 v kategorii jednor\u00e1zov\u00fdch vape za\u0159\u00edzen\u00ed. A\u0165 u\u017e jej distribuujete pod vlastn\u00ed zna\u010dkou, nebo si jej u\u017e\u00edv\u00e1te osobn\u011b, toto za\u0159\u00edzen\u00ed slibuje konzistentn\u00ed spokojenost podpo\u0159enou promy\u0161lenou konstrukc\u00ed. Vyzkou\u0161ejte jej je\u0161t\u011b dnes a objevte pr\u00e9miov\u00fd z\u00e1\u017eitek z vapov\u00e1n\u00ed, kv\u016fli kter\u00e9mu si u\u017eivatel\u00e9 pochvaluj\u00ed kvalitu.<\/p>","protected":false},"excerpt":{"rendered":"<p>Vyzkou\u0161ejte velkokapacitn\u00ed <strong>Aivono Aim Magic 15000<\/strong> s a\u017e <strong>15 000 vdech\u016f<\/strong> a <strong>24 ml<\/strong> e-liquid. Obsahuje <strong>dob\u00edjec\u00ed baterie<\/strong> a p\u0159izp\u016fsobiteln\u00e9 <strong>s\u00edla nikotinu<\/strong> (0% a\u017e 5%).<br \/>K dispozici je 16 osv\u011b\u017euj\u00edc\u00edch p\u0159\u00edchut\u00ed pro individu\u00e1ln\u00ed vaping.<\/p>","protected":false},"featured_media":1493,"comment_status":"open","ping_status":"closed","template":"","meta":[],"product_brand":[165],"product_cat":[951],"product_tag":[255,254,223,256,75,155],"class_list":{"0":"post-1499","1":"product","2":"type-product","3":"status-publish","4":"has-post-thumbnail","6":"product_brand-aivono","7":"product_cat-aivono","8":"product_tag-15000-puffs-vape","9":"product_tag-aivono-aim-magic","10":"product_tag-nicotine-vape","11":"product_tag-oem-vape","12":"product_tag-rechargeable-disposable-vape","13":"product_tag-vape-flavors","15":"first","16":"instock","17":"sale","18":"shipping-taxable","19":"purchasable","20":"product-type-variable"},"jetpack_sharing_enabled":true,"tiered_pricing_type":"fixed","tiered_pricing_fixed_rules":[],"tiered_pricing_product_settings":{"layout":"default","base_unit_name":{"singular":null,"plural":null},"default_variation":null},"tiered_pricing_minimum_quantity":null,"tiered_pricing_roles_data":[],"tiered_pricing_percentage_rules":[],"tiered_pricing_maximum_quantity":null,"tiered_pricing_quantity_step":null,"_links":{"self":[{"href":"https:\/\/frvape.com\/cs\/wp-json\/wp\/v2\/product\/1499","targetHints":{"allow":["GET"]}}],"collection":[{"href":"https:\/\/frvape.com\/cs\/wp-json\/wp\/v2\/product"}],"about":[{"href":"https:\/\/frvape.com\/cs\/wp-json\/wp\/v2\/types\/product"}],"replies":[{"embeddable":true,"href":"https:\/\/frvape.com\/cs\/wp-json\/wp\/v2\/comments?post=1499"}],"wp:featuredmedia":[{"embeddable":true,"href":"https:\/\/frvape.com\/cs\/wp-json\/wp\/v2\/media\/1493"}],"wp:attachment":[{"href":"https:\/\/frvape.com\/cs\/wp-json\/wp\/v2\/media?parent=1499"}],"wp:term":[{"taxonomy":"product_brand","embeddable":true,"href":"https:\/\/frvape.com\/cs\/wp-json\/wp\/v2\/product_brand?post=1499"},{"taxonomy":"product_cat","embeddable":true,"href":"https:\/\/frvape.com\/cs\/wp-json\/wp\/v2\/product_cat?post=1499"},{"taxonomy":"product_tag","embeddable":true,"href":"https:\/\/frvape.com\/cs\/wp-json\/wp\/v2\/product_tag?post=1499"}],"curies":[{"name":"wp","href":"https:\/\/api.w.org\/{rel}","templated":true}]}}