{"id":2013,"date":"2025-10-12T02:39:59","date_gmt":"2025-10-12T02:39:59","guid":{"rendered":"https:\/\/frvape.com\/product\/bang-king-50000-disposable-vape-50000-puffs-with-dual-favors-and-adjustable-airflow\/"},"modified":"2025-11-04T01:45:08","modified_gmt":"2025-11-04T01:45:08","slug":"bang-king-50000-jednorazovy-vape-50000-puffs-s-dualnimi-laskavostmi-a-nastavitelnym-prutokem-vzduchu","status":"publish","type":"product","link":"https:\/\/frvape.com\/cs\/product\/bang-king-50000-jednorazovy-vape-50000-puffs-s-dualnimi-laskavostmi-a-nastavitelnym-prutokem-vzduchu\/","title":{"rendered":"Bang King 50000 jednor\u00e1zov\u00fd vape - 50 000 \u0161luk\u016f s dvojit\u00fdmi p\u0159\u00edzniv\u00fdmi otvory a nastaviteln\u00fdm pr\u016ftokem vzduchu"},"content":{"rendered":"<h3>P\u0159edstavujeme Bang King 50000<\/h3>\n<p>Na str\u00e1nk\u00e1ch <strong>Bang King 50000<\/strong> je revolu\u010dn\u00ed <strong>jednor\u00e1zov\u00e9 vape<\/strong> ur\u010den\u00e9 jak pro individu\u00e1ln\u00ed u\u017eivatele, tak pro <strong>velkoobchodn\u00ed vape<\/strong> maloobchodn\u00edci. M\u016f\u017ee se pochlubit mimo\u0159\u00e1dnou <strong>50 000 vdech\u016f<\/strong> kapacitu a \u0159adu <strong>dvoj\u00ed p\u0159\u00edchu\u0165<\/strong> kombinace, nastavuje nov\u00fd standard v odv\u011btv\u00ed vapingu. D\u00edky pokro\u010dil\u00fdm prvk\u016fm, jako je nap\u0159. <strong>digit\u00e1ln\u00ed displej<\/strong> a <strong>nastaviteln\u00e9 proud\u011bn\u00ed vzduchu<\/strong>, nab\u00edz\u00ed p\u0159izp\u016fsoben\u00ed a dlouhou \u017eivotnost, co\u017e z n\u011bj d\u011bl\u00e1 jeden z nejlep\u0161\u00edch <strong>nejlep\u0161\u00ed jednor\u00e1zov\u00fd vape<\/strong> mo\u017enosti pro rok 2024.<\/p>\n<h3>Vlastnosti produktu<\/h3>\n<p><strong>Velkoobchodn\u00ed jednor\u00e1zov\u00e9 vapes pro maloobchodn\u00edky:<\/strong> Bang King 50000 je ide\u00e1ln\u00ed pro <strong>velkoobchodn\u00ed vape<\/strong> prodejci, kte\u0159\u00ed se sna\u017e\u00ed z\u00e1sobovat pr\u00e9miov\u00e9 jednor\u00e1zov\u00e9 vapes. S v\u00fddr\u017e\u00ed a\u017e 50 000 potah\u016f a <strong>dvoj\u00ed p\u0159\u00edchu\u0165<\/strong> mo\u017enosti, poskytuje roz\u0161\u00ed\u0159en\u00fd z\u00e1\u017eitek z vapingu, kter\u00fd oslovuje z\u00e1kazn\u00edky hledaj\u00edc\u00ed vysoce v\u00fdkonn\u00e1 za\u0159\u00edzen\u00ed. D\u00edky tomu je ide\u00e1ln\u00ed pro prodejce nebo distributory, kte\u0159\u00ed cht\u011bj\u00ed nab\u00edzet spolehliv\u00e9 a p\u0159\u00edjemn\u00e9 <strong>jednor\u00e1zov\u00e9 vape<\/strong> produkty, kter\u00e9 vyhovuj\u00ed r\u016fzn\u00fdm preferenc\u00edm.<\/p>\n<p><strong>Nejlep\u0161\u00ed jednor\u00e1zov\u00e1 vape pro dlouhodob\u00e9 pou\u017e\u00edv\u00e1n\u00ed:<\/strong> Jako jeden z nejlep\u0161\u00edch <strong>nejlep\u0161\u00ed jednor\u00e1zov\u00e9 modely vape<\/strong>, toto za\u0159\u00edzen\u00ed p\u0159in\u00e1\u0161\u00ed v\u00fdjime\u010dnou hodnotu d\u00edky obrovsk\u00e9mu po\u010dtu \u0161luk\u016f. Inovativn\u00ed <strong>digit\u00e1ln\u00ed displej<\/strong> sleduje v\u00e1\u0161 postup vapov\u00e1n\u00ed, \u010d\u00edm\u017e zaji\u0161\u0165uje maxim\u00e1ln\u00ed vyu\u017eit\u00ed ka\u017ed\u00e9ho potahu a st\u00e1lou spokojenost. Je zkonstruov\u00e1n pro v\u00fddr\u017e, co\u017e sni\u017euje pot\u0159ebu \u010dast\u00e9 v\u00fdm\u011bny a zvy\u0161uje u\u017eivatelsk\u00e9 pohodl\u00ed.<\/p>\n<p><strong>Dvojit\u00e1 chu\u0165 a nastaviteln\u00e9 proud\u011bn\u00ed vzduchu:<\/strong> Za\u017eijte bohatou, mnohovrstevnatou cestu vapingu s modelem <strong>dvoj\u00ed p\u0159\u00edchu\u0165<\/strong> umo\u017e\u0148uje snadno p\u0159ep\u00ednat mezi dv\u011bma r\u016fzn\u00fdmi chut\u011bmi. Na str\u00e1nk\u00e1ch . <strong>nastaviteln\u00e9 proud\u011bn\u00ed vzduchu<\/strong> Funkce umo\u017e\u0148uje vyladit intenzitu tahu a poka\u017ed\u00e9 tak dos\u00e1hnout dokonal\u00e9ho, individu\u00e1ln\u00edho z\u00e1sahu. Tato souhra vytv\u00e1\u0159\u00ed jeden z nejlep\u0161\u00edch <strong>dobr\u00e9 jednor\u00e1zov\u00e9 vapes<\/strong> k dispozici, co\u017e poskytuje v\u0161estrannost a kontrolu.<\/p>\n<p><strong>Inovativn\u00ed digit\u00e1ln\u00ed displej:<\/strong> Vestav\u011bn\u00fd <strong>digit\u00e1ln\u00ed displej<\/strong> v\u00e1s informuje v re\u00e1ln\u00e9m \u010dase o po\u010dtu \u0161luk\u016f, stavu baterie a kapacit\u011b e-liquidu. Toto chytr\u00e9 monitorov\u00e1n\u00ed zvy\u0161uje v\u00e1\u0161 z\u00e1\u017eitek t\u00edm, \u017ee v\u00e1m pom\u00e1h\u00e1 efektivn\u011b \u0159\u00eddit pou\u017e\u00edv\u00e1n\u00ed, sni\u017euje po\u010det p\u0159eru\u0161en\u00ed a zaji\u0161\u0165uje spolehlivost. <strong>jednor\u00e1zov\u00e9 vape<\/strong> v\u00fdkonnost.<\/p>\n<h3>V\u00fdhody produktu<\/h3>\n<p><strong>50 000 vdech\u016f pro maxim\u00e1ln\u00ed \u017eivotnost:<\/strong> Obrovsk\u00fd <strong>50 000 vdech\u016f<\/strong> z Bang King 50000 minimalizovat n\u00e1hrady a nab\u00edzej\u00ed neuv\u011b\u0159itelnou hodnotu. Podporuje dlouhodob\u00e9 pou\u017e\u00edv\u00e1n\u00ed, co\u017e je ide\u00e1ln\u00ed pro vapery, kte\u0159\u00ed vy\u017eaduj\u00ed <strong>nejlep\u0161\u00ed jednor\u00e1zov\u00fd vape<\/strong> zku\u0161enosti s bezkonkuren\u010dn\u00ed v\u00fddr\u017e\u00ed a n\u00e1kladovou efektivitou.<\/p>\n<p><strong>Dv\u011b p\u0159\u00edchut\u011b pro p\u0159izp\u016fsoben\u00ed:<\/strong> S <strong>dvoj\u00ed p\u0159\u00edchu\u0165<\/strong> m\u016f\u017eete p\u0159izp\u016fsobit vaping sv\u00fdm preferenc\u00edm a dos\u00e1hnout tak dynami\u010dt\u011bj\u0161\u00edho a p\u0159\u00edjemn\u011bj\u0161\u00edho sezen\u00ed ne\u017e u standardn\u00edch za\u0159\u00edzen\u00ed s jednou p\u0159\u00edchut\u00ed. Tato vlastnost podtrhuje, pro\u010d pat\u0159\u00ed mezi nejprod\u00e1van\u011bj\u0161\u00ed vapingy na sv\u011bt\u011b. <strong>dobr\u00e9 jednor\u00e1zov\u00e9 vapes<\/strong> pro milovn\u00edky chut\u00ed.<\/p>\n<p><strong>Nastaviteln\u00e9 proud\u011bn\u00ed vzduchu pro dokonal\u00e9 ta\u017een\u00ed:<\/strong> P\u0159esn\u011b p\u0159izp\u016fsobte sv\u016fj z\u00e1sah pomoc\u00ed <strong>nastaviteln\u00e9 proud\u011bn\u00ed vzduchu<\/strong>, kter\u00fd se p\u0159izp\u016fsob\u00ed po\u017eadovan\u00e9mu t\u011bsn\u00e9mu nebo voln\u00e9mu sev\u0159en\u00ed. T\u00edm je zaji\u0161t\u011bno st\u00e1l\u00e9 pohodl\u00ed a spokojenost, co\u017e podtrhuje inovace ve <strong>du\u00e1ln\u00ed p\u0159\u00edchu\u0165 e-cigarety<\/strong> n\u00e1vrhy.<\/p>\n<p><strong>Chytr\u00fd digit\u00e1ln\u00ed displej pro snadn\u00e9 sledov\u00e1n\u00ed:<\/strong> Na str\u00e1nk\u00e1ch <strong>digit\u00e1ln\u00ed displej<\/strong> poskytuje p\u0159esn\u00e9 \u00fadaje o po\u010dtu pufr\u016f a stavu baterie, \u010d\u00edm\u017e zjednodu\u0161uje spr\u00e1vu za\u0159\u00edzen\u00ed a omezuje neo\u010dek\u00e1van\u00e9 prostoje. D\u00edky t\u00e9to inteligenci je za\u0159\u00edzen\u00ed <strong>jednor\u00e1zov\u00e9 vape<\/strong> pro technicky zdatn\u00e9 u\u017eivatele, kte\u0159\u00ed hledaj\u00ed transparentnost.<\/p>\n<h3>Technick\u00e9 specifikace<\/h3>\n<p>Bang King 50000 obsahuje nejmodern\u011bj\u0161\u00ed specifikace pro vylep\u0161en\u00ed va\u0161eho vapingu: Vhodn\u00e9 balen\u00ed s 10 kusy v krabi\u010dce a 200 kusy v kartonu: mo\u017enost volby s\u00edly nikotinu 0%, 2%, 3% a 5% pro p\u0159izp\u016fsoben\u00ed intenzity; masivn\u00ed \u017eivotnost 50 000 potah\u016f; kapacita 50 ml e-liquidu pro del\u0161\u00ed sezen\u00ed; vysoce v\u00fdkonn\u00e1 1,0ohm mesh spir\u00e1lka zaji\u0161\u0165uj\u00edc\u00ed plynulou produkci p\u00e1ry; dob\u00edjec\u00ed baterie s kapacitou 850 mAh pro spolehlivost; intuitivn\u00ed digit\u00e1ln\u00ed displej zobrazuj\u00edc\u00ed stav baterie a e-liquidu; pln\u011b nastaviteln\u00fd airflow; 12 rozmanit\u00fdch du\u00e1ln\u00edch p\u0159\u00edchut\u00ed pro v\u00fdb\u011br; port USB typu C pro rychl\u00e9 nab\u00edjen\u00ed; a praktick\u00e9 balen\u00ed s 10 kusy v krabi\u010dce a 200 kusy v kartonu.<\/p>\n<h3>Vynikaj\u00edc\u00ed mo\u017enosti chut\u00ed<\/h3>\n<p>Vyberte si z na\u0161ich pr\u00e9miov\u00fdch kombinac\u00ed dvou p\u0159\u00edchut\u00ed:<\/p>\n<p>Jahodov\u00e9 mango\/jahodov\u00e9 kiwi<br \/>Red Bull\/jahodov\u00fd ban\u00e1n<br \/>Melounov\u00fd led \/ bor\u016fvkov\u00e1 m\u00e1ta<br \/>Melounov\u00fd led \/ bor\u016fvkov\u00e1 t\u0159e\u0161e\u0148<br \/>\u017dv\u00fdka\u010dka Strawberry Mango\/Watermelon Bubble Gum<br \/>Bor\u016fvkov\u00fd led \/ broskvov\u00fd led<br \/>Bor\u016fvka malina\/sm\u00ed\u0161en\u00e9 bobule<br \/>Jahodov\u00fd meloun\/led z \u010dern\u00e9ho draka<br \/>Jahoda Meloun\/Kiwi Mu\u010denka Guava<br \/>Bor\u016fvkov\u00e1\/malinov\u00e1\/hroznov\u00e1 zmrzlina<br \/>Bor\u016fvkov\u00fd led\/ broskev a mango a meloun<br \/>Red Bull\/Blueberry Watermelon<\/p>\n<h3>Pro\u010d si vybrat Bang King 50000?<\/h3>\n<p>Upgrade na <strong>Bang King 50000<\/strong> pro elitu <strong>jednor\u00e1zov\u00e9 vape<\/strong> z\u00e1\u017eitek, kter\u00fd kombinuje v\u00fdkon, personalizaci a v\u00fdkon. Ide\u00e1ln\u00ed pro <strong>velkoobchodn\u00ed vape<\/strong> provozu a ka\u017edodenn\u00edm u\u017eivatel\u016fm, nab\u00edz\u00ed <strong>nejlep\u0161\u00ed jednor\u00e1zov\u00fd vape<\/strong> funkce v elegantn\u00edm a u\u017eivatelsky p\u0159\u00edv\u011btiv\u00e9m designu. P\u0159ijm\u011bte inovace a rozmanitost chut\u00ed - objednejte si je\u0161t\u011b dnes a z\u00edskejte jedine\u010dnou spokojenost.<\/p>","protected":false},"excerpt":{"rendered":"<p>Na str\u00e1nk\u00e1ch <strong>Bang King 50000<\/strong> p\u0159in\u00e1\u0161\u00ed a\u017e p\u016fsobiv\u00fd <strong>50 000 vdech\u016f<\/strong> s <strong>dvoj\u00ed p\u0159\u00edchu\u0165<\/strong> mo\u017enosti, ide\u00e1ln\u00ed pro <strong>velkoobchodn\u00ed vape<\/strong> podniky. Obsahuje <strong>nastaviteln\u00e9 proud\u011bn\u00ed vzduchu<\/strong> a chytr\u00e9 <strong>digit\u00e1ln\u00ed displej<\/strong> pro lep\u0161\u00ed monitorov\u00e1n\u00ed.<br \/>Za\u017eijte dlouhotrvaj\u00edc\u00ed vaping s t\u00edmto \u0161pi\u010dkov\u00fdm jednor\u00e1zov\u00fdm za\u0159\u00edzen\u00edm.<\/p>","protected":false},"featured_media":2007,"comment_status":"open","ping_status":"closed","template":"","meta":[],"product_brand":[133],"product_cat":[856],"product_tag":[305,307,309,308,306],"class_list":{"0":"post-2013","1":"product","2":"type-product","3":"status-publish","4":"has-post-thumbnail","6":"product_brand-bangking","7":"product_cat-bangking","8":"product_tag-50000-puffs-vape","9":"product_tag-adjustable-airflow-disposable","10":"product_tag-bang-king-vape","11":"product_tag-digital-screen-vape","12":"product_tag-dual-flavor-e-cigarette","14":"first","15":"instock","16":"sale","17":"shipping-taxable","18":"purchasable","19":"product-type-variable"},"jetpack_sharing_enabled":true,"tiered_pricing_type":"fixed","tiered_pricing_fixed_rules":[],"tiered_pricing_product_settings":{"layout":"default","base_unit_name":{"singular":null,"plural":null},"default_variation":null},"tiered_pricing_minimum_quantity":null,"tiered_pricing_roles_data":[],"tiered_pricing_percentage_rules":[],"tiered_pricing_maximum_quantity":null,"tiered_pricing_quantity_step":null,"_links":{"self":[{"href":"https:\/\/frvape.com\/cs\/wp-json\/wp\/v2\/product\/2013","targetHints":{"allow":["GET"]}}],"collection":[{"href":"https:\/\/frvape.com\/cs\/wp-json\/wp\/v2\/product"}],"about":[{"href":"https:\/\/frvape.com\/cs\/wp-json\/wp\/v2\/types\/product"}],"replies":[{"embeddable":true,"href":"https:\/\/frvape.com\/cs\/wp-json\/wp\/v2\/comments?post=2013"}],"wp:featuredmedia":[{"embeddable":true,"href":"https:\/\/frvape.com\/cs\/wp-json\/wp\/v2\/media\/2007"}],"wp:attachment":[{"href":"https:\/\/frvape.com\/cs\/wp-json\/wp\/v2\/media?parent=2013"}],"wp:term":[{"taxonomy":"product_brand","embeddable":true,"href":"https:\/\/frvape.com\/cs\/wp-json\/wp\/v2\/product_brand?post=2013"},{"taxonomy":"product_cat","embeddable":true,"href":"https:\/\/frvape.com\/cs\/wp-json\/wp\/v2\/product_cat?post=2013"},{"taxonomy":"product_tag","embeddable":true,"href":"https:\/\/frvape.com\/cs\/wp-json\/wp\/v2\/product_tag?post=2013"}],"curies":[{"name":"wp","href":"https:\/\/api.w.org\/{rel}","templated":true}]}}