{"id":2101,"date":"2025-10-12T02:55:50","date_gmt":"2025-10-12T02:55:50","guid":{"rendered":"https:\/\/frvape.com\/product\/uzy-crystal-pro-max-10000-puffs-disposable-vape-rechargeable-disposable\/"},"modified":"2025-11-04T01:54:08","modified_gmt":"2025-11-04T01:54:08","slug":"uzy-crystal-pro-max-10000-puffs-jednorazove-vape-dobijeci-jednorazove","status":"publish","type":"product","link":"https:\/\/frvape.com\/cs\/product\/uzy-crystal-pro-max-10000-puffs-jednorazove-vape-dobijeci-jednorazove\/","title":{"rendered":"UZY Crystal Pro Max 10000 Puffs Disposable Vape - dob\u00edjec\u00ed jednor\u00e1zov\u00e9 balen\u00ed"},"content":{"rendered":"<h3>Pr\u00e9miov\u00e1 revoluce ve vapingu<\/h3>\n<p>Za\u017eijte vrchol pohodl\u00ed a v\u00fdkonu se za\u0159\u00edzen\u00edm <strong>UZY Crystal Pro Max 10000 Puffs Vape na jedno pou\u017eit\u00ed<\/strong>. Tento lehk\u00fd, ale p\u0159esto vysp\u011bl\u00fd p\u0159\u00edstroj, navr\u017een\u00fd pro vapery, kte\u0159\u00ed hledaj\u00ed v\u00fdkon. <strong>z\u00e1\u017eitek z vapingu na m\u00edru<\/strong> s p\u0159evratn\u00fdmi specifikacemi. Vyrobeno pro dlouhodob\u00fd po\u017eitek a snadnou p\u0159enosnost.<\/p>\n<h3>Pokro\u010dil\u00e9 energetick\u00e9 in\u017een\u00fdrstv\u00ed<\/h3>\n<p>Je vybaven robustn\u00edm <strong>Nab\u00edjec\u00ed baterie s kapacitou 650 mAh<\/strong>, Crystal Pro Max p\u0159in\u00e1\u0161\u00ed \u0161pi\u010dkovou kvalitu v oboru. <strong>10 000 \u0161luk\u016f na jedno pln\u00e9 nabit\u00ed<\/strong>. Integrovan\u00fd <strong>Nab\u00edjec\u00ed port typu C (vstup 5V\/1A)<\/strong> umo\u017e\u0148uje mimo\u0159\u00e1dn\u011b rychl\u00e9 dob\u00edjen\u00ed a zaji\u0161\u0165uje minim\u00e1ln\u00ed prostoje mezi jednotliv\u00fdmi sezen\u00edmi. U\u017eijte si del\u0161\u00ed vaping bez obav o baterii.<\/p>\n<h3>Obrovsk\u00e1 kapacita e-liquidu<\/h3>\n<p>Vychutnejte si nep\u0159eru\u0161ovanou chu\u0165 d\u00edky rozs\u00e1hl\u00e9mu <strong>16ml p\u0159edpln\u011bn\u00fd z\u00e1sobn\u00edk na e-d\u017eus<\/strong>. Velkorys\u00e1 kapacita v\u00fdrazn\u011b sni\u017euje \u010detnost dopl\u0148ov\u00e1n\u00ed a z\u00e1rove\u0148 maximalizuje spokojenost. Ve spojen\u00ed s precizn\u011b navr\u017een\u00fdm <strong>1,0ohmov\u00e9 s\u00ed\u0165ov\u00e9 c\u00edvky<\/strong>, zaji\u0161\u0165uje konzistentn\u00ed produkci p\u00e1ry a optim\u00e1ln\u00ed p\u0159esnost chuti p\u0159i ka\u017ed\u00e9m \u0161luknut\u00ed.<\/p>\n<h3>Kontrola nikotinu na m\u00edru<\/h3>\n<p>P\u0159izp\u016fsobte si sv\u00e9 z\u00e1\u017eitky pomoc\u00ed flexibiln\u00edch <strong>mo\u017enosti nikotinov\u00e9 soli: 0%, 2%, 3% nebo 5%.<\/strong>. Crystal Pro Max se p\u0159izp\u016fsob\u00ed va\u0161im pot\u0159eb\u00e1m, a\u0165 u\u017e jde o sn\u00ed\u017een\u00ed p\u0159\u00edjmu, nebo o zv\u00fd\u0161en\u00ed intenzity. Vychutnejte si hlad\u0161\u00ed potahy v krku a efektivn\u00ed pod\u00e1n\u00ed pro osobn\u00ed uspokojen\u00ed.<\/p>\n<h3>Robustn\u00ed konstrukce a praktick\u00e9 funkce<\/h3>\n<p><strong>Pr\u00e9miov\u00e9 materi\u00e1ly PC<\/strong> zaji\u0161\u0165uj\u00ed trvanlivost p\u0159i zachov\u00e1n\u00ed elegantn\u00edho vzhledu. Futuristick\u00fd <strong>Design osv\u011btlen\u00ed RGB<\/strong> dod\u00e1v\u00e1 sofistikovanost a slou\u017e\u00ed jako indik\u00e1tory pou\u017e\u00edv\u00e1n\u00ed. Podpo\u0159eno <strong>pln\u00e1 z\u00e1ruka 1 rok<\/strong>, zaru\u010dujeme spolehlivost a st\u00e1lost v\u00fdkonu v\u00fdrobku.<\/p>\n<h3>Exkluzivn\u00ed v\u00fdb\u011br p\u0159\u00edchut\u00ed<\/h3>\n<p>Objevte 20 pr\u00e9miov\u00fdch chu\u0165ov\u00fdch profil\u016f vytvo\u0159en\u00fdch pro v\u00fdjime\u010dn\u00e9 vzru\u0161en\u00ed z vapingu:<br \/><strong>Peach Berry | Blueberry Raspberry | Triple Grape Ice | Cola Ice | Strawberry Ice | Watermelon Ice | Triple Berry Ice | Strawberry Watermelon | Mr Blue | Peach Mango Pineapple | Blueberry Ice | Cherry Ice | Red Energy Ice | Skittle | Kiwi Passion Fruit Guava | Peach Ice | Strawberry Kiwi | Triple Mango | Strawberry Mango | Watermelon Bubblegum<\/strong><br \/>Najd\u011bte si svou charakteristickou chu\u0165 v na\u0161\u00ed rozs\u00e1hl\u00e9 palet\u011b.<\/p>\n<h3>V\u00fdhoda hromadn\u00e9ho balen\u00ed<\/h3>\n<p>Dod\u00e1no v <strong>v\u00fdhodn\u00e9 balen\u00ed po 10 kusech<\/strong>, tato hromadn\u00e1 nab\u00eddka zaji\u0161\u0165uje, \u017ee jste neust\u00e1le vybaveni. Ide\u00e1ln\u00ed pro osobn\u00ed z\u00e1lohu nebo sd\u00edlen\u00ed pr\u00e9miov\u00e9 technologie s kolegy vapery. Vyzkou\u0161ejte harmonick\u00e9 spojen\u00ed \u0161pi\u010dkov\u00e9 techniky a pohodl\u00ed \u017eivotn\u00edho stylu.<\/p>\n<p>Model UZY Crystal Pro Max 10000 je ur\u010den pro n\u00e1ro\u010dn\u00e9 u\u017eivatele, kte\u0159\u00ed vy\u017eaduj\u00ed nejvy\u0161\u0161\u00ed standardy, a je p\u0159\u00edkladem inovace. <strong>mimo\u0159\u00e1dn\u011b dlouh\u00e1 \u017eivotnost<\/strong>, <strong>rychl\u00e9 dob\u00edjen\u00ed<\/strong>, <strong>p\u0159izp\u016fsobiteln\u00e9 mo\u017enosti nikotinu<\/strong>a <strong>bohat\u00e1 chu\u0165ov\u00e1 rozmanitost<\/strong>. Povy\u0161te ka\u017edodenn\u00ed vaping na prvot\u0159\u00eddn\u00ed ritu\u00e1l s bezkonkuren\u010dn\u00ed kvalitou p\u00e1ry a ergonomick\u00fdm komfortem.<\/p>\n<p>D\u00edky pe\u010dliv\u00e9 p\u00e9\u010di o dynamiku proud\u011bn\u00ed vzduchu a \u010distotu materi\u00e1lu p\u0159isp\u00edv\u00e1 ka\u017ed\u00e1 sou\u010d\u00e1st k hladk\u00e9mu a aromatick\u00e9mu potahu. Z\u00fa\u017een\u00fd n\u00e1ustek nab\u00edz\u00ed p\u0159irozen\u00fd pocit na rtech a z\u00e1rove\u0148 optimalizuje dod\u00e1vku p\u00e1ry. Nepostradateln\u00fd spole\u010dn\u00edk na cesty i pro ka\u017edodenn\u00ed rutinu, kter\u00fd v sob\u011b spojuje vysok\u00fd v\u00fdkon a bezkonkuren\u010dn\u011b u\u017eivatelsky p\u0159\u00edv\u011btiv\u00e9 ovl\u00e1d\u00e1n\u00ed.<\/p>","protected":false},"excerpt":{"rendered":"<p>Vyzkou\u0161ejte 10 000 vdech\u016f s dob\u00edjec\u00ed bateri\u00ed <strong>UZY Crystal Pro Max<\/strong> jednor\u00e1zov\u00fd vape s 16 ml e-liquidu. Obsahuje v\u00fdkonnou baterii o kapacit\u011b 650 mAh, <strong>Nab\u00edjen\u00ed typu C<\/strong>, <strong>technologie s\u00ed\u0165ov\u00e9 c\u00edvky<\/strong>a p\u0159izp\u016fsobiteln\u00e9 <strong>hladiny nikotinu<\/strong> (0%\/2%\/3%\/5%). Dokonal\u00e1 kombinace p\u0159enosnosti a vysok\u00e9ho v\u00fdkonu.<\/p>","protected":false},"featured_media":2095,"comment_status":"open","ping_status":"closed","template":"","meta":[],"product_brand":[237],"product_cat":[846,1017],"product_tag":[128,316,197,75,315,314],"class_list":{"0":"post-2101","1":"product","2":"type-product","3":"status-publish","4":"has-post-thumbnail","6":"product_brand-uzy","7":"product_cat-uzy","8":"product_cat-crystal-vapes","9":"product_tag-10000-puffs-disposable-vape","10":"product_tag-crystal-pro-max-flavors","11":"product_tag-mesh-coil-e-cigarette","12":"product_tag-rechargeable-disposable-vape","13":"product_tag-salt-nicotine-vape","14":"product_tag-uzy-crystal-pro-max-10000","16":"first","17":"instock","18":"sale","19":"shipping-taxable","20":"purchasable","21":"product-type-variable"},"jetpack_sharing_enabled":true,"tiered_pricing_type":"fixed","tiered_pricing_fixed_rules":[],"tiered_pricing_product_settings":{"layout":"default","base_unit_name":{"singular":null,"plural":null},"default_variation":null},"tiered_pricing_minimum_quantity":null,"tiered_pricing_roles_data":[],"tiered_pricing_percentage_rules":[],"tiered_pricing_maximum_quantity":null,"tiered_pricing_quantity_step":null,"_links":{"self":[{"href":"https:\/\/frvape.com\/cs\/wp-json\/wp\/v2\/product\/2101","targetHints":{"allow":["GET"]}}],"collection":[{"href":"https:\/\/frvape.com\/cs\/wp-json\/wp\/v2\/product"}],"about":[{"href":"https:\/\/frvape.com\/cs\/wp-json\/wp\/v2\/types\/product"}],"replies":[{"embeddable":true,"href":"https:\/\/frvape.com\/cs\/wp-json\/wp\/v2\/comments?post=2101"}],"wp:featuredmedia":[{"embeddable":true,"href":"https:\/\/frvape.com\/cs\/wp-json\/wp\/v2\/media\/2095"}],"wp:attachment":[{"href":"https:\/\/frvape.com\/cs\/wp-json\/wp\/v2\/media?parent=2101"}],"wp:term":[{"taxonomy":"product_brand","embeddable":true,"href":"https:\/\/frvape.com\/cs\/wp-json\/wp\/v2\/product_brand?post=2101"},{"taxonomy":"product_cat","embeddable":true,"href":"https:\/\/frvape.com\/cs\/wp-json\/wp\/v2\/product_cat?post=2101"},{"taxonomy":"product_tag","embeddable":true,"href":"https:\/\/frvape.com\/cs\/wp-json\/wp\/v2\/product_tag?post=2101"}],"curies":[{"name":"wp","href":"https:\/\/api.w.org\/{rel}","templated":true}]}}