{"id":2199,"date":"2025-10-12T03:04:37","date_gmt":"2025-10-12T03:04:37","guid":{"rendered":"https:\/\/frvape.com\/product\/aivono-aim-fatpro-22000-disposable-vape-up-to-22000-puffs-with-direct-lung-design\/"},"modified":"2025-12-16T09:37:01","modified_gmt":"2025-12-16T09:37:01","slug":"aivono-aim-fatpro-22000-jednorazovy-vape-az-na-22000-vdechu-s-primou-konstrukci-plic","status":"publish","type":"product","link":"https:\/\/frvape.com\/cs\/product\/aivono-aim-fatpro-22000-jednorazovy-vape-az-na-22000-vdechu-s-primou-konstrukci-plic\/","title":{"rendered":"Jednor\u00e1zov\u00fd vape Aivono Aim Fatpro 22000 - a\u017e 22 000 \u0161luk\u016f s p\u0159\u00edm\u00fdm designem plic"},"content":{"rendered":"<h3>P\u0159ehled produkt\u016f<\/h3>\n<p>Objevte maxim\u00e1ln\u00ed pohodl\u00ed a pot\u011b\u0161en\u00ed s <strong>Aivono Aim Fatpro 22000 jednor\u00e1zov\u00fd vape<\/strong>. Toto za\u0159\u00edzen\u00ed je navr\u017eeno pro v\u00fdkon a v\u00fddr\u017e a poskytuje a\u017e. <strong>22 000 obl\u00e1\u010dk\u016f<\/strong> pro nep\u0159eru\u0161ovan\u00e9 vapov\u00e1n\u00ed, co\u017e z n\u011bj d\u011bl\u00e1 nejlep\u0161\u00ed volbu pro milovn\u00edky mrak\u016f a vodn\u00edch d\u00fdmek.<br \/>S <strong>robustn\u00ed 600mAh \u010dist\u011b kobaltov\u00e1 baterie<\/strong> a <strong>rychl\u00e9 nab\u00edjen\u00ed typu C<\/strong>, zaji\u0161\u0165uje spolehlivou opakovanou pou\u017eitelnost, zat\u00edmco <strong>DTL (p\u0159\u00edm\u00e1 plicn\u00ed)<\/strong> konstrukce vytv\u00e1\u0159\u00ed objemn\u00e1 oblaka p\u00e1ry, kter\u00e1 p\u0159ipom\u00ednaj\u00ed pono\u0159en\u00ed do vodn\u00ed d\u00fdmky.<\/p>\n<h3>Kl\u00ed\u010dov\u00e9 vlastnosti<\/h3>\n<p><strong>Vysok\u00fd po\u010det puf\u016f:<\/strong> Tato vape poskytuje bezkonkuren\u010dn\u00ed <strong>22 000 vdech\u016f na p\u0159\u00edstroj<\/strong>, kter\u00e9 p\u0159ed\u010d\u00ed standardn\u00ed jednor\u00e1zov\u00e9 mo\u017enosti.<br \/>Jeho <strong>v\u00fdjime\u010dn\u00e1 vytrvalost<\/strong> vyhovuje n\u00e1ro\u010dn\u00fdm u\u017eivatel\u016fm, proto\u017ee eliminuje \u010dast\u00e9 dopl\u0148ov\u00e1n\u00ed nebo nab\u00edjen\u00ed.<br \/><strong>P\u0159\u00edm\u00e1 konstrukce plic (DTL):<\/strong> Optimalizov\u00e1no pro <strong>inhalace do plic<\/strong> vytv\u00e1\u0159\u00ed obrovsk\u00e9 mraky p\u00e1ry a je ide\u00e1ln\u00ed pro u\u017eivatele, kte\u0159\u00ed hledaj\u00ed hlubok\u00e9 uspokojen\u00ed jako u vodn\u00ed d\u00fdmky.<br \/><strong>P\u0159\u00edchut\u011b inspirovan\u00e9 vodn\u00ed d\u00fdmkou:<\/strong> Za\u017eijte bohat\u00e9, aromatick\u00e9 chut\u011b, kter\u00e9 kop\u00edruj\u00ed tradi\u010dn\u00ed pocity z vodn\u00ed d\u00fdmky.<br \/>Pokro\u010dil\u00e1 technologie ochucov\u00e1n\u00ed zaji\u0161\u0165uje, \u017ee ka\u017ed\u00fd \u0161luk p\u0159in\u00e1\u0161\u00ed konzistentn\u00ed, hladkou p\u00e1ru p\u0159izp\u016fsobenou na m\u00edru. <strong>nad\u0161enci do vodn\u00edch d\u00fdmek<\/strong>.<br \/><strong>Provoz s nulov\u00fdm obsahem oleje:<\/strong> I s vy\u010derpan\u00fdmi <strong>hladiny e-liquidu<\/strong>, za\u0159\u00edzen\u00ed nad\u00e1le funguje bez probl\u00e9m\u016f.<br \/>Tato inovace zabra\u0148uje neo\u010dek\u00e1van\u00fdm p\u0159eru\u0161en\u00edm, p\u0159esto\u017ee se doporu\u010duje v\u010dasn\u00e9 dopl\u0148ov\u00e1n\u00ed, aby se ochr\u00e1nila. <strong>j\u00e1dro rozpra\u0161ova\u010de<\/strong> a prodlou\u017eit \u017eivotnost za\u0159\u00edzen\u00ed.<br \/><strong>Zna\u010dn\u00e1 kapacita e-liquidu:<\/strong> S velkorys\u00fdm <strong>Kapacita 28 ml e-liquidu<\/strong>, minimalizuje \u010detnost dopl\u0148ov\u00e1n\u00ed.<br \/>Tento velk\u00fd objem podporuje tis\u00edce vdech\u016f, ani\u017e by to bylo na \u00fakor. <strong>kvalita v\u00fdpar\u016f<\/strong>.<br \/><strong>Robustn\u00ed v\u00fdkon baterie:<\/strong> Vychutnejte si konzistentn\u00ed v\u00fdkon integrovan\u00e9ho <strong>\u010dist\u011b kobaltov\u00e1 baterie<\/strong>.<br \/>Na str\u00e1nk\u00e1ch <strong>Kapacita 600 mAh<\/strong> umo\u017e\u0148uje efektivn\u00ed dob\u00edjen\u00ed prost\u0159ednictv\u00edm modern\u00edho <strong>Port Type-C<\/strong> pro rychl\u00e9 dopln\u011bn\u00ed energie v jak\u00e9mkoli prost\u0159ed\u00ed.<br \/><strong>Technologie Mesh Coil:<\/strong> Na str\u00e1nk\u00e1ch <strong>0,6\u03a9 odporov\u00e1 s\u00ed\u0165ov\u00e1 c\u00edvka<\/strong> zaru\u010duje vynikaj\u00edc\u00ed produkci p\u00e1ry se zv\u00fd\u0161enou \u010distotou chuti.<br \/>Funguje efektivn\u011b a udr\u017euje <strong>bohat\u00e1 chu\u0165ov\u00e1 konzistence<\/strong> i p\u0159i vysok\u00e9m po\u010dtu pufr\u016f.<\/p>\n<h3>Pokro\u010dil\u00e9 funkce<\/h3>\n<p>Za\u017eijte u\u017eivatelsky p\u0159\u00edv\u011btiv\u00e9 inovace s integrovan\u00fdm <strong>digit\u00e1ln\u00ed displej<\/strong> kter\u00e1 jasn\u011b ukazuje. <strong>zb\u00fdvaj\u00edc\u00ed energie baterie<\/strong> a <strong>hladiny e-liquidu<\/strong>.<br \/><strong>Lehk\u00e1 p\u0159enosnost<\/strong> je hlavn\u00ed v\u00fdhodou pr\u00e1v\u011b <strong>\u010cist\u00e1 hmotnost 96 g<\/strong>, co\u017e umo\u017e\u0148uje snadn\u00e9 vapov\u00e1n\u00ed na cest\u00e1ch.<br \/>Krom\u011b toho lze nikotiny p\u0159izp\u016fsobit osobn\u00edm preferenc\u00edm a vybrat si z n\u00e1sleduj\u00edc\u00edch mo\u017enost\u00ed. <strong>0%, 2%, 3% nebo 5% obsah nikotinov\u00e9 soli<\/strong> aby odpov\u00eddala va\u0161\u00ed toleranci.<\/p>\n<h3>Dostupn\u00e9 p\u0159\u00edchut\u011b<\/h3>\n<p><strong>Seznam p\u0159\u00edchut\u00ed:<\/strong> Prozkoumat <strong>chut\u011b podobn\u00e9 vodn\u00ed d\u00fdmce<\/strong> s bohat\u00fdm v\u00fdb\u011brem pro ka\u017edou chu\u0165:<br \/><strong>Sv\u011b\u017e\u00ed led<\/strong><br \/><strong>Lucidn\u00ed sen<\/strong><br \/><strong>Dv\u011b jablka<\/strong><br \/><strong>Hroznov\u00e9 v\u00edno Min<\/strong><br \/><strong>T\u0159e\u0161\u0148ov\u00e1 malina<\/strong><br \/><strong>Berry Ice<\/strong><br \/><strong>Broskvov\u00fd led<\/strong><br \/><strong>L\u00e1ska 66<\/strong><br \/><strong>Jahodov\u00fd pun\u010d<\/strong><br \/><strong>Bor\u016fvkov\u00e1 \u017ev\u00fdka\u010dka<\/strong><br \/>Ka\u017ed\u00fd <strong>mo\u017enost p\u0159\u00edchut\u011b<\/strong> kop\u00edruje tradi\u010dn\u00ed hloubku vodn\u00ed d\u00fdmky a z\u00e1rove\u0148 poskytuje hladkou a intenzivn\u00ed p\u00e1ru.<\/p>\n<h3>Specifikace produktu<\/h3>\n<p><strong>Z\u00e1kladn\u00ed specifikace:<\/strong> Po\u010det puf\u016f: <strong>22 000 puf\u016f DTL<\/strong><br \/>Kapacita e-liquidu: <strong>28 ml<\/strong><br \/>Technologie bateri\u00ed: <strong>18250 \u010dist\u011b kobaltov\u00e1 baterie<\/strong> s <strong>Kapacita 600 mAh<\/strong> (dob\u00edjec\u00ed)<br \/>Nab\u00edjen\u00ed: <strong>Port Type-C<\/strong> podporovan\u00fd<br \/>Topn\u00fd dr\u00e1t: <strong>C\u00edvka s oky 0,6\u03a9<\/strong> pro optim\u00e1ln\u00ed v\u00fdpar<br \/>Rozm\u011bry za\u0159\u00edzen\u00ed: <strong>32 \u00d7 126 mm<\/strong><br \/>Jednotliv\u00e1 hmotnost: <strong>96g<\/strong><br \/>Mo\u017enosti nikotinov\u00e9 soli: <strong>0%, 2%, 3%, 5%<\/strong><br \/>Z\u00e1kladn\u00ed funkce: <strong>Inhalace do plic<\/strong>, digit\u00e1ln\u00ed ukazatel stavu baterie a oleje, <strong>simulace chuti vodn\u00ed d\u00fdmky<\/strong><br \/>Podrobnosti o balen\u00ed: Velikost mal\u00e9 krabice (<strong>40 \u00d7 40 \u00d7 140 mm<\/strong>), Velk\u00e1 velikost krabice (<strong>83 \u00d7 140 \u00d7 120 mm<\/strong>), Standardn\u00ed box obsahuje <strong>200 kus\u016f v krabici<\/strong>, s celkov\u00fdmi rozm\u011bry sk\u0159\u00edn\u011b (<strong>68,5 \u00d7 38 \u00d7 24 cm<\/strong>) a hmotnost (<strong>20 kg<\/strong>) pro hromadnou manipulaci.<br \/>Podpora OEM\/ODM: Pro velkoobchodn\u00ed z\u00e1kazn\u00edky jsou k dispozici v\u0161echny mo\u017enosti p\u0159izp\u016fsoben\u00ed.<\/p>\n<h3>Hodnota a kvalita<\/h3>\n<p>Na str\u00e1nk\u00e1ch <strong>Aivono Aim Fatpro 22000<\/strong> p\u0159in\u00e1\u0161\u00ed <strong>v\u00fdjime\u010dn\u00e1 hodnota<\/strong> vyv\u00e1\u017een\u00edm pr\u00e9miov\u00fdch funkc\u00ed a cenov\u00e9 dostupnosti.<br \/>Jej\u00ed konkurenceschopn\u00e1 cena vyhovuje vaper\u016fm, kte\u0159\u00ed si uv\u011bdomuj\u00ed sv\u016fj rozpo\u010det a cht\u011bj\u00ed dlouhodob\u011b u\u0161et\u0159it.<br \/>S podporou <strong>zaji\u0161t\u011bn\u00ed vysok\u00e9 kvality<\/strong>, ka\u017ed\u00e9 za\u0159\u00edzen\u00ed spl\u0148uje p\u0159\u00edsn\u00e9 v\u00fdrobn\u00ed normy pro spolehlivost.<br \/>Na\u0161e <strong>specializovan\u00e1 z\u00e1kaznick\u00e1 podpora<\/strong> zaji\u0161\u0165uje bezprobl\u00e9mov\u00fd n\u00e1kup a <strong>rychl\u00e9 dod\u00e1n\u00ed<\/strong> mo\u017enosti zaru\u010duj\u00ed podnik\u016fm v\u010dasn\u00e9 dopln\u011bn\u00ed z\u00e1sob.<br \/>Je ide\u00e1ln\u00ed pro velkoobchodn\u00ed partnerstv\u00ed, podporuje \u0161k\u00e1lovateln\u00e9 <strong>P\u0159izp\u016fsoben\u00ed OEM\/ODM<\/strong>.<\/p>","protected":false},"excerpt":{"rendered":"<p>Na str\u00e1nk\u00e1ch <strong>Aivono Aim Fatpro 22000<\/strong> nab\u00edz\u00ed p\u016fsobivou <strong>22 000 obl\u00e1\u010dk\u016f<\/strong> v p\u0159\u00edhodn\u00e9m <strong>jednor\u00e1zov\u00e9 vape<\/strong>, v n\u00ed\u017e se nach\u00e1z\u00ed <strong>Design DTL<\/strong> a autentick\u00e9 <strong>p\u0159\u00edchut\u011b vodn\u00ed d\u00fdmky<\/strong> pro lep\u0161\u00ed z\u00e1\u017eitek z vapingu.<br \/>Vychutnejte si dlouhotrvaj\u00edc\u00ed v\u00fdkon s <strong>Kapacita 28 ml e-liquidu<\/strong> a opakovan\u011b pou\u017eiteln\u00e9 <strong>Nab\u00edjen\u00ed typu C<\/strong> v r\u016fzn\u00fdch sil\u00e1ch nikotinu.<\/p>","protected":false},"featured_media":2193,"comment_status":"open","ping_status":"closed","template":"","meta":[],"product_brand":[165],"product_cat":[951],"product_tag":[1022,1121,321,112,319,320,84],"class_list":{"0":"post-2199","1":"product","2":"type-product","3":"status-publish","4":"has-post-thumbnail","6":"product_brand-aivono","7":"product_cat-aivono","8":"product_tag-000-puffs-vape","9":"product_tag-1121","10":"product_tag-aivono-fatpro-22000","11":"product_tag-disposable-vape","12":"product_tag-dtl-electronic-cigarette","13":"product_tag-hookah-flavor-vape","14":"product_tag-rechargeable-vape-pen","16":"first","17":"instock","18":"sale","19":"shipping-taxable","20":"purchasable","21":"product-type-variable"},"jetpack_sharing_enabled":true,"tiered_pricing_type":"fixed","tiered_pricing_fixed_rules":[],"tiered_pricing_product_settings":{"layout":"default","base_unit_name":{"singular":null,"plural":null},"default_variation":null},"tiered_pricing_minimum_quantity":null,"tiered_pricing_roles_data":[],"tiered_pricing_percentage_rules":[],"tiered_pricing_maximum_quantity":null,"tiered_pricing_quantity_step":null,"_links":{"self":[{"href":"https:\/\/frvape.com\/cs\/wp-json\/wp\/v2\/product\/2199","targetHints":{"allow":["GET"]}}],"collection":[{"href":"https:\/\/frvape.com\/cs\/wp-json\/wp\/v2\/product"}],"about":[{"href":"https:\/\/frvape.com\/cs\/wp-json\/wp\/v2\/types\/product"}],"replies":[{"embeddable":true,"href":"https:\/\/frvape.com\/cs\/wp-json\/wp\/v2\/comments?post=2199"}],"wp:featuredmedia":[{"embeddable":true,"href":"https:\/\/frvape.com\/cs\/wp-json\/wp\/v2\/media\/2193"}],"wp:attachment":[{"href":"https:\/\/frvape.com\/cs\/wp-json\/wp\/v2\/media?parent=2199"}],"wp:term":[{"taxonomy":"product_brand","embeddable":true,"href":"https:\/\/frvape.com\/cs\/wp-json\/wp\/v2\/product_brand?post=2199"},{"taxonomy":"product_cat","embeddable":true,"href":"https:\/\/frvape.com\/cs\/wp-json\/wp\/v2\/product_cat?post=2199"},{"taxonomy":"product_tag","embeddable":true,"href":"https:\/\/frvape.com\/cs\/wp-json\/wp\/v2\/product_tag?post=2199"}],"curies":[{"name":"wp","href":"https:\/\/api.w.org\/{rel}","templated":true}]}}