{"id":23191,"date":"2026-01-16T05:53:59","date_gmt":"2026-01-16T05:53:59","guid":{"rendered":"https:\/\/frvape.com\/product\/aivono-aim-freak-13000-disposable-vape-with-13000-puffs\/"},"modified":"2026-01-16T05:54:11","modified_gmt":"2026-01-16T05:54:11","slug":"aivono-aim-freak-13000-disposable-vape-with-13000-puffs","status":"publish","type":"product","link":"https:\/\/frvape.com\/cs\/product\/aivono-aim-freak-13000-disposable-vape-with-13000-puffs\/","title":{"rendered":"Aivono AIM FREAK 13000 | Disposable Vape with 13,000 Puffs"},"content":{"rendered":"<h3>Specifikace produktu<\/h3>\n<table border='1'>\n<tr>\n<th>Specification<\/th>\n<th>Value<\/th>\n<\/tr>\n<tr>\n<td>Puffy<\/td>\n<td>13 000 obl\u00e1\u010dk\u016f<\/td>\n<\/tr>\n<tr>\n<td>J\u00e1dro<\/td>\n<td>1.00 Mesh Coil<\/td>\n<\/tr>\n<tr>\n<td>Kapacita e-liquidu<\/td>\n<td>20 ml<\/td>\n<\/tr>\n<tr>\n<td>S\u00edla nikotinu<\/td>\n<td>0%\/2%\/3%\/5%<\/td>\n<\/tr>\n<tr>\n<td>Kapacita baterie<\/td>\n<td>600mAh<\/td>\n<\/tr>\n<tr>\n<td>Dob\u00edjec\u00ed<\/td>\n<td>Typ C<\/td>\n<\/tr>\n<tr>\n<td>Zobrazit<\/td>\n<td>LED displej<\/td>\n<\/tr>\n<tr>\n<td>Velikost produktu<\/td>\n<td>43 x 110 mm<\/td>\n<\/tr>\n<tr>\n<td>Small Box Size<\/td>\n<td>55 x 30 x 100 mm<\/td>\n<\/tr>\n<tr>\n<td>Big Box Size<\/td>\n<td>159 x 109 x 102 mm<\/td>\n<\/tr>\n<tr>\n<td>Carton Size<\/td>\n<td>590 x 330 x 230 mm<\/td>\n<\/tr>\n<tr>\n<td>Carton Weight<\/td>\n<td>18kg (200pcs)<\/td>\n<\/tr>\n<\/table>\n<h3>Dostupn\u00e9 p\u0159\u00edchut\u011b<\/h3>\n<p>Dive into a burst of taste with our diverse flavor lineup:<br \/>Broskvov\u00fd ovocn\u00fd d\u017eus<br \/>R\u016f\u017eov\u00e1 limon\u00e1da<br \/>Ananas Mango Broskev<br \/>Jahodov\u00e9 kiwi<br \/>Hroznov\u00fd ryb\u00edz<br \/>Ananasov\u00fd kokosov\u00fd led<br \/>Jahodov\u00e1 zmrzlina<br \/>\u017dv\u00fdka\u010dka Lush Bubble Gum<br \/>Blue Razz Ice<br \/>Melounov\u00fd led<\/p>\n<h3>Why This Vape Stands Out<\/h3>\n<p>Seznamte se s <strong>Aivono AIM FREAK 13000<\/strong>\u2014where power meets portability! \ud83c\udf1f This beast delivers an insane 13,000 puffs without skimping on flavor quality. With its mesh coil, every draw is a taste adventure, rich, dense, and oh-so-satisfying. \ud83d\udca8 Whether you&#8217;re quitting cigs or chasing clouds, it&#8217;s tailor-made for reliability and smarts.<\/p>\n<p>Flexible nicotine levels (0% to a hearty 5%) mean you control the buzz, while fast Type-C recharging keeps it juiced up \u26a1 and ready for any moment. That handy LED display? Genius! You&#8217;ll always know your battery and juice stats at a glance. Compact size is key here\u2014slip it in your pocket and vape hassle-free anywhere. Plus, it&#8217;s built to last with quality materials, making it a top pick for vapers who crave convenience without compromises. \ud83d\ude0e Ready for a true all-rounder? This one&#8217;s it!<\/p>","protected":false},"excerpt":{"rendered":"<p>Objevte <strong>Aivono AIM FREAK 13000<\/strong>, a compact and powerful disposable vape delivering up to 13,000 puffs.<br \/>Obsahuje a <strong>C\u00edvka o velikosti ok 1,00<\/strong> for rich flavor and <strong>dob\u00edjec\u00ed baterie<\/strong> s nab\u00edjen\u00edm typu C.<\/p>","protected":false},"featured_media":23185,"comment_status":"open","ping_status":"closed","template":"","meta":[],"product_brand":[165],"product_cat":[951],"product_tag":[1368,1381,112,346,372,115],"class_list":{"0":"post-23191","1":"product","2":"type-product","3":"status-publish","4":"has-post-thumbnail","6":"product_brand-aivono","7":"product_cat-aivono","8":"product_tag-13000-puffs","9":"product_tag-aivono-aim-freak","10":"product_tag-disposable-vape","11":"product_tag-high-capacity-vape","12":"product_tag-mesh-coil","13":"product_tag-rechargeable-vape","15":"first","16":"instock","17":"sale","18":"shipping-taxable","19":"purchasable","20":"product-type-variable"},"jetpack_sharing_enabled":true,"tiered_pricing_type":"fixed","tiered_pricing_fixed_rules":[],"tiered_pricing_product_settings":{"layout":"default","base_unit_name":{"singular":null,"plural":null},"default_variation":null},"tiered_pricing_minimum_quantity":null,"tiered_pricing_roles_data":[],"tiered_pricing_percentage_rules":[],"tiered_pricing_maximum_quantity":null,"tiered_pricing_quantity_step":null,"_links":{"self":[{"href":"https:\/\/frvape.com\/cs\/wp-json\/wp\/v2\/product\/23191","targetHints":{"allow":["GET"]}}],"collection":[{"href":"https:\/\/frvape.com\/cs\/wp-json\/wp\/v2\/product"}],"about":[{"href":"https:\/\/frvape.com\/cs\/wp-json\/wp\/v2\/types\/product"}],"replies":[{"embeddable":true,"href":"https:\/\/frvape.com\/cs\/wp-json\/wp\/v2\/comments?post=23191"}],"wp:featuredmedia":[{"embeddable":true,"href":"https:\/\/frvape.com\/cs\/wp-json\/wp\/v2\/media\/23185"}],"wp:attachment":[{"href":"https:\/\/frvape.com\/cs\/wp-json\/wp\/v2\/media?parent=23191"}],"wp:term":[{"taxonomy":"product_brand","embeddable":true,"href":"https:\/\/frvape.com\/cs\/wp-json\/wp\/v2\/product_brand?post=23191"},{"taxonomy":"product_cat","embeddable":true,"href":"https:\/\/frvape.com\/cs\/wp-json\/wp\/v2\/product_cat?post=23191"},{"taxonomy":"product_tag","embeddable":true,"href":"https:\/\/frvape.com\/cs\/wp-json\/wp\/v2\/product_tag?post=23191"}],"curies":[{"name":"wp","href":"https:\/\/api.w.org\/{rel}","templated":true}]}}