{"id":2342,"date":"2025-10-12T03:19:45","date_gmt":"2025-10-12T03:19:45","guid":{"rendered":"https:\/\/frvape.com\/product\/jnr-hookah-mega-shisha-100000-premium-hookah-with-100k-puffs-customizable-airflow\/"},"modified":"2025-12-16T09:41:52","modified_gmt":"2025-12-16T09:41:52","slug":"jnr-hookah-mega-shisha-100000-premiova-vodni-dymka-se-100-000-puky-prizpusobitelny-prutok-vzduchu","status":"publish","type":"product","link":"https:\/\/frvape.com\/cs\/product\/jnr-hookah-mega-shisha-100000-premiova-vodni-dymka-se-100-000-puky-prizpusobitelny-prutok-vzduchu\/","title":{"rendered":"Vodn\u00ed d\u00fdmka Jnr Mega Shisha 100000: pr\u00e9miov\u00e1 vodn\u00ed d\u00fdmka se 100 tis\u00edci \u0161luky a p\u0159izp\u016fsobiteln\u00fdm pr\u016ftokem vzduchu"},"content":{"rendered":"<h3>P\u0159edstavujeme revolu\u010dn\u00ed vapingov\u00e9 za\u0159\u00edzen\u00ed<\/h3>\n<p>Zlep\u0161ete sv\u016fj z\u00e1\u017eitek s vodn\u00ed d\u00fdmkou Jnr Hookah Mega Shisha 100000, vysoce v\u00fdkonn\u00fdm za\u0159\u00edzen\u00edm navr\u017een\u00fdm pro v\u00fdjime\u010dn\u00e9 pohodl\u00ed a personalizaci. Tato vodn\u00ed d\u00fdmka poskytuje <strong>100 000 vdech\u016f<\/strong> na jedno napln\u011bn\u00ed, s mo\u017enost\u00ed volby s\u00edly nikotinu 0%, 2%, 3% nebo 5%, podle va\u0161ich preferenc\u00ed. Vyrobeno pomoc\u00ed pokro\u010dil\u00fdch technologi\u00ed, jako je nap\u0159. <strong>Inteligentn\u00ed nastaviteln\u00fd re\u017eim AI<\/strong>, prom\u011bn\u00ed ka\u017ed\u00e9 vapov\u00e1n\u00ed v dobrodru\u017estv\u00ed pln\u00e9 bohat\u00fdch chut\u00ed a hladk\u00fdch oblak\u016f p\u00e1ry. D\u00edky kompaktn\u00edm rozm\u011br\u016fm (70,2*70,2*143,2 mm) je p\u0159enosn\u00fd na doma i na cesty, zat\u00edmco robustn\u00ed materi\u00e1ly zaji\u0161\u0165uj\u00ed odolnost.<\/p>\n<h3>Specifikace produktu<\/h3>\n<p>Ka\u017ed\u00fd aspekt d\u00fdmky Jnr Hookah Mega je optimalizov\u00e1n pro v\u00fdkon a snadn\u00e9 pou\u017e\u00edv\u00e1n\u00ed:<br \/>&#8211; <strong>3D zak\u0159iven\u00e1 obrazovka<\/strong>: M\u00e1 \u017eiv\u00fd interaktivn\u00ed displej pro sledov\u00e1n\u00ed v re\u00e1ln\u00e9m \u010dase.<br \/>&#8211; <strong>Dvojit\u00e1 s\u00ed\u0165ov\u00e1 c\u00edvka<\/strong>: Zvy\u0161uje hustotu p\u00e1ry a \u010distotu chuti.<br \/>&#8211; <strong>Inteligentn\u00ed nastaviteln\u00fd re\u017eim AI<\/strong>: Technologie samou\u010den\u00ed p\u0159izp\u016fsobuje nastaven\u00ed pro optim\u00e1ln\u00ed z\u00e1sahy.<br \/>&#8211; <strong>Kapacita baterie 2200 mAh<\/strong>: Poskytuje trval\u00fd v\u00fdkon pro <strong>100 000 obl\u00e1\u010dk\u016f<\/strong> bez \u010dast\u00e9ho nab\u00edjen\u00ed.<br \/>&#8211; <strong>Kapacita 60 ml e-kapaliny<\/strong>: Velk\u00fd objem minimalizuje dopl\u0148ov\u00e1n\u00ed n\u00e1pln\u011b pro nep\u0159eru\u0161ovan\u00fd po\u017eitek.<br \/>&#8211; <strong>Rychl\u00e9 nab\u00edjen\u00ed typu C<\/strong>: Rychle se dob\u00edj\u00ed pro okam\u017eit\u00e9 pou\u017eit\u00ed.<br \/>&#8211; <strong>12 p\u0159\u00edchut\u00ed<\/strong>: Rozmanit\u00e1 nab\u00eddka, kter\u00e1 uspokoj\u00ed v\u0161echny chu\u0165ov\u00e9 preference.<\/p>\n<h3>Kl\u00ed\u010dov\u00e9 prodejn\u00ed body a pokro\u010dil\u00e9 funkce<\/h3>\n<p>Zlep\u0161ete sv\u00e9 sezen\u00ed pomoc\u00ed nejmodern\u011bj\u0161\u00edch inovac\u00ed:<br \/>&#8211; <strong>Kompatibilita stoln\u00edch vodn\u00edch d\u00fdmek<\/strong>: Bezprobl\u00e9mov\u011b kombinuje modern\u00ed pohodl\u00ed s tradi\u010dn\u00edm nastaven\u00edm vodn\u00ed d\u00fdmky, co\u017e zaji\u0161\u0165uje v\u0161estrannost.<br \/>&#8211; <strong>P\u0159izp\u016fsobiteln\u00e9 proud\u011bn\u00ed vzduchu<\/strong>: Nastaven\u00edm p\u0159\u00edvodu m\u016f\u017eete jemn\u011b doladit hustotu a intenzitu p\u00e1ry.<br \/>&#8211; <strong>DTL Vaping<\/strong>: Zku\u0161enosti <strong>P\u0159\u00edm\u00fd p\u0159enos do plic<\/strong> pro pln\u011bj\u0161\u00ed a hlub\u0161\u00ed chu\u0165, s <strong>V\u00fdstupn\u00ed v\u00fdkon 50 W<\/strong> pro konzistentn\u00ed mraky.<br \/>&#8211; <strong>D\u00fdch\u00e1n\u00ed sv\u011btla<\/strong>: Okoln\u00ed osv\u011btlen\u00ed se synchronizuje s va\u0161imi vdechy a dod\u00e1v\u00e1 jim dynamick\u00fd estetick\u00fd n\u00e1dech.<br \/>&#8211; <strong>Chytr\u00e1 obrazovka<\/strong>: P\u0159ehledn\u011b sleduje data za\u0159\u00edzen\u00ed pro informovanou kontrolu.<br \/>&#8211; <strong>Dvojit\u00fd n\u00e1ustek<\/strong>: Snadn\u00e9 sd\u00edlen\u00ed designu pro spole\u010densk\u00e1 setk\u00e1n\u00ed.<br \/>&#8211; <strong>Maxim\u00e1ln\u00ed doba vapov\u00e1n\u00ed 8 s<\/strong>: Umo\u017e\u0148uje del\u0161\u00ed \u010derp\u00e1n\u00ed bez p\u0159eru\u0161en\u00ed.<br \/>&#8211; <strong>Automatick\u00e1 ochrana p\u0159es\u010das\u016f<\/strong>: Chr\u00e1n\u00ed p\u0159ed p\u0159eh\u0159\u00e1t\u00edm a nadm\u011brn\u00fdm pou\u017e\u00edv\u00e1n\u00edm.<br \/>Jednotliv\u00e9 funkce se integruj\u00ed a vytv\u00e1\u0159ej\u00ed intuitivn\u00ed a luxusn\u00ed vaping vhodn\u00fd pro ka\u017edodenn\u00ed \u017eivot.<\/p>\n<h3>Objevte vynikaj\u00edc\u00ed mo\u017enosti chut\u00ed<\/h3>\n<p>Vychutnejte si \u0161irokou \u0161k\u00e1lu p\u0159\u00edchut\u00ed e-liquid\u016f, kter\u00e9 jsou p\u0159izp\u016fsobeny pro rozmanitost a osv\u011b\u017een\u00ed:<br \/>- Kiwi Passionfruit Guava<br \/>- Hroznov\u00e1 m\u00e1ta<br \/>- Kouzeln\u00e1 l\u00e1ska<br \/>- Mi Amor<br \/>- Havaj<br \/>- Jahodov\u00fd pun\u010d<br \/>- Lady Killa<br \/>- Bor\u016fvkov\u00fd led<br \/>- Dv\u011b jablka<br \/>- L\u00e1ska 66<br \/>- Broskvov\u00fd led<br \/>- Sv\u011b\u017e\u00ed led<br \/>Za\u0159\u00edzen\u00ed nab\u00edz\u00ed 12 r\u016fzn\u00fdch p\u0159\u00edchut\u00ed a umo\u017e\u0148uje snadn\u00e9 p\u0159ep\u00edn\u00e1n\u00ed, aby va\u0161e sezen\u00ed bylo st\u00e1le vzru\u0161uj\u00edc\u00ed a dynamick\u00e9.<\/p>\n<h3>V\u00fdkon a \u017eivotnost baterie<\/h3>\n<p>Spolehn\u011bte se na v\u00fdkonn\u00e9 <strong>2200mAh dob\u00edjec\u00ed baterie<\/strong> a <strong>Nab\u00edjen\u00ed typu C<\/strong> pro \u00fa\u010dinnou regeneraci bez \u010dek\u00e1n\u00ed. Tato kombinace podporuje dlouhodob\u00e9 pou\u017e\u00edv\u00e1n\u00ed a <strong>a\u017e 100 000 vdech\u016f<\/strong>, ide\u00e1ln\u00ed pro celodenn\u00ed sezen\u00ed. Kompaktn\u00ed profil ned\u011bl\u00e1 kompromisy v odolnosti, tak\u017ee je ide\u00e1ln\u00edm spole\u010dn\u00edkem pro jak\u00fdkoli \u017eivotn\u00ed styl.<\/p>\n<h3>Pro\u010d si vybrat vodn\u00ed d\u00fdmku Jnr Mega?<\/h3>\n<p>Investujte do \u0161pi\u010dkov\u00e9 kvality a inovac\u00ed - kde se pohodl\u00ed snoub\u00ed s d\u016fmyslnost\u00ed. Vodn\u00ed d\u00fdmka Jnr Hookah Mega Shisha 100000 vynik\u00e1 t\u011bmito vlastnostmi. <strong>kapacita nad\u00fdch\u00e1n\u00ed<\/strong>, <strong>bohatost chuti<\/strong>a n\u00e1vrh zam\u011b\u0159en\u00fd na u\u017eivatele. P\u0159ijm\u011bte snadn\u00e9 nastaven\u00ed, spolehliv\u00e1 ochrann\u00e1 opat\u0159en\u00ed, jako nap\u0159. <strong>automatick\u00e1 ochrana<\/strong>a ekologick\u00e9 dob\u00edjen\u00ed. Vychutnejte si bezkonkuren\u010dn\u00ed odolnost a v\u00fdkon a prom\u011b\u0148te ka\u017ed\u00fd vape v prvot\u0159\u00eddn\u00ed okam\u017eik po\u017eitku.<\/p>","protected":false},"excerpt":{"rendered":"<p>Objevte <strong>Vodn\u00ed d\u00fdmka Jnr Mega Shisha 100000<\/strong>, kter\u00e1 nab\u00edz\u00ed <strong>100 000 vdech\u016f<\/strong> a <strong>p\u0159izp\u016fsobiteln\u00e9 proud\u011bn\u00ed vzduchu<\/strong> pro individu\u00e1ln\u00ed sezen\u00ed.<br \/>Mezi funkce pat\u0159\u00ed <strong>Kapacita 60 ml e-liquidu<\/strong>, <strong>12 lahodn\u00fdch p\u0159\u00edchut\u00ed<\/strong>a <strong>DTL vaping<\/strong> s chytr\u00fdmi technologiemi.<br \/>Nap\u00e1jen\u00ed pomoc\u00ed <strong>2200mAh baterie<\/strong> a <strong>Rychl\u00e9 nab\u00edjen\u00ed typu C<\/strong>.<\/p>","protected":false},"featured_media":2336,"comment_status":"open","ping_status":"closed","template":"","meta":[],"product_brand":[88],"product_cat":[1089,1016],"product_tag":[163,343,339,341,342,340],"class_list":{"0":"post-2342","1":"product","2":"type-product","3":"status-publish","4":"has-post-thumbnail","6":"product_brand-jnr","7":"product_cat-jnr","8":"product_cat-big-puffs-vapes","9":"product_tag-adjustable-airflow","10":"product_tag-dtl-vaping","11":"product_tag-hookah","12":"product_tag-long-puff-capacity","13":"product_tag-rechargeable-battery","14":"product_tag-vaping-device","16":"first","17":"instock","18":"sale","19":"shipping-taxable","20":"purchasable","21":"product-type-variable"},"jetpack_sharing_enabled":true,"tiered_pricing_type":"fixed","tiered_pricing_fixed_rules":[],"tiered_pricing_product_settings":{"layout":"default","base_unit_name":{"singular":null,"plural":null},"default_variation":null},"tiered_pricing_minimum_quantity":null,"tiered_pricing_roles_data":[],"tiered_pricing_percentage_rules":[],"tiered_pricing_maximum_quantity":null,"tiered_pricing_quantity_step":null,"_links":{"self":[{"href":"https:\/\/frvape.com\/cs\/wp-json\/wp\/v2\/product\/2342","targetHints":{"allow":["GET"]}}],"collection":[{"href":"https:\/\/frvape.com\/cs\/wp-json\/wp\/v2\/product"}],"about":[{"href":"https:\/\/frvape.com\/cs\/wp-json\/wp\/v2\/types\/product"}],"replies":[{"embeddable":true,"href":"https:\/\/frvape.com\/cs\/wp-json\/wp\/v2\/comments?post=2342"}],"wp:featuredmedia":[{"embeddable":true,"href":"https:\/\/frvape.com\/cs\/wp-json\/wp\/v2\/media\/2336"}],"wp:attachment":[{"href":"https:\/\/frvape.com\/cs\/wp-json\/wp\/v2\/media?parent=2342"}],"wp:term":[{"taxonomy":"product_brand","embeddable":true,"href":"https:\/\/frvape.com\/cs\/wp-json\/wp\/v2\/product_brand?post=2342"},{"taxonomy":"product_cat","embeddable":true,"href":"https:\/\/frvape.com\/cs\/wp-json\/wp\/v2\/product_cat?post=2342"},{"taxonomy":"product_tag","embeddable":true,"href":"https:\/\/frvape.com\/cs\/wp-json\/wp\/v2\/product_tag?post=2342"}],"curies":[{"name":"wp","href":"https:\/\/api.w.org\/{rel}","templated":true}]}}