{"id":2697,"date":"2025-10-12T03:54:42","date_gmt":"2025-10-12T03:54:42","guid":{"rendered":"https:\/\/frvape.com\/product\/razz-bar-40000-puff-disposable-vape-rechargeable-dual-flavor-device\/"},"modified":"2025-12-16T08:45:39","modified_gmt":"2025-12-16T08:45:39","slug":"razz-bar-40000-puff-jednorazove-vape-dobijeci-dualni-chut-zarizeni","status":"publish","type":"product","link":"https:\/\/frvape.com\/cs\/product\/razz-bar-40000-puff-jednorazove-vape-dobijeci-dualni-chut-zarizeni\/","title":{"rendered":"Razz Bar 40000 Puff Disposable Vape - dob\u00edjec\u00ed za\u0159\u00edzen\u00ed s dvojitou p\u0159\u00edchut\u00ed"},"content":{"rendered":"<h3>Bezkonkuren\u010dn\u00ed v\u00fddr\u017e p\u0159i vapingu<\/h3>\n<p>P\u0159elomov\u00fd <strong>Razz Bar 40000 puff<\/strong> jednor\u00e1zov\u00fd vape nov\u011b definuje dlouhou \u017eivotnost jednor\u00e1zov\u00fdch za\u0159\u00edzen\u00ed. Tento revolu\u010dn\u00ed v\u00fdrobek, kter\u00fd je navr\u017een s obrovskou kapacitou e-d\u017eus\u016f a z\u00e1rove\u0148 si zachov\u00e1v\u00e1 kapesn\u00ed p\u0159enosnost, poskytuje 40 000 uspokojiv\u00fdch potah\u016f na jednotku - co\u017e p\u0159ekon\u00e1v\u00e1 standardn\u00ed jednor\u00e1zov\u00e9 vapery a\u017e o 400%. Navzdory mimo\u0159\u00e1dn\u00fdm schopnostem zaji\u0161\u0165uje na\u0161e ergonomick\u00e1 konstrukce pohodln\u00e9 ka\u017edodenn\u00ed no\u0161en\u00ed bez zbyte\u010dn\u011b velk\u00e9 hmotnosti.<\/p>\n<h3>Pokro\u010dil\u00e9 inovace s dvoj\u00ed chut\u00ed<\/h3>\n<p>Za\u017eijte dokonalou chu\u0165 s na\u0161\u00edm pr\u016fkopnick\u00fdm <strong>du\u00e1ln\u00ed n\u00e1dr\u017e se s\u00ed\u0165ovou c\u00edvkou<\/strong> syst\u00e9m. Tato \u0161pi\u010dkov\u00e1 technologie odd\u011bluje dv\u011b odli\u0161n\u00e9 oblasti. <strong>e-liquid<\/strong> profily v izolovan\u00fdch komor\u00e1ch, kter\u00e9 se aktivuj\u00ed st\u0159\u00eddav\u011b p\u0159i ka\u017ed\u00e9m \u0161luknut\u00ed a vytv\u00e1\u0159ej\u00ed tak \u017eiv\u00e9 kombinace chut\u00ed. Vysoce v\u00fdkonn\u00e9 s\u00ed\u0165ov\u00e9 spir\u00e1lky atomizuj\u00ed e-d\u017eus p\u0159i optim\u00e1ln\u00edch teplot\u00e1ch, \u010d\u00edm\u017e uvol\u0148uj\u00ed neb\u00fdvale \u010distou chu\u0165 a bohatou p\u00e1ru a z\u00e1rove\u0148 eliminuj\u00ed such\u00e9 n\u00e1razy.<\/p>\n<h3>S\u00edla, kter\u00e1 pokra\u010duje<\/h3>\n<p>U\u017e nikdy se nesetk\u00e1te s frustrac\u00ed z vybit\u00fdch bateri\u00ed! Na\u0161e integrovan\u00e1 <strong>Nab\u00edjec\u00ed kapacita 650 mAh<\/strong> lithiov\u00e1 baterie udr\u017euje konzistentn\u00ed dod\u00e1vku energie po celou dobu 40 000 \u0161luk\u016f. Pohodln\u00fd <strong>Typ C<\/strong> Rychlonab\u00edjec\u00ed port USB umo\u017e\u0148uje pln\u00e9 dobit\u00ed za m\u00e9n\u011b ne\u017e 60 minut a nab\u00edz\u00ed skute\u010dn\u00e9 pohodl\u00ed pro mobiln\u00ed \u017eivotn\u00ed styl.<\/p>\n<h3>Sb\u00edrky vynikaj\u00edc\u00edch chut\u00ed<\/h3>\n<p>Dop\u0159ejte si na\u0161i pr\u00e9miovou nab\u00eddku 10 kombinac\u00ed dvou chut\u00ed pro vyt\u0159\u00edben\u00e9 chu\u0165ov\u00e9 bu\u0148ky:<\/p>\n<p>Sm\u00ed\u0161en\u00e9 bobule \/ melounov\u00fd led<br \/>Bor\u016fvkov\u00fd led \/ Love 66<br \/>Blue Razz Ice \/ Strawberry Watermelon Bubble Gum<br \/>Lemon Lime \/ Lush Ice<br \/>Jahodov\u00e1 zmrzlina \/ Sm\u00ed\u0161en\u00e9 bobule<br \/>Jahodov\u00fd meloun \/ hroznov\u00fd led<br \/>Broskvov\u00fd led \/ bor\u016fvkov\u00fd led<br \/>Melounov\u00fd led \/ Cola Ice<br \/>Jahodov\u00fd ban\u00e1n \/ Red Bull Ice<br \/>Jahoda Kiwi \/ Bor\u016fvka Kysel\u00e1 malina<\/p>\n<h3>Specifikace Premium<\/h3>\n<p>Ka\u017ed\u00fd <strong>Razz Bar 40000<\/strong> je p\u0159esn\u011b navr\u017een s: Kapacita 40 000 konstantn\u00edch \u0161luk\u016f; vysok\u00fd v\u00fdkon 650 mAh. <strong>dob\u00edjec\u00ed baterie<\/strong>; Propriet\u00e1rn\u00ed <strong>s\u00ed\u0165ov\u00e1 c\u00edvka<\/strong> syst\u00e9m dvou n\u00e1dr\u017eek; univerz\u00e1ln\u00ed nab\u00edjen\u00ed typu C; kompaktn\u00ed a p\u0159esto vysokokapacitn\u00ed \u0161asi; v\u00edce sil nikotinu (2% a 5%) pro individu\u00e1ln\u00ed uspokojen\u00ed; velkoobjemov\u00e9 kartonov\u00e9 balen\u00ed (200 kus\u016f\/karton) pro komer\u010dn\u00ed klientelu.<\/p>\n<h3>Z\u00e1vazek k dokonalosti<\/h3>\n<p>Jako inov\u00e1to\u0159i od roku 2017, <strong>Razz bar vape<\/strong> v\u011bnuje sv\u00e9 odborn\u00e9 znalosti vytv\u00e1\u0159en\u00ed vynikaj\u00edc\u00edch <strong>elektronick\u00e1 cigareta<\/strong> z\u00e1\u017eitky pro vyt\u0159\u00edben\u00e9 dosp\u011bl\u00e9 vapery. Kombinujeme pr\u00e9miov\u00e9 p\u0159\u00edchut\u011b s bezkonkuren\u010dn\u00edm pohodl\u00edm prost\u0159ednictv\u00edm na\u0161ich <strong>jednor\u00e1zov\u00e9 vape<\/strong> technologie, kter\u00e1 p\u0159in\u00e1\u0161\u00ed \u0159e\u0161en\u00ed \u0161etrn\u00e1 ke kapse, ani\u017e by byla ohro\u017eena hustota cloudu nebo autenti\u010dnost chuti. N\u00e1\u0161 pe\u010dliv\u00fd v\u00fdrobn\u00ed proces zaru\u010duje, \u017ee ka\u017ed\u00e9 za\u0159\u00edzen\u00ed spl\u0148uje p\u0159\u00edsn\u00e9 normy kvality.<\/p>\n<h3>Filozofie designu zam\u011b\u0159en\u00e9ho na u\u017eivatele<\/h3>\n<p>Na str\u00e1nk\u00e1ch <strong>Bar Razz 40K<\/strong> je p\u0159\u00edkladem bezprobl\u00e9mov\u00e9ho vapov\u00e1n\u00ed d\u00edky intuitivn\u00edmu mechanismu aktivovan\u00e9mu potahov\u00e1n\u00edm - sta\u010d\u00ed jen vdechnout a okam\u017eit\u011b si vychutnat bohatou p\u00e1ru. Konstrukce odoln\u00e1 proti \u00faniku a optimalizovan\u00fd pr\u016ftok vzduchu zaji\u0161\u0165uj\u00ed bezprobl\u00e9mov\u00fd v\u00fdkon za v\u0161ech podm\u00ednek. Toto mistrovsk\u00e9 d\u00edlo je ide\u00e1ln\u00ed pro nov\u00e1\u010dky i zku\u0161en\u00e9 nad\u0161ence v oblasti vapingu, proto\u017ee eliminuje v\u00fdm\u011bnu spir\u00e1lek, dopl\u0148ov\u00e1n\u00ed a technick\u00e9 komplikace a z\u00e1rove\u0148 poskytuje prvot\u0159\u00eddn\u00ed uspokojen\u00ed.<\/p>\n<p>Zlep\u0161ete ka\u017ed\u00fd okam\u017eik vapingu s na\u0161\u00edm promy\u0161len\u00fdm produktem. Integrac\u00ed <strong>dob\u00edjec\u00ed<\/strong> funk\u010dnost v jednor\u00e1zov\u00e9m form\u00e1tu, jsme vytvo\u0159ili ekonomicky a ekologicky nejvyv\u00e1\u017een\u011bj\u0161\u00ed \u0159e\u0161en\u00ed na trhu. Na <strong>40000 puff<\/strong> kapacita v\u00fdrazn\u011b sni\u017euje fluktuaci za\u0159\u00edzen\u00ed, zat\u00edmco dostupn\u00e1 cena \u010din\u00ed luxusn\u00ed vaping skute\u010dn\u011b demokratick\u00fdm.<\/p>","protected":false},"excerpt":{"rendered":"<p>Za\u017eijte dlouhotrvaj\u00edc\u00ed vaping s p\u0159\u00edstrojem <strong>Razz Bar 40000 Puff<\/strong> jednor\u00e1zov\u00fd vape. Obsahuje <strong>dob\u00edjec\u00ed<\/strong> 650mAh baterie, inovativn\u00ed <strong>du\u00e1ln\u00ed n\u00e1dr\u017e se s\u00ed\u0165ovou c\u00edvkou<\/strong>a 10 l\u00e1kav\u00fdch mo\u017enost\u00ed s dvojitou p\u0159\u00edchut\u00ed.<br \/>Vychutnejte si \u0161pi\u010dkov\u00e9 \u0161luky v p\u0159enosn\u00e9m proveden\u00ed s <strong>Typ C<\/strong> nab\u00edjen\u00ed.<\/p>","protected":false},"featured_media":2692,"comment_status":"open","ping_status":"closed","template":"","meta":[],"product_brand":[70],"product_cat":[893],"product_tag":[363,365,364,77,362,75],"class_list":{"0":"post-2697","1":"product","2":"type-product","3":"status-publish","4":"has-post-thumbnail","6":"product_brand-razzbar","7":"product_cat-razzbar","8":"product_tag-40000-puff-vape","9":"product_tag-650mah-vape","10":"product_tag-dual-flavor-vape-kit","11":"product_tag-mesh-coil-vape","12":"product_tag-razz-bar-40000-puff","13":"product_tag-rechargeable-disposable-vape","15":"first","16":"instock","17":"sale","18":"shipping-taxable","19":"purchasable","20":"product-type-variable"},"jetpack_sharing_enabled":true,"tiered_pricing_type":"fixed","tiered_pricing_fixed_rules":[],"tiered_pricing_product_settings":{"layout":"default","base_unit_name":{"singular":null,"plural":null},"default_variation":null},"tiered_pricing_minimum_quantity":null,"tiered_pricing_roles_data":[],"tiered_pricing_percentage_rules":[],"tiered_pricing_maximum_quantity":null,"tiered_pricing_quantity_step":null,"_links":{"self":[{"href":"https:\/\/frvape.com\/cs\/wp-json\/wp\/v2\/product\/2697","targetHints":{"allow":["GET"]}}],"collection":[{"href":"https:\/\/frvape.com\/cs\/wp-json\/wp\/v2\/product"}],"about":[{"href":"https:\/\/frvape.com\/cs\/wp-json\/wp\/v2\/types\/product"}],"replies":[{"embeddable":true,"href":"https:\/\/frvape.com\/cs\/wp-json\/wp\/v2\/comments?post=2697"}],"wp:featuredmedia":[{"embeddable":true,"href":"https:\/\/frvape.com\/cs\/wp-json\/wp\/v2\/media\/2692"}],"wp:attachment":[{"href":"https:\/\/frvape.com\/cs\/wp-json\/wp\/v2\/media?parent=2697"}],"wp:term":[{"taxonomy":"product_brand","embeddable":true,"href":"https:\/\/frvape.com\/cs\/wp-json\/wp\/v2\/product_brand?post=2697"},{"taxonomy":"product_cat","embeddable":true,"href":"https:\/\/frvape.com\/cs\/wp-json\/wp\/v2\/product_cat?post=2697"},{"taxonomy":"product_tag","embeddable":true,"href":"https:\/\/frvape.com\/cs\/wp-json\/wp\/v2\/product_tag?post=2697"}],"curies":[{"name":"wp","href":"https:\/\/api.w.org\/{rel}","templated":true}]}}