{"id":2726,"date":"2025-10-12T03:56:51","date_gmt":"2025-10-12T03:56:51","guid":{"rendered":"https:\/\/frvape.com\/product\/elfbox-ls15000-disposable-vape-15000-puffs-mesh-coil-rechargeable-device\/"},"modified":"2025-11-03T05:34:03","modified_gmt":"2025-11-03T05:34:03","slug":"elfbox-ls15000-jednorazovy-vape-15000-puffs-mesh-coil-dobijeci-zarizeni","status":"publish","type":"product","link":"https:\/\/frvape.com\/cs\/product\/elfbox-ls15000-jednorazovy-vape-15000-puffs-mesh-coil-dobijeci-zarizeni\/","title":{"rendered":"Elfbox LS15000 Vape na jedno pou\u017eit\u00ed - 15000 \u0161luk\u016f, s\u00ed\u0165ov\u00e1 c\u00edvka, dob\u00edjec\u00ed za\u0159\u00edzen\u00ed"},"content":{"rendered":"<h3>Pr\u00e9miov\u00fd jednor\u00e1zov\u00fd vaping v nov\u00e9m pojet\u00ed<\/h3>\n<p>Na str\u00e1nk\u00e1ch <strong>ELF BOX LS15000<\/strong> nastavuje nov\u00e9 standardy pro jednor\u00e1zov\u00e1 vape pera a kombinuje luxus se \u0161pi\u010dkov\u00fdm v\u00fdkonem. Vyzna\u010duje se n\u00e1dhern\u00fdm k\u0159i\u0161\u0165\u00e1lov\u00fdm designem a <strong>15 000 vdech\u016f<\/strong> Kapacita tohoto za\u0159\u00edzen\u00ed poskytuje dokonal\u00fd z\u00e1\u017eitek z vapingu jak pro p\u0159\u00edle\u017eitostn\u00e9 u\u017eivatele, tak pro nad\u0161ence. Jeho pe\u010dliv\u011b zpracovan\u00fd exteri\u00e9r nen\u00ed jen poutav\u00fd - odoln\u00e1 konstrukce vydr\u017e\u00ed ka\u017edodenn\u00ed pou\u017e\u00edv\u00e1n\u00ed a z\u00e1rove\u0148 si zachov\u00e1v\u00e1 prvot\u0159\u00eddn\u00ed estetiku, kter\u00e1 pozvedne va\u0161i cestu za vapingem.<\/p>\n<h3>Pokro\u010dil\u00e9 technologick\u00e9 inovace<\/h3>\n<p>J\u00e1dro <strong>Elfbox LS15000<\/strong> spo\u010d\u00edv\u00e1 v jeho revolu\u010dnosti <strong>0,6ohmov\u00e1 s\u00ed\u0165ov\u00e1 c\u00edvka<\/strong>, navr\u017een\u00fd tak, aby z va\u0161eho e-liquidu vyt\u00e1hl ka\u017edou nuanci chuti. Tento d\u016fmysln\u00fd \u017ehavic\u00ed syst\u00e9m vytv\u00e1\u0159\u00ed v\u00fdjime\u010dn\u011b bohatou p\u00e1ru s bezkonkuren\u010dn\u00ed konzistenc\u00ed od prvn\u00edho potahu a\u017e po posledn\u00ed. Nap\u00e1jen\u00ed je zaji\u0161t\u011bno pomoc\u00ed zna\u010dn\u00e9ho <strong>Baterie s kapacitou 600 mAh<\/strong> s <strong>Rychl\u00e9 nab\u00edjen\u00ed typu C<\/strong>, u\u017eijte si minim\u00e1ln\u00ed prostoje a maxim\u00e1ln\u00ed po\u010det vapingov\u00fdch sezen\u00ed mezi jednotliv\u00fdmi nabit\u00edmi. Inteligentn\u00ed \u010dipov\u00e1 sada monitoruje v\u00fdstup a zaru\u010duje tak stabilitu chuti po celou dobu \u017eivotnosti za\u0159\u00edzen\u00ed.<\/p>\n<h3>R\u016fzn\u00e9 mo\u017enosti nikotinu<\/h3>\n<p>P\u0159izp\u016fsobte si sv\u016fj z\u00e1\u017eitek d\u00edky flexibiln\u00ed s\u00edle nikotinu: <strong>0%<\/strong> pro po\u017eitek bez nikotinu, <strong>2%<\/strong> pro m\u00edrnou spokojenost nebo <strong>5%<\/strong> pro intenzivn\u00ed z\u00e1sah do hrdla. Tato \u0159ada vyhovuje v\u0161em preferenc\u00edm - a\u0165 u\u017e p\u0159ech\u00e1z\u00edte od kou\u0159en\u00ed, sni\u017eujete p\u0159\u00edjem nikotinu, nebo hled\u00e1te siln\u00e9 uspokojen\u00ed bez kompromis\u016f. Ka\u017ed\u00e1 varianta obsahuje <strong>26 ml<\/strong> e-liquidu pr\u00e9miov\u00e9 kvality, kter\u00fd je p\u0159esn\u011b ur\u010den pro syst\u00e9m mesh spir\u00e1lek.<\/p>\n<h3>Vynikaj\u00edc\u00ed v\u00fdb\u011br chut\u00ed<\/h3>\n<p>Objevte svou dokonalou kombinaci s na\u0161imi gurm\u00e1nsk\u00fdmi chu\u0165ov\u00fdmi profily:<\/p>\n<ul>\n<li><strong>Mango Banana<\/strong> - Tropick\u00e9 spojen\u00ed zral\u00e9ho manga a kr\u00e9mov\u00fdch ban\u00e1n\u016f<\/li>\n<li><strong>Kiwi a mu\u010denka<\/strong> - Pikantn\u00ed exotick\u00e1 sm\u011bs<\/li>\n<li><strong>Jahodov\u00fd meloun<\/strong> - V\u00fdbuch letn\u00ed sladkosti<\/li>\n<li><strong>Hroznov\u00fd led<\/strong> - \u0160\u0165avnat\u00e9 hrozny s chladiv\u00fdm z\u00e1v\u011brem<\/li>\n<li><strong>Jahodov\u00e1 zmrzlina<\/strong> - Klasick\u00e9 bobule se setk\u00e1vaj\u00ed s mraziv\u00fdm mentolem<\/li>\n<li><strong>Ostru\u017einov\u00fd led<\/strong> - V\u00fdrazn\u00e9 bobule s ledov\u00fdm n\u00e1dechem<\/li>\n<li><strong>Jahodov\u00e9 kiwi<\/strong> - \u017div\u00e1 harmonie dvou druh\u016f ovoce<\/li>\n<li><strong>Bor\u016fvka na ledu<\/strong> - Chladn\u00fd bor\u016fvkov\u00fd pocit<\/li>\n<li><strong>Melounov\u00fd led<\/strong> - Hydrata\u010dn\u00ed chladiv\u00e9 pot\u011b\u0161en\u00ed<\/li>\n<li><strong>Limon\u00e1da Blue Razz<\/strong> - Trpk\u00e9 a osv\u011b\u017euj\u00edc\u00ed n\u00e1poje inspirovan\u00e9 n\u00e1poji<\/li>\n<li><strong>Sm\u00ed\u0161en\u00e9 bobule<\/strong> - Komplexn\u00ed sm\u011bs bobul\u00ed<\/li>\n<li><strong>Broskev Mango Ananas<\/strong> - Trojice na slunci vyzr\u00e1l\u00fdch trop\u016f<\/li>\n<\/ul>\n<h3>Specifikace p\u0159esn\u00e9ho stroj\u00edrenstv\u00ed<\/h3>\n<p>Ka\u017ed\u00fd rozm\u011br je optimalizov\u00e1n pro v\u00fdkon: <strong>124,5*31,5 mm<\/strong> kompaktn\u00ed velikost s hmotnost\u00ed pouh\u00fdch <strong>91g<\/strong> diskr\u00e9tn\u011b padne do ruky. Podstatn\u00e9 <strong>26ml eD\u017eusu<\/strong> n\u00e1dr\u017e ve spojen\u00ed s <strong>technologie s\u00ed\u0165ov\u00e9 c\u00edvky<\/strong> zaji\u0161\u0165uje 15 000 st\u00e1l\u00fdch pot\u00e1hnut\u00ed. Robustn\u00ed, ale elegantn\u00ed konstrukce ukr\u00fdv\u00e1 v\u00fdkonn\u00fd <strong>Dob\u00edjec\u00ed baterie s kapacitou 600 mAh<\/strong> s <strong>Typ C<\/strong> pohodl\u00ed pro univerz\u00e1ln\u00ed kompatibilitu nab\u00edjen\u00ed. Promy\u0161len\u00fd design proud\u011bn\u00ed vzduchu vyva\u017euje hustotu p\u00e1ry s plynulou aktivac\u00ed potahu.<\/p>\n<h3>Velkoobchodn\u00ed balen\u00ed Podrobnosti<\/h3>\n<p>Ide\u00e1ln\u00ed pro maloobchodn\u00edky a distributory: Kompaktn\u00ed p\u0159epravn\u00ed kartony (<strong>410*405*297 mm<\/strong>, <strong>20,5 kg<\/strong>) obsahuj\u00ed <strong>200 jednotek<\/strong> na jeden hlavn\u00ed kufr s bezpe\u010dn\u00fdmi vnit\u0159n\u00edmi boxy <strong>10 za\u0159\u00edzen\u00ed<\/strong> ka\u017ed\u00fd z nich. Balen\u00ed p\u0159ipraven\u00e9 k ulo\u017een\u00ed p\u0159edv\u00e1d\u00ed <strong>Elfbox LS15000<\/strong> krystalick\u00fd design prost\u0159ednictv\u00edm ochrann\u00e9 v\u00fdlohy. Optimalizovan\u00e9 rozm\u011bry maximalizuj\u00ed efektivitu skladov\u00e1n\u00ed a z\u00e1rove\u0148 minimalizuj\u00ed n\u00e1klady na p\u0159epravu.<\/p>\n<h3>Nejdokonalej\u0161\u00ed spole\u010dn\u00edk pro vaping<\/h3>\n<p>Na str\u00e1nk\u00e1ch <strong>ELF BOX LS15000<\/strong> p\u0159edstavuje z\u00e1sadn\u00ed skok v <strong>jednor\u00e1zov\u00e1 technologie vape<\/strong>. Kombinace \u00fa\u017easn\u00e9 kapacity pufov\u00e1n\u00ed s <strong>Nab\u00edjen\u00ed typu C<\/strong> prakti\u010dnost a <strong>s\u00ed\u0165ov\u00e1 c\u00edvka<\/strong> vynikaj\u00edc\u00ed chu\u0165, \u010din\u00ed tradi\u010dn\u00ed jednor\u00e1zov\u00e9 v\u00fdrobky zastaral\u00fdmi. Ka\u017ed\u00fd prvek, od estetick\u00e9ho vzhledu inspirovan\u00e9ho k\u0159i\u0161\u0165\u00e1lem a\u017e po pe\u010dliv\u011b navr\u017eenou produkci p\u00e1ry, je ur\u010den pro n\u00e1ro\u010dn\u00e9 vapery. Nekompromisn\u00ed v\u00fdkon se snoub\u00ed s prodlou\u017eenou dobou trv\u00e1n\u00ed - LS15000 p\u0159in\u00e1\u0161\u00ed prvot\u0159\u00eddn\u00ed uspokojen\u00ed bez opakov\u00e1n\u00ed, co\u017e z n\u011bj \u010din\u00ed vynikaj\u00edc\u00ed osobn\u00ed za\u0159\u00edzen\u00ed i lukrativn\u00ed velkoobchodn\u00ed produkt.<\/p>","protected":false},"excerpt":{"rendered":"<p>Vyzkou\u0161ejte pr\u00e9miov\u00e9 <strong>Elfbox LS15000<\/strong> <strong>jednor\u00e1zov\u00e9 vape<\/strong> s <strong>15 000 vdech\u016f<\/strong>, pro pokro\u010dil\u00e9 <strong>technologie s\u00ed\u0165ov\u00e9 c\u00edvky<\/strong>, rychl\u00e9 nab\u00edjen\u00ed typu C a kapacita 26 ml e-liquidu. K dispozici v sil\u00e1ch nikotinu 0%\/2%\/5%.<\/p>","protected":false},"featured_media":2720,"comment_status":"open","ping_status":"closed","template":"","meta":[],"product_brand":[206],"product_cat":[1017,207],"product_tag":[367,366,86,103,271,368],"class_list":{"0":"post-2726","1":"product","2":"type-product","3":"status-publish","4":"has-post-thumbnail","6":"product_brand-elfbox","7":"product_cat-crystal-vapes","8":"product_cat-elfbox-vape","9":"product_tag-15000-puff-vape","10":"product_tag-elfbox-ls15000","11":"product_tag-mesh-coil-disposable","12":"product_tag-rechargeable-e-cigarette","13":"product_tag-type-c-vape","14":"product_tag-wholesale-vapes","16":"first","17":"instock","18":"sale","19":"shipping-taxable","20":"purchasable","21":"product-type-variable"},"jetpack_sharing_enabled":true,"tiered_pricing_type":"fixed","tiered_pricing_fixed_rules":[],"tiered_pricing_product_settings":{"layout":"default","base_unit_name":{"singular":null,"plural":null},"default_variation":null},"tiered_pricing_minimum_quantity":null,"tiered_pricing_roles_data":[],"tiered_pricing_percentage_rules":[],"tiered_pricing_maximum_quantity":null,"tiered_pricing_quantity_step":null,"_links":{"self":[{"href":"https:\/\/frvape.com\/cs\/wp-json\/wp\/v2\/product\/2726","targetHints":{"allow":["GET"]}}],"collection":[{"href":"https:\/\/frvape.com\/cs\/wp-json\/wp\/v2\/product"}],"about":[{"href":"https:\/\/frvape.com\/cs\/wp-json\/wp\/v2\/types\/product"}],"replies":[{"embeddable":true,"href":"https:\/\/frvape.com\/cs\/wp-json\/wp\/v2\/comments?post=2726"}],"wp:featuredmedia":[{"embeddable":true,"href":"https:\/\/frvape.com\/cs\/wp-json\/wp\/v2\/media\/2720"}],"wp:attachment":[{"href":"https:\/\/frvape.com\/cs\/wp-json\/wp\/v2\/media?parent=2726"}],"wp:term":[{"taxonomy":"product_brand","embeddable":true,"href":"https:\/\/frvape.com\/cs\/wp-json\/wp\/v2\/product_brand?post=2726"},{"taxonomy":"product_cat","embeddable":true,"href":"https:\/\/frvape.com\/cs\/wp-json\/wp\/v2\/product_cat?post=2726"},{"taxonomy":"product_tag","embeddable":true,"href":"https:\/\/frvape.com\/cs\/wp-json\/wp\/v2\/product_tag?post=2726"}],"curies":[{"name":"wp","href":"https:\/\/api.w.org\/{rel}","templated":true}]}}