{"id":3082,"date":"2025-10-12T04:30:40","date_gmt":"2025-10-12T04:30:40","guid":{"rendered":"https:\/\/frvape.com\/product\/uwin-crystal-twins-40000-disposable-vape-long-lasting-rechargeable\/"},"modified":"2025-11-04T01:53:24","modified_gmt":"2025-11-04T01:53:24","slug":"uwin-crystal-twins-40000-jednorazove-vape-dlouhotrvajici-dobijeci","status":"publish","type":"product","link":"https:\/\/frvape.com\/cs\/product\/uwin-crystal-twins-40000-jednorazove-vape-dlouhotrvajici-dobijeci\/","title":{"rendered":"Uwin Crystal Twins 40000 Vape na jedno pou\u017eit\u00ed | Dlouhotrvaj\u00edc\u00ed a dob\u00edjec\u00ed baterie"},"content":{"rendered":"<h3>P\u0159edstavujeme jednor\u00e1zov\u00fd vape Uwin Crystal Twins 40000<\/h3>\n<p>Vstupte do sv\u011bta pr\u00e9miov\u00e9ho vapingu se za\u0159\u00edzen\u00edm <strong>Uwin Crystal Twins 40000<\/strong>, navr\u017een\u00fd tak, aby poskytoval <strong>40 000 obl\u00e1\u010dk\u016f<\/strong> \u010dist\u00e9ho po\u017eitku. Toto inovativn\u00ed za\u0159\u00edzen\u00ed zaji\u0161\u0165uje prodlou\u017een\u00fd a bohat\u00fd chu\u0165ov\u00fd z\u00e1\u017eitek p\u0159i ka\u017ed\u00e9m vdechnut\u00ed a kombinuje vizu\u00e1ln\u011b n\u00e1padn\u00fd kovov\u00fd lesk a hladk\u00fd akrylov\u00fd povrch pro skute\u010dn\u011b vyt\u0159\u00edben\u00fd smyslov\u00fd z\u00e1\u017eitek. Jeho <strong>dob\u00edjec\u00ed<\/strong> prost\u0159ednictv\u00edm portu typu C poskytuje dlouhotrvaj\u00edc\u00ed v\u00fdkon, tak\u017ee je ide\u00e1ln\u00ed pro nad\u0161ence, kte\u0159\u00ed hledaj\u00ed uspokojen\u00ed p\u0159i ka\u017edodenn\u00edm vapingu.<\/p>\n<h3>Bezkonkuren\u010dn\u00ed v\u00fdkon a specifikace<\/h3>\n<p>Na str\u00e1nk\u00e1ch <strong>Uwin Crystal Twins 40000<\/strong> je zkonstruov\u00e1n s vyu\u017eit\u00edm nejmodern\u011bj\u0161\u00edch technologi\u00ed, kter\u00e9 v\u00e1m zp\u0159\u00edjemn\u00ed vapov\u00e1n\u00ed. Mezi hlavn\u00ed specifikace pat\u0159\u00ed obrovsk\u00fd po\u010det \u0161luk\u016f <strong>40,000<\/strong>, co\u017e zaru\u010duje dlouh\u00e9 t\u00fddny po\u017eitku bez neust\u00e1l\u00fdch v\u00fdm\u011bn. P\u0159\u00edstroj m\u00e1 zna\u010dnou kapacitu <strong>32 ml<\/strong> kapacitu e-liquidu a je vybaven v\u00fdkonn\u00fdm <strong>Baterie s kapacitou 850 mAh<\/strong> s optimalizac\u00ed kobaltu pro \u00fa\u010dinn\u00e9 a rychl\u00e9 nab\u00edjen\u00ed. S pokro\u010dilou <strong>s\u00ed\u0165ov\u00e1 c\u00edvka<\/strong> p\u0159in\u00e1\u0161\u00ed intenzivn\u00ed chu\u0165ovou konzistenci ka\u017ed\u00e9ho \u0161luku a pohodln\u00fd v\u00fddej. <strong>indik\u00e1tor v\u00fdkonu oleje<\/strong> aby se zabr\u00e1nilo vyb\u011bhnut\u00ed. Je ide\u00e1ln\u00ed pro nov\u00e9 u\u017eivatele i vapery, proto\u017ee podporuje r\u016fzn\u00e9 s\u00edly nikotinu pro individu\u00e1ln\u00ed z\u00e1\u017eitky.<\/p>\n<h3>V\u0161estrann\u00e9 p\u0159\u00edchut\u011b pro ka\u017edou p\u0159\u00edle\u017eitost k vapingu<\/h3>\n<p><p>Zp\u0159\u00edjemn\u011bte si chv\u00edle vapingu s na\u0161\u00ed rozmanitou nab\u00eddkou <strong>20 l\u00e1kav\u00fdch p\u0159\u00edchut\u00ed<\/strong>, zabalen\u00e9 v designu se dv\u011bma p\u0159\u00edchut\u011bmi, kter\u00fd se snadno p\u0159izp\u016fsob\u00ed va\u0161\u00ed n\u00e1lad\u011b. Ka\u017ed\u00e1 p\u0159\u00edchu\u0165 nab\u00edz\u00ed jedine\u010dnou sm\u011bs bohatosti a jemnosti, a\u0165 u\u017e tou\u017e\u00edte po ovocn\u00fdch pochoutk\u00e1ch nebo ledov\u00fdch pocitech. Prozkoumejte n\u00e1\u0161 komplexn\u00ed <strong>sestava p\u0159\u00edchut\u00ed<\/strong>:<\/p>\n<p><strong>Bor\u016fvka na ledu<\/strong><br \/><strong>Kiwi Mu\u010denka Ovoce Guava<\/strong><br \/><strong>Hroznov\u00fd led<\/strong><br \/><strong>Jahoda malina t\u0159e\u0161e\u0148<\/strong><br \/><strong>Jahodov\u00e9 kiwi<\/strong><br \/><strong>Pan Modr\u00fd<\/strong><br \/><strong>Broskev Mango Ananas<\/strong><br \/><strong>T\u0159e\u0161\u0148ov\u00fd led<\/strong><br \/><strong>Lemon Lime<\/strong><br \/><strong>L\u00e1ska 66 (mu\u010denkov\u00fd melounov\u00fd led)<\/strong><br \/><strong>Jahodov\u00fd ban\u00e1n<\/strong><br \/><strong>Dv\u011b jablka<\/strong><br \/><strong>Kiwi Mu\u010denka Ovoce Guava<\/strong><br \/><strong>Melounov\u00fd led<\/strong><br \/><strong>Bor\u016fvka malina<\/strong><br \/><strong>Red Bull<\/strong><br \/><strong>Jahodov\u00fd meloun<\/strong><br \/><strong>Sm\u00ed\u0161en\u00e9 bobule<\/strong><br \/><strong>Bor\u016fvka malina<\/strong><br \/><strong>Letn\u00ed broskvov\u00fd led<\/strong><\/p>\n<p>S t\u011bmito <strong>exkluzivn\u00ed mo\u017enosti<\/strong>, m\u016f\u017eete p\u0159ep\u00ednat mezi \u010derstv\u00fdmi ovocn\u00fdmi n\u00e1levy, pikantn\u00edmi t\u00f3ny a chladiv\u00fdmi ledov\u00fdmi efekty a u\u017e\u00edvat si tak nekone\u010dn\u011b dlouho.<\/p>\n<\/p>\n<h3>Pohodln\u00e9 balen\u00ed a integrace \u017eivotn\u00edho stylu<\/h3>\n<p>Je navr\u017een pro prakti\u010dnost a snadn\u00e9 pou\u017e\u00edv\u00e1n\u00ed. <strong>Uwin Crystal Twins 40000<\/strong> je dod\u00e1v\u00e1n v univerz\u00e1ln\u00edch balen\u00edch: ka\u017ed\u00e1 krabice obsahuje 10 za\u0159\u00edzen\u00ed a ka\u017ed\u00fd karton obsahuje 200 kus\u016f. Tento <strong>jednor\u00e1zov\u00e9 vape<\/strong> hmotnost 22,5 kg na karton, optimalizovan\u00e9 rozm\u011bry kartonu v CM pro efektivn\u00ed skladov\u00e1n\u00ed a p\u0159epravu. Jeho <strong>dob\u00edjec\u00ed<\/strong> funkce, kter\u00e1 umo\u017e\u0148uje udr\u017eovat <strong>40 000 puf\u016f<\/strong> potenci\u00e1l d\u00edky d\u016fsledn\u00e9mu nab\u00edjen\u00ed typu C. Dop\u0159ejte si bezprobl\u00e9mov\u00fd vaping, kter\u00fd se bez probl\u00e9m\u016f hod\u00ed k jak\u00e9mukoli \u017eivotn\u00edmu stylu, od klidn\u00fdch ve\u010der\u016f a\u017e po aktivn\u00ed dobrodru\u017estv\u00ed.<\/p>\n<h3>Pro\u010d si vybrat Uwin Crystal Twins?<\/h3>\n<p>Tento v\u00fdjime\u010dn\u00fd p\u0159\u00edstroj v sob\u011b spojuje styl a obsah a nab\u00edz\u00ed odoln\u00e9, <strong>s\u00ed\u0165ov\u00e1 c\u00edvka<\/strong>-zv\u00fd\u0161en\u00fd v\u00fdkon pro dokonalou kvalitu p\u00e1ry. U\u017eivatel\u00e9 hl\u00e1s\u00ed zv\u00fd\u0161enou spokojenost s <strong>v\u00fdb\u011br nikotinu<\/strong> v rozmez\u00ed od 0% do 5%, co\u017e vyhovuje jak t\u011bm, kte\u0159\u00ed preferuj\u00ed nulov\u00fd obsah nikotinu, tak t\u011bm, kte\u0159\u00ed vyhled\u00e1vaj\u00ed siln\u00e9 d\u00e1vky. . <strong>indik\u00e1tor v\u00fdkonu oleje<\/strong> Funkce zaji\u0161\u0165uje, \u017ee nikdy neodhadnete, kdy je \u010das na v\u00fdm\u011bnu. Rozs\u00e1hl\u00e1 \u0161k\u00e1la p\u0159\u00edchut\u00ed a dlouh\u00e1 <strong>puff life<\/strong> zaru\u010duj\u00ed hodnotu a vzru\u0161en\u00ed p\u0159i ka\u017ed\u00e9m pou\u017eit\u00ed.<\/p>\n<p>Zm\u011b\u0148te svou vapovac\u00ed rutinu s <strong>Uwin Crystal Twins 40000<\/strong> - kde se modern\u00ed technologie snoub\u00ed s eleganc\u00ed. Zjist\u011bte, pro\u010d je to nejlep\u0161\u00ed volba mezi <strong>jednor\u00e1zov\u00e9 vape<\/strong> nad\u0161enci dnes.<\/p>","protected":false},"excerpt":{"rendered":"<p>Zku\u0161enosti <strong>40 000 obl\u00e1\u010dk\u016f<\/strong> \u010dist\u00e9ho pot\u011b\u0161en\u00ed s <strong>Uwin Crystal Twins 40000<\/strong>, s elegantn\u00edm kovov\u00fdm leskem a hladk\u00fdm akrylov\u00fdm povrchem.<\/p>\n<p>U\u017eijte si v\u0161estrann\u00e9 du\u00e1ln\u00ed <strong>p\u0159\u00edchut\u011b<\/strong> pro ka\u017edou n\u00e1ladu, volby nikotinu 0%\/2%\/3%\/5%, a <strong>dob\u00edjec\u00ed<\/strong> design.<\/p>","protected":false},"featured_media":3076,"comment_status":"open","ping_status":"closed","template":"","meta":[],"product_brand":[404],"product_cat":[1017,850],"product_tag":[389,112,372,229,407,155],"class_list":{"0":"post-3082","1":"product","2":"type-product","3":"status-publish","4":"has-post-thumbnail","6":"product_brand-uwin","7":"product_cat-crystal-vapes","8":"product_cat-uwin","9":"product_tag-40000-puffs-vape","10":"product_tag-disposable-vape","11":"product_tag-mesh-coil","12":"product_tag-rechargeable-electronic-cigarette","13":"product_tag-uwin-crystal-twins","14":"product_tag-vape-flavors","16":"first","17":"instock","18":"sale","19":"shipping-taxable","20":"purchasable","21":"product-type-variable"},"jetpack_sharing_enabled":true,"tiered_pricing_type":"fixed","tiered_pricing_fixed_rules":[],"tiered_pricing_product_settings":{"layout":"default","base_unit_name":{"singular":null,"plural":null},"default_variation":null},"tiered_pricing_minimum_quantity":null,"tiered_pricing_roles_data":[],"tiered_pricing_percentage_rules":[],"tiered_pricing_maximum_quantity":null,"tiered_pricing_quantity_step":null,"_links":{"self":[{"href":"https:\/\/frvape.com\/cs\/wp-json\/wp\/v2\/product\/3082","targetHints":{"allow":["GET"]}}],"collection":[{"href":"https:\/\/frvape.com\/cs\/wp-json\/wp\/v2\/product"}],"about":[{"href":"https:\/\/frvape.com\/cs\/wp-json\/wp\/v2\/types\/product"}],"replies":[{"embeddable":true,"href":"https:\/\/frvape.com\/cs\/wp-json\/wp\/v2\/comments?post=3082"}],"wp:featuredmedia":[{"embeddable":true,"href":"https:\/\/frvape.com\/cs\/wp-json\/wp\/v2\/media\/3076"}],"wp:attachment":[{"href":"https:\/\/frvape.com\/cs\/wp-json\/wp\/v2\/media?parent=3082"}],"wp:term":[{"taxonomy":"product_brand","embeddable":true,"href":"https:\/\/frvape.com\/cs\/wp-json\/wp\/v2\/product_brand?post=3082"},{"taxonomy":"product_cat","embeddable":true,"href":"https:\/\/frvape.com\/cs\/wp-json\/wp\/v2\/product_cat?post=3082"},{"taxonomy":"product_tag","embeddable":true,"href":"https:\/\/frvape.com\/cs\/wp-json\/wp\/v2\/product_tag?post=3082"}],"curies":[{"name":"wp","href":"https:\/\/api.w.org\/{rel}","templated":true}]}}