{"id":3720,"date":"2025-10-12T05:11:31","date_gmt":"2025-10-12T05:11:31","guid":{"rendered":"https:\/\/frvape.com\/product\/bang-smart-screen-15000-disposable-vape-with-15000-puffs-rechargeable\/"},"modified":"2025-11-25T03:17:11","modified_gmt":"2025-11-25T03:17:11","slug":"bang-smart-screen-15000-jednorazovy-vape-s-15000-puffy-dobijeci","status":"publish","type":"product","link":"https:\/\/frvape.com\/cs\/product\/bang-smart-screen-15000-jednorazovy-vape-s-15000-puffy-dobijeci\/","title":{"rendered":"Bang Smart Screen 15000 Vape na jedno pou\u017eit\u00ed s 15000 puky k dob\u00edjen\u00ed"},"content":{"rendered":"<h3>P\u0159edstavujeme Bang Smart Screen 15000 Vape na jedno pou\u017eit\u00ed<\/h3>\n<p>Objevte budoucnost inovac\u00ed vapingu s na\u0161imi \u0161pi\u010dkov\u00fdmi produkty <strong>Bang Smart Screen 15000<\/strong> jednor\u00e1zov\u00fd vape. Toto za\u0159\u00edzen\u00ed je navr\u017eeno pro maxim\u00e1ln\u00ed pohodl\u00ed a v\u00fdkon a kombinuje vysoce kvalitn\u00ed konstrukci s u\u017eivatelsky p\u0159\u00edv\u011btiv\u00fdmi funkcemi, aby poskytlo mimo\u0159\u00e1dn\u00fd z\u00e1\u017eitek. Jako sv\u011btov\u00fd l\u00eddr v oblasti <strong>pr\u016fmysl elektronick\u00fdch cigaret<\/strong>, jsme hrd\u00ed na to, \u017ee vytv\u00e1\u0159\u00edme v\u00fdrobky, kter\u00e9 nov\u011b definuj\u00ed standardy a umo\u017e\u0148uj\u00ed spot\u0159ebitel\u016fm u\u017e\u00edvat si zdrav\u011bj\u0161\u00ed alternativu k tradi\u010dn\u00edmu tab\u00e1ku. Na\u0161\u00edm posl\u00e1n\u00edm je soust\u0159edit se na inovace a na\u0161\u00edm c\u00edlem je poskytovat bezprobl\u00e9mov\u00fd a p\u0159\u00edjemn\u00fd vaping, kter\u00fd spl\u0148uje pot\u0159eby u\u017eivatel\u016f po cel\u00e9m sv\u011bt\u011b, podpo\u0159en\u00fd \u0161pi\u010dkov\u00fdm z\u00e1kaznick\u00fdm servisem a udr\u017eiteln\u00fdmi v\u00fdrobn\u00edmi postupy.<\/p>\n<h3>Kl\u00ed\u010dov\u00e9 vlastnosti a specifikace<\/h3>\n<p>Bang Smart Screen 15000 vynik\u00e1 p\u016fsobiv\u00fdmi specifikacemi, kter\u00e9 zaru\u010duj\u00ed prvot\u0159\u00eddn\u00ed v\u00fdkon. M\u016f\u017ee se pochlubit v\u00fdkonn\u00fdm <strong>Baterie s kapacitou 650 mAh<\/strong>, co\u017e zaji\u0161\u0165uje del\u0161\u00ed pou\u017e\u00edv\u00e1n\u00ed bez nutnosti neust\u00e1l\u00e9ho dob\u00edjen\u00ed. P\u0159\u00edstroj pojme velkorys\u00fd <strong>Kapacita e-liquidu 25,0 ml<\/strong>, co\u017e umo\u017e\u0148uje ohromuj\u00edc\u00ed <strong>15000 obl\u00e1\u010dk\u016f<\/strong> na jednotku pro bezkonkuren\u010dn\u00ed \u017eivotnost. Je vybaven vysoce \u00fa\u010dinn\u00fdm <strong>C\u00edvka s oky 1,2\u03a9<\/strong>, poskytuje bohatou a konzistentn\u00ed produkci p\u00e1ry a zvy\u0161uje intenzitu chuti. Tento <strong>jednor\u00e1zov\u00e9 vape<\/strong> je navr\u017een pro snadn\u00e9 p\u0159en\u00e1\u0161en\u00ed a m\u00e1 kompaktn\u00ed rozm\u011bry 90*47 mm, co\u017e je ide\u00e1ln\u00ed pro milovn\u00edky vapingu na cest\u00e1ch. Dob\u00edjen\u00ed je snadn\u00e9 a rychl\u00e9 d\u00edky integrovan\u00e9mu konektoru <strong>Nab\u00edjen\u00ed typu C<\/strong> port, \u010d\u00edm\u017e se eliminuj\u00ed prostoje. Nav\u00edc s m\u00edrn\u00fdm <strong>5% koncentrace nikotinu<\/strong>, nab\u00edz\u00ed uspokojiv\u00fd z\u00e1tah v krku, kter\u00fd napodobuje tradi\u010dn\u00ed cigarety a z\u00e1rove\u0148 sni\u017euje \u0161kodliv\u00e9 \u00fa\u010dinky.<\/p>\n<h3>Prozkoumejte na\u0161ich 12 vynikaj\u00edc\u00edch p\u0159\u00edchut\u00ed<\/h3>\n<p>Pono\u0159te se do sv\u011bta l\u00e1kav\u00fdch chut\u00ed s na\u0161\u00ed kolekc\u00ed 12 r\u016fzn\u00fdch p\u0159\u00edchut\u00ed e-liquid\u016f, kter\u00e9 jsou obohaceny o <strong>5% s\u00edla nikotinu<\/strong> pro vyv\u00e1\u017een\u00fd z\u00e1\u017eitek z vapingu. Ka\u017ed\u00e1 p\u0159\u00edchu\u0165 je vyrobena z prvot\u0159\u00eddn\u00edch ingredienc\u00ed pro hladk\u00fd a osv\u011b\u017euj\u00edc\u00ed pocit:<\/p>\n<p><strong>Berry BLAST, broskvov\u00fd Berry, broskvov\u00fd freeze, jahodov\u00fd meloun, tropick\u00e9 ovoce, sv\u011b\u017e\u00ed led, hroznov\u00fd freeze, modr\u00fd freeze, jahodov\u00e9 li\u010di, Cool Mint, modr\u00fd Cherry lemon, kysel\u00fd Apple blueberry.<\/strong><\/p>\n<p>Tato \u0161irok\u00e1 nab\u00eddka zaru\u010duje, \u017ee si ka\u017ed\u00fd vybere n\u011bco pro sv\u00e9 chu\u0165ov\u00e9 bu\u0148ky, od sladk\u00fdch ovocn\u00fdch sm\u011bs\u00ed a\u017e po ledov\u00e9 osv\u011b\u017euj\u00edc\u00ed t\u00f3ny, a \u010din\u00ed tak z Bang Smart Screen 15000 univerz\u00e1ln\u00ed volbu pro ka\u017edodenn\u00ed pot\u011b\u0161en\u00ed.<\/p>\n<h3>Z\u00e1vazek k inovac\u00edm a podpo\u0159e z\u00e1kazn\u00edk\u016f<\/h3>\n<p>V j\u00e1dru se specializujeme na v\u00fdzkum, v\u00fdvoj a celosv\u011btovou distribuci <strong>jednor\u00e1zov\u00e9 vape<\/strong> produkt\u016f, jejich\u017e c\u00edlem je revoluce v oblasti vapingu. D\u00edky na\u0161emu odhodl\u00e1n\u00ed neust\u00e1le inovovat jsme se stali prvot\u0159\u00eddn\u00edm v\u00fdrobcem, kter\u00fd si z\u00edskal masivn\u00ed p\u0159\u00edze\u0148 z\u00e1kazn\u00edk\u016f spolehlivou a vysoce kvalitn\u00ed nab\u00eddkou od z\u00e1kladn\u00edch a\u017e po \u0161pi\u010dkov\u00e1 vapingov\u00e1 \u0159e\u0161en\u00ed. Zam\u011b\u0159ujeme se na <strong>OEM a ODM<\/strong> V\u00edt\u00e1me zak\u00e1zkov\u00e9 objedn\u00e1vky a spolupr\u00e1ci - nev\u00e1hejte kdykoli nav\u0161t\u00edvit na\u0161i tov\u00e1rnu a pod\u00edvat se na n\u00e1\u0161 v\u00fdrobn\u00ed proces z prvn\u00ed ruky. Udr\u017eujeme kompletn\u00ed syst\u00e9m slu\u017eeb z\u00e1kazn\u00edk\u016fm, abychom zajistili hladk\u00e9 a efektivn\u00ed partnerstv\u00ed, p\u0159i\u010dem\u017e prioritou je nejen v\u00fdjime\u010dn\u00fd design a kvalita, ale tak\u00e9 poskytov\u00e1n\u00ed prvot\u0159\u00eddn\u00ed podpory, abychom dos\u00e1hli oboustrann\u011b v\u00fdhodn\u00fdch v\u00fdsledk\u016f pro v\u0161echny z\u00fa\u010dastn\u011bn\u00e9 strany po cel\u00e9m sv\u011bt\u011b. P\u0159ipojte se k n\u00e1m p\u0159i objevov\u00e1n\u00ed zdrav\u011bj\u0161\u00edch a \u0161\u0165astn\u011bj\u0161\u00edch alternativ tab\u00e1ku prost\u0159ednictv\u00edm na\u0161ich neust\u00e1le se vyv\u00edjej\u00edc\u00edch produkt\u016f. <strong>technologie vapingu<\/strong>.<\/p>","protected":false},"excerpt":{"rendered":"<p>Za\u017eijte pr\u00e9miov\u00fd vaping s <strong>Bang Smart Screen 15000<\/strong> jednor\u00e1zov\u00fd vape, kter\u00fd obsahuje <strong>15000 obl\u00e1\u010dk\u016f<\/strong> a <strong>dob\u00edjec\u00ed<\/strong> Mo\u017enost p\u0159ipojen\u00ed typu C.<br \/>U\u017eijte si <strong>rozmanit\u00fdch 12 p\u0159\u00edchut\u00ed<\/strong> s <strong>5% s\u00edla nikotinu<\/strong> pro dlouhodobou spokojenost.<\/p>","protected":false},"featured_media":3715,"comment_status":"open","ping_status":"closed","template":"","meta":[],"product_brand":[107],"product_cat":[1072],"product_tag":[280,446,445,112,372,229],"class_list":{"0":"post-3720","1":"product","2":"type-product","3":"status-publish","4":"has-post-thumbnail","6":"product_brand-bang","7":"product_cat-bang","8":"product_tag-15000-puffs","9":"product_tag-5-nicotine","10":"product_tag-bang-smart-screen-15000","11":"product_tag-disposable-vape","12":"product_tag-mesh-coil","13":"product_tag-rechargeable-electronic-cigarette","15":"first","16":"instock","17":"sale","18":"shipping-taxable","19":"purchasable","20":"product-type-variable"},"jetpack_sharing_enabled":true,"tiered_pricing_type":"fixed","tiered_pricing_fixed_rules":[],"tiered_pricing_product_settings":{"layout":"default","base_unit_name":{"singular":null,"plural":null},"default_variation":null},"tiered_pricing_minimum_quantity":null,"tiered_pricing_roles_data":[],"tiered_pricing_percentage_rules":[],"tiered_pricing_maximum_quantity":null,"tiered_pricing_quantity_step":null,"_links":{"self":[{"href":"https:\/\/frvape.com\/cs\/wp-json\/wp\/v2\/product\/3720","targetHints":{"allow":["GET"]}}],"collection":[{"href":"https:\/\/frvape.com\/cs\/wp-json\/wp\/v2\/product"}],"about":[{"href":"https:\/\/frvape.com\/cs\/wp-json\/wp\/v2\/types\/product"}],"replies":[{"embeddable":true,"href":"https:\/\/frvape.com\/cs\/wp-json\/wp\/v2\/comments?post=3720"}],"wp:featuredmedia":[{"embeddable":true,"href":"https:\/\/frvape.com\/cs\/wp-json\/wp\/v2\/media\/3715"}],"wp:attachment":[{"href":"https:\/\/frvape.com\/cs\/wp-json\/wp\/v2\/media?parent=3720"}],"wp:term":[{"taxonomy":"product_brand","embeddable":true,"href":"https:\/\/frvape.com\/cs\/wp-json\/wp\/v2\/product_brand?post=3720"},{"taxonomy":"product_cat","embeddable":true,"href":"https:\/\/frvape.com\/cs\/wp-json\/wp\/v2\/product_cat?post=3720"},{"taxonomy":"product_tag","embeddable":true,"href":"https:\/\/frvape.com\/cs\/wp-json\/wp\/v2\/product_tag?post=3720"}],"curies":[{"name":"wp","href":"https:\/\/api.w.org\/{rel}","templated":true}]}}