{"id":4379,"date":"2025-10-12T06:09:13","date_gmt":"2025-10-12T06:09:13","guid":{"rendered":"https:\/\/frvape.com\/product\/kori-120000-puffs-disposable-vape-60ml-e-liquid-rgb-light-2200mah-battery\/"},"modified":"2026-02-28T09:53:28","modified_gmt":"2026-02-28T09:53:28","slug":"kori-120000-puffs-jednorazove-vape-60ml-e-liquid-rgb-light-2200mah-baterie","status":"publish","type":"product","link":"https:\/\/frvape.com\/cs\/product\/kori-120000-puffs-jednorazove-vape-60ml-e-liquid-rgb-light-2200mah-baterie\/","title":{"rendered":"Kori 120000 Puffs Vape na jedno pou\u017eit\u00ed - 60ML E-Liquid, RGB sv\u011btlo, 2200mAh baterie"},"content":{"rendered":"<h3>Nejv\u011bt\u0161\u00ed revoluce ve vapingu<\/h3>\n<p>P\u0159edstaven\u00ed <strong>KORI 120000 Puffs jednor\u00e1zov\u00e1 hlava pro vodn\u00ed d\u00fdmku<\/strong> - kde se mimo\u0159\u00e1dn\u00e1 kapacita setk\u00e1v\u00e1 s p\u0159evratn\u00fdmi inovacemi. S kolos\u00e1ln\u00edm <strong>60ML E-Liquid<\/strong> z\u00e1sobn\u00edk a vysok\u00fd v\u00fdkon <strong>Baterie 2200 mAh<\/strong>, toto za\u0159\u00edzen\u00ed nov\u011b definuje hranice p\u0159enosn\u00e9 vapovac\u00ed technologie. Kori 120000 je navr\u017een pro nad\u0161ence, kte\u0159\u00ed odm\u00edtaj\u00ed d\u011blat kompromisy, a p\u0159in\u00e1\u0161\u00ed neb\u00fdvalou konzistenci po celou dobu \u00fa\u017easn\u00e9 \u017eivotnosti a poskytuje intenzivn\u00ed uspokojen\u00ed \u0161luk za \u0161lukem bez pot\u00ed\u017e\u00ed s dopl\u0148ov\u00e1n\u00edm nebo dob\u00edjen\u00edm.<\/p>\n<h3>In\u017een\u00fdrsk\u00e1 dokonalost<\/h3>\n<p>Pono\u0159te se do technick\u00e9ho mistrovstv\u00ed, kter\u00e9 definuje ka\u017ed\u00e9 za\u0159\u00edzen\u00ed Kori 120000. Na <strong>0,2ohmov\u00e1 s\u00ed\u0165ov\u00e1 c\u00edvka<\/strong> tvo\u0159\u00ed srdce na\u0161eho syst\u00e9mu, pe\u010dliv\u011b navr\u017een\u00e9 tak, aby umo\u017e\u0148ovalo maxim\u00e1ln\u00ed integritu chuti a hustotu p\u00e1ry. V kombinaci s revolu\u010dn\u00edm <strong>360\u00b0 oto\u010dn\u00fd regula\u010dn\u00ed ventil<\/strong>, tato funkce v\u00e1m d\u00e1v\u00e1 naprostou kontrolu nad proud\u011bn\u00edm vzduchu. A\u0165 u\u017e d\u00e1v\u00e1te p\u0159ednost t\u011bsn\u00fdm, koncentrovan\u00fdm potah\u016fm nebo objemn\u00e9 produkci mrak\u016f, jednodu\u0161e oto\u010dte ventilem a nastavte si dokonal\u00fd odpor - prvn\u00ed skute\u010dn\u011b p\u0159izp\u016fsobiteln\u00e9 rozhran\u00ed pro jednor\u00e1zov\u00fd v\u00fdkon.<\/p>\n<h3>Chytr\u00e1 technologie zam\u011b\u0159en\u00e1 na u\u017eivatele<\/h3>\n<p>D\u00edky du\u00e1ln\u00edm inteligentn\u00edm monitorovac\u00edm syst\u00e9m\u016fm eliminujeme dohady. Integrovan\u00fd <strong>LED indik\u00e1tor baterie a e-liquidu<\/strong> poskytuje vizu\u00e1ln\u00ed aktualizace v re\u00e1ln\u00e9m \u010dase a blikaj\u00edc\u00ed varov\u00e1n\u00ed, kdy\u017e rezervy klesnou pod kritickou \u00farove\u0148. Mezit\u00edm na\u0161e <strong>RGB LIGHT<\/strong> transformuje funk\u010dn\u00ed zp\u011btnou vazbu do pohlcuj\u00edc\u00edho smyslov\u00e9ho z\u00e1\u017eitku. Tyto z\u00e1\u0159iv\u00e9 chromatick\u00e9 displeje pulzuj\u00ed b\u011bhem pou\u017e\u00edv\u00e1n\u00ed a dod\u00e1vaj\u00ed ka\u017ed\u00e9mu sezen\u00ed sofistikovanou vizu\u00e1ln\u00ed dynamiku a z\u00e1rove\u0148 umo\u017e\u0148uj\u00ed okam\u017eit\u00e9 rozpozn\u00e1n\u00ed stavu za\u0159\u00edzen\u00ed.<\/p>\n<h3>Nekompromisn\u00ed v\u00fdkonnostn\u00ed funkce<\/h3>\n<p>Zku\u0161enosti <strong>DTL Vaping<\/strong> dokonalost d\u00edky precizn\u011b zkonstruovan\u00fdm komponent\u016fm, kter\u00e9 jsou nakonfigurov\u00e1ny pro p\u0159\u00edm\u00e9 ovl\u00e1d\u00e1n\u00ed plic. Siln\u00fd <strong>5% Nic Salt<\/strong> Slo\u017een\u00ed kombinuje rychlou dod\u00e1vku nikotinu s v\u00fdjime\u010dn\u011b jemn\u00fdm pocitem v hrdle, co\u017e eliminuje drsnost i p\u0159i maxim\u00e1ln\u00edm v\u00fdkonu. Toto sofistikovan\u00e9 elektrolytov\u00e9 \u0159e\u0161en\u00ed spolupracuje s na\u0161\u00ed pokro\u010dilou odpa\u0159ovac\u00ed komorou, aby se ka\u017ed\u00fd t\u00f3n chuti dostal k va\u0161im chu\u0165ov\u00fdm bu\u0148k\u00e1m s krystalickou \u010distotou, a to od prvn\u00edho potahu a\u017e po pozoruhodn\u00e9 120 000. pota\u017een\u00ed.<\/p>\n<h3>Mistrovsk\u00e1 d\u00edla chuti<\/h3>\n<p>Objevte na\u0161e v\u00fdjime\u010dn\u00e9 spektrum 12 charakteristick\u00fdch p\u0159\u00edpravk\u016f:<br \/>\n<strong>Kouzeln\u00e1 l\u00e1ska<\/strong> - Hypnotick\u00e9 spojen\u00ed tropick\u00fdch tajemstv\u00ed<br \/>\n<strong>Hroznov\u00e1 m\u00e1ta<\/strong> - Mraziv\u00e9 fialov\u00e9 bobule s mentolov\u00fdm v\u00fddechem<br \/>\n<strong>Broskvov\u00fd led<\/strong> - \u0160\u0165avnat\u00e9 broskve v sadu s mrazivou glazurou<br \/>\n<strong>T\u0159e\u0161\u0148ov\u00e1 fiesta<\/strong> - Z\u00e1\u0159iv\u00e9 t\u0159e\u0161n\u011b p\u0159i z\u00e1padu slunce pln\u00e9 k\u016fry<br \/>\n<strong>Jahodov\u00fd pun\u010d<\/strong> - Zral\u00e9 \u010derven\u00e9 bobule v jisk\u0159iv\u00e9 oslav\u011b<br \/>\n<strong>Dv\u011b jablka<\/strong> - K\u0159upav\u00e1 dvoj\u00ed jable\u010dn\u00e1 dokonalost harmonizovan\u00e1<br \/>\n<strong>Bluerazz Lemon<\/strong> - Elektricky modr\u00e9 maliny s citrusov\u00fdmi t\u00f3ny<br \/>\n<strong>Citronov\u00e1 m\u00e1ta<\/strong> - Sluncem zalit\u00e9 citrony v objet\u00ed ledovcov\u00e9 sv\u011b\u017eesti<br \/>\n<strong>Bor\u016fvkov\u00e1 \u017ev\u00fdka\u010dka<\/strong> - \u0160\u0165avnat\u00e9 lesn\u00ed bor\u016fvky v bublinkov\u00e9 bla\u017eenosti<br \/>\n<strong>Luicd Dream<\/strong> - Surrealistick\u00e1 bobulov\u00e1 sm\u011bs transcendence<br \/>\n<strong>P\u0159\u00edchu\u0165 \u017ev\u00fdka\u010dky<\/strong> - Nostalgie klasick\u00fdch \u017ev\u00fdka\u010dek v nov\u00e9m pojet\u00ed<br \/>\n<strong>Sv\u011b\u017e\u00ed led<\/strong> - Medovicov\u00e9 mistrovsk\u00e9 d\u00edlo korunovan\u00e9 ledov\u00fdmi krystalky<\/p>\n<h3>Ur\u010deno pro n\u00e1ro\u010dn\u00e9 vapery<\/h3>\n<p>Tento p\u0159\u00edstroj p\u0159in\u00e1\u0161\u00ed revoluci v oblasti pohodl\u00ed, ani\u017e by byl ob\u011btov\u00e1n vynikaj\u00edc\u00ed v\u00fdkon. Jeho nepropustn\u00e1 konstrukce zachov\u00e1v\u00e1 nedot\u010denou chu\u0165ovou integritu po celou dobu prodlou\u017een\u00e9 \u017eivotnosti, zat\u00edmco ergonomick\u00fd tvar n\u00e1ustku zaji\u0161\u0165uje v\u00fdjime\u010dn\u00e9 pohodl\u00ed b\u011bhem maratonsk\u00fdch sezen\u00ed. Odoln\u00e1 unibody konstrukce vydr\u017e\u00ed ka\u017edodenn\u00ed dobrodru\u017estv\u00ed s robustn\u00ed spolehlivost\u00ed, a to v\u0161e za p\u0159evratnou cenu, kter\u00e1 bo\u0159\u00ed paradigma n\u00e1klad\u016f na jedno \u0161luknut\u00ed. Ide\u00e1ln\u00ed pro nov\u00e1\u010dky, kte\u0159\u00ed hledaj\u00ed jednoduchost, i pro veter\u00e1ny vy\u017eaduj\u00edc\u00ed nekompromisn\u00ed v\u00fdkon.<\/p>\n<h3>Kompletn\u00ed \u0159e\u0161en\u00ed pro vaping<\/h3>\n<p>Ka\u017ed\u00fd aspekt modelu Kori 120000 vytv\u00e1\u0159\u00ed symfonii inovac\u00ed, kter\u00e9 jsou pro spot\u0159ebitele nejd\u016fle\u017eit\u011bj\u0161\u00ed. Kombinace obrovsk\u00e9ho <strong>Kapacita 60ML<\/strong> a pr\u016fmyslov\u00e9 <strong>2200mAh nap\u00e1jec\u00ed \u010dl\u00e1nek<\/strong> poskytuje nejlep\u0161\u00ed \u017eivotnost v oboru, zat\u00edmco <strong>s\u00ed\u0165ov\u00e1 c\u00edvka\/niklov\u00e1 s\u016fl<\/strong> synergie dosahuje neb\u00fdval\u00e9ho p\u0159enosu chuti. D\u00edky 12 \u0159emesln\u011b vytvo\u0159en\u00fdm profil\u016fm, inteligentn\u00edm syst\u00e9m\u016fm zp\u011btn\u00e9 vazby a revolu\u010dn\u00edmu ovl\u00e1d\u00e1n\u00ed pr\u016ftoku vzduchu je tento model vrcholn\u00fdm dravcem v oblasti jednor\u00e1zov\u00e9ho vapingu. Zjist\u011bte, pro\u010d tis\u00edce lid\u00ed p\u0159e\u0161ly do budoucnosti - vyzkou\u0161ejte z\u00e1\u017eitek s Kori 120000 je\u0161t\u011b dnes a nav\u017edy p\u0159ekonejte omezen\u00ed b\u011b\u017en\u00e9ho vapingu.<\/p>","protected":false},"excerpt":{"rendered":"<p>P\u0159edstaven\u00ed <strong>KORI 120000 Puffs jednor\u00e1zov\u00e1 hlava pro vodn\u00ed d\u00fdmku<\/strong> s masivn\u00edm <strong>60ML E-Liquid<\/strong> kapacita a v\u00fdkon <strong>2200mAh baterie<\/strong>. Zku\u0161enosti <strong>DTL vaping<\/strong> s \u017eiv\u00fdmi <strong>Osv\u011btlen\u00ed RGB<\/strong>, p\u0159esnost <strong>0,2ohmov\u00e1 s\u00ed\u0165ov\u00e1 c\u00edvka<\/strong>, inovativn\u00ed <strong>360\u00b0 oto\u010dn\u00fd ventil<\/strong>a hladk\u00fd <strong>5% Nic Salt<\/strong> spokojenost ve 12 exotick\u00fdch p\u0159\u00edchut\u00edch.<\/p>\n<p>&nbsp;<\/p>","protected":false},"featured_media":4373,"comment_status":"open","ping_status":"closed","template":"","meta":[],"product_brand":[117],"product_cat":[1016,1017,118],"product_tag":[505,503,506,504,502,501],"class_list":{"0":"post-4379","1":"product","2":"type-product","3":"status-publish","4":"has-post-thumbnail","6":"product_brand-kori","7":"product_cat-big-puffs-vapes","8":"product_cat-crystal-vapes","9":"product_cat-kori-vape","10":"product_tag-0-2ohm-mesh-coil-device","11":"product_tag-2200mah-dtl-vape","12":"product_tag-360-rotating-valve-vape","13":"product_tag-5-nic-salt-disposable","14":"product_tag-60ml-e-liquid-vape","15":"product_tag-kori-120000-disposable-vape","17":"first","18":"outofstock","19":"sale","20":"shipping-taxable","21":"purchasable","22":"product-type-variable"},"jetpack_sharing_enabled":true,"tiered_pricing_type":"fixed","tiered_pricing_fixed_rules":[],"tiered_pricing_product_settings":{"layout":"default","base_unit_name":{"singular":null,"plural":null},"default_variation":null},"tiered_pricing_minimum_quantity":null,"tiered_pricing_roles_data":[],"tiered_pricing_percentage_rules":[],"tiered_pricing_maximum_quantity":null,"tiered_pricing_quantity_step":null,"_links":{"self":[{"href":"https:\/\/frvape.com\/cs\/wp-json\/wp\/v2\/product\/4379","targetHints":{"allow":["GET"]}}],"collection":[{"href":"https:\/\/frvape.com\/cs\/wp-json\/wp\/v2\/product"}],"about":[{"href":"https:\/\/frvape.com\/cs\/wp-json\/wp\/v2\/types\/product"}],"replies":[{"embeddable":true,"href":"https:\/\/frvape.com\/cs\/wp-json\/wp\/v2\/comments?post=4379"}],"wp:featuredmedia":[{"embeddable":true,"href":"https:\/\/frvape.com\/cs\/wp-json\/wp\/v2\/media\/4373"}],"wp:attachment":[{"href":"https:\/\/frvape.com\/cs\/wp-json\/wp\/v2\/media?parent=4379"}],"wp:term":[{"taxonomy":"product_brand","embeddable":true,"href":"https:\/\/frvape.com\/cs\/wp-json\/wp\/v2\/product_brand?post=4379"},{"taxonomy":"product_cat","embeddable":true,"href":"https:\/\/frvape.com\/cs\/wp-json\/wp\/v2\/product_cat?post=4379"},{"taxonomy":"product_tag","embeddable":true,"href":"https:\/\/frvape.com\/cs\/wp-json\/wp\/v2\/product_tag?post=4379"}],"curies":[{"name":"wp","href":"https:\/\/api.w.org\/{rel}","templated":true}]}}