{"id":4775,"date":"2025-10-12T06:36:10","date_gmt":"2025-10-12T06:36:10","guid":{"rendered":"https:\/\/frvape.com\/product\/waspe-aiviou-25000-puffs-disposable-vape-dual-mesh-coil-0-2-5-nicotine\/"},"modified":"2025-11-26T09:07:25","modified_gmt":"2025-11-26T09:07:25","slug":"waspe-aiviou-25000-puffs-jednorazove-vape-dualni-sitova-civka-0-2-5-nikotin","status":"publish","type":"product","link":"https:\/\/frvape.com\/cs\/product\/waspe-aiviou-25000-puffs-jednorazove-vape-dualni-sitova-civka-0-2-5-nikotin\/","title":{"rendered":"Waspe Aiviou 25000 Puffs Vape na jedno pou\u017eit\u00ed | Dual Mesh Coil | 0%\/2%\/5% Nicotine"},"content":{"rendered":"<h3>Revolu\u010dn\u00ed syst\u00e9m 25K Puffs Vaping System<\/h3>\n<p>P\u0159edstaven\u00ed <strong>Waspe Aiviou 25000<\/strong>, vrchol jednor\u00e1zov\u00e9 vapingov\u00e9 technologie navr\u017een\u00e9 tak, aby poskytovala bezprecedentn\u00ed v\u00fdkon. Toto za\u0159\u00edzen\u00ed generuje v\u00fdjime\u010dnou produkci p\u00e1ry d\u00edky \u0161pi\u010dkov\u00e9 technologii <strong>syst\u00e9m dvojit\u00e9 s\u00ed\u0165ov\u00e9 c\u00edvky<\/strong> (1ohm+1ohm), co\u017e optimalizuje rozlo\u017een\u00ed tepla pro konzistentn\u00ed intenzitu chuti od prvn\u00edho potahu a\u017e po ten posledn\u00ed. Masivn\u00ed <strong>Kapacita 25 ml e-liquidu<\/strong> ve spojen\u00ed s <strong>Nab\u00edjec\u00ed baterie s kapacitou 650 mAh<\/strong> a <strong>Nab\u00edjen\u00ed typu C<\/strong> zaji\u0161\u0165uje nep\u0159etr\u017eit\u00e9 pou\u017e\u00edv\u00e1n\u00ed po celou dobu jeho rozs\u00e1hl\u00e9ho \u017eivotn\u00edho cyklu.<\/p>\n<h3>P\u0159izp\u016fsobiteln\u00fd nikotinov\u00fd z\u00e1\u017eitek<\/h3>\n<p>Waspe Aiviou nab\u00edz\u00ed t\u0159i r\u016fzn\u00e9 varianty \u017eivotn\u00edho stylu a preferenc\u00ed. <strong>s\u00edla nikotinu<\/strong> - <strong>0%<\/strong> pro po\u017eitek bez nikotinu, <strong>2%<\/strong> pro vyv\u00e1\u017eenou spokojenost a siln\u00fd <strong>5%<\/strong> p\u0159\u00edpravky pro zku\u0161en\u00e9 u\u017eivatele. Ka\u017ed\u00e1 varianta 5% obsahuje zna\u010dnou koncentraci nikotinu srovnatelnou s tradi\u010dn\u00edmi tab\u00e1kov\u00fdmi v\u00fdrobky, p\u0159i\u010dem\u017e si zachov\u00e1v\u00e1 hladkost d\u00edky pr\u00e9miov\u00e9mu slo\u017een\u00ed liquidu.<\/p>\n<h3>Bezkonkuren\u010dn\u00ed technick\u00e9 \u0159e\u0161en\u00ed<\/h3>\n<p>Krom\u011b p\u016fsobiv\u00fdch \u010d\u00edsel je Waspe Aiviou vybaven pokro\u010dil\u00fdmi funkcemi, kter\u00e9 zvy\u0161uj\u00ed u\u017eivatelsk\u00fd komfort: . <strong>LED displej<\/strong> umo\u017e\u0148uje sledovat stav baterie a po\u010det vypou\u0161t\u011bn\u00fdch plyn\u016f v re\u00e1ln\u00e9m \u010dase, zat\u00edmco za\u0159\u00edzen\u00ed <strong>mechanismus d\u011btsk\u00e9 pojistky<\/strong> zabra\u0148uje n\u00e1hodn\u00e9 aktivaci. Jeho ergonomick\u00fd design (<strong>55*31*107 mm<\/strong>\/<strong>92g<\/strong>) zaji\u0161\u0165uje pohodlnou manipulaci, ani\u017e by to bylo na \u00fakor podstatn\u00fdch vlastnost\u00ed <strong>Objem 25 ml<\/strong> kter\u00e1 vydr\u017e\u00ed podstatn\u011b d\u00e9le ne\u017e standardn\u00ed jednor\u00e1zov\u00e9 pom\u016fcky.<\/p>\n<h3>Konfigurace balen\u00ed p\u0159ipraven\u00e9ho pro velkoobchod<\/h3>\n<p>Tento produkt je optimalizov\u00e1n pro maloobchodn\u00edky a distributory a je dod\u00e1v\u00e1n v kartonech s vysokou hustotou (<strong>570*340*245 mm<\/strong>) obsahuj\u00edc\u00ed <strong>200 jednotek<\/strong> (20 krabic po 10 kusech). Ka\u017ed\u00e1 krabice v\u00e1\u017e\u00ed <strong>20,5 kg<\/strong> hrub\u00e9, se zes\u00edlenou konstrukc\u00ed, kter\u00e1 zabra\u0148uje po\u0161kozen\u00ed p\u0159i p\u0159eprav\u011b. Na reg\u00e1lech v obchodech lze efektivn\u011b vystavit sv\u00e1zan\u00e9 jednotky a z\u00e1rove\u0148 maximalizovat ziskov\u00e9 mar\u017ee d\u00edky v\u00fdhod\u00e1m hromadn\u00e9ho n\u00e1kupu.<\/p>\n<h3>P\u0159ehled z\u00e1kladn\u00edch specifikac\u00ed<\/h3>\n<p><strong>Puffy<\/strong>: 25000 Puffs<br \/>\n<strong>Dvojit\u00e1 s\u00ed\u0165ov\u00e1 c\u00edvka<\/strong>: 1ohm+1ohm<br \/>\n<strong>E-liquid<\/strong>:25ml<br \/>\n<strong>Nikotin<\/strong>:0%\/2%\/5%<br \/>\n<strong>Baterie<\/strong>:650mAh<br \/>\n<strong>Dob\u00edjec\u00ed<\/strong>:Type-C<br \/>\n<strong>Zobrazit<\/strong>: LED se sledov\u00e1n\u00edm spot\u0159eby<br \/>\n<strong>Bezpe\u010dnost<\/strong>: D\u011btsk\u00fd z\u00e1mek povolen<br \/>\n<strong>Hmotnost v\u00fdrobku<\/strong>: 92g\/ks<br \/>\n<strong>Rozm\u011bry<\/strong>: 55*31*107mm<br \/>\n<strong>Logistika<\/strong>: 200ks\/ctn (20,5kg)<\/p>\n<h3>Kolekce Premium Flavor<\/h3>\n<p>Dop\u0159ejte si na\u0161e odborn\u011b vytvo\u0159en\u00e9 chu\u0165ov\u00e9 profily optimalizovan\u00e9 pro syst\u00e9m dvou spir\u00e1lek:<br \/>\n<strong>- Jahodov\u00e9 kiwi<\/strong> - \u0160\u0165avnat\u00e1 f\u00faze bobul\u00ed<br \/>\n<strong>- Broskvov\u00fd meloun Mango<\/strong> - V\u00fdbuch tropick\u00e9ho tria<br \/>\n<strong>- Hroznov\u00fd led<\/strong> - Matn\u00fd fialov\u00fd v\u00fdbuch<br \/>\n<strong>- Jahodov\u00fd meloun<\/strong> - Letn\u00ed ovocn\u00e1 sm\u011bs<br \/>\n<strong>- Melounov\u00fd led<\/strong> - Chlazen\u00fd karm\u00ednov\u00fd osv\u011b\u017eova\u010d<br \/>\n<strong>- Broskvov\u00fd led<\/strong> - Spokojenost se studen\u00fdm peckovit\u00fdm ovocem<br \/>\n<strong>- Bor\u016fvkov\u00e1 malinov\u00e1 limon\u00e1da<\/strong> - Pikantn\u00ed bobulov\u00fd \u0161um\u00e1k<br \/>\n<strong>- Bor\u016fvka na ledu<\/strong> - Pocit zmrzl\u00e9ho indiga<br \/>\n<strong>- Sm\u00ed\u0161en\u00e9 bobule<\/strong> - Sm\u011bs hlubok\u00fdch lesn\u00edch plod\u016f<br \/>\n<strong>- T\u0159e\u0161\u0148ov\u00fd led<\/strong> - Arktick\u00e9 t\u0159e\u0161\u0148ov\u00e9 pot\u011b\u0161en\u00ed<\/p>\n<h3>Pro\u010d Aiviou dominuje trhu<\/h3>\n<p>S <strong>25000 obl\u00e1\u010dk\u016f<\/strong> Tato vape vykazuje vynikaj\u00edc\u00ed ekonomickou hodnotu - jej\u00ed bezkonkuren\u010dn\u00ed \u017eivotnost sni\u017euje dopad na \u017eivotn\u00ed prost\u0159ed\u00ed a opakovan\u00e9 n\u00e1klady. Na . <strong>dvojit\u00e1 s\u00ed\u0165ov\u00e1 c\u00edvka<\/strong> technologie regeneruje p\u0159\u00edchut\u011b 47% \u00fa\u010dinn\u011bji ne\u017e jednoc\u00edvkov\u00e9 alternativy podle test\u016f hustoty p\u00e1ry, zat\u00edmco <strong>Nab\u00edjen\u00ed typu C<\/strong> poskytuje pln\u00fd v\u00fdkon za pouh\u00fdch 23 minut. Distributo\u0159i mohou t\u011b\u017eit z na\u0161\u00ed efektivn\u00ed balic\u00ed matice: <strong>200 kus\u016f v kartonu<\/strong> spot\u0159ebuje o 28% m\u00e9n\u011b skladov\u00e9ho prostoru ne\u017e srovnateln\u00e9 v\u00fdrobky a z\u00e1rove\u0148 umo\u017e\u0148uje rychl\u00e9 dopl\u0148ov\u00e1n\u00ed zbo\u017e\u00ed na reg\u00e1lech.<\/p>\n<p>S ka\u017ed\u00fdm pot\u00e1hnut\u00edm za\u017eijete evoluci vapingu: Tlakov\u011b kalibrovan\u00fd syst\u00e9m proud\u011bn\u00ed vzduchu Aiviou vytv\u00e1\u0159\u00ed pozoruhodn\u011b hladk\u00e9 mraky bez ohledu na zvolenou s\u00edlu a 92g. <strong>ergonomick\u00fd podvozek<\/strong> poskytuje prvot\u0159\u00eddn\u00ed hmatovou zp\u011btnou vazbu, kter\u00e1 v levn\u00fdch za\u0159\u00edzen\u00edch chyb\u00ed. Od prvn\u00ed \u017eiv\u00e9 chuti <strong>Broskvov\u00fd meloun Mango<\/strong> na osv\u011b\u017euj\u00edc\u00ed z\u00e1v\u011br <strong>Bor\u016fvka na ledu<\/strong>, ka\u017ed\u00e1 p\u0159\u00edchu\u0165 odhaluje jemn\u00e9 t\u00f3ny d\u00edky postupn\u00fdm stup\u0148\u016fm zah\u0159\u00edv\u00e1n\u00ed s\u00ed\u0165ov\u00fdch spir\u00e1lek.<\/p>\n<p>Tento vapingov\u00fd syst\u00e9m p\u0159edstavuje vrchol t\u0159\u00ed pr\u016flomov\u00fdch technologi\u00ed spojen\u00fdch do jednoho za\u0159\u00edzen\u00ed: a nikotin farmaceutick\u00e9 kvality - zapouzd\u0159en\u00e9 v intuitivn\u011b zabalen\u00fdch velkoobjemov\u00fdch \u0159e\u0161en\u00edch pro prodejce, kte\u0159\u00ed zvy\u0161uj\u00ed v\u00fdkonnost sv\u00e9 kategorie vapingu.<\/p>","protected":false},"excerpt":{"rendered":"<p>Zku\u0161enosti <strong>25 000 obl\u00e1\u010dk\u016f<\/strong> na za\u0159\u00edzen\u00ed s v\u00fdkonn\u00fdm Waspe Aiviou.<br \/>\nFunkce <strong>du\u00e1ln\u00ed s\u00ed\u0165ov\u00e9 c\u00edvky<\/strong>, <strong>25ml e-liquidu<\/strong> kapacitu a <strong>0%\/2%\/5% nikotin<\/strong> mo\u017enosti.<br \/>\nDob\u00edjen\u00ed prost\u0159ednictv\u00edm <strong>Typ C<\/strong> s intuitivn\u00edm <strong>LED displej<\/strong> pro monitorov\u00e1n\u00ed v re\u00e1ln\u00e9m \u010dase.<\/p>","protected":false},"featured_media":4769,"comment_status":"open","ping_status":"closed","template":"","meta":[],"product_brand":[332],"product_cat":[1068],"product_tag":[471,184,94,84,271,528],"class_list":{"0":"post-4775","1":"product","2":"type-product","3":"status-publish","4":"has-post-thumbnail","6":"product_brand-waspe","7":"product_cat-waspe","8":"product_tag-25000-puffs-disposable-vape","9":"product_tag-5-nicotine-vape","10":"product_tag-dual-mesh-coil-vape","11":"product_tag-rechargeable-vape-pen","12":"product_tag-type-c-vape","13":"product_tag-waspe-aiviou-25000","15":"first","16":"instock","17":"sale","18":"shipping-taxable","19":"purchasable","20":"product-type-variable"},"jetpack_sharing_enabled":true,"tiered_pricing_type":"fixed","tiered_pricing_fixed_rules":[],"tiered_pricing_product_settings":{"layout":"default","base_unit_name":{"singular":null,"plural":null},"default_variation":null},"tiered_pricing_minimum_quantity":null,"tiered_pricing_roles_data":[],"tiered_pricing_percentage_rules":[],"tiered_pricing_maximum_quantity":null,"tiered_pricing_quantity_step":null,"_links":{"self":[{"href":"https:\/\/frvape.com\/cs\/wp-json\/wp\/v2\/product\/4775","targetHints":{"allow":["GET"]}}],"collection":[{"href":"https:\/\/frvape.com\/cs\/wp-json\/wp\/v2\/product"}],"about":[{"href":"https:\/\/frvape.com\/cs\/wp-json\/wp\/v2\/types\/product"}],"replies":[{"embeddable":true,"href":"https:\/\/frvape.com\/cs\/wp-json\/wp\/v2\/comments?post=4775"}],"wp:featuredmedia":[{"embeddable":true,"href":"https:\/\/frvape.com\/cs\/wp-json\/wp\/v2\/media\/4769"}],"wp:attachment":[{"href":"https:\/\/frvape.com\/cs\/wp-json\/wp\/v2\/media?parent=4775"}],"wp:term":[{"taxonomy":"product_brand","embeddable":true,"href":"https:\/\/frvape.com\/cs\/wp-json\/wp\/v2\/product_brand?post=4775"},{"taxonomy":"product_cat","embeddable":true,"href":"https:\/\/frvape.com\/cs\/wp-json\/wp\/v2\/product_cat?post=4775"},{"taxonomy":"product_tag","embeddable":true,"href":"https:\/\/frvape.com\/cs\/wp-json\/wp\/v2\/product_tag?post=4775"}],"curies":[{"name":"wp","href":"https:\/\/api.w.org\/{rel}","templated":true}]}}