{"id":4873,"date":"2025-10-12T06:42:14","date_gmt":"2025-10-12T06:42:14","guid":{"rendered":"https:\/\/frvape.com\/product\/wga-crystal-legend-ultra-30000-dual-flavor-rechargeable-vape-with-massive-puffs\/"},"modified":"2025-12-16T08:40:42","modified_gmt":"2025-12-16T08:40:42","slug":"wga-crystal-legend-ultra-30000-dobijeci-vape-s-dualni-prichuti-a-masivnimi-puky","status":"publish","type":"product","link":"https:\/\/frvape.com\/cs\/product\/wga-crystal-legend-ultra-30000-dobijeci-vape-s-dualni-prichuti-a-masivnimi-puky\/","title":{"rendered":"Wga Crystal Legend Ultra 30000: dob\u00edjec\u00ed vape s dv\u011bma p\u0159\u00edchut\u011bmi a masivn\u00edmi \u0161luky"},"content":{"rendered":"<h3>Revolu\u010dn\u00ed z\u00e1\u017eitek z vapov\u00e1n\u00ed s dv\u011bma p\u0159\u00edchut\u011bmi<\/h3>\n<p>Na str\u00e1nk\u00e1ch <strong>Wga Crystal Legend Ultra 30000<\/strong> nov\u011b definuje pr\u00e9miov\u00fd vaping d\u00edky sv\u00e9 inovativn\u00ed posuvn\u00e9 technologii dvou p\u0159\u00edchut\u00ed. Toto revolu\u010dn\u00ed za\u0159\u00edzen\u00ed se dv\u011bma n\u00e1dr\u017ekami na 10 ml e-liquidu umo\u017e\u0148uje okam\u017eit\u00e9 p\u0159ep\u00edn\u00e1n\u00ed mezi p\u0159\u00edchut\u011bmi d\u00edky jedine\u010dn\u00e9mu mechanismu posuvn\u00e9ho filtru. Za\u017eijte nep\u0159eru\u0161ovan\u00e9 p\u0159echody chut\u00ed bez nutnosti v\u00fdm\u011bny za\u0159\u00edzen\u00ed - ide\u00e1ln\u00ed pro objevitele chut\u00ed tou\u017e\u00edc\u00ed po rozmanitosti p\u0159i ka\u017ed\u00e9m sezen\u00ed.<\/p>\n<h3>Bezkonkuren\u010dn\u00ed odolnost a ekologick\u00fd design<\/h3>\n<p>Navr\u017eeno pro <strong>30 000 masivn\u00edch obl\u00e1\u010dk\u016f<\/strong>, n\u00e1\u0161 dob\u00edjec\u00ed syst\u00e9m eliminuje jednor\u00e1zov\u00fd odpad a z\u00e1rove\u0148 nab\u00edz\u00ed v\u00fdrazn\u00e9 \u00faspory n\u00e1klad\u016f. Pokro\u010dil\u00fd <strong>Nab\u00edjen\u00ed typu C<\/strong> zaji\u0161\u0165uje rychl\u00e9 dopln\u011bn\u00ed energie a minim\u00e1ln\u00ed prostoje. P\u0159ijet\u00edm tohoto plniteln\u00e9ho ekologick\u00e9ho syst\u00e9mu sni\u017eujete dopad na \u017eivotn\u00ed prost\u0159ed\u00ed a z\u00e1rove\u0148 si u\u017e\u00edv\u00e1te del\u0161\u00edho pou\u017e\u00edv\u00e1n\u00ed - to je pro sv\u011bdomit\u00e9 vapery maxim\u00e1ln\u00ed v\u00fdhra.<\/p>\n<h3>Mistrovstv\u00ed v chuti s dvojitou c\u00edvkou<\/h3>\n<p>Dvojit\u00e9 s\u00ed\u0165ov\u00e9 c\u00edvky optimalizuj\u00ed distribuci tepla pro maxim\u00e1ln\u00ed produkci p\u00e1ry a <strong>intenzita chuti<\/strong>. Ka\u017ed\u00e9 vdechnut\u00ed uvol\u0148uje pe\u010dliv\u011b rozvrstven\u00e9 chu\u0165ov\u00e9 profily d\u00edky vylep\u0161en\u00e9 technologii atomizace. Za\u017eijte konzistentn\u011b bohat\u00e9 pod\u00e1n\u00ed chuti od prvn\u00edho potahu a\u017e po posledn\u00ed - navr\u017eeno pro n\u00e1ro\u010dn\u00e9 chu\u0165ov\u00e9 bu\u0148ky vy\u017eaduj\u00edc\u00ed dokonalost. Ve spojen\u00ed s architekturou tanku odolnou proti \u00faniku zaru\u010duje ka\u017edodenn\u00ed no\u0161en\u00ed bez nepo\u0159\u00e1dku.<\/p>\n<h3>15 senza\u010dn\u00edch kombinac\u00ed chut\u00ed<\/h3>\n<p>Vychutnejte si na\u0161e \u0159emesln\u00e9 chu\u0165ov\u00e9 kombinace, z nich\u017e ka\u017ed\u00e1 byla vyvinuta ve spolupr\u00e1ci s c\u00edlem dos\u00e1hnout harmonick\u00e9ho navrstven\u00ed chut\u00ed:<\/p>\n<p><strong>- Broskvov\u00fd d\u017eus s jahodami a \u0161\u0165\u00e1vou z broskv\u00ed<\/strong><br \/>\n<strong>- Sakuragrape &amp; Grapegummybear<\/strong><br \/>\n<strong>- Mrblue &amp; Blve Sourraspberry<\/strong><br \/>\n<strong>- Melounov\u00fd led a dvojit\u00e9 jablko<\/strong><br \/>\n<strong>- Fizzycherry &amp; Cherryraspberr<\/strong><br \/>\n<strong>- Blie Slush &amp; Pink Slush<\/strong><br \/>\n<strong>- Strawberryraspberryice &amp; Strawberryskittles<\/strong><br \/>\n<strong>- Blueberryice &amp; Strawberryice<\/strong><br \/>\n<strong>- Bor\u016fvky, maliny, t\u0159e\u0161n\u011b a bor\u016fvky, jahody, brusinky<\/strong><br \/>\n<strong>- Blue Razzcherry &amp; Blje Razzlemona<\/strong><br \/>\n<strong>- Citron &amp; limetka &amp; citronov\u00e1 t\u0159\u00ed\u0161\u0165<\/strong><br \/>\n<strong>- Gumov\u00fd medv\u00eddek a ku\u017eelka<\/strong><br \/>\n<strong>- Ledovcov\u00e1 m\u00e1ta a trojit\u00e1 m\u00e1ta<\/strong><br \/>\n<strong>- Juicypeach &amp; Mango Peachwaterme<\/strong><br \/>\n<strong>- Pineappleice &amp; Juicymango<\/strong><\/p>\n<h3>Navr\u017eeno pro pohodl\u00ed a v\u00fdkon<\/h3>\n<p>Ergonomick\u00e9 \u0161asi padne p\u0159irozen\u011b do ruky a vyzna\u010duje se obl\u00fdmi tvary a lehkou p\u0159enosnost\u00ed. Integrovan\u00fd LED indik\u00e1tor vyu\u017eit\u00ed poskytuje inteligentn\u00ed spr\u00e1vu baterie, zat\u00edmco optimalizovan\u00fd syst\u00e9m proud\u011bn\u00ed vzduchu zaji\u0161\u0165uje snadn\u00e9 \u010derp\u00e1n\u00ed pro <strong>pron\u00e1sledovatel\u00e9 mrak\u016f<\/strong> a nad\u0161enci MTL. Technologie anti-gurgle eliminuje zp\u011btn\u00fd tok nikotinu na v\u0161ech \u00farovn\u00edch a zachov\u00e1v\u00e1 integritu chuti po tis\u00edce \u0161luk\u016f.<\/p>\n<h3>Inteligentn\u00ed p\u0159izp\u016fsoben\u00ed nikotinu<\/h3>\n<p>Vyberte si z univerz\u00e1ln\u00edch <strong>2% nebo 5% koncentrace nikotinu<\/strong> podle va\u0161ich preferenc\u00ed. P\u0159esn\u00e9 k\u0159emenn\u00e9 spir\u00e1lky udr\u017euj\u00ed konzistentn\u00ed dod\u00e1vku nikotinu, a\u0165 u\u017e se rozhodnete pro siln\u00e9 potahy do hrdla, nebo pro hladk\u00e9 uspokojen\u00ed. Ide\u00e1ln\u00ed pro p\u0159ech\u00e1zej\u00edc\u00ed ku\u0159\u00e1ky, kte\u0159\u00ed hledaj\u00ed autentick\u00e9 uspokojen\u00ed, nebo pro zku\u0161en\u00e9 vapery, kte\u0159\u00ed usiluj\u00ed o sn\u00ed\u017een\u00ed p\u0159\u00edjmu bez ob\u011btov\u00e1n\u00ed po\u017eitku.<\/p>\n<h3>Nejvy\u0161\u0161\u00ed investice do vapingu<\/h3>\n<p>Krom\u011b mimo\u0159\u00e1dn\u00e9 \u017eivotnosti sni\u017euje Crystal Legend Ultra pravideln\u00e9 n\u00e1klady o v\u00edce ne\u017e 70% v porovn\u00e1n\u00ed s jednor\u00e1zov\u00fdmi v\u00fdrobky. Na\u0161e plniteln\u00e9 kapsle p\u0159ij\u00edmaj\u00ed v\u0161echny pr\u00e9miov\u00e9 nikotinov\u00e9 soli, co\u017e poskytuje nekone\u010dnou svobodu p\u0159izp\u016fsoben\u00ed. Tento model je vybaven ochranou proti n\u00e1razu a zkratu vojensk\u00e9 \u00farovn\u011b. <strong>\u0161pi\u010dkov\u00e9 za\u0159\u00edzen\u00ed v oboru<\/strong> nab\u00edz\u00ed bezstarostnou spolehlivost pro ka\u017edodenn\u00ed dobrodru\u017estv\u00ed.<\/p>\n<h3>Pro\u010d si vybrat Crystal Legend Ultra?<\/h3>\n<p>- Okam\u017eit\u011b p\u0159ep\u00ednejte mezi <strong>dvoj\u00ed p\u0159\u00edchu\u0165<\/strong> s posuvn\u00fdm mechanismem<br \/>\n- <strong>Hodnocen\u00ed 30 000 puf\u016f<\/strong> p\u0159ekon\u00e1v\u00e1 konkurenci v pom\u011bru 3:1<br \/>\n- Rychl\u00e9 nab\u00edjen\u00ed <strong>Port Type-C<\/strong> (pln\u00e9 nabit\u00ed za 35 minut)<br \/>\n- V\u00fdrazn\u00e9 \u00faspory oproti jednor\u00e1zov\u00fdm v\u00fdrobk\u016fm<br \/>\n- Pr\u00e9miov\u00fd pocit v ruce a kapesn\u00ed profil<br \/>\n- Sn\u00ed\u017een\u00e1 uhl\u00edkov\u00e1 stopa pro ekologick\u00e9 vapery<br \/>\nP\u0159ipojte se k tis\u00edc\u016fm lid\u00ed, kte\u0159\u00ed p\u0159e\u0161li na budoucnost vapingu - kde se inovace setk\u00e1vaj\u00ed s udr\u017eitelnost\u00ed, ani\u017e by to bylo na \u00fakor velkoleposti chuti.<\/p>","protected":false},"excerpt":{"rendered":"<p><strong>Wga Crystal Legend Ultra 30000<\/strong> du\u00e1ln\u00ed p\u0159\u00edchu\u0165 vape s <strong>30 000 puff<\/strong> kapacitu a <strong>dob\u00edjec\u00ed typ C<\/strong> design.<br \/>\nP\u0159ep\u00ednejte mezi 15 inovativn\u00edmi kombinacemi chut\u00ed pomoc\u00ed posuvn\u00e9ho mechanismu.<br \/>\nFunkce <strong>2%\/5% nikotinu<\/strong> mo\u017enosti a ekologick\u00fd syst\u00e9m dopl\u0148ov\u00e1n\u00ed.<\/p>","protected":false},"featured_media":4867,"comment_status":"open","ping_status":"closed","template":"","meta":[],"product_brand":[276],"product_cat":[1017,277],"product_tag":[374,381,103,537,536,534],"class_list":{"0":"post-4873","1":"product","2":"type-product","3":"status-publish","4":"has-post-thumbnail","6":"product_brand-wga","7":"product_cat-crystal-vapes","8":"product_cat-wga-vape","9":"product_tag-30000-puffs-vape","10":"product_tag-dual-flavor-vape","11":"product_tag-rechargeable-e-cigarette","12":"product_tag-refillable-e-cigs","13":"product_tag-type-c-vaping","14":"product_tag-wga-crystal-legend","16":"first","17":"instock","18":"sale","19":"shipping-taxable","20":"purchasable","21":"product-type-variable"},"jetpack_sharing_enabled":true,"tiered_pricing_type":"fixed","tiered_pricing_fixed_rules":[],"tiered_pricing_product_settings":{"layout":"default","base_unit_name":{"singular":null,"plural":null},"default_variation":null},"tiered_pricing_minimum_quantity":null,"tiered_pricing_roles_data":[],"tiered_pricing_percentage_rules":[],"tiered_pricing_maximum_quantity":null,"tiered_pricing_quantity_step":null,"_links":{"self":[{"href":"https:\/\/frvape.com\/cs\/wp-json\/wp\/v2\/product\/4873","targetHints":{"allow":["GET"]}}],"collection":[{"href":"https:\/\/frvape.com\/cs\/wp-json\/wp\/v2\/product"}],"about":[{"href":"https:\/\/frvape.com\/cs\/wp-json\/wp\/v2\/types\/product"}],"replies":[{"embeddable":true,"href":"https:\/\/frvape.com\/cs\/wp-json\/wp\/v2\/comments?post=4873"}],"wp:featuredmedia":[{"embeddable":true,"href":"https:\/\/frvape.com\/cs\/wp-json\/wp\/v2\/media\/4867"}],"wp:attachment":[{"href":"https:\/\/frvape.com\/cs\/wp-json\/wp\/v2\/media?parent=4873"}],"wp:term":[{"taxonomy":"product_brand","embeddable":true,"href":"https:\/\/frvape.com\/cs\/wp-json\/wp\/v2\/product_brand?post=4873"},{"taxonomy":"product_cat","embeddable":true,"href":"https:\/\/frvape.com\/cs\/wp-json\/wp\/v2\/product_cat?post=4873"},{"taxonomy":"product_tag","embeddable":true,"href":"https:\/\/frvape.com\/cs\/wp-json\/wp\/v2\/product_tag?post=4873"}],"curies":[{"name":"wp","href":"https:\/\/api.w.org\/{rel}","templated":true}]}}