{"id":5941,"date":"2025-10-12T08:47:58","date_gmt":"2025-10-12T08:47:58","guid":{"rendered":"https:\/\/frvape.com\/product\/zooy-blaze-25000-disposable-vape-25k-puffs-full-screen-design-adjustable\/"},"modified":"2025-11-04T01:57:07","modified_gmt":"2025-11-04T01:57:07","slug":"zooy-blaze-25000-jednorazovy-vape-25k-puffs-nastavitelny-design-pres-celou-obrazovku","status":"publish","type":"product","link":"https:\/\/frvape.com\/cs\/product\/zooy-blaze-25000-jednorazovy-vape-25k-puffs-nastavitelny-design-pres-celou-obrazovku\/","title":{"rendered":"Zooy Blaze 25000 Vape na jedno pou\u017eit\u00ed - 25K Puffs Celoplo\u0161n\u00fd design a mo\u017enost nastaven\u00ed"},"content":{"rendered":"<h3>P\u0159ehled<\/h3>\n<p>Na str\u00e1nk\u00e1ch <strong>Zooy Blaze 25000<\/strong> je vedouc\u00edm v\u00fdrobkem na trhu jednor\u00e1zov\u00fdch e-cigaret, kter\u00fd kombinuje \u0161pi\u010dkovou technologii s neuv\u011b\u0159itelnou hodnotou d\u00edky sv\u00fdm <strong>design p\u0159es celou obrazovku<\/strong> a rozs\u00e1hlou sadu funkc\u00ed.<br \/>Je navr\u017een pro vynikaj\u00edc\u00ed v\u00fdkon a spokojenost u\u017eivatel\u016f a podporuje r\u016fznorod\u00e9 styly vapov\u00e1n\u00ed, tak\u017ee je ide\u00e1ln\u00ed pro za\u010d\u00e1te\u010dn\u00edky i nad\u0161ence.<\/p>\n<h3>Inovativn\u00ed design a funkce<\/h3>\n<p>Vstupte do budoucnosti vapingu s t\u00edmto v\u00fdjime\u010dn\u00fdm za\u0159\u00edzen\u00edm <strong>zobrazen\u00ed na celou obrazovku<\/strong>, kter\u00fd nejen zvy\u0161uje estetick\u00fd dojem, ale tak\u00e9 nab\u00edz\u00ed v\u011bt\u0161\u00ed, intuitivn\u00ed rozhran\u00ed pro snadn\u00e9 ovl\u00e1d\u00e1n\u00ed.<br \/>Monitorov\u00e1n\u00ed hladiny e-liquidu a stavu baterie v re\u00e1ln\u00e9m \u010dase zaji\u0161\u0165uje kontrolovan\u00fd a bezpe\u010dn\u00fd z\u00e1\u017eitek a sni\u017euje nejistotu b\u011bhem pou\u017e\u00edv\u00e1n\u00ed.<br \/>P\u0159id\u00e1n\u00ed <strong>nastaviteln\u00e9 proud\u011bn\u00ed vzduchu<\/strong> umo\u017e\u0148uje u\u017eivatel\u016fm p\u0159izp\u016fsobit odpor potahu sv\u00fdm preferenc\u00edm a poka\u017ed\u00e9 tak dos\u00e1hnout hladk\u00e9ho a uspokojiv\u00e9ho n\u00e1dechu.<br \/>Bezpe\u010dnost je up\u0159ednost\u0148ov\u00e1na d\u00edky integrovan\u00e9mu <strong>d\u011btsk\u00e1 pojistka<\/strong> aby se zabr\u00e1nilo necht\u011bn\u00e9 aktivaci, co\u017e p\u0159in\u00e1\u0161\u00ed klid a inovace.<\/p>\n<h3>Vysoce v\u00fdkonn\u00e9 specifikace<\/h3>\n<p>M\u016f\u017ee se pochlubit p\u016fsobiv\u00fdm <strong>25000 obl\u00e1\u010dk\u016f<\/strong> na za\u0159\u00edzen\u00ed, Zooy Blaze 25000 eliminuje pot\u00ed\u017ee s neust\u00e1lou v\u00fdm\u011bnou d\u00edky sv\u00e9mu velk\u00e9mu objemu. <strong>Kapacita pod\u016f 32 ml<\/strong>.<br \/>Poh\u00e1n\u011bn spolehliv\u00fdm <strong>Nab\u00edjec\u00ed baterie s kapacitou 650 mAh<\/strong>, podporuje rychl\u00e9 nab\u00edjen\u00ed p\u0159es USB typu C pro rychl\u00e9 a efektivn\u00ed dob\u00edjen\u00ed na cest\u00e1ch.<br \/>Pro konzistentn\u00ed produkci p\u00e1ry <strong>c\u00edvky s dvojit\u00fdmi oky<\/strong> efektivn\u011b zah\u0159\u00edvat, aby se p\u0159i ka\u017ed\u00e9m vdechnut\u00ed zachovaly bohat\u00e9 chu\u0165ov\u00e9 profily.<br \/>U\u017eivatel\u00e9 si mohou vybrat z n\u011bkolika sil nikotinu -<strong>2% (20 mg), 3% (30 mg) nebo 5% (50 mg) varianty s nikotinovou sol\u00ed<\/strong>-p\u0159izp\u016fsoben\u00ed se r\u016fzn\u00fdm preferenc\u00edm a vytvo\u0159en\u00ed kopu na m\u00edru.<br \/>Celkov\u00e9 rozm\u011bry jsou kompaktn\u00ed - 25*48*101 mm a hmotnost pouh\u00fdch 120 g, tak\u017ee je p\u0159enosn\u00fd a z\u00e1rove\u0148 v\u00fdkonn\u00fd pro celodenn\u00ed z\u00e1bavu.<\/p>\n<h3>Vynikaj\u00edc\u00ed rozmanitost chut\u00ed<\/h3>\n<p>Dop\u0159ejte si lahodn\u00fd v\u00fdb\u011br z deseti sofistikovan\u00fdch <strong>ovocn\u00e9 p\u0159\u00edchut\u011b<\/strong>, z nich\u017e ka\u017ed\u00e1 je vytvo\u0159ena tak, aby poskytovala intenzivn\u00ed chu\u0165ov\u00e9 vjemy a umo\u017enila tak za\u017e\u00edt vapingov\u00e9 dobrodru\u017estv\u00ed na vysok\u00e9 \u00farovni.<br \/>Pe\u010dliv\u011b propracovan\u00e1 sestava zahrnuje:<\/p>\n<p>sm\u00ed\u0161en\u00e9 bobule<br \/>jahodov\u00fd meloun<br \/>hroznov\u00fd citron<br \/>bor\u016fvkov\u00fd led<br \/>jahodov\u00e9 kiwi<br \/>jablko broskev<br \/>melounov\u00fd led<br \/>limon\u00e1da blue razz<br \/>modr\u00e1 m\u00e1ta (bor\u016fvkov\u00e1 m\u00e1ta)<br \/>ostru\u017eina t\u0159e\u0161e\u0148 citron<\/p>\n<p>Tato rozmanit\u00e1 nab\u00eddka - od klasick\u00fdch obl\u00edben\u00fdch v\u00fdrobk\u016f a\u017e po jedine\u010dn\u00e9 ledov\u00e9 kousky - zaru\u010duje, \u017ee si ka\u017ed\u00fd u\u017eivatel najde to sv\u00e9 a z\u00e1rove\u0148 dod\u00e1 ka\u017edodenn\u00ed rutin\u011b novost a vzru\u0161en\u00ed.<\/p>\n<h3>Z\u00e1v\u011br<\/h3>\n<p>Zooy Blaze 25000 v podstat\u011b nov\u011b definuje pohodl\u00ed d\u00edky robustn\u00ed \u017eivotnosti 25 000 \u0161luk\u016f, inteligentn\u00edmu zobrazen\u00ed v re\u00e1ln\u00e9m \u010dase a v\u0161estrann\u00e9 chuti.<br \/>A\u0165 u\u017e hled\u00e1te prvky zam\u011b\u0159en\u00e9 na v\u00fdkon, jako je <strong>c\u00edvky s dvojit\u00fdmi oky<\/strong> nebo personalizace prost\u0159ednictv\u00edm <strong>nastaviteln\u00e1 nastaven\u00ed<\/strong>, tato e-cigareta p\u0159in\u00e1\u0161\u00ed prvot\u0159\u00eddn\u00ed z\u00e1\u017eitek, kter\u00fd up\u0159ednost\u0148uje zdrav\u00ed, \u00fa\u010dinnost a po\u017eitek.<br \/>D\u00edky pokro\u010dil\u00e9 technologii nab\u00edjen\u00ed a praktick\u00fdm bezpe\u010dnostn\u00edm prvk\u016fm nastavuje nov\u00fd standard modern\u00edch vapingov\u00fdch \u0159e\u0161en\u00ed.<\/p>","protected":false},"excerpt":{"rendered":"<p>Za\u017eijte <strong>Zooy Blaze 25000<\/strong> jednor\u00e1zov\u00fd vape, kter\u00fd obsahuje <strong>25 000 obl\u00e1\u010dk\u016f<\/strong>, a <strong>zobrazen\u00ed na celou obrazovku<\/strong>a deset exotick\u00fdch <strong>ovocn\u00e9 p\u0159\u00edchut\u011b<\/strong>.<br \/>Dob\u00edjen\u00ed p\u0159es USB-C s <strong>nastaviteln\u00e9 proud\u011bn\u00ed vzduchu<\/strong> pro personalizovan\u00fd vaping.<\/p>","protected":false},"featured_media":5935,"comment_status":"open","ping_status":"closed","template":"","meta":[],"product_brand":[97],"product_cat":[860],"product_tag":[603,163,112,605,604,602],"class_list":{"0":"post-5941","1":"product","2":"type-product","3":"status-publish","4":"has-post-thumbnail","6":"product_brand-zooy","7":"product_cat-zooy","8":"product_tag-25000-puff-e-cig","9":"product_tag-adjustable-airflow","10":"product_tag-disposable-vape","11":"product_tag-fruit-flavors","12":"product_tag-full-screen-display","13":"product_tag-zooy-blaze-25000","15":"first","16":"instock","17":"sale","18":"shipping-taxable","19":"purchasable","20":"product-type-variable"},"jetpack_sharing_enabled":true,"tiered_pricing_type":"fixed","tiered_pricing_fixed_rules":[],"tiered_pricing_product_settings":{"layout":"default","base_unit_name":{"singular":null,"plural":null},"default_variation":null},"tiered_pricing_minimum_quantity":null,"tiered_pricing_roles_data":[],"tiered_pricing_percentage_rules":[],"tiered_pricing_maximum_quantity":null,"tiered_pricing_quantity_step":null,"_links":{"self":[{"href":"https:\/\/frvape.com\/cs\/wp-json\/wp\/v2\/product\/5941","targetHints":{"allow":["GET"]}}],"collection":[{"href":"https:\/\/frvape.com\/cs\/wp-json\/wp\/v2\/product"}],"about":[{"href":"https:\/\/frvape.com\/cs\/wp-json\/wp\/v2\/types\/product"}],"replies":[{"embeddable":true,"href":"https:\/\/frvape.com\/cs\/wp-json\/wp\/v2\/comments?post=5941"}],"wp:featuredmedia":[{"embeddable":true,"href":"https:\/\/frvape.com\/cs\/wp-json\/wp\/v2\/media\/5935"}],"wp:attachment":[{"href":"https:\/\/frvape.com\/cs\/wp-json\/wp\/v2\/media?parent=5941"}],"wp:term":[{"taxonomy":"product_brand","embeddable":true,"href":"https:\/\/frvape.com\/cs\/wp-json\/wp\/v2\/product_brand?post=5941"},{"taxonomy":"product_cat","embeddable":true,"href":"https:\/\/frvape.com\/cs\/wp-json\/wp\/v2\/product_cat?post=5941"},{"taxonomy":"product_tag","embeddable":true,"href":"https:\/\/frvape.com\/cs\/wp-json\/wp\/v2\/product_tag?post=5941"}],"curies":[{"name":"wp","href":"https:\/\/api.w.org\/{rel}","templated":true}]}}