{"id":620,"date":"2025-10-11T15:33:07","date_gmt":"2025-10-11T15:33:07","guid":{"rendered":"https:\/\/frvape.com\/product\/bang-king-15000-disposable-vape-15k-puffs-multiple-nicotine-strengths\/"},"modified":"2025-11-04T01:45:08","modified_gmt":"2025-11-04T01:45:08","slug":"bang-king-15000-jednorazovy-vape-15k-puffs-vice-sil-nikotinu","status":"publish","type":"product","link":"https:\/\/frvape.com\/cs\/product\/bang-king-15000-jednorazovy-vape-15k-puffs-vice-sil-nikotinu\/","title":{"rendered":"Bang King 15000 Vape na jedno pou\u017eit\u00ed | 15 tis\u00edc \u0161luk\u016f, v\u00edce sil nikotinu"},"content":{"rendered":"<h3>Revolu\u010dn\u00ed zku\u0161enosti s vapingem<\/h3>\n<p>P\u0159edstaven\u00ed <strong>Bang King 15000 Jednor\u00e1zov\u00e9 vape<\/strong> - dokonal\u00e9 \u0159e\u0161en\u00ed pro p\u0159\u00edle\u017eitostn\u00e9 vapery i velkoobchodn\u00ed distributory v Nizozemsku, N\u011bmecku, Belgii a \u0160pan\u011blsku. Toto pr\u00e9miov\u00e9 za\u0159\u00edzen\u00ed kombinuje neb\u00fdvalou kapacitu s inovativn\u00ed technologi\u00ed a p\u0159in\u00e1\u0161\u00ed v\u00fdjime\u010dn\u00fd v\u00fdkon. <strong>15 000 puff<\/strong> \u017eivotnost d\u00edky sv\u00e9 masivn\u00ed <strong>25ml integrovan\u00e9ho e-liquidu<\/strong> z\u00e1sobn\u00edk.<\/p>\n<h3>Pokro\u010dil\u00e9 technick\u00e9 specifikace<\/h3>\n<p>Navr\u017eeno s vyu\u017eit\u00edm nejmodern\u011bj\u0161\u00edch komponent\u016f:<\/p>\n<p>&#8211; <strong>15 000 puff\u016f<\/strong> na za\u0159\u00edzen\u00ed<br \/>&#8211; <strong>Kapacita 25 ml e-liquidu<\/strong> (nejlep\u0161\u00ed objem v oboru)<br \/>&#8211; <strong>650mAh \u010dist\u011b kobaltov\u00e1 baterie<\/strong> s 5A vyb\u00edjen\u00edm<br \/>- Pokro\u010dil\u00e9 <strong>Odpor 1,0ohm<\/strong> syst\u00e9m s\u00ed\u0165ov\u00fdch c\u00edvek<br \/>- Rapid <strong>Dob\u00edjen\u00ed typu C<\/strong> p\u0159\u00edstav<br \/>&#8211; <strong>\u010cty\u0159i mo\u017enosti nikotinu<\/strong>: 0%, 2%, 3%, 5%<\/p>\n<h3>Spektrum chut\u00ed<\/h3>\n<p>Prozkoumejte na\u0161e rozmanit\u00e9 <strong>elektronick\u00e9 vape p\u0159\u00edchut\u011b<\/strong> sb\u00edrka:<\/p>\n<p>R\u016f\u017eov\u00e1 limon\u00e1da<br \/>Aloe Grape<br \/>Tropick\u00e9 ovoce<br \/>Broskvov\u00e9 mango<br \/>Cukrov\u00e1 vata<br \/>Kysel\u00e9 jablko malina<br \/>Jahodov\u00fd jogurt<br \/>melounov\u00e1 \u017ev\u00fdka\u010dka<br \/>Modr\u00e1 Razzice<br \/>Kiwi mu\u010denka guava<br \/>jahoda-meloun<br \/>Trojit\u00fd bobulov\u00fd led<br \/>Peachice<br \/>t\u0159e\u0161\u0148ov\u00fd pop<br \/>Jahodov\u00e9 kiwi<br \/>\u010dern\u00fd dra\u010d\u00ed led<br \/>LUSHICE<br \/>DLUBLE APPLE<br \/>Jahodov\u00fd ban\u00e1n<br \/>Cool Mint<\/p>\n<h3>Excelentn\u00ed v\u00fdkon<\/h3>\n<p>Na str\u00e1nk\u00e1ch <strong>Bang King 15000<\/strong> nastavuje nov\u00e9 standardy pro jednor\u00e1zov\u00e9 vapes se sv\u00fdmi pokro\u010dil\u00fdmi technologiemi. <strong>technologie s\u00ed\u0165ov\u00e9 c\u00edvky<\/strong>. Tento revolu\u010dn\u00ed syst\u00e9m poskytuje bezkonkuren\u010dn\u00ed \u010distotu chuti a konzistentn\u00ed produkci p\u00e1ry od prvn\u00edho do posledn\u00edho \u0161luku. Na rozd\u00edl od tradi\u010dn\u00edch jednor\u00e1zov\u00fdch \u0161luk\u00e1tek zabra\u0148uje na\u0161e patentovan\u00e1 konstrukce spir\u00e1lky such\u00fdm potah\u016fm a z\u00e1rove\u0148 maximalizuje \u00fa\u010dinnost e-liquidu.<\/p>\n<h3>V\u00fdhoda dob\u00edjen\u00ed<\/h3>\n<p>U\u017e nikdy nepl\u00fdtvejte e-liquidem! Integrovan\u00fd <strong>dob\u00edjec\u00ed syst\u00e9m<\/strong> m\u011bn\u00ed z\u00e1\u017eitek z jednor\u00e1zov\u00e9ho vapingu. Pr\u00e9miov\u00fd <strong>Baterie s kapacitou 650 mAh<\/strong> podporuje <strong>rychl\u00e9 nab\u00edjen\u00ed typu C<\/strong> - pouh\u00fdch 30 minut poskytuje kapacitu 80%. Tento inovativn\u00ed p\u0159\u00edstup d\u011bl\u00e1 z Bang Kinga nej <strong>n\u00e1kladov\u011b efektivn\u00ed jednor\u00e1zov\u00fd vape<\/strong> \u0159e\u0161en\u00ed na trhu, zejm\u00e9na pro velkoodb\u011bratele.<\/p>\n<h3>V\u0161estrannost nikotinu<\/h3>\n<p>Bang King vyhovuje v\u0161em vapingov\u00fdm preferenc\u00edm a nab\u00edz\u00ed bezkonkuren\u010dn\u00ed flexibilitu se \u010dty\u0159mi mo\u017enostmi. <strong>mo\u017enosti s\u00edly nikotinu<\/strong>. Vyb\u00edrejte z variant s nulov\u00fdm obsahem nikotinu (0%) pro puristy, m\u00edrn\u00fdch variant (2%-3%) pro p\u0159\u00edle\u017eitostn\u00e9 u\u017eivatele nebo intenzity v\u011brn\u00e9 tab\u00e1ku (5%) pro siln\u00e9 ku\u0159\u00e1ky p\u0159ech\u00e1zej\u00edc\u00ed na vaping.<\/p>\n<h3>V\u00fdhody velkoobchodu<\/h3>\n<p>Jako origin\u00e1ln\u00ed tov\u00e1rn\u00ed v\u00fdrobek <strong>Bang King 15000<\/strong> poskytuje distributor\u016fm v\u00fdjime\u010dnou kontrolu kvality a v\u00fdhodu hromadn\u00e9ho prodeje. Na str\u00e1nk\u00e1ch <strong>nen\u00e1ro\u010dn\u00fd design na \u00fadr\u017ebu<\/strong> a prvot\u0159\u00eddn\u00ed prezentace je ide\u00e1ln\u00ed pro maloobchodn\u00ed prodejny, zat\u00edmco roz\u0161\u00ed\u0159en\u00e1 mo\u017enost <strong>\u017divotnost 15 000 nadechnut\u00ed<\/strong> zaji\u0161\u0165uje vy\u0161\u0161\u00ed spokojenost z\u00e1kazn\u00edk\u016f a opakovan\u00e9 zak\u00e1zky.<\/p>\n<h3>Pr\u016flomov\u00e9 technick\u00e9 objevy<\/h3>\n<p>Bezprobl\u00e9mov\u00e1 integrace <strong>Schopnost vyb\u00edjen\u00ed 5 A<\/strong> s <strong>\u010dist\u00e1 kobaltov\u00e1 baterie<\/strong> vytv\u00e1\u0159\u00ed neb\u00fdvalou \u00fa\u010dinnost jednor\u00e1zov\u00e9ho za\u0159\u00edzen\u00ed. V kombinaci s pokro\u010dil\u00fdm <strong>1,0ohmov\u00e1 s\u00ed\u0165ov\u00e1 c\u00edvka<\/strong>, tato technick\u00e1 synergie p\u0159in\u00e1\u0161\u00ed jak silnou produkci mrak\u016f, tak v\u00fdjime\u010dnou chu\u0165ovou \u010distotu, kter\u00e1 vydr\u017e\u00ed po cel\u00fdch 15 000 potah\u016f - skute\u010dn\u00e1 inovace na trhu.<\/p>\n<h3>Optim\u00e1ln\u00ed zku\u0161enosti s pou\u017e\u00edv\u00e1n\u00edm<\/h3>\n<p>Inspirace pr\u00e9miov\u00fdmi modifika\u010dn\u00edmi syst\u00e9my, ale s maxim\u00e1ln\u00ed jednoduchost\u00ed. <strong>Bang King vape pen<\/strong> nevy\u017eaduje \u017e\u00e1dnou \u00fadr\u017ebu, dopl\u0148ov\u00e1n\u00ed nebo v\u00fdm\u011bnu c\u00edvky. Dokonale kalibrovan\u00fd pr\u016ftok vzduchu a ergonomick\u00fd n\u00e1ustek zaji\u0161\u0165uj\u00ed plynul\u00e9 potahov\u00e1n\u00ed p\u0159i zachov\u00e1n\u00ed siln\u00e9 produkce p\u00e1ry. S <strong>Objem 25 ml<\/strong> a <strong>mo\u017enosti dob\u00edjen\u00ed<\/strong>, p\u0159ekon\u00e1v\u00e1 konkurenci o 300-500% \u017eivotnosti.<\/p>\n<h3>Zam\u011b\u0159en\u00ed na evropsk\u00fd trh<\/h3>\n<p>Speci\u00e1ln\u011b vylad\u011bn\u00fd pro evropsk\u00e9 vapingov\u00e9 preference s optimalizovanou silou nikotinu a r\u016fznorod\u00fdmi <strong>chu\u0165ov\u00e9 profily<\/strong>. V souladu s regula\u010dn\u00edmi normami EU pro kvalitu a bezpe\u010dnost. Na <strong>Bang King factory-direct<\/strong> model zaji\u0161\u0165uje nejlep\u0161\u00ed ceny pro podniky v Nizozemsku, N\u011bmecku, Belgii a \u0160pan\u011blsku.<\/p>","protected":false},"excerpt":{"rendered":"<p>Za\u017eijte <strong>Bang King 15000 Jednor\u00e1zov\u00e9 vape<\/strong> s masivn\u00edm <strong>Kapacita 25 ml e-liquidu<\/strong> a <strong>15 000 vdech\u016f<\/strong>. Funkce <strong>dob\u00edjec\u00ed baterie s kapacitou 650 mAh<\/strong>, <strong>r\u016fzn\u00e9 s\u00edly nikotinu<\/strong> (0%, 2%, 3%, 5%) a <strong>20 pr\u00e9miov\u00fdch p\u0159\u00edchut\u00ed<\/strong>.<br \/>Ide\u00e1ln\u00ed pro velkoobchodn\u00ed i osobn\u00ed pou\u017eit\u00ed v cel\u00e9 Evrop\u011b.<\/p>","protected":false},"featured_media":614,"comment_status":"open","ping_status":"closed","template":"","meta":[],"product_brand":[133],"product_cat":[856],"product_tag":[139,137,136,140,138,75],"class_list":{"0":"post-620","1":"product","2":"type-product","3":"status-publish","4":"has-post-thumbnail","6":"product_brand-bangking","7":"product_cat-bangking","8":"product_tag-25ml-e-liquid-vape","9":"product_tag-650mah-type-c-vape","10":"product_tag-bang-king-15000-puffs","11":"product_tag-bulk-disposable-vapes","12":"product_tag-low-nicotine-vape-pen","13":"product_tag-rechargeable-disposable-vape","15":"first","16":"instock","17":"sale","18":"shipping-taxable","19":"purchasable","20":"product-type-variable"},"jetpack_sharing_enabled":true,"tiered_pricing_type":"fixed","tiered_pricing_fixed_rules":[],"tiered_pricing_product_settings":{"layout":"default","base_unit_name":{"singular":null,"plural":null},"default_variation":null},"tiered_pricing_minimum_quantity":null,"tiered_pricing_roles_data":[],"tiered_pricing_percentage_rules":[],"tiered_pricing_maximum_quantity":null,"tiered_pricing_quantity_step":null,"_links":{"self":[{"href":"https:\/\/frvape.com\/cs\/wp-json\/wp\/v2\/product\/620","targetHints":{"allow":["GET"]}}],"collection":[{"href":"https:\/\/frvape.com\/cs\/wp-json\/wp\/v2\/product"}],"about":[{"href":"https:\/\/frvape.com\/cs\/wp-json\/wp\/v2\/types\/product"}],"replies":[{"embeddable":true,"href":"https:\/\/frvape.com\/cs\/wp-json\/wp\/v2\/comments?post=620"}],"wp:featuredmedia":[{"embeddable":true,"href":"https:\/\/frvape.com\/cs\/wp-json\/wp\/v2\/media\/614"}],"wp:attachment":[{"href":"https:\/\/frvape.com\/cs\/wp-json\/wp\/v2\/media?parent=620"}],"wp:term":[{"taxonomy":"product_brand","embeddable":true,"href":"https:\/\/frvape.com\/cs\/wp-json\/wp\/v2\/product_brand?post=620"},{"taxonomy":"product_cat","embeddable":true,"href":"https:\/\/frvape.com\/cs\/wp-json\/wp\/v2\/product_cat?post=620"},{"taxonomy":"product_tag","embeddable":true,"href":"https:\/\/frvape.com\/cs\/wp-json\/wp\/v2\/product_tag?post=620"}],"curies":[{"name":"wp","href":"https:\/\/api.w.org\/{rel}","templated":true}]}}