{"id":6237,"date":"2025-10-12T09:11:58","date_gmt":"2025-10-12T09:11:58","guid":{"rendered":"https:\/\/frvape.com\/product\/elfbox-14000-puffs-rechargeable-disposable-vape-with-mesh-coil-25ml-e-liquid\/"},"modified":"2025-10-12T09:12:07","modified_gmt":"2025-10-12T09:12:07","slug":"elfbox-14000-puffs-dobijeci-jednorazove-vape-s-mesh-civkou-25ml-e-liquid","status":"publish","type":"product","link":"https:\/\/frvape.com\/cs\/product\/elfbox-14000-puffs-dobijeci-jednorazove-vape-s-mesh-civkou-25ml-e-liquid\/","title":{"rendered":"Elfbox 14000 Puffs Nab\u00edjec\u00ed jednor\u00e1zov\u00e1 vape se s\u00ed\u0165ovou c\u00edvkou a 25 ml e-liquidu"},"content":{"rendered":"<h3>ELF BOX 14000 Puffs: Jednor\u00e1zov\u00fd vaping: revoluce v oblasti jednor\u00e1zov\u00e9ho vapingu<\/h3>\n<p>Na str\u00e1nk\u00e1ch <strong>Elfbox 14000<\/strong> nov\u011b definuje pr\u00e9miov\u00fd vaping d\u00edky mimo\u0159\u00e1dn\u00e9 kapacit\u011b 14 000 \u0161luk\u016f. Je navr\u017een pro maxim\u00e1ln\u00ed spokojenost. <strong>dob\u00edjec\u00ed jednor\u00e1zov\u00e9 vape<\/strong> je vybaven masivn\u00edm <strong>Z\u00e1sobn\u00edk na 25 ml e-liquidu<\/strong> a integrovan\u00fd <strong>Baterie s kapacitou 600 mAh<\/strong> kter\u00e1 vydr\u017e\u00ed del\u0161\u00ed sezen\u00ed. Rychl\u00e9 dob\u00edjen\u00ed Type-C eliminuje prostoje, zat\u00edmco nejmodern\u011bj\u0161\u00ed technologie <strong>Mesh c\u00edvka 1,0ohm<\/strong> j\u00e1dro zaji\u0161\u0165uje jedine\u010dnou intenzitu chuti p\u0159i ka\u017ed\u00e9m pot\u00e1hnut\u00ed.<\/p>\n<h3>Bezkonkuren\u010dn\u00ed v\u00fdkon a p\u0159izp\u016fsoben\u00ed<\/h3>\n<p>P\u0159izp\u016fsobte si z\u00e1\u017eitek pomoc\u00ed flexibiln\u00edch <strong>s\u00edla nikotinu: 0%, 2%, 3% nebo 5%<\/strong>. Odoln\u00e1 konstrukce z PC vydr\u017e\u00ed ka\u017edodenn\u00ed pou\u017e\u00edv\u00e1n\u00ed a dynamick\u00e1... <strong>Osv\u011btlen\u00ed RGB<\/strong> slou\u017e\u00ed jako indik\u00e1tor stavu baterie. Sou\u010d\u00e1st\u00ed ka\u017ed\u00e9ho za\u0159\u00edzen\u00ed je praktick\u00e1 \u0161\u0148\u016frka pro p\u0159en\u00e1\u0161en\u00ed, na kterou se vztahuje z\u00e1ruka. <strong>Z\u00e1ruka 1 rok<\/strong> pro zaji\u0161t\u011bn\u00ed spolehlivosti.<\/p>\n<h3>Chu\u0165ov\u00fd z\u00e1\u017eitek, kter\u00fd nadchne<\/h3>\n<p>Dop\u0159ejte si na\u0161e pe\u010dliv\u011b propracovan\u00e9 spektrum chut\u00ed:<br \/><strong>Red Bull<\/strong> - Energetick\u00fd n\u00e1poj povzbuzen\u00ed<br \/><strong>Hroznov\u00fd led<\/strong> - \u0160\u0165avnat\u00e9 bobule s ledov\u00fdm z\u00e1v\u011brem<br \/><strong>Broskvov\u00e9 mango<\/strong> - F\u00faze tropick\u00e9ho peckovit\u00e9ho ovoce<br \/><strong>T\u0159e\u0161\u0148ov\u00e1 limon\u00e1da<\/strong> - \u0160umiv\u00e1 t\u0159e\u0161\u0148ov\u00e1 p\u011bna<br \/><strong>M\u00e1tov\u00fd led<\/strong> - Arktick\u00e1 sv\u011b\u017e\u00ed m\u00e1ta peprn\u00e1<br \/><strong>Dvojit\u00e9 jablko<\/strong> - K\u0159upav\u00e1 sm\u011bs dvou jablek<br \/><strong>Jahodov\u00fd meloun<\/strong> - Letn\u00ed bobulov\u00e1 sm\u011bs<br \/><strong>Jahodov\u00e1 zmrzlina<\/strong> - Chlazen\u00fd jahodov\u00fd v\u00fdbuch<br \/><strong>Blue Razz Ice<\/strong> - Trpk\u00fd modr\u00fd malinov\u00fd chlad<br \/><strong>Sv\u011b\u017e\u00ed led<\/strong> - Melounov\u00e1 mentolov\u00e1 sv\u011b\u017eest<\/p>\n<h3>Specifikace Premium<\/h3>\n<p>- Pufy: <strong>14,000<\/strong><br \/>- J\u00e1dro: <strong>Mesh c\u00edvka 1,0ohm<\/strong><br \/>- E-liquid: <strong>25 ml<\/strong><br \/>- Nikotin: <strong>0%\/2%\/3%\/5%<\/strong><br \/>- Baterie: <strong>600mAh dob\u00edjec\u00ed<\/strong><br \/>- Nab\u00edjen\u00ed: <strong>USB typu C<\/strong><br \/>- Vlastnosti: <strong>Osv\u011btlen\u00ed RGB + \u0161\u0148\u016frka<\/strong><br \/>- Velikost: 35x36x133,5mm | Hmotnost: 100g<\/p>\n<h3>Hromadn\u00e1 \u00fa\u010dinnost<\/h3>\n<p>Optimalizov\u00e1no pro velkoobchodn\u00ed distribuci:<br \/>- <strong>10 za\u0159\u00edzen\u00ed na vnit\u0159n\u00ed krabici<\/strong><br \/>- <strong>200 jednotek v hlavn\u00edm kartonu<\/strong><br \/>- Rozm\u011bry kartonu: 400x385x295mm<br \/>- Hrub\u00e1 hmotnost: <strong>20,7 kg<\/strong><\/p>\n<h3>Nejdokonalej\u0161\u00ed spole\u010dn\u00edk pro vaping<\/h3>\n<p>S <strong>Elfbox 14000<\/strong>, vychutnejte si nep\u0159eru\u0161ovan\u00e9 relace poh\u00e1n\u011bn\u00e9 vysokokapacitn\u00ed technikou. Str\u00e1nky <strong>Technologie s\u00ed\u0165ov\u00e9 c\u00edvky<\/strong> odemyk\u00e1 vrstven\u00e9 chu\u0165ov\u00e9 profily a ergonomick\u00fd design perfektn\u011b padne do ruky. A\u0165 u\u017e d\u00e1v\u00e1te p\u0159ednost po\u017eitku bez nikotinu, nebo siln\u011bj\u0161\u00edmu uspokojen\u00ed, toto za\u0159\u00edzen\u00ed p\u0159in\u00e1\u0161\u00ed <strong>v\u00fdjime\u010dn\u00e1 produkce p\u00e1ry<\/strong> a dlouhov\u011bkost. Pozvedn\u011bte svou cestu vapingu d\u00edky inovativn\u00edmu p\u0159\u00edstupu k dokonalosti jednor\u00e1zov\u00fdch n\u00e1pln\u00ed Elfbox.<\/p>","protected":false},"excerpt":{"rendered":"<p>Za\u017eijte <strong>Elfbox 14000<\/strong> jednor\u00e1zov\u00fd vape s masivn\u00edm <strong>Kapacita 25 ml e-d\u017eus\u016f<\/strong> a <strong>14000 obl\u00e1\u010dk\u016f<\/strong>. Obsahuje a <strong>dob\u00edjec\u00ed baterie s kapacitou 600 mAh<\/strong> p\u0159es port Type-C, p\u0159izp\u016fsobiteln\u00e9 <strong>s\u00edly nikotinu (0%-5%)<\/strong>a <strong>Technologie s\u00ed\u0165ov\u00e9 c\u00edvky<\/strong> pro bohatou chu\u0165. Obsahuje z\u00e1\u0159iv\u00e9 <strong>Osv\u011btlen\u00ed RGB<\/strong> a \u0161\u0148\u016frkou na krk.<\/p>","protected":false},"featured_media":6231,"comment_status":"open","ping_status":"closed","template":"","meta":[],"product_brand":[206],"product_cat":[207],"product_tag":[619,618,400,620,75,621],"class_list":{"0":"post-6237","1":"product","2":"type-product","3":"status-publish","4":"has-post-thumbnail","6":"product_brand-elfbox","7":"product_cat-elfbox-vape","8":"product_tag-14000-puffs-vape","9":"product_tag-elfbox-14000","10":"product_tag-long-lasting-vape","11":"product_tag-mesh-coil-elfbox","12":"product_tag-rechargeable-disposable-vape","13":"product_tag-vape-bulk-wholesale","15":"first","16":"instock","17":"sale","18":"shipping-taxable","19":"purchasable","20":"product-type-variable"},"jetpack_sharing_enabled":true,"tiered_pricing_type":"fixed","tiered_pricing_fixed_rules":[],"tiered_pricing_product_settings":{"layout":"default","base_unit_name":{"singular":null,"plural":null},"default_variation":null},"tiered_pricing_minimum_quantity":null,"tiered_pricing_roles_data":[],"tiered_pricing_percentage_rules":[],"tiered_pricing_maximum_quantity":null,"tiered_pricing_quantity_step":null,"_links":{"self":[{"href":"https:\/\/frvape.com\/cs\/wp-json\/wp\/v2\/product\/6237","targetHints":{"allow":["GET"]}}],"collection":[{"href":"https:\/\/frvape.com\/cs\/wp-json\/wp\/v2\/product"}],"about":[{"href":"https:\/\/frvape.com\/cs\/wp-json\/wp\/v2\/types\/product"}],"replies":[{"embeddable":true,"href":"https:\/\/frvape.com\/cs\/wp-json\/wp\/v2\/comments?post=6237"}],"wp:featuredmedia":[{"embeddable":true,"href":"https:\/\/frvape.com\/cs\/wp-json\/wp\/v2\/media\/6231"}],"wp:attachment":[{"href":"https:\/\/frvape.com\/cs\/wp-json\/wp\/v2\/media?parent=6237"}],"wp:term":[{"taxonomy":"product_brand","embeddable":true,"href":"https:\/\/frvape.com\/cs\/wp-json\/wp\/v2\/product_brand?post=6237"},{"taxonomy":"product_cat","embeddable":true,"href":"https:\/\/frvape.com\/cs\/wp-json\/wp\/v2\/product_cat?post=6237"},{"taxonomy":"product_tag","embeddable":true,"href":"https:\/\/frvape.com\/cs\/wp-json\/wp\/v2\/product_tag?post=6237"}],"curies":[{"name":"wp","href":"https:\/\/api.w.org\/{rel}","templated":true}]}}