{"id":6482,"date":"2025-10-12T12:50:40","date_gmt":"2025-10-12T12:50:40","guid":{"rendered":"https:\/\/frvape.com\/product\/jnr-shisha-12000-disposable-vape-12000-puffs-rechargeable-multiple-flavors\/"},"modified":"2025-11-24T09:17:38","modified_gmt":"2025-11-24T09:17:38","slug":"jnr-shisha-12000-jednorazovy-vape-12000-puffs-dobijeci-vice-prichuti","status":"publish","type":"product","link":"https:\/\/frvape.com\/cs\/product\/jnr-shisha-12000-jednorazovy-vape-12000-puffs-dobijeci-vice-prichuti\/","title":{"rendered":"Jnr Shisha 12000 Vape na jedno pou\u017eit\u00ed - 12 000 \u0161luk\u016f, dob\u00edjec\u00ed, v\u00edce p\u0159\u00edchut\u00ed"},"content":{"rendered":"<p>Na str\u00e1nk\u00e1ch <strong>Jnr Shisha 12000<\/strong> je revolu\u010dn\u00ed elektronick\u00e1 cigareta, kter\u00e1 p\u0159in\u00e1\u0161\u00ed autentick\u00fd pocit z vodn\u00ed d\u00fdmky v modern\u00edm p\u0159enosn\u00e9m form\u00e1tu. D\u00edky sv\u00fdm v\u00fdjime\u010dn\u00fdm funkc\u00edm a vysoce v\u00fdkonn\u00fdm schopnostem toto za\u0159\u00edzen\u00ed nov\u011b definuje pohodl\u00ed a spokojenost p\u0159i vapov\u00e1n\u00ed. Je ide\u00e1ln\u00ed pro za\u010d\u00e1te\u010dn\u00edky i nad\u0161ence a kombinuje tradici se \u0161pi\u010dkovou technologi\u00ed pro nezapomenuteln\u00fd z\u00e1\u017eitek.<\/p>\n<h3>Kl\u00ed\u010dov\u00e9 prodejn\u00ed body<\/h3>\n<p><strong>Autentick\u00fd z\u00e1\u017eitek ze \u0161i\u0161ky:<\/strong> Pono\u0159te se do klasick\u00fdch p\u0159\u00edchut\u00ed \u0161i\u0161y, kter\u00e9 byly pe\u010dliv\u011b vytvo\u0159eny tak, aby poskytovaly tradi\u010dn\u00ed vapov\u00e1n\u00ed. Ka\u017ed\u00e9 pota\u017een\u00ed napodobuje teplo a bohatost sezen\u00ed u vodn\u00ed d\u00fdmky, tak\u017ee je ide\u00e1ln\u00ed pro ty, kte\u0159\u00ed hledaj\u00ed nostalgii v ka\u017ed\u00e9m potahu.<\/p>\n<p><strong>Shisha Bliss na cest\u00e1ch:<\/strong> Kompaktn\u00ed a kapesn\u00ed za\u0159\u00edzen\u00ed v\u00e1m zajist\u00ed z\u00e1bavu kdykoli a kdekoli. Jeho elegantn\u00ed kapesn\u00ed design umo\u017e\u0148uje, aby se ve\u0161el do va\u0161ich nezbytn\u00fdch v\u011bc\u00ed, a prom\u011bnil ka\u017edodenn\u00ed rutinu ve chv\u00edle relaxace, ani\u017e by to bylo na \u00fakor v\u00fdkonu.<\/p>\n<p><strong>Intenzivn\u00ed spokojenost p\u0159\u00edmo do plic:<\/strong> Je navr\u017een pro hlubok\u00e9 z\u00e1sahy do plic. <strong>Jnr Shisha 12000<\/strong> p\u0159in\u00e1\u0161\u00ed silnou, v\u00fdraznou chu\u0165 a vytv\u00e1\u0159\u00ed obrovsk\u00e9 mraky p\u00e1ry. Tento syst\u00e9m je vylep\u0161en s\u00ed\u0165ovou spir\u00e1lkou a nastaviteln\u00fdm pr\u016ftokem vzduchu, co\u017e v\u00e1m d\u00e1v\u00e1 plnou kontrolu nad hustotou a plynulost\u00ed.<\/p>\n<p><strong>Konzistentn\u00ed a p\u0159\u00edjemn\u00e1 chu\u0165:<\/strong> Ka\u017ed\u00e9 \u0161luknut\u00ed si zachov\u00e1v\u00e1 konzistentn\u011b hladk\u00fd a chu\u0165ov\u011b v\u00fdrazn\u00fd profil, kter\u00fd nezp\u016fsobuje \u017e\u00e1dnou drsnost. Technologie mesh coil zachov\u00e1v\u00e1 integritu e-liquidu a zaru\u010duje nem\u011bnnou chu\u0165 od prvn\u00edho do posledn\u00edho \u0161luknut\u00ed. Tato spolehlivost jej vyzdvihuje jako \u0161pi\u010dkovou volbu na trhu.<\/p>\n<h3>Specifikace produktu<\/h3>\n<p>Specifikace tohoto za\u0159\u00edzen\u00ed zd\u016fraz\u0148uj\u00ed jeho robustn\u00ed konstrukci: dostupn\u00e1 hladina nikotinu 0% nebo 2%, p\u0159ibli\u017en\u011b 12 000 potah\u016f, velkorys\u00e1 kapacita 24 ml e-liquidu a spolehliv\u00e1 spir\u00e1lka s oky 0,6\u03a9 pro \u00fa\u010dinn\u00e9 odpa\u0159ov\u00e1n\u00ed. Krom\u011b toho se m\u016f\u017ee pochlubit dob\u00edjec\u00ed bateri\u00ed s dlouhou v\u00fddr\u017e\u00ed 750 mAh, mo\u017enost\u00ed rychl\u00e9ho nab\u00edjen\u00ed typu C a nastaviteln\u00fdm airflow, kter\u00e9 v\u00e1m umo\u017en\u00ed p\u0159izp\u016fsobit si styl vapov\u00e1n\u00ed.<\/p>\n<h3>Dostupn\u00e9 p\u0159\u00edchut\u011b<\/h3>\n<p>Na str\u00e1nk\u00e1ch <strong>Jnr Shisha 12000<\/strong> zaji\u0161\u0165uje chu\u0165ovou rozmanitost d\u00edky pestr\u00e9 nab\u00eddce 22 zaj\u00edmav\u00fdch mo\u017enost\u00ed: V nab\u00eddce je mnoho r\u016fzn\u00fdch p\u0159\u00edchut\u00ed: melounov\u00fd led, jahodov\u00fd led, b\u00edl\u00e1 mamba, dvojit\u00e9 jablko, mango-ban\u00e1n, dvojit\u00e1 melounov\u00e1 m\u00e1ta, t\u0159e\u0161\u0148ov\u00fd meloun Freeze, jahodovo-malinov\u00fd bonb\u00f3n, bor\u016fvkov\u00fd led, mixovan\u00fd bobulov\u00fd led, bor\u016fvkov\u00e9 gran\u00e1tov\u00e9 jablko, \u0161\u0165avnat\u00e9 broskve, Lady Killa, Love 66, mra\u017een\u00e9 jablko, \u010derven\u00e1 bobulov\u00e1 t\u0159\u00ed\u0161\u0165, melounovo-jahodov\u00e1 bublanina, kiwi m\u00e1ta, jahodov\u00e9 kiwi, melounov\u00fd b\u00fdk, jahodov\u00fd hrozen, bor\u016fvkov\u00e1 m\u00e1ta.<\/p>\n<h3>Podrobn\u00fd popis<\/h3>\n<p>Za\u017eijte dokonal\u00fd pocit z vodn\u00ed d\u00fdmky s vodn\u00ed d\u00fdmkou Jnr Shisha, kter\u00e1 nab\u00edz\u00ed p\u016fsobiv\u00fd p\u0159ibli\u017en\u00fd po\u010det \u0161luk\u016f a\u017e 12 000 a kapacitu 24 ml nikotinu se sol\u00ed za bezkonkuren\u010dn\u00ed cenu. P\u0159\u00edstroj vynik\u00e1 produkc\u00ed p\u00e1ry a umo\u017e\u0148uje hlubok\u00e9 vdechov\u00e1n\u00ed do plic, kter\u00e9 v\u00e1s naprosto uspokoj\u00ed. D\u00edky zdobn\u00e9mu designu a modern\u00edmu zp\u016fsobu nab\u00edjen\u00ed typu C v sob\u011b hladce spojuje estetick\u00fd vzhled s funk\u010dnost\u00ed. V\u00fdrazn\u00fdm prvkem je dob\u00edjec\u00ed baterie - robustn\u00ed 750mAh zdroj energie, kter\u00fd se hod\u00ed pro ka\u017edou p\u0159\u00edle\u017eitost, a\u0165 u\u017e doma, nebo na cest\u00e1ch. P\u0159em\u011b\u0148ujte e-liquid na inhalovatelnou p\u00e1ru d\u016fsledn\u011b a efektivn\u011b d\u00edky vysokokapacitn\u00ed konstrukci, kter\u00e1 eliminuje pot\u00ed\u017ee s neust\u00e1l\u00fdm dob\u00edjen\u00edm. Celkov\u011b tato elektronick\u00e1 cigareta poskytuje nejen intenzivn\u00ed chu\u0165ov\u00e9 \u00fadery a velk\u00e9 mraky, ale tak\u00e9 zaru\u010duje dlouhou \u017eivotnost a snadn\u00e9 pou\u017e\u00edv\u00e1n\u00ed, co\u017e z n\u00ed \u010din\u00ed volbu pro vapery, kte\u0159\u00ed vy\u017eaduj\u00ed kvalitu. Nastaviteln\u00fd voli\u010d airflow zvy\u0161uje personalizaci a umo\u017e\u0148uje jemn\u00e9 dolad\u011bn\u00ed hustoty p\u00e1ry a pocitu v hrdle, zat\u00edmco syst\u00e9m s\u00ed\u0165ov\u00e9 spir\u00e1lky zaru\u010duje rovnom\u011brn\u00e9 \u017ehaven\u00ed a optim\u00e1ln\u00ed extrakci chuti.<\/p>","protected":false},"excerpt":{"rendered":"<p>Za\u017eijte <strong>Jnr Shisha 12000<\/strong>, pr\u00e9mii <strong>dob\u00edjec\u00ed<\/strong> jednor\u00e1zov\u00e9 vape za\u0159\u00edzen\u00ed, kter\u00e9 poskytuje p\u0159ibli\u017en\u011b <strong>12 000 vdech\u016f<\/strong> s nastaviteln\u00fdm pr\u016ftokem vzduchu pro masivn\u00ed v\u00fdpary.<br \/>Nab\u00edz\u00ed chutn\u00e9 <strong>p\u0159\u00edchut\u011b<\/strong> jako je Watermelon Ice, a praktick\u00fdm nab\u00edjec\u00edm rozhran\u00edm typu C, abyste mohli b\u00fdt na cest\u00e1ch.<\/p>","protected":false},"featured_media":6479,"comment_status":"open","ping_status":"closed","template":"","meta":[],"product_brand":[88],"product_cat":[1089],"product_tag":[371,163,639,638,115],"class_list":{"0":"post-6482","1":"product","2":"type-product","3":"status-publish","4":"has-post-thumbnail","6":"product_brand-jnr","7":"product_cat-jnr","8":"product_tag-12000-puffs","9":"product_tag-adjustable-airflow","10":"product_tag-flavored-shisha-pen","11":"product_tag-jnr-shisha-12000","12":"product_tag-rechargeable-vape","14":"first","15":"instock","16":"sale","17":"shipping-taxable","18":"purchasable","19":"product-type-variable"},"jetpack_sharing_enabled":true,"tiered_pricing_type":"fixed","tiered_pricing_fixed_rules":[],"tiered_pricing_product_settings":{"layout":"default","base_unit_name":{"singular":null,"plural":null},"default_variation":null},"tiered_pricing_minimum_quantity":null,"tiered_pricing_roles_data":[],"tiered_pricing_percentage_rules":[],"tiered_pricing_maximum_quantity":null,"tiered_pricing_quantity_step":null,"_links":{"self":[{"href":"https:\/\/frvape.com\/cs\/wp-json\/wp\/v2\/product\/6482","targetHints":{"allow":["GET"]}}],"collection":[{"href":"https:\/\/frvape.com\/cs\/wp-json\/wp\/v2\/product"}],"about":[{"href":"https:\/\/frvape.com\/cs\/wp-json\/wp\/v2\/types\/product"}],"replies":[{"embeddable":true,"href":"https:\/\/frvape.com\/cs\/wp-json\/wp\/v2\/comments?post=6482"}],"wp:featuredmedia":[{"embeddable":true,"href":"https:\/\/frvape.com\/cs\/wp-json\/wp\/v2\/media\/6479"}],"wp:attachment":[{"href":"https:\/\/frvape.com\/cs\/wp-json\/wp\/v2\/media?parent=6482"}],"wp:term":[{"taxonomy":"product_brand","embeddable":true,"href":"https:\/\/frvape.com\/cs\/wp-json\/wp\/v2\/product_brand?post=6482"},{"taxonomy":"product_cat","embeddable":true,"href":"https:\/\/frvape.com\/cs\/wp-json\/wp\/v2\/product_cat?post=6482"},{"taxonomy":"product_tag","embeddable":true,"href":"https:\/\/frvape.com\/cs\/wp-json\/wp\/v2\/product_tag?post=6482"}],"curies":[{"name":"wp","href":"https:\/\/api.w.org\/{rel}","templated":true}]}}