{"id":7709,"date":"2025-10-13T09:47:26","date_gmt":"2025-10-13T09:47:26","guid":{"rendered":"https:\/\/frvape.com\/product\/jnr-alien-10000-disposable-vape-10k-puffs-20ml-e-liquid-50-flavors\/"},"modified":"2025-12-16T08:45:11","modified_gmt":"2025-12-16T08:45:11","slug":"jnr-alien-10000-jednorazove-vape-10k-puffs-20ml-e-liquid-50-prichuti","status":"publish","type":"product","link":"https:\/\/frvape.com\/cs\/product\/jnr-alien-10000-jednorazove-vape-10k-puffs-20ml-e-liquid-50-prichuti\/","title":{"rendered":"Jnr Alien 10000 Vape na jedno pou\u017eit\u00ed - 10K Puffs, 20ml E-Liquid, 50 p\u0159\u00edchut\u00ed"},"content":{"rendered":"<h3>Revolu\u010dn\u00ed zku\u0161enosti s vapingem<\/h3>\n<p>Na str\u00e1nk\u00e1ch <strong>Jnr Alien 10000<\/strong> nov\u011b definuje jednor\u00e1zov\u00fd vaping s v\u00fdjime\u010dn\u00fdm <strong>Kapacita 10 000 obl\u00e1\u010dk\u016f<\/strong> zabalen\u00e9 v kompaktn\u00edm za\u0159\u00edzen\u00ed. P\u0159edpln\u011bn\u00e9 <strong>20ml pr\u00e9miov\u00e9ho e-liquidu<\/strong> a nap\u00e1jen dob\u00edjec\u00ed bateri\u00ed <strong>Baterie s kapacitou 850 mAh<\/strong>, nab\u00edz\u00ed prodlou\u017een\u00e9 relace bez kompromis\u016f. Za\u017eijte bezprecedentn\u00ed pohodl\u00ed d\u00edky rychl\u00e9mu nab\u00edjen\u00ed typu C a nastaviteln\u00e9mu ovl\u00e1d\u00e1n\u00ed pr\u016ftoku vzduchu pro personalizovanou hustotu p\u00e1ry.<\/p>\n<h3>Bezkonkuren\u010dn\u00ed v\u00fdkonnostn\u00ed funkce<\/h3>\n<p>Vybaven pokro\u010dil\u00fdmi <strong>Technologie 1,2\u03a9 mesh coil<\/strong>, Alien 10000 produkuje v\u00fdjime\u010dn\u011b jemnou p\u00e1ru a z\u00e1rove\u0148 zvy\u0161uje \u010distotu chuti. Sportovn\u00ed design integruje \u017eiv\u00e9 sv\u011bteln\u00e9 efekty RGB a obsahuje praktick\u00e9 poutko pro p\u0159enosn\u00e9 pou\u017eit\u00ed. Vyberte si z <strong>t\u0159i s\u00edly nikotinu<\/strong> (0 mg, 20 mg, 50 mg), aby odpov\u00eddaly va\u0161im preferenc\u00edm a abyste si mohli vychutnat konzistentn\u00ed uspokojen\u00ed z \u00faderu do krku.<\/p>\n<h3>50 vynikaj\u00edc\u00edch mo\u017enost\u00ed chut\u00ed<\/h3>\n<p>Objevte na\u0161i rozmanitou kolekci chut\u00ed, kter\u00e1 je ur\u010dena pro ka\u017ed\u00fd jaz\u00fd\u010dek:<br \/><strong>Malinov\u00fd meloun<\/strong> | <strong>Jahodov\u00e1 cukrov\u00e1 zmrzlina<\/strong> | <strong>Gumov\u00fd medv\u00eddek<\/strong> | <strong>Jahodov\u00fd ban\u00e1n<\/strong><br \/><strong>Vodn\u00ed meloun Brazz Ice<\/strong> | <strong>Jahoda s gran\u00e1tov\u00fdm jablkem<\/strong> | <strong>Ban\u00e1nov\u00fd led<\/strong> | <strong>\u0160umiv\u00e1 t\u0159e\u0161\u0148ov\u00e1 cola<\/strong><br \/><strong>Pan Blue<\/strong> | <strong>Peach Berry<\/strong> | <strong>Black Dragon Ice<\/strong> | <strong>Cherry Berry<\/strong><br \/><strong>Mu\u010denka<\/strong> | <strong>Bor\u016fvkov\u00e9 kiwi<\/strong> | <strong>Sm\u00ed\u0161en\u00e9 bobule<\/strong> | <strong>Broskvov\u00e9 bor\u016fvkov\u00e9 bonbony<\/strong><br \/><strong>Jahodov\u00e1 zmrzlina<\/strong> | <strong>Dvojit\u00e9 jablko<\/strong> | <strong>Melounov\u00e1 \u017ev\u00fdka\u010dka<\/strong> | <strong>Guava Ice<\/strong><br \/><strong>Bor\u016fvkov\u00e1 \u017ev\u00fdka\u010dka<\/strong> | <strong>Jahodov\u00e1 malinov\u00e1 zmrzlina<\/strong> | <strong>Sv\u011b\u017e\u00ed led<\/strong> | <strong>Blue Razz Ice<\/strong><br \/><strong>Bor\u016fvka na ledu<\/strong> | <strong>Kiwi Mu\u010denka Ovoce Guava<\/strong> | <strong>Jahodov\u00e1 Pinacolada<\/strong><br \/><strong>Jahodov\u00e1 malinov\u00e1 t\u0159e\u0161\u0148ov\u00e1 zmrzlina<\/strong> | <strong>Bor\u016fvkov\u00e1 kysel\u00e1 malina<\/strong> | <strong>Cool Mint<\/strong><br \/><strong>Jahodov\u00e1 melounov\u00e1 limon\u00e1da<\/strong> | <strong>Meloun li\u010di<\/strong> | <strong>Broskev Mango Ananas<\/strong><br \/><strong>Bor\u016fvka T\u0159e\u0161e\u0148 Brusinka<\/strong> | <strong>Blue Razz Cherry<\/strong> | <strong>Melounov\u00fd led<\/strong><br \/><strong>Broskvov\u00fd led<\/strong> | <strong>Hroznov\u00fd led<\/strong> | <strong>Cola Ice<\/strong> | <strong>Tropick\u00fd pun\u010d<\/strong><br \/><strong>Jahodov\u00fd melounov\u00fd led<\/strong> | <strong>Jahodov\u00e9 kiwi<\/strong> | <strong>Kysel\u00e9 jablko<\/strong><\/p>\n<h3>Technick\u00e9 specifikace Premium<\/h3>\n<p>- Hladiny nikotinu: <strong>0%\/2%\/5%<\/strong> mo\u017enosti nikotinu<br \/>- Po\u010det puf\u016f: P\u0159ibli\u017en\u011b <strong>10 000 syt\u00fdch obl\u00e1\u010dk\u016f<\/strong><br \/>- Kapacita e-kapaliny: Velkorys\u00e1 <strong>20ml p\u0159edpln\u011bn\u00e1 n\u00e1dr\u017e<\/strong><br \/>- V\u00fdb\u011br p\u0159\u00edchut\u00ed: 50 r\u016fzn\u00fdch <strong>k dispozici jsou pr\u00e9miov\u00e9 p\u0159\u00edchut\u011b<\/strong><br \/>- Baterie: vestav\u011bn\u00e1 <strong>Dob\u00edjec\u00ed baterie 850 mAh<\/strong><br \/>- Technologie c\u00edvek: <strong>C\u00edvka s oky 1,2\u03a9<\/strong> pro optim\u00e1ln\u00ed extrakci chuti<br \/>- Nab\u00edjen\u00ed: Rychl\u00e9 <strong>Nab\u00edjec\u00ed port typu C<\/strong><br \/>- Proud\u011bn\u00ed vzduchu: <strong>Nastaviteln\u00e1 regulace proud\u011bn\u00ed vzduchu<\/strong> vyt\u00e1\u010den\u00ed<br \/>- Rozm\u011bry: Kompaktn\u00ed profil 36 \u00d7 36 \u00d7 130 mm<\/p>\n<h3>Pro\u010d si vybrat Alien 10000?<\/h3>\n<p>Toto inovativn\u00ed jednor\u00e1zov\u00e9 za\u0159\u00edzen\u00ed kombinuje obrovskou kapacitu s nejmodern\u011bj\u0161\u00edmi funkcemi, kter\u00e9 se u tradi\u010dn\u00edch vap\u016f nevyskytuj\u00ed. . <strong>s\u00ed\u0165ov\u00e1 c\u00edvka zaji\u0161\u0165uje bohat\u00e9 pod\u00e1n\u00ed chuti<\/strong> po celou dobu jeho \u017eivotnosti, zat\u00edmco nadm\u011brn\u00e1 velikost <strong>20ml z\u00e1sobn\u00edk na e-liquid<\/strong> poskytuje t\u00fddny z\u00e1bavy. D\u00edky technologii bleskov\u00e9ho nab\u00edjen\u00ed typu C a <strong>p\u0159izp\u016fsobiteln\u00e9 proud\u011bn\u00ed vzduchu<\/strong>, p\u0159eklenuje mezeru mezi jednor\u00e1zov\u00fdmi a modifika\u010dn\u00edmi syst\u00e9my. Alien 10000 je va\u0161e dokonal\u00e9 \u0159e\u0161en\u00ed vapingu \"v\u0161e v jednom\" pro trvalou spokojenost.<\/p>","protected":false},"excerpt":{"rendered":"<p><strong>Jnr Alien 10000<\/strong> jednor\u00e1zov\u00fd vape poskytuje p\u0159ibli\u017en\u011b <strong>10000 obl\u00e1\u010dk\u016f<\/strong> s kapacitou 20 ml e-liquidu. Obsahuje 50 p\u0159\u00edchut\u00ed, <strong>Dob\u00edjec\u00ed baterie 850 mAh<\/strong>, nastaviteln\u00e9 proud\u011bn\u00ed vzduchu a nab\u00edjen\u00ed typu C. Mo\u017enosti nikotinu: <strong>0%\/2%\/5%<\/strong>.<\/p>","protected":false},"featured_media":7704,"comment_status":"open","ping_status":"closed","template":"","meta":[],"product_brand":[88],"product_cat":[1089],"product_tag":[694,634,112,401,115,402],"class_list":{"0":"post-7709","1":"product","2":"type-product","3":"status-publish","4":"has-post-thumbnail","6":"product_brand-jnr","7":"product_cat-jnr","8":"product_tag-10000-puff-vape","9":"product_tag-20ml-e-cigarette","10":"product_tag-disposable-vape","11":"product_tag-jnr-alien-10000","12":"product_tag-rechargeable-vape","13":"product_tag-type-c-vaping-device","15":"first","16":"instock","17":"sale","18":"shipping-taxable","19":"purchasable","20":"product-type-variable"},"jetpack_sharing_enabled":true,"tiered_pricing_type":"fixed","tiered_pricing_fixed_rules":[],"tiered_pricing_product_settings":{"layout":"default","base_unit_name":{"singular":null,"plural":null},"default_variation":null},"tiered_pricing_minimum_quantity":null,"tiered_pricing_roles_data":[],"tiered_pricing_percentage_rules":[],"tiered_pricing_maximum_quantity":null,"tiered_pricing_quantity_step":null,"_links":{"self":[{"href":"https:\/\/frvape.com\/cs\/wp-json\/wp\/v2\/product\/7709","targetHints":{"allow":["GET"]}}],"collection":[{"href":"https:\/\/frvape.com\/cs\/wp-json\/wp\/v2\/product"}],"about":[{"href":"https:\/\/frvape.com\/cs\/wp-json\/wp\/v2\/types\/product"}],"replies":[{"embeddable":true,"href":"https:\/\/frvape.com\/cs\/wp-json\/wp\/v2\/comments?post=7709"}],"wp:featuredmedia":[{"embeddable":true,"href":"https:\/\/frvape.com\/cs\/wp-json\/wp\/v2\/media\/7704"}],"wp:attachment":[{"href":"https:\/\/frvape.com\/cs\/wp-json\/wp\/v2\/media?parent=7709"}],"wp:term":[{"taxonomy":"product_brand","embeddable":true,"href":"https:\/\/frvape.com\/cs\/wp-json\/wp\/v2\/product_brand?post=7709"},{"taxonomy":"product_cat","embeddable":true,"href":"https:\/\/frvape.com\/cs\/wp-json\/wp\/v2\/product_cat?post=7709"},{"taxonomy":"product_tag","embeddable":true,"href":"https:\/\/frvape.com\/cs\/wp-json\/wp\/v2\/product_tag?post=7709"}],"curies":[{"name":"wp","href":"https:\/\/api.w.org\/{rel}","templated":true}]}}