{"id":802,"date":"2025-10-11T15:42:57","date_gmt":"2025-10-11T15:42:57","guid":{"rendered":"https:\/\/frvape.com\/product\/bang-9000-18000-disposable-vape-rechargeable-18000-puffs-0-5-nicotine-12-flavors\/"},"modified":"2025-11-26T09:19:36","modified_gmt":"2025-11-26T09:19:36","slug":"bang-9000-18000-jednorazove-vape-dobijeci-18000-puffu-0-5-nikotinu-12-prichuti","status":"publish","type":"product","link":"https:\/\/frvape.com\/cs\/product\/bang-9000-18000-jednorazove-vape-dobijeci-18000-puffu-0-5-nikotinu-12-prichuti\/","title":{"rendered":"Bang 9000-18000 jednor\u00e1zov\u00e9 vape | dob\u00edjec\u00ed, 18000 \u0161luk\u016f, 0\/5% nikotinu, 12 p\u0159\u00edchut\u00ed"},"content":{"rendered":"<h3>Pro\u010d je Bang 9000-18000 va\u0161\u00ed nejlep\u0161\u00ed volbou pro vape?<\/h3>\n<p>P\u0159edstaven\u00ed <strong>Bang 9000-18000<\/strong>, \u0161pi\u010dkov\u00fd <strong>jednor\u00e1zov\u00e9 vape<\/strong> navr\u017een pro vynikaj\u00edc\u00ed <strong>spokojenost s vapingem<\/strong>. Tento p\u0159\u00edstroj je ide\u00e1ln\u00ed pro n\u00e1ro\u010dn\u00fd \u017eivotn\u00ed styl a nab\u00edz\u00ed p\u016fsobiv\u00fd v\u00fdkon. <strong>18 000 obl\u00e1\u010dk\u016f<\/strong> na jednotku, d\u00edky velk\u00e9mu <strong>16ml e-liquidu<\/strong> z\u00e1sobn\u00edk a robustn\u00ed <strong>Baterie s kapacitou 650 mAh<\/strong>. M\u016f\u017eete si p\u0159izp\u016fsobit <strong>s\u00edla nikotinu<\/strong> s mo\u017enostmi od <strong>0% (bez nikotinu)<\/strong> na <strong>S\u00edla 5%<\/strong>, tak\u017ee je ide\u00e1ln\u00ed pro ty, kte\u0159\u00ed hledaj\u00ed <strong>zdrav\u011bj\u0161\u00ed alternativa tab\u00e1ku<\/strong>. P\u0159ijm\u011bte inovace s na\u0161imi <strong>Nab\u00edjen\u00ed typu C<\/strong> port, co\u017e zaji\u0161\u0165uje rychl\u00e9 a pohodln\u00e9 dob\u00edjen\u00ed kdykoli a kdekoli.<\/p>\n<h3>Kl\u00ed\u010dov\u00e9 vlastnosti a specifikace<\/h3>\n<p>Na str\u00e1nk\u00e1ch <strong>Bang 9000-18000<\/strong> se odli\u0161uje pr\u00e9miov\u00fdmi <strong>jednor\u00e1zov\u00e1 technologie vapingu<\/strong>. Mezi hlavn\u00ed specifikace pat\u0159\u00ed <strong>Baterie: 650 mAh<\/strong> pro dlouhodob\u00e9 pou\u017e\u00edv\u00e1n\u00ed, <strong>E-liquid: 16.0ml<\/strong> pro maxim\u00e1ln\u00ed po\u017eitek a <strong>Pufy: 18 000<\/strong> abyste si zajistili n\u011bkolik t\u00fddn\u016f nep\u0159etr\u017eit\u00e9ho vapov\u00e1n\u00ed. Jako pln\u011b <strong>Jednor\u00e1zov\u00e9<\/strong> za\u0159\u00edzen\u00ed, eliminuje probl\u00e9my s \u00fadr\u017ebou a z\u00e1rove\u0148 poskytuje \u0161pi\u010dkovou kvalitu. <strong>v\u00fdkonnost e-cigaret<\/strong>. S <strong>12 r\u016fzn\u00fdch p\u0159\u00edchut\u00ed<\/strong> k dispozici, ka\u017ed\u00e1 relace se st\u00e1v\u00e1 <strong>aromatick\u00e9 dobrodru\u017estv\u00ed<\/strong>. Na\u0161e konstrukce up\u0159ednost\u0148uje plynul\u00e9 proud\u011bn\u00ed vzduchu a konzistentn\u00ed produkci p\u00e1ry, co\u017e u\u017eivatel\u016fm umo\u017e\u0148uje vychutnat si... <strong>neku\u0159\u00e1ck\u00fd \u017eivotn\u00ed styl<\/strong> bez kompromis\u016f.<\/p>\n<h3>N\u00e1\u0161 z\u00e1vazek k dokonalosti ve vapingu<\/h3>\n<p>Na\u0161\u00edm z\u00e1kladn\u00edm c\u00edlem je <strong>v\u00fdroba inovac\u00ed<\/strong> a vytv\u00e1\u0159en\u00ed mimo\u0159\u00e1dn\u00fdch u\u017eivatelsk\u00fdch z\u00e1\u017eitk\u016f pro glob\u00e1ln\u00ed <strong>vape pr\u016fmysl<\/strong>. Specializujeme se na v\u00fdzkum, v\u00fdvoj a prodej po cel\u00e9m sv\u011bt\u011b. <strong>jednor\u00e1zov\u00e9 vapes<\/strong>, pokr\u00fdvaj\u00edc\u00ed trhy od Asie po Evropu a Ameriku. D\u00edky neust\u00e1l\u00fdm inovac\u00edm se na\u0161e v\u00fdrobky, jako nap\u0159. <strong>Bang 9000-18000<\/strong> p\u0159il\u00e1kaly miliony spot\u0159ebitel\u016f, \u010d\u00edm\u017e jsme si z\u00edskali pozici <strong>prvot\u0159\u00eddn\u00ed sv\u011btov\u00fd v\u00fdrobce<\/strong> v <strong>elektronick\u00e1 cigareta<\/strong> odv\u011btv\u00ed. N\u00e1\u0161 rozs\u00e1hl\u00fd sortiment zahrnuje vaporiz\u00e9ry od z\u00e1kladn\u00edch a\u017e po \u0161pi\u010dkov\u00e9, kter\u00e9 jsou zkonstruov\u00e1ny tak. <strong>posilovat zdrav\u00ed ohledupln\u00e9 vapery<\/strong> kte\u0159\u00ed cht\u011bj\u00ed \u0161\u0165astn\u011bj\u0161\u00ed a bezpe\u010dn\u011bj\u0161\u00ed alternativu k cigaret\u00e1m. <strong>Technologie vapingu<\/strong> se neust\u00e1le vyv\u00edj\u00ed a nab\u00edz\u00ed neomezen\u00e9 mo\u017enosti a my jsme v \u010dele a vytv\u00e1\u0159\u00edme pro v\u00e1s lep\u0161\u00ed zp\u016fsoby vapov\u00e1n\u00ed. N\u00e1\u0161 kompletn\u00ed syst\u00e9m slu\u017eeb z\u00e1kazn\u00edk\u016fm nav\u00edc zaji\u0161\u0165uje bezprobl\u00e9movou a efektivn\u00ed spolupr\u00e1ci, p\u0159i\u010dem\u017e se zam\u011b\u0159uje nejen na design a kvalitu, ale tak\u00e9 na poskytov\u00e1n\u00ed <strong>prvot\u0159\u00eddn\u00ed z\u00e1kaznick\u00e1 podpora<\/strong>. P\u0159ij\u00edm\u00e1me <strong>Po\u017eadavky OEM a ODM<\/strong>, tak\u017ee nev\u00e1hejte a nav\u0161tivte na\u0161i tov\u00e1rnu kdykoli a prohl\u00e9dn\u011bte si na\u0161e v\u00fdrobky. <strong>v\u00fdrobn\u00ed proces v akci<\/strong>-jde o to, abyste dos\u00e1hli <strong>oboustrann\u011b v\u00fdhodn\u00e1 spolupr\u00e1ce<\/strong>.<\/p>\n<h3>Profily chut\u00ed: Prozkoumejte 12 vynikaj\u00edc\u00edch mo\u017enost\u00ed e-liquid\u016f.<\/h3>\n<p>Dop\u0159ejte si na\u0161i rozmanitou <strong>p\u0159\u00edchut\u011b e-cigaret<\/strong> odborn\u011b sestaven\u00fd seznam, kter\u00fd pot\u011b\u0161\u00ed va\u0161e smysly a povznese va\u0161i n\u00e1ladu. <strong>cesta vapingu<\/strong>. Ka\u017ed\u00e1 p\u0159\u00edchu\u0165 vyu\u017e\u00edv\u00e1 vysoce kvalitn\u00ed ingredience pro jemnou, osv\u011b\u017euj\u00edc\u00ed chu\u0165. N\u00ed\u017ee je uveden kompletn\u00ed <strong>sortiment p\u0159\u00edchut\u00ed<\/strong> pro Bang 9000-18000 se stru\u010dn\u00fdm popisem, kter\u00fd v\u00e1m pom\u016f\u017ee p\u0159i v\u00fdb\u011bru:<\/p>\n<p>1. <strong>Kysel\u00fd jable\u010dn\u00fd led<\/strong>: Pikantn\u00ed, k\u0159upav\u00fd jable\u010dn\u00fd n\u00e1dech, po kter\u00e9m n\u00e1sleduje chladiv\u00fd ledov\u00fd z\u00e1v\u011br - ide\u00e1ln\u00ed pro o\u017eiven\u00ed.<br \/>2. <strong>\u0160\u0165avnat\u00fd broskvov\u00fd led<\/strong>: Sladk\u00e1, \u0161\u0165avnat\u00e1 broskvov\u00e1 esence umocn\u011bn\u00e1 chladiv\u00fdm ledov\u00fdm podt\u00f3nem p\u0159in\u00e1\u0161\u00ed letn\u00ed atmosf\u00e9ru po cel\u00fd rok.<br \/>3. <strong>Trojit\u00fd led z bobul\u00ed<\/strong>: Osv\u011b\u017euj\u00edc\u00ed sm\u011bs m\u00edchan\u00fdch bobul\u00ed s ledov\u00fdm n\u00e1dechem, kter\u00e1 nab\u00edz\u00ed v\u00fdraznou sladkost a jemnou p\u00e1ru.<br \/>4. <strong>T\u0159e\u0161\u0148ov\u00e1 bomba<\/strong>: Intenzivn\u00ed sladk\u00e9 t\u0159e\u0161\u0148ov\u00e9 t\u00f3ny, kter\u00e9 exploduj\u00ed chut\u00ed, ide\u00e1ln\u00ed pro milovn\u00edky robustn\u00edch ovocn\u00fdch profil\u016f.<br \/>5. <strong>Jahodov\u00fd meloun<\/strong>: \u0160\u0165avnat\u00fd meloun ve spojen\u00ed se zral\u00fdmi jahodami je osv\u011b\u017euj\u00edc\u00ed a \u017e\u00edze\u0148 uhas\u00ed.<br \/>6. <strong>Blue Razz Ice<\/strong>: Trpk\u00e1 modr\u00e1 malina se snoub\u00ed s chladiv\u00fdm ledov\u00fdm pocitem a vytv\u00e1\u0159\u00ed pikantn\u00ed a osv\u011b\u017euj\u00edc\u00ed vape.<br \/>7. <strong>Hroznov\u00fd led<\/strong>: Hlubok\u00e1 hroznov\u00e1 sladkost zm\u00edrn\u011bn\u00e1 osv\u011b\u017euj\u00edc\u00ed ledovou vrstvou, kter\u00e1 vyvol\u00e1v\u00e1 nostalgickou, chladivou chu\u0165.<br \/>8. <strong>Jahodov\u00fd ban\u00e1n<\/strong>: Kr\u00e9mov\u00fd ban\u00e1n sm\u00edchan\u00fd s \u010derstv\u00fdmi jahodami poskytuje hladk\u00fd z\u00e1\u017eitek podobn\u00fd dezertu.<br \/>9. <strong>Jahodov\u00e9 mango<\/strong>: Tropick\u00e9 mango se m\u00eds\u00ed s jahodovou sladkost\u00ed pro exotick\u00fd po\u017eitek ze slunce.<br \/>10. <strong>Melounov\u00fd led<\/strong>: K\u0159upav\u00e1 chu\u0165 melounu zdvojn\u00e1soben\u00e1 ledovou p\u0159\u00edchut\u00ed, ide\u00e1ln\u00ed pro osv\u011b\u017een\u00ed v hork\u00fdch dnech.<br \/>11. <strong>Mango Peach<\/strong>: Bohat\u00e9 mango se snoub\u00ed se \u0161\u0165avnatou broskv\u00ed, co\u017e p\u0159in\u00e1\u0161\u00ed jemn\u00fd a uspokojiv\u00fd tropick\u00fd n\u00e1dech.<br \/>12. <strong>Sm\u00ed\u0161en\u00e9 ovoce<\/strong>: \u017div\u00e1 sm\u011bs r\u016fzn\u00e9ho ovoce s vyv\u00e1\u017eenou sladkost\u00ed, kter\u00e1 nab\u00edz\u00ed v\u0161estrann\u00fd a uspokojiv\u00fd celodenn\u00ed vape.<\/p>\n<h3>V\u00fdhody Bang 9000-18000<\/h3>\n<p>V\u00fdb\u011br <strong>Bang 9000-18000<\/strong> znamen\u00e1 investovat do chyt\u0159ej\u0161\u00edho <strong>alternativa vapingu<\/strong>. Sni\u017euje touhu po tab\u00e1ku t\u00edm, \u017ee nab\u00edz\u00ed kontrolovan\u00e9 kou\u0159en\u00ed. <strong>hladiny nikotinu<\/strong> (0% nebo 5%), co\u017e u\u017eivatel\u016fm pom\u00e1h\u00e1 p\u0159ibl\u00ed\u017eit se k nov\u00e9 technologii. <strong>zdrav\u011bj\u0161\u00ed \u017eivotn\u00ed styl<\/strong>. Dlouhodob\u00e1 \u017eivotnost <strong>18 000 obl\u00e1\u010dk\u016f<\/strong> zajist\u00ed men\u0161\u00ed po\u010det v\u00fdm\u011bn a \u00fasporu n\u00e1klad\u016f, zat\u00edmco <strong>dob\u00edjec\u00ed konstrukce<\/strong> p\u0159es port typu C podporuje ekologickou \u0161etrnost t\u00edm, \u017ee minimalizuje mno\u017estv\u00ed odpadu. Jako <strong>\u0161pi\u010dkov\u00fd jednor\u00e1zov\u00fd vape<\/strong>, je navr\u017een tak, aby byl diskr\u00e9tn\u00ed, p\u0159enosn\u00fd a nepropustn\u00fd - ide\u00e1ln\u00ed pro cestov\u00e1n\u00ed nebo ka\u017edodenn\u00ed pou\u017eit\u00ed. Nav\u00edc na\u0161e celosv\u011btov\u00e9 certifikace zaru\u010duj\u00ed bezpe\u010dnost a kvalitu, tak\u017ee jsme d\u016fv\u011bryhodn\u00fdm partnerem na va\u0161\u00ed cest\u011b k \u017eivotu bez kou\u0159e. Nav\u0161tivte na\u0161e webov\u00e9 str\u00e1nky a prohl\u00e9dn\u011bte si modely a p\u0159\u00edchut\u011b; jsme tu, abychom v\u00e1m poskytli <strong>v\u00fdjime\u010dn\u00fd z\u00e1kaznick\u00fd servis<\/strong> a podpo\u0159it va\u0161e pot\u0159eby vapingu.<\/p>","protected":false},"excerpt":{"rendered":"<p>Objevte v\u00fdkonn\u00e9 <strong>Bang 9000-18000 jednor\u00e1zov\u00e9 vape<\/strong>, napln\u011bn\u00e9 <strong>18 000 obl\u00e1\u010dk\u016f<\/strong> a masivn\u00ed <strong>16ml e-liquidu<\/strong> kapacitu.<br \/>Vyberte si preferovan\u00fd <strong>hladina nikotinu: 0% nebo 5%<\/strong>a u\u017eijte si n\u011bkter\u00fd z <strong>12 osv\u011b\u017euj\u00edc\u00edch p\u0159\u00edchut\u00ed<\/strong>.<br \/>S <strong>Nab\u00edjen\u00ed typu C<\/strong> a <strong>Baterie s kapacitou 650 mAh<\/strong>, je to dokonal\u00fd <strong>p\u0159enosn\u00e1 e-cigareta<\/strong> zku\u0161enosti.<\/p>","protected":false},"featured_media":797,"comment_status":"open","ping_status":"closed","template":"","meta":[],"product_brand":[97],"product_cat":[17,860],"product_tag":[152,112,153,154,156,155],"class_list":{"0":"post-802","1":"product","2":"type-product","3":"status-publish","4":"has-post-thumbnail","6":"product_brand-zooy","7":"product_cat-uncategorized","8":"product_cat-zooy","9":"product_tag-bang-vape","10":"product_tag-disposable-vape","11":"product_tag-e-cigarette","12":"product_tag-high-puff-vape","13":"product_tag-rechargeable-e-cig","14":"product_tag-vape-flavors","16":"first","17":"instock","18":"sale","19":"shipping-taxable","20":"purchasable","21":"product-type-variable"},"jetpack_sharing_enabled":true,"tiered_pricing_type":"fixed","tiered_pricing_fixed_rules":[],"tiered_pricing_product_settings":{"layout":"default","base_unit_name":{"singular":null,"plural":null},"default_variation":null},"tiered_pricing_minimum_quantity":null,"tiered_pricing_roles_data":[],"tiered_pricing_percentage_rules":[],"tiered_pricing_maximum_quantity":null,"tiered_pricing_quantity_step":null,"_links":{"self":[{"href":"https:\/\/frvape.com\/cs\/wp-json\/wp\/v2\/product\/802","targetHints":{"allow":["GET"]}}],"collection":[{"href":"https:\/\/frvape.com\/cs\/wp-json\/wp\/v2\/product"}],"about":[{"href":"https:\/\/frvape.com\/cs\/wp-json\/wp\/v2\/types\/product"}],"replies":[{"embeddable":true,"href":"https:\/\/frvape.com\/cs\/wp-json\/wp\/v2\/comments?post=802"}],"wp:featuredmedia":[{"embeddable":true,"href":"https:\/\/frvape.com\/cs\/wp-json\/wp\/v2\/media\/797"}],"wp:attachment":[{"href":"https:\/\/frvape.com\/cs\/wp-json\/wp\/v2\/media?parent=802"}],"wp:term":[{"taxonomy":"product_brand","embeddable":true,"href":"https:\/\/frvape.com\/cs\/wp-json\/wp\/v2\/product_brand?post=802"},{"taxonomy":"product_cat","embeddable":true,"href":"https:\/\/frvape.com\/cs\/wp-json\/wp\/v2\/product_cat?post=802"},{"taxonomy":"product_tag","embeddable":true,"href":"https:\/\/frvape.com\/cs\/wp-json\/wp\/v2\/product_tag?post=802"}],"curies":[{"name":"wp","href":"https:\/\/api.w.org\/{rel}","templated":true}]}}