{"id":8583,"date":"2025-10-14T05:17:58","date_gmt":"2025-10-14T05:17:58","guid":{"rendered":"https:\/\/frvape.com\/product\/vapsolo-king-10000-disposable-vape-10000-puffs-20ml-e-liquid-rechargeable\/"},"modified":"2025-12-16T09:22:25","modified_gmt":"2025-12-16T09:22:25","slug":"vapsolo-king-10000-jednorazovy-vape-10000-puffs-20ml-e-liquid-dobijeci","status":"publish","type":"product","link":"https:\/\/frvape.com\/cs\/product\/vapsolo-king-10000-jednorazovy-vape-10000-puffs-20ml-e-liquid-dobijeci\/","title":{"rendered":"Vapsolo King 10000 Disposable Vape - 10000 Puffs, 20ml E-Liquid, dob\u00edjec\u00ed baterie"},"content":{"rendered":"<h3>Vypus\u0165te kr\u00e1le kyberpunku<\/h3>\n<p>Vstupte do budoucnosti vapingu s modelem <strong>Vapsolo King 10000<\/strong> - nesporn\u00fd vl\u00e1dce jednor\u00e1zov\u00fdch vap\u016f. Tento v\u00fdkonn\u00fd p\u0159\u00edstroj, navr\u017een\u00fd pro dominanci, poskytuje ohromuj\u00edc\u00ed v\u00fdkon. <strong>10 000 vdech\u016f<\/strong> na jednotku, zabalen\u00e9 v designu inspirovan\u00e9m kyberpunkem, kter\u00fd upout\u00e1 pozornost. Se sv\u00fdm masivn\u00edm <strong>20ml e-liquidu<\/strong> D\u00edky kapacit\u011b a \u0161pi\u010dkov\u00e9 technologii v\u00e1s ka\u017ed\u00e9 pota\u017een\u00ed pohlt\u00ed intenzivn\u00ed chut\u00ed a produkc\u00ed p\u00e1ry, kter\u00e1 p\u0159ed\u010d\u00ed va\u0161e o\u010dek\u00e1v\u00e1n\u00ed.<\/p>\n<h3>\u00dapln\u00e9 ovl\u00e1d\u00e1n\u00ed p\u0159izp\u016fsoben\u00ed<\/h3>\n<p>P\u0159evezm\u011bte kontrolu nad sv\u00fdm vapingem jako nikdy p\u0159edt\u00edm:<br \/>\n&#8211; <strong>T\u0159\u00edstup\u0148ov\u00fd ventil proud\u011bn\u00ed vzduchu<\/strong> na z\u00e1kladn\u011b umo\u017e\u0148uje jemn\u011b nastavit odpor tahu<br \/>\n- Jednoduch\u00fdm oto\u010den\u00edm se z t\u011bsn\u00e9ho MTL stane vzdu\u0161n\u00fd RDL.<br \/>\n- P\u0159izp\u016fsobte si intenzitu chuti a hustotu p\u00e1ry podle sv\u00fdch preferenc\u00ed.<br \/>\n- V kombinaci s na\u0161\u00edm rozs\u00e1hl\u00fdm v\u00fdb\u011brem p\u0159\u00edchut\u00ed z\u00edsk\u00e1te skute\u010dn\u011b <strong>personalizovan\u00fd z\u00e1\u017eitek<\/strong><\/p>\n<h3>Vizu\u00e1ln\u00ed revoluce s kreativn\u00edmi samolepkami<\/h3>\n<p>Vyj\u00e1d\u0159ete svou jedine\u010dnou identitu prost\u0159ednictv\u00edm 21 r\u016fzn\u00fdch vzor\u016f samolepek - od minimalistick\u00e9 elegance a\u017e po avantgardn\u00ed um\u011bleck\u00e9 um\u011bn\u00ed. Nejsou to pouh\u00e9 ozdoby - jsou to nositeln\u00e9 v\u00fdroky, kter\u00e9 prom\u011bn\u00ed v\u00e1\u0161 vape v osobnost. <strong>mistrovsk\u00e9 d\u00edlo na m\u00edru<\/strong>. Ka\u017ed\u00fd detail vynik\u00e1 \u0159emesln\u00fdm zpracov\u00e1n\u00edm, tak\u017ee va\u0161e za\u0159\u00edzen\u00ed odr\u00e1\u017e\u00ed va\u0161i osobnost a z\u00e1rove\u0148 si zachov\u00e1v\u00e1 \u0161pi\u010dkovou funk\u010dnost.<\/p>\n<h3>Navr\u017eeno pro dokonalost<\/h3>\n<p>Na str\u00e1nk\u00e1ch <strong>ergonomick\u00fd design<\/strong> Rozpou\u0161t\u00ed se v dlani a poskytuje v\u00fdjime\u010dn\u00e9 pohodl\u00ed p\u0159i del\u0161\u00edm sezen\u00ed. Pod revolu\u010dn\u00edm povrchem se skr\u00fdv\u00e1 pokro\u010dil\u00e1 technologie vapingu:<br \/>\n- Vysok\u00fd v\u00fdkon <strong>S\u00ed\u0165ov\u00e1 c\u00edvka (1,0\u03a9)<\/strong> pro bezkonkuren\u010dn\u00ed chu\u0165ovou \u010distotu<br \/>\n&#8211; <strong>Nab\u00edjec\u00ed baterie s kapacitou 650 mAh<\/strong> s rychl\u00fdm <strong>Nab\u00edjen\u00ed typu C<\/strong><br \/>\n- Precizn\u011b zkonstruovan\u00e9 \u0161asi s hmotnost\u00ed pouh\u00fdch 90 g<br \/>\n- Potravin\u00e1\u0159sk\u00e9 materi\u00e1ly zaji\u0161\u0165uj\u00edc\u00ed \u010distotu v ka\u017ed\u00e9m obl\u00e1\u010dku<\/p>\n<h3>21 vynikaj\u00edc\u00edch chu\u0165ov\u00fdch z\u00e1\u017eitk\u016f<\/h3>\n<p>Objevte svou ide\u00e1ln\u00ed volbu z na\u0161\u00ed nab\u00eddky pr\u00e9miov\u00fdch p\u0159\u00edchut\u00ed:<\/p>\n<ul>\n<li>Bor\u016fvka malina<\/li>\n<li>Prime Strawberry Watermelon<\/li>\n<li>Ban\u00e1nov\u00fd led<\/li>\n<li>Melounov\u00fd led<\/li>\n<li>Red Bull Energy<\/li>\n<li>Jahodov\u00fd ban\u00e1n<\/li>\n<li>Broskev Mango Ananas<\/li>\n<li>Purpurov\u00fd d\u00e9\u0161\u0165<\/li>\n<li>Jahodov\u00e1 malinov\u00e1 t\u0159e\u0161\u0148ov\u00e1 zmrzlina<\/li>\n<li>Jahodov\u00e9 kiwi<\/li>\n<li>\u010cerven\u00e9 jablko<\/li>\n<li>Bor\u016fvkov\u00fd led<\/li>\n<li>Kysel\u00fd ananasov\u00fd led<\/li>\n<li>Blue Razz<\/li>\n<li>Malinov\u00fd meloun<\/li>\n<li>Jahodov\u00e1 zmrzlina<\/li>\n<li>Kiwi Mu\u010denka Ovoce Guava<\/li>\n<li>Fizzy Cherry<\/li>\n<li>Sm\u00ed\u0161en\u00e9 bobule<\/li>\n<li>Lemon Lime<\/li>\n<li>Pan Modr\u00fd<\/li>\n<\/ul>\n<p>Ka\u017ed\u00fd <strong>S\u00edla nikotinu 2%<\/strong> slo\u017een\u00ed poskytuje autentick\u00e9 chu\u0165ov\u00e9 profily s ledov\u00fdmi akcenty, kde je to \u017e\u00e1douc\u00ed. Na\u0161e e-liquidy proch\u00e1zej\u00ed p\u0159\u00edsn\u00fdm testov\u00e1n\u00edm kvality, kter\u00e9 zaru\u010duje, \u017ee <strong>trval\u00e1 spokojenost<\/strong> od prvn\u00edho do posledn\u00edho \u0161luku.<\/p>\n<h3>Nekompromisn\u00ed specifikace<\/h3>\n<p>Prvot\u0159\u00eddn\u00ed komponenty pro profesion\u00e1ln\u00ed v\u00fdkon:<br \/>\n&#8211; <strong>Po\u010det puf\u016f:<\/strong> 10,000+<br \/>\n&#8211; <strong>Kapacita e-kapaliny:<\/strong> 20 ml (p\u0159edpln\u011bn\u00e9)<br \/>\n&#8211; <strong>Baterie:<\/strong> Vestav\u011bn\u00fd dob\u00edjec\u00ed zdroj 650 mAh<br \/>\n&#8211; <strong>Nab\u00edjen\u00ed:<\/strong> Port USB typu C<br \/>\n&#8211; <strong>C\u00edvka:<\/strong> Pokro\u010dil\u00e1 technologie Mesh Coil (1,0\u03a9)<br \/>\n&#8211; <strong>Proud\u011bn\u00ed vzduchu:<\/strong> Nastaviteln\u00fd syst\u00e9m t\u0159\u00ed re\u017eim\u016f<br \/>\n&#8211; <strong>Nikotin:<\/strong> 20mg\/ml (2%) nikotinov\u00e1 s\u016fl<\/p>\n<h3>Obaly pr\u016fmyslov\u00e9 t\u0159\u00eddy<\/h3>\n<p>Optimalizov\u00e1no pro glob\u00e1ln\u00ed distribuci:<br \/>\n- Maloobchodn\u00ed balen\u00ed: 10 za\u0159\u00edzen\u00ed v balen\u00ed<br \/>\n- Hlavn\u00ed karton: 200 kus\u016f (44 \u00d7 43 \u00d7 26,5 cm)<br \/>\n- Hmotnost kartonu: 18 kg<br \/>\nNavr\u017eeno pro maxim\u00e1ln\u00ed ochranu b\u011bhem p\u0159epravy a z\u00e1rove\u0148 pro minimalizaci dopadu na \u017eivotn\u00ed prost\u0159ed\u00ed d\u00edky efektivn\u00edmu stohov\u00e1n\u00ed.<\/p>","protected":false},"excerpt":{"rendered":"<p>Za\u017eijte dokonal\u00fd vaping s <strong>Vapsolo King 10000<\/strong> jednor\u00e1zov\u00e9 vape, dod\u00e1v\u00e1n\u00ed <strong>10000 obl\u00e1\u010dk\u016f<\/strong> a masivn\u00ed <strong>20ml e-liquidu<\/strong> kapacitu.<br \/>\nP\u0159edstaven\u00ed <strong>nastaviteln\u00e9 proud\u011bn\u00ed vzduchu<\/strong>, <strong>dob\u00edjec\u00ed typ C<\/strong> baterie a <strong>21 pr\u00e9miov\u00fdch p\u0159\u00edchut\u00ed<\/strong> pro bezkonkuren\u010dn\u00ed spokojenost.<\/p>","protected":false},"featured_media":8577,"comment_status":"open","ping_status":"closed","template":"","meta":[],"product_brand":[408],"product_cat":[863],"product_tag":[128,705,102,77,115,704],"class_list":{"0":"post-8583","1":"product","2":"type-product","3":"status-publish","4":"has-post-thumbnail","6":"product_brand-vapsolo","7":"product_cat-vapsolo","8":"product_tag-10000-puffs-disposable-vape","9":"product_tag-20ml-e-liquid","10":"product_tag-adjustable-airflow-vape","11":"product_tag-mesh-coil-vape","12":"product_tag-rechargeable-vape","13":"product_tag-vapsolo-king-10000","15":"first","16":"instock","17":"sale","18":"shipping-taxable","19":"purchasable","20":"product-type-variable"},"jetpack_sharing_enabled":true,"tiered_pricing_type":"fixed","tiered_pricing_fixed_rules":[],"tiered_pricing_product_settings":{"layout":"default","base_unit_name":{"singular":null,"plural":null},"default_variation":null},"tiered_pricing_minimum_quantity":null,"tiered_pricing_roles_data":[],"tiered_pricing_percentage_rules":[],"tiered_pricing_maximum_quantity":null,"tiered_pricing_quantity_step":null,"_links":{"self":[{"href":"https:\/\/frvape.com\/cs\/wp-json\/wp\/v2\/product\/8583","targetHints":{"allow":["GET"]}}],"collection":[{"href":"https:\/\/frvape.com\/cs\/wp-json\/wp\/v2\/product"}],"about":[{"href":"https:\/\/frvape.com\/cs\/wp-json\/wp\/v2\/types\/product"}],"replies":[{"embeddable":true,"href":"https:\/\/frvape.com\/cs\/wp-json\/wp\/v2\/comments?post=8583"}],"wp:featuredmedia":[{"embeddable":true,"href":"https:\/\/frvape.com\/cs\/wp-json\/wp\/v2\/media\/8577"}],"wp:attachment":[{"href":"https:\/\/frvape.com\/cs\/wp-json\/wp\/v2\/media?parent=8583"}],"wp:term":[{"taxonomy":"product_brand","embeddable":true,"href":"https:\/\/frvape.com\/cs\/wp-json\/wp\/v2\/product_brand?post=8583"},{"taxonomy":"product_cat","embeddable":true,"href":"https:\/\/frvape.com\/cs\/wp-json\/wp\/v2\/product_cat?post=8583"},{"taxonomy":"product_tag","embeddable":true,"href":"https:\/\/frvape.com\/cs\/wp-json\/wp\/v2\/product_tag?post=8583"}],"curies":[{"name":"wp","href":"https:\/\/api.w.org\/{rel}","templated":true}]}}