{"id":9150,"date":"2025-10-31T14:54:58","date_gmt":"2025-10-31T14:54:58","guid":{"rendered":"https:\/\/frvape.com\/product\/aivono-aim-150k-puffs-disposable-vape-rechargeable-58ml-mesh-coil-device\/"},"modified":"2025-12-16T09:09:50","modified_gmt":"2025-12-16T09:09:50","slug":"aivono-aim-150k-puffs-jednorazove-vape-dobijeci-58ml-mesh-coil-zarizeni","status":"publish","type":"product","link":"https:\/\/frvape.com\/cs\/product\/aivono-aim-150k-puffs-jednorazove-vape-dobijeci-58ml-mesh-coil-zarizeni\/","title":{"rendered":"Aivono Aim 150K Puffs Disposable Vape - dob\u00edjec\u00ed 58ml Mesh Coil za\u0159\u00edzen\u00ed"},"content":{"rendered":"<h3>Dlouhotrvaj\u00edc\u00ed z\u00e1\u017eitek z vapov\u00e1n\u00ed<\/h3>\n<p>Objevte pr\u016flomov\u00e9 <strong>Aivono Aim 150K Puffs<\/strong> jednor\u00e1zov\u00fd vape, navr\u017een\u00fd pro vapery, kte\u0159\u00ed hledaj\u00ed v\u00fdjime\u010dnou v\u00fddr\u017e a prvot\u0159\u00eddn\u00ed pod\u00e1n\u00ed chuti. Toto \u0161pi\u010dkov\u00e9 za\u0159\u00edzen\u00ed nastavuje nov\u00e9 standardy na trhu jednor\u00e1zov\u00fdch vap\u016f d\u00edky mimo\u0159\u00e1dn\u00e9 kapacit\u011b 150 000 \u0161luk\u016f - ide\u00e1ln\u00ed pro n\u00e1ro\u010dn\u00e9 u\u017eivatele a milovn\u00edky chut\u00ed, kte\u0159\u00ed vy\u017eaduj\u00ed nep\u0159etr\u017eit\u00e9 uspokojen\u00ed.<\/p>\n<h3>Pokro\u010dil\u00e1 technologie Mesh Coil<\/h3>\n<p>Za\u017eijte bezkonkuren\u010dn\u00ed konzistenci p\u00e1ry d\u00edky na\u0161emu inovativn\u00edmu \u010dty\u0159j\u00e1drov\u00e9mu syst\u00e9mu se \u010dty\u0159mi 1,2\u03a9 s\u00ed\u0165ov\u00fdmi spir\u00e1lkami. Tato pokro\u010dil\u00e1 konfigurace zaji\u0161\u0165uje, \u017ee ka\u017ed\u00e9 \u0161luknut\u00ed p\u0159in\u00e1\u0161\u00ed <strong>hust\u00fd<\/strong>, aromatick\u00e9 mraky p\u0159i zachov\u00e1n\u00ed teplotn\u00ed stability od prvn\u00edho do posledn\u00edho pou\u017eit\u00ed. Na <strong>s\u00ed\u0165ov\u00e1 c\u00edvka<\/strong> maximalizuje vyu\u017eit\u00ed e-liquidu a zaji\u0161\u0165uje rychl\u00e9 zah\u0159\u00edv\u00e1n\u00ed pro okam\u017eit\u00e9 uspokojen\u00ed.<\/p>\n<h3>P\u0159izp\u016fsobiteln\u00fd nikotinov\u00fd z\u00e1\u017eitek<\/h3>\n<p>P\u0159izp\u016fsobte si svou cestu vapingu s v\u00edce <strong>s\u00edla nikotinu<\/strong> (0%, 2%, 3%, 5%), aby odpov\u00eddaly va\u0161im osobn\u00edm preferenc\u00edm. A\u0165 u\u017e p\u0159ech\u00e1z\u00edte z tradi\u010dn\u00edch cigaret, nebo si prost\u011b jen u\u017e\u00edv\u00e1te nikotinov\u00e9 uspokojen\u00ed, na\u0161e pe\u010dliv\u011b kalibrovan\u00e9 \u00farovn\u011b nab\u00edzej\u00ed hladk\u00fd n\u00e1dech do hrdla bez naru\u0161en\u00ed integrity chuti, tak\u017ee jsou ide\u00e1ln\u00ed pro v\u0161echny styly vapingu.<\/p>\n<h3>Obrovsk\u00e1 kapacita e-liquidu a chytr\u00e9 funkce<\/h3>\n<p>Srdcem tohoto p\u016fsobiv\u00e9ho za\u0159\u00edzen\u00ed je podstatn\u00e1 \u010d\u00e1st. <strong>58 ml p\u0159edpln\u011bn\u00e9ho e-liquidu<\/strong> z\u00e1sobn\u00edk. Tato velk\u00e1 kapacita zaji\u0161\u0165uje dlouhodob\u00e9 pou\u017e\u00edv\u00e1n\u00ed bez nutnosti \u010dast\u00e9 v\u00fdm\u011bny, tak\u017ee je cenov\u011b v\u00fdhodn\u00e1 a pohodln\u00e1. Z\u016fsta\u0148te informov\u00e1ni d\u00edky integrovan\u00e9mu LED displeji, kter\u00fd nep\u0159etr\u017eit\u011b sleduje <strong>baterie<\/strong> stav a zb\u00fdvaj\u00edc\u00ed mno\u017estv\u00ed \u0161\u0165\u00e1vy.<\/p>\n<h3>Pr\u00e9miov\u00fd dob\u00edjec\u00ed v\u00fdkon<\/h3>\n<p>Vysokokapacitn\u00ed baterie s kapacitou 850 mAh poskytuje dlouhotrvaj\u00edc\u00ed v\u00fdkon, kter\u00fd odpov\u00edd\u00e1 v\u00fdjime\u010dn\u00e9mu po\u010dtu \u0161luk\u016f. Rychl\u00e9 dob\u00edjen\u00ed pomoc\u00ed technologie USB-C zabra\u0148uje prostoj\u016fm a z\u00e1rove\u0148 zaji\u0161\u0165uje rychl\u00e9 nab\u00edjen\u00ed. Tato u\u017eivatelsky p\u0159\u00edv\u011btiv\u00e1 funkce prodlu\u017euje va\u0161e vapovac\u00ed seance bez nutnosti pou\u017e\u00edvat jednor\u00e1zov\u00e9 alternativy.<\/p>\n<h3>Lahodn\u00e1 rozmanitost chut\u00ed<\/h3>\n<p>Dop\u0159ejte si na\u0161i rozmanitou nab\u00eddku sofistikovan\u00fdch chu\u0165ov\u00fdch profil\u016f:<\/p>\n<p><strong>Meloun + malina + t\u0159e\u0161e\u0148 + cola<br \/>Jahodov\u00fd led + melounov\u00fd led + broskvov\u00fd led + maracujov\u00fd led<br \/>Jahodov\u00e1 zmrzlina + Mango + Ananas + Zmrzlina<br \/>Ananasov\u00fd kokos + citronov\u00fd led + bor\u016fvkov\u00fd led + energetick\u00fd n\u00e1poj<br \/>Jahodov\u00fd led + bor\u016fvkov\u00fd led + hroznov\u00fd led + led ze zelen\u00e9ho jablka<br \/>Ban\u00e1nov\u00fd led + jahodov\u00fd led + melounov\u00fd led + citronov\u00fd led<br \/>Jahoda kiwi + bor\u016fvka kokos + sm\u00ed\u0161en\u00e1 \u0161vestka + mango<br \/>Jahodov\u00fd led + ananasov\u00fd kokosov\u00fd led + mangov\u00fd led + maracujov\u00fd led<br \/>Bor\u016fvkov\u00fd led + malinov\u00fd citronov\u00fd led + melounov\u00e1 \u017ev\u00fdka\u010dka + m\u00e1ta<br \/>Hroznov\u00e1 zmrzlina + mangov\u00e1 broskev + melounov\u00e1 zmrzlina + bor\u016fvkov\u00e1 zmrzlina<\/strong><\/p>\n<h3>Technick\u00e9 specifikace<\/h3>\n<p>Pufy: 150 000<br \/>Typ c\u00edvky: Syst\u00e9m c\u00edvek Quad 1.2\u03a9 Mesh Coil System<br \/>Kapacita e-liquidu: 58ml<br \/>S\u00edla nikotinu: 0%\/2%\/3%\/5%<br \/>Baterie: 850mAh dob\u00edjec\u00ed<br \/>Nab\u00edjen\u00ed: Rozhran\u00ed USB typu C<br \/>Zobrazen\u00ed: LED indik\u00e1tory baterie\/kapaliny<br \/>Rozm\u011bry: 39 x 39 x 118 mm<br \/>Rozm\u011bry balen\u00ed (mal\u00e9): 47x47x135 mm<br \/>Rozm\u011bry p\u0159epravn\u00edho kufru (velk\u00e1 krabice): 97x243x138mm<br \/>Rozm\u011bry hlavn\u00edho kartonu: 685x380x240 mm<br \/>Hmotnost kartonu: 23 kg (150 kus\u016f)<\/p>\n<h3>Nejlep\u0161\u00ed volba pro v\u00fdkonn\u00e9 vapery<\/h3>\n<p>Na str\u00e1nk\u00e1ch <strong>Aivono Aim 150K Puffs<\/strong> nov\u011b definuje standardy jednor\u00e1zov\u00e9ho vapingu t\u00edm, \u017ee kombinuje rekordn\u00ed kapacitu s pr\u00e9miovou konstrukc\u00ed. Ka\u017ed\u00e1 promy\u0161len\u011b navr\u017een\u00e1 sou\u010d\u00e1stka - od \u00fa\u010dinn\u00fdch s\u00ed\u0165ov\u00fdch spir\u00e1lek a\u017e po dokonale vylad\u011bn\u00fd syst\u00e9m airflow - poskytuje neochv\u011bjnou konzistenci po celou dobu sv\u00e9 v\u00fdjime\u010dn\u00e9 \u017eivotnosti. Tento samostatn\u00fd vapovac\u00ed syst\u00e9m eliminuje pot\u0159ebu \u00fadr\u017eby a z\u00e1rove\u0148 poskytuje v\u00fdkon na profesion\u00e1ln\u00ed \u00farovni, tak\u017ee je vhodn\u00fd jak pro osobn\u00ed pot\u011b\u0161en\u00ed, tak pro komer\u010dn\u00ed distribuci. Zm\u011b\u0148te sv\u016fj z\u00e1\u017eitek z vapov\u00e1n\u00ed d\u00edky t\u00e9to inovativn\u00ed kombinaci odolnosti, bohat\u00e9 chuti a praktick\u00e9ho technick\u00e9ho \u0159e\u0161en\u00ed.<\/p>","protected":false},"excerpt":{"rendered":"<p>Za\u017eijte maxim\u00e1ln\u00ed \u017eivotnost s <strong>Aivono Aim 150K Puffs<\/strong> jednor\u00e1zov\u00e9 vape s <strong>Objem 58 ml<\/strong> a <strong>150 000 obl\u00e1\u010dk\u016f<\/strong>.<br \/>U\u017eijte si <strong>\u010dty\u0159i s\u00ed\u0165ov\u00e9 c\u00edvky<\/strong> pro bohatou chu\u0165, nastaviteln\u00e1 <strong>s\u00edla nikotinu<\/strong> (0%\/2%\/3%\/5%) a dob\u00edjen\u00ed p\u0159es USB-C.<\/p>","protected":false},"featured_media":9144,"comment_status":"open","ping_status":"closed","template":"","meta":[],"product_brand":[165],"product_cat":[951,1016],"product_tag":[734,735,733,112,77,115],"class_list":{"0":"post-9150","1":"product","2":"type-product","3":"status-publish","4":"has-post-thumbnail","6":"product_brand-aivono","7":"product_cat-aivono","8":"product_cat-big-puffs-vapes","9":"product_tag-150000-puffs-vape","10":"product_tag-58ml-e-liquid","11":"product_tag-aivono-aim-150000-puffs","12":"product_tag-disposable-vape","13":"product_tag-mesh-coil-vape","14":"product_tag-rechargeable-vape","16":"first","17":"instock","18":"sale","19":"shipping-taxable","20":"purchasable","21":"product-type-variable"},"jetpack_sharing_enabled":true,"tiered_pricing_type":"fixed","tiered_pricing_fixed_rules":[],"tiered_pricing_product_settings":{"layout":"default","base_unit_name":{"singular":null,"plural":null},"default_variation":null},"tiered_pricing_minimum_quantity":null,"tiered_pricing_roles_data":[],"tiered_pricing_percentage_rules":[],"tiered_pricing_maximum_quantity":null,"tiered_pricing_quantity_step":null,"_links":{"self":[{"href":"https:\/\/frvape.com\/cs\/wp-json\/wp\/v2\/product\/9150","targetHints":{"allow":["GET"]}}],"collection":[{"href":"https:\/\/frvape.com\/cs\/wp-json\/wp\/v2\/product"}],"about":[{"href":"https:\/\/frvape.com\/cs\/wp-json\/wp\/v2\/types\/product"}],"replies":[{"embeddable":true,"href":"https:\/\/frvape.com\/cs\/wp-json\/wp\/v2\/comments?post=9150"}],"wp:featuredmedia":[{"embeddable":true,"href":"https:\/\/frvape.com\/cs\/wp-json\/wp\/v2\/media\/9144"}],"wp:attachment":[{"href":"https:\/\/frvape.com\/cs\/wp-json\/wp\/v2\/media?parent=9150"}],"wp:term":[{"taxonomy":"product_brand","embeddable":true,"href":"https:\/\/frvape.com\/cs\/wp-json\/wp\/v2\/product_brand?post=9150"},{"taxonomy":"product_cat","embeddable":true,"href":"https:\/\/frvape.com\/cs\/wp-json\/wp\/v2\/product_cat?post=9150"},{"taxonomy":"product_tag","embeddable":true,"href":"https:\/\/frvape.com\/cs\/wp-json\/wp\/v2\/product_tag?post=9150"}],"curies":[{"name":"wp","href":"https:\/\/api.w.org\/{rel}","templated":true}]}}