{"id":9412,"date":"2025-10-31T15:36:54","date_gmt":"2025-10-31T15:36:54","guid":{"rendered":"https:\/\/frvape.com\/product\/mr-goodie-abyss-mirror-50000-puffs-vape-with-adjustable-ice-party-mode\/"},"modified":"2025-12-16T09:51:59","modified_gmt":"2025-12-16T09:51:59","slug":"mr-goodie-abyss-mirror-50000-puffs-vape-s-nastavitelnym-rezimem-ledove-party","status":"publish","type":"product","link":"https:\/\/frvape.com\/cs\/product\/mr-goodie-abyss-mirror-50000-puffs-vape-s-nastavitelnym-rezimem-ledove-party\/","title":{"rendered":"Mr.Goodie Abyss Mirror 50 000 Puffs Vape s nastaviteln\u00fdm re\u017eimem Ice &amp; Party Mode"},"content":{"rendered":"<h3>Pr\u00e9miov\u00fd vaping v nov\u00e9m pojet\u00ed<\/h3>\n<p>Na str\u00e1nk\u00e1ch <strong>Pan Goodie Abyss Mirror<\/strong> nastavuje nov\u00e9 standardy v oblasti jednor\u00e1zov\u00e9ho vapingu s extr\u00e9mn\u00edm <strong>50 000 vdech\u016f<\/strong> kapacitu. Je ur\u010dena pro nad\u0161ence, kte\u0159\u00ed hledaj\u00ed v\u00fdkon a styl. <strong>Zrcadlov\u00fd displej Abyss<\/strong> sleduje stav baterie, e-liquidu a po\u010det \u0161luk\u016f v re\u00e1ln\u00e9m \u010dase a kombinuje futuristickou estetiku s bezkonkuren\u010dn\u00ed funk\u010dnost\u00ed.<\/p>\n<h3>Pokro\u010dil\u00e9 funkce<\/h3>\n<p>P\u0159izp\u016fsobte si ka\u017ed\u00e9 sezen\u00ed pomoc\u00ed <strong>3\u00farov\u0148ov\u00e9 nastaven\u00ed ledu<\/strong> pro p\u0159izp\u016fsoben\u00ed intenzity chlazen\u00ed. Aktivace <strong>Re\u017eim Party Vibez<\/strong> synchronizovat dynamick\u00e9 sv\u011bteln\u00e9 efekty LED s tahy. Du\u00e1ln\u00ed <strong>s\u00ed\u0165ov\u00e9 c\u00edvky<\/strong> trvale poskytuj\u00ed bohatou a jemnou p\u00e1ru, zat\u00edmco <strong>900mAh baterie<\/strong> zaji\u0161\u0165uje dlouhodob\u00e9 pou\u017e\u00edv\u00e1n\u00ed. Rychl\u00fd <strong>Nab\u00edjen\u00ed typu C<\/strong> mezi jednotliv\u00fdmi sezen\u00edmi za\u0159\u00edzen\u00ed rychle omlazuje.<\/p>\n<h3>Obrovsk\u00e1 kapacita a mo\u017enosti<\/h3>\n<p>Bydlen\u00ed <strong>40 ml p\u0159edpln\u011bn\u00e9ho e-liquidu<\/strong> a jsou k dispozici v obou <strong>20 mg<\/strong> a siln\u00fd <strong>50 mg soln\u00e9ho nikotinu<\/strong> s\u00edly, toto za\u0159\u00edzen\u00ed vyhovuje v\u0161em preferenc\u00edm. Prvot\u0159\u00eddn\u00ed materi\u00e1ly a nepropustn\u00e1 konstrukce zaru\u010duj\u00ed spolehliv\u00fd v\u00fdkon od prvn\u00edho do posledn\u00edho \u0161luknut\u00ed.<\/p>\n<h3>Vynikaj\u00edc\u00ed v\u00fdb\u011br chut\u00ed<\/h3>\n<p>Vyberte si z 10 odborn\u011b p\u0159ipraven\u00fdch p\u0159\u00edchut\u00ed:<br \/>\n<strong>Melounov\u00fd led<br \/>\nZelen\u00fd citronov\u00fd led<br \/>\nJable\u010dn\u00e1 sko\u0159ice<br \/>\n\u0160\u0165avnat\u00fd broskvov\u00fd led<br \/>\nBlue Razz<br \/>\nJahodov\u00fd ml\u00e9\u010dn\u00fd koktejl<br \/>\nVanilkov\u00e1 mu\u010denka<br \/>\nLed z krvav\u00e9ho pomeran\u010de<br \/>\nAnanasov\u00fd led s mangem<br \/>\nL\u00e1ska 66<\/strong><\/p>\n<h3>Pro\u010d si vybrat zrcadlo Abyss?<\/h3>\n<p>Nejde jen o jednor\u00e1zovou vapku - je to spojen\u00ed inovace a luxusu. Bezkonkuren\u010dn\u00ed po\u010det \u0161luk\u016f, <strong>nastaviteln\u00e1 technologie ledu<\/strong>, fascinuj\u00edc\u00ed sv\u011btla Party Vibez a <strong>du\u00e1ln\u00ed s\u00ed\u0165ov\u00e9 c\u00edvky<\/strong> vytvo\u0159it mimo\u0159\u00e1dn\u00fd smyslov\u00fd z\u00e1\u017eitek. A\u0165 u\u017e d\u00e1v\u00e1te p\u0159ednost hustot\u011b mrak\u016f, v\u00fdrazn\u00fdm chut\u00edm nebo poutav\u00e9mu designu, zrcadlo Abyss p\u0159ekon\u00e1v\u00e1 o\u010dek\u00e1v\u00e1n\u00ed.<\/p>","protected":false},"excerpt":{"rendered":"<p>Za\u017eijte revolu\u010dn\u00ed vaping s <strong>Pan Goodie Abyss Mirror<\/strong> - s <strong>50 000 vdech\u016f<\/strong>, futuristick\u00fd displej a 10 \u017eiv\u00fdch p\u0159\u00edchut\u00ed.<br \/>\nProzkoumejte 3 \u00farovn\u011b <strong>nastaviteln\u00fd ledov\u00fd chlad<\/strong> a pohlcuj\u00edc\u00ed <strong>Re\u017eim Party Vibez<\/strong> sv\u011bteln\u00e9 efekty pro individu\u00e1ln\u00ed sezen\u00ed.<\/p>","protected":false},"featured_media":9406,"comment_status":"open","ping_status":"closed","template":"","meta":[],"product_brand":[769],"product_cat":[873],"product_tag":[1023,1021,774,776,772,775,271],"class_list":{"0":"post-9412","1":"product","2":"type-product","3":"status-publish","4":"has-post-thumbnail","6":"product_brand-mr-goodie","7":"product_cat-mr-goodie","8":"product_tag-000-puffs-disposable-vape","9":"product_tag-1021","10":"product_tag-adjustable-ice-levels","11":"product_tag-dual-mesh-coils","12":"product_tag-mr-goodie-abyss-mirror","13":"product_tag-party-vibez-mode","14":"product_tag-type-c-vape","16":"first","17":"instock","18":"sale","19":"shipping-taxable","20":"purchasable","21":"product-type-variable"},"jetpack_sharing_enabled":true,"tiered_pricing_type":"fixed","tiered_pricing_fixed_rules":[],"tiered_pricing_product_settings":{"layout":"default","base_unit_name":{"singular":null,"plural":null},"default_variation":null},"tiered_pricing_minimum_quantity":null,"tiered_pricing_roles_data":[],"tiered_pricing_percentage_rules":[],"tiered_pricing_maximum_quantity":null,"tiered_pricing_quantity_step":null,"_links":{"self":[{"href":"https:\/\/frvape.com\/cs\/wp-json\/wp\/v2\/product\/9412","targetHints":{"allow":["GET"]}}],"collection":[{"href":"https:\/\/frvape.com\/cs\/wp-json\/wp\/v2\/product"}],"about":[{"href":"https:\/\/frvape.com\/cs\/wp-json\/wp\/v2\/types\/product"}],"replies":[{"embeddable":true,"href":"https:\/\/frvape.com\/cs\/wp-json\/wp\/v2\/comments?post=9412"}],"wp:featuredmedia":[{"embeddable":true,"href":"https:\/\/frvape.com\/cs\/wp-json\/wp\/v2\/media\/9406"}],"wp:attachment":[{"href":"https:\/\/frvape.com\/cs\/wp-json\/wp\/v2\/media?parent=9412"}],"wp:term":[{"taxonomy":"product_brand","embeddable":true,"href":"https:\/\/frvape.com\/cs\/wp-json\/wp\/v2\/product_brand?post=9412"},{"taxonomy":"product_cat","embeddable":true,"href":"https:\/\/frvape.com\/cs\/wp-json\/wp\/v2\/product_cat?post=9412"},{"taxonomy":"product_tag","embeddable":true,"href":"https:\/\/frvape.com\/cs\/wp-json\/wp\/v2\/product_tag?post=9412"}],"curies":[{"name":"wp","href":"https:\/\/api.w.org\/{rel}","templated":true}]}}