{"id":950,"date":"2025-10-11T15:55:38","date_gmt":"2025-10-11T15:55:38","guid":{"rendered":"https:\/\/frvape.com\/product\/mrvi-moving-25000-puffs-vape-mtl-dtl-dual-mode-with-child-lock-30ml-capacity\/"},"modified":"2026-02-06T03:27:04","modified_gmt":"2026-02-06T03:27:04","slug":"mrvi-pohybujici-se-25000-puffs-vape-mtl-dtl-dual-mode-s-detskou-pojistkou-30ml-kapacita","status":"publish","type":"product","link":"https:\/\/frvape.com\/cs\/product\/mrvi-pohybujici-se-25000-puffs-vape-mtl-dtl-dual-mode-s-detskou-pojistkou-30ml-kapacita\/","title":{"rendered":"MRVI Moving 25000 Puffs Vape: Kapacita: 30ML Du\u00e1ln\u00ed re\u017eim MTL\/DTL s d\u011btskou pojistkou"},"content":{"rendered":"<h3>Revolu\u010dn\u00ed zku\u0161enosti s vapingem<\/h3>\n<p>Na str\u00e1nk\u00e1ch <strong>MRVI Moving 25000<\/strong> nov\u011b definuje p\u0159enosn\u00fd vaping s neb\u00fdvalou kapacitou a inteligentn\u00edmi funkcemi. Tato patentovan\u00e1 konstrukce kombinuje v\u00fdkon a v\u0161estrannost v kompaktn\u00edm za\u0159\u00edzen\u00ed o rozm\u011brech 52,2x22x99 mm, kter\u00e9 je ur\u010deno pro za\u010d\u00e1te\u010dn\u00edky i zku\u0161en\u00e9 vapery. Jeho <strong>Dvojit\u00e1 c\u00edvka MTL Mini<\/strong> (15-20W) a <strong>Jednotliv\u00e1 c\u00edvka DTL Max<\/strong> (25-40 W) poskytuj\u00ed p\u0159izp\u016fsobiteln\u00e9 \u0161lukov\u00e1n\u00ed nebo objemn\u00e9 mraky na dosah ruky.<\/p>\n<h3>Bezkonkuren\u010dn\u00ed technick\u00e9 specifikace<\/h3>\n<p>- Rekordn\u00ed <strong>25 000 obl\u00e1\u010dk\u016f<\/strong> na za\u0159\u00edzen\u00ed<br \/>- Massive <strong>Kapacita 30 ml e-liquidu<\/strong><br \/>- Dlouhodob\u00e1 \u017eivotnost <strong>Dob\u00edjec\u00ed baterie s kapacitou 1000 mAh<\/strong><br \/>- Kompatibilita s du\u00e1ln\u00edm nap\u011bt\u00edm: Vyberte si mezi 2% nebo 5%. <strong>s\u00edla nikotinu<\/strong><br \/>- Rapid <strong>Nab\u00edjen\u00ed typu C<\/strong> p\u0159\u00edstav<br \/>- P\u0159esnost <strong>Dvojit\u00e1 s\u00ed\u0165ov\u00e1 c\u00edvka<\/strong> (0,4\u03a9\/0,80\u03a9)<br \/>- Intuitivn\u00ed displej OLED pro sledov\u00e1n\u00ed v re\u00e1ln\u00e9m \u010dase<\/p>\n<h3>Exkluzivn\u00ed v\u00fdb\u011br p\u0159\u00edchut\u00ed<\/h3>\n<p>Za\u017eijte prvot\u0159\u00eddn\u00ed chu\u0165 s na\u0161imi odborn\u011b vytvo\u0159en\u00fdmi p\u0159\u00edchut\u011bmi e-liquid\u016f:<\/p>\n<ul>\n<li><strong>Jahodov\u00fd ml\u00e9\u010dn\u00fd koktejl<\/strong> - Kr\u00e9mov\u00e1 bobulov\u00e1 bla\u017eenost<\/li>\n<li><strong>Brusinkov\u00e9 jablko<\/strong> - Sladkokysel\u00e1 f\u00faze<\/li>\n<li><strong>Ananasov\u00fd led<\/strong> - V\u00fdbuch tropick\u00e9ho chladu<\/li>\n<li><strong>Jahodov\u00e1 t\u0159e\u0161e\u0148<\/strong> - Dvojit\u00fd pocit z bobul\u00ed<\/li>\n<li><strong>Ban\u00e1nov\u00fd led<\/strong> - Sametov\u00e9 mra\u017een\u00e9 pot\u011b\u0161en\u00ed<\/li>\n<li><strong>Blue Razz Ice<\/strong> - Elektrick\u00fd mraz\u00e1k na bobule<\/li>\n<li><strong>Sm\u00ed\u0161en\u00e9 bobule<\/strong> - Komplexn\u00ed ovocn\u00e1 sm\u011bs<\/li>\n<li><strong>Broskvov\u00fd led<\/strong> - \u0160\u0165avnat\u00e9 osv\u011b\u017een\u00ed z peckovin<\/li>\n<li><strong>Pomeran\u010dov\u00fd d\u017eus z mu\u010denky<\/strong> - Citrusov\u011b-tropick\u00fd twist<\/li>\n<li><strong>Melounov\u00fd led<\/strong> - Zes\u00edlen\u00e1 letn\u00ed sv\u011b\u017eest<\/li>\n<\/ul>\n<h3>Chytr\u00e1 bezpe\u010dnost a p\u0159izp\u016fsoben\u00ed<\/h3>\n<p>Prioritou je bezpe\u010dnost, inovativn\u00ed <strong>funkce d\u011btsk\u00e9 pojistky<\/strong> se okam\u017eit\u011b aktivuje\/deaktivuje p\u011bti stisknut\u00edmi tla\u010d\u00edtka, co\u017e zabra\u0148uje neopr\u00e1vn\u011bn\u00e9mu pou\u017eit\u00ed. Ergonomick\u00e1 spodn\u00ed \u010d\u00e1st <strong>nastaviteln\u00e9 proud\u011bn\u00ed vzduchu<\/strong> krou\u017eek umo\u017e\u0148uje p\u0159esnou regulaci v\u00fdpar\u016f, zat\u00edmco <strong>design inspirovan\u00fd souhv\u011bzd\u00edm<\/strong> zaji\u0161\u0165uje pohodln\u00e9 uchopen\u00ed a vynikaj\u00edc\u00ed estetiku. Optimalizujte ka\u017ed\u00e9 sezen\u00ed d\u00edky snadn\u00e9mu p\u0159ep\u00edn\u00e1n\u00ed mezi t\u011bsn\u00fdm MTL potahov\u00e1n\u00edm a vzdu\u0161n\u00fdm DTL vdechov\u00e1n\u00edm.<\/p>\n<h3>Pokro\u010dil\u00e9 technick\u00e9 detaily<\/h3>\n<p>Krom\u011b mimo\u0159\u00e1dn\u00e9ho po\u010dtu pufr\u016f vyu\u017e\u00edv\u00e1 MRVI Moving i n\u00e1sleduj\u00edc\u00ed v\u00fdhody <strong>optimalizace dvou c\u00edvek<\/strong> pro konzistentn\u00ed pod\u00e1n\u00ed chuti a produkci p\u00e1ry. Na <strong>Displej OLED<\/strong> transparentn\u011b monitoruje v\u00fddr\u017e baterie, po\u010d\u00edtadlo potah\u016f a nastaven\u00ed v\u00fdkonu. Odolnost se snoub\u00ed s eleganc\u00ed v \u0161asi ze zinkov\u00e9 slitiny, kter\u00e9 m\u00e1 kapesn\u00ed rozm\u011bry a z\u00e1rove\u0148 obsahuje komponenty profesion\u00e1ln\u00ed \u00farovn\u011b. P\u0159edem napln\u011bn\u00e9 lusky eliminuj\u00ed \u00faniky, zat\u00edmco nab\u00edjen\u00ed typu C dosahuje baterie 80% za 18 minut.<\/p>\n<h3>\u0160pi\u010dkov\u00fd v\u00fdkon v oboru<\/h3>\n<p>Na str\u00e1nk\u00e1ch <strong>Re\u017eimy MTL a DTL<\/strong> p\u0159ekonat typick\u00e9 jednor\u00e1zov\u00e9 n\u00e1poje - za\u017e\u00edt skute\u010dn\u00fd konfigurovateln\u00fd vaping. P\u0159i v\u00fdkonu 15-20 W MTL si vychutn\u00e1te koncentrovanou chu\u0165 napodobuj\u00edc\u00ed tradi\u010dn\u00ed cigarety; p\u0159i v\u00fdkonu 15-20 W MTL si vychutn\u00e1te koncentrovanou chu\u0165 napodobuj\u00edc\u00ed tradi\u010dn\u00ed cigarety. <strong>25-40W DTL<\/strong>, uvolnit potenci\u00e1l pro honbu za mraky. Ka\u017ed\u00e9 za\u0159\u00edzen\u00ed proch\u00e1z\u00ed p\u0159\u00edsnou kontrolou kvality s certifikac\u00ed bezpe\u010dnosti bateri\u00ed a \u010distoty e-liquidu. Balen\u00ed obsahuje 1 kus v krabi\u010dce (display box: 10 kus\u016f; karton: <strong>160 ks<\/strong>), optimalizovan\u00e9 pro maloobchodn\u00ed a velkoobchodn\u00ed distribuci.<\/p>\n<p>Pozvedn\u011bte svou vapingovou cestu s MRVI Moving 25000, kde je p\u0159evratn\u00e1 kapacita, <strong>inovativn\u00ed bezpe\u010dnostn\u00ed syst\u00e9my<\/strong>a \u0159emesln\u00e9 p\u0159\u00edchut\u011b se snoub\u00ed v za\u0159\u00edzen\u00ed, kter\u00e9 definuje \u017e\u00e1nr a je navr\u017eeno tak, aby s ka\u017ed\u00fdm \u0161lukem p\u0159ekonalo o\u010dek\u00e1v\u00e1n\u00ed.<\/p>","protected":false},"excerpt":{"rendered":"<p><strong>MRVI Moving 25000<\/strong> vape p\u0159in\u00e1\u0161\u00ed revolu\u010dn\u00ed <strong>25 000 obl\u00e1\u010dk\u016f<\/strong> s flexibilitou dvou re\u017eim\u016f. Funkce <strong>MTL a DTL vaping<\/strong> technologie, <strong>Kapacita 30 ml e-liquidu<\/strong>a nezbytn\u00e9 <strong>bezpe\u010dnostn\u00ed d\u011btsk\u00e1 pojistka<\/strong>. Vychutnejte si 10 \u017eiv\u00fdch chut\u00ed v elegantn\u00edm za\u0159\u00edzen\u00ed s designem souhv\u011bzd\u00ed a rychl\u00fdm nab\u00edjen\u00edm Type-C.<\/p>","protected":false},"featured_media":944,"comment_status":"open","ping_status":"closed","template":"","meta":[],"product_brand":[174],"product_cat":[175],"product_tag":[74,180,179,177,178,103],"class_list":{"0":"post-950","1":"product","2":"type-product","3":"status-publish","4":"has-post-thumbnail","6":"product_brand-mrvi","7":"product_cat-mrvi-vape","8":"product_tag-25000-puff-vape","9":"product_tag-30ml-e-liquid-vape","10":"product_tag-child-lock-vape","11":"product_tag-mrvi-moving-25000","12":"product_tag-mtl-dtl-vape","13":"product_tag-rechargeable-e-cigarette","15":"first","16":"outofstock","17":"sale","18":"shipping-taxable","19":"purchasable","20":"product-type-variable"},"jetpack_sharing_enabled":true,"tiered_pricing_type":"fixed","tiered_pricing_fixed_rules":[],"tiered_pricing_product_settings":{"layout":"default","base_unit_name":{"singular":null,"plural":null},"default_variation":null},"tiered_pricing_minimum_quantity":null,"tiered_pricing_roles_data":[],"tiered_pricing_percentage_rules":[],"tiered_pricing_maximum_quantity":null,"tiered_pricing_quantity_step":null,"_links":{"self":[{"href":"https:\/\/frvape.com\/cs\/wp-json\/wp\/v2\/product\/950","targetHints":{"allow":["GET"]}}],"collection":[{"href":"https:\/\/frvape.com\/cs\/wp-json\/wp\/v2\/product"}],"about":[{"href":"https:\/\/frvape.com\/cs\/wp-json\/wp\/v2\/types\/product"}],"replies":[{"embeddable":true,"href":"https:\/\/frvape.com\/cs\/wp-json\/wp\/v2\/comments?post=950"}],"wp:featuredmedia":[{"embeddable":true,"href":"https:\/\/frvape.com\/cs\/wp-json\/wp\/v2\/media\/944"}],"wp:attachment":[{"href":"https:\/\/frvape.com\/cs\/wp-json\/wp\/v2\/media?parent=950"}],"wp:term":[{"taxonomy":"product_brand","embeddable":true,"href":"https:\/\/frvape.com\/cs\/wp-json\/wp\/v2\/product_brand?post=950"},{"taxonomy":"product_cat","embeddable":true,"href":"https:\/\/frvape.com\/cs\/wp-json\/wp\/v2\/product_cat?post=950"},{"taxonomy":"product_tag","embeddable":true,"href":"https:\/\/frvape.com\/cs\/wp-json\/wp\/v2\/product_tag?post=950"}],"curies":[{"name":"wp","href":"https:\/\/api.w.org\/{rel}","templated":true}]}}