{"id":9688,"date":"2025-10-31T16:01:45","date_gmt":"2025-10-31T16:01:45","guid":{"rendered":"https:\/\/frvape.com\/product\/mr-goodie-shisha-dual-mode-disposable-vape-30k-50k-puffs-with-mega-display\/"},"modified":"2025-12-16T08:28:34","modified_gmt":"2025-12-16T08:28:34","slug":"mr-goodie-shisha-dual-mode-jednorazova-vape-30k-50k-puffs-s-mega-displejem","status":"publish","type":"product","link":"https:\/\/frvape.com\/cs\/product\/mr-goodie-shisha-dual-mode-jednorazova-vape-30k-50k-puffs-s-mega-displejem\/","title":{"rendered":"Mr.Goodie SHISHA Dual-Mode Disposable Vape - 30K\/50K Puffs s Mega displejem"},"content":{"rendered":"<h3>Pr\u00e9miov\u00fd z\u00e1\u017eitek z vapov\u00e1n\u00ed ve dvou re\u017eimech<\/h3>\n<p>Na str\u00e1nk\u00e1ch <strong>Pan Goodie SHISHA<\/strong> nov\u011b definuje pohodl\u00ed a p\u0159izp\u016fsoben\u00ed pro vapery, kte\u0159\u00ed hledaj\u00ed v\u0161estrannost. Vyberte si mezi <strong>Re\u017eim DTL<\/strong> (c\u00edvka 0,50\u03a9, 22 W) pro masivn\u00ed 30 000 obl\u00e1\u010dk\u016f nebo <strong>Re\u017eim MTL<\/strong> (1,00\u03a9 spir\u00e1lka, 12 W) pro 50 000 uspokojiv\u00fdch potah\u016f se slan\u00fdm nikotinem - uspokoj\u00ed v\u0161echny preference vapingu.<\/p>\n<h3>Pokro\u010dil\u00e9 technick\u00e9 specifikace<\/h3>\n<p>Nap\u00e1jen\u00ed pomoc\u00ed robustn\u00edho <strong>Dob\u00edjec\u00ed baterie s kapacitou 1 100 mAh<\/strong> a p\u0159edem napln\u011bn\u00e9 expanzivn\u00edm <strong>Kapacita e-liquidu 40 ml<\/strong>, u\u017e\u00edvejte si del\u0161\u00ed sezen\u00ed bez p\u0159eru\u0161en\u00ed. Str\u00e1nky <strong>mega displej<\/strong> umo\u017e\u0148uje v re\u00e1ln\u00e9m \u010dase sledovat \u017eivotnost baterie, hladinu e-liquidu a po\u010d\u00edtadlo potah\u016f. P\u0159izp\u016fsobte si ka\u017ed\u00e9 vdechnut\u00ed s p\u0159esnost\u00ed <strong>nastaviteln\u00e1 regulace proud\u011bn\u00ed vzduchu<\/strong> a rychl\u00e9 <strong>Nab\u00edjen\u00ed typu C<\/strong>.<\/p>\n<h3>Bohat\u00fd v\u00fdb\u011br chut\u00ed<\/h3>\n<p>K dost\u00e1n\u00ed ve 12 z\u00e1\u0159iv\u00fdch variant\u00e1ch se slan\u00fdm nikotinem:<br \/>\n&#8211; <strong>L\u00e1ska 66<\/strong><br \/>\n&#8211; <strong>Brusinka P. Citron<\/strong><br \/>\n&#8211; <strong>Sm\u011bs ovoce<\/strong><br \/>\n&#8211; <strong>Hroznov\u00e1 m\u00e1ta<\/strong><br \/>\n&#8211; <strong>Bor\u016fvkov\u00e1 citronov\u00e1 m\u00e1ta<\/strong><br \/>\n&#8211; <strong>Melounov\u00e1 \u017ev\u00fdka\u010dka<\/strong><br \/>\n&#8211; <strong>Cola Gummy<\/strong><br \/>\n&#8211; <strong>Dvojit\u00e9 jablko<\/strong><br \/>\n&#8211; <strong>\u017dv\u00fdka\u010dka s dra\u010d\u00edm ovocem<\/strong><br \/>\n&#8211; <strong>Blue Razz<\/strong><br \/>\n&#8211; <strong>Medovicov\u00fd melounov\u00fd led<\/strong><br \/>\n&#8211; <strong>Jahodov\u00fd citron<\/strong><\/p>\n<h3>Pro\u010d si vybrat SHISHA?<\/h3>\n<p>Tento jednor\u00e1zov\u00fd vape kombinuje maxim\u00e1ln\u00ed flexibilitu s v\u00fdjime\u010dnou kapacitou. <strong>3 mg\/6 mg nikotinu v soli<\/strong> zaji\u0161\u0165uje hladk\u00e9 \u00fadery do hrdla pro za\u010d\u00e1te\u010dn\u00edky i nad\u0161ence. D\u00edky inovativn\u00edmu v\u00fdkonu dvou spir\u00e1lek, elegantn\u00ed ergonomii a technologii uzam\u010den\u00ed chuti, <strong>Pan Goodie SHISHA<\/strong> je definitivn\u00edm \u0159e\u0161en\u00edm pro vaping s vysokou v\u00fdt\u011b\u017enost\u00ed a celodenn\u00edm uspokojen\u00edm. Dokonal\u00e1 chu\u0165 je nov\u011b definov\u00e1na d\u00edky v\u00fdkonn\u00e9 produkci p\u00e1ry a \u0161pi\u010dkov\u00e9mu technick\u00e9mu \u0159e\u0161en\u00ed.<\/p>","protected":false},"excerpt":{"rendered":"<p><strong>Pan Goodie SHISHA<\/strong> poskytuje vysoce v\u00fdkonn\u00fd vaping ve dvou re\u017eimech s 30K <strong>DTL puky<\/strong> nebo 50K <strong>MTL puky<\/strong>. Funkce <strong>nastaviteln\u00e9 proud\u011bn\u00ed vzduchu<\/strong>, <strong>mega displej<\/strong>, kapacita 40 ml a nab\u00edjen\u00ed typu C.<\/p>","protected":false},"featured_media":9682,"comment_status":"open","ping_status":"closed","template":"","meta":[],"product_brand":[769],"product_cat":[873],"product_tag":[1022,1021,102,799,800,798,159],"class_list":{"0":"post-9688","1":"product","2":"type-product","3":"status-publish","4":"has-post-thumbnail","6":"product_brand-mr-goodie","7":"product_cat-mr-goodie","8":"product_tag-000-puffs-vape","9":"product_tag-1021","10":"product_tag-adjustable-airflow-vape","11":"product_tag-dual-mode-disposable-vape","12":"product_tag-mega-display-vape","13":"product_tag-mr-goodie-shisha","14":"product_tag-type-c-rechargeable-vape","16":"first","17":"instock","18":"sale","19":"shipping-taxable","20":"purchasable","21":"product-type-variable"},"jetpack_sharing_enabled":true,"tiered_pricing_type":"fixed","tiered_pricing_fixed_rules":[],"tiered_pricing_product_settings":{"layout":"default","base_unit_name":{"singular":null,"plural":null},"default_variation":null},"tiered_pricing_minimum_quantity":null,"tiered_pricing_roles_data":[],"tiered_pricing_percentage_rules":[],"tiered_pricing_maximum_quantity":null,"tiered_pricing_quantity_step":null,"_links":{"self":[{"href":"https:\/\/frvape.com\/cs\/wp-json\/wp\/v2\/product\/9688","targetHints":{"allow":["GET"]}}],"collection":[{"href":"https:\/\/frvape.com\/cs\/wp-json\/wp\/v2\/product"}],"about":[{"href":"https:\/\/frvape.com\/cs\/wp-json\/wp\/v2\/types\/product"}],"replies":[{"embeddable":true,"href":"https:\/\/frvape.com\/cs\/wp-json\/wp\/v2\/comments?post=9688"}],"wp:featuredmedia":[{"embeddable":true,"href":"https:\/\/frvape.com\/cs\/wp-json\/wp\/v2\/media\/9682"}],"wp:attachment":[{"href":"https:\/\/frvape.com\/cs\/wp-json\/wp\/v2\/media?parent=9688"}],"wp:term":[{"taxonomy":"product_brand","embeddable":true,"href":"https:\/\/frvape.com\/cs\/wp-json\/wp\/v2\/product_brand?post=9688"},{"taxonomy":"product_cat","embeddable":true,"href":"https:\/\/frvape.com\/cs\/wp-json\/wp\/v2\/product_cat?post=9688"},{"taxonomy":"product_tag","embeddable":true,"href":"https:\/\/frvape.com\/cs\/wp-json\/wp\/v2\/product_tag?post=9688"}],"curies":[{"name":"wp","href":"https:\/\/api.w.org\/{rel}","templated":true}]}}