{"id":979,"date":"2025-10-11T15:59:06","date_gmt":"2025-10-11T15:59:06","guid":{"rendered":"https:\/\/frvape.com\/product\/bang-smart-screen-20000-disposable-vape-25ml-5-nicotine-20k-puffs-12-flavors\/"},"modified":"2025-11-26T09:18:49","modified_gmt":"2025-11-26T09:18:49","slug":"bang-smart-screen-20000-jednorazovy-vape-25ml-5-nikotin-20k-puffs-12-prichuti","status":"publish","type":"product","link":"https:\/\/frvape.com\/cs\/product\/bang-smart-screen-20000-jednorazovy-vape-25ml-5-nikotin-20k-puffs-12-prichuti\/","title":{"rendered":"Bang Smart Screen 20000 Vape na jedno pou\u017eit\u00ed - 25 ml 5% Nikotin, 20 tis\u00edc \u0161luk\u016f, 12 p\u0159\u00edchut\u00ed"},"content":{"rendered":"<h3>Revolu\u010dn\u00ed zku\u0161enosti s vapingem<\/h3>\n<p>P\u0159edstaven\u00ed <strong>Bang Smart Screen 20000<\/strong> - p\u0159evratn\u00e1 jednor\u00e1zov\u00e1 e-cigareta, kter\u00e1 nov\u011b definuje pohodl\u00ed a v\u00fdkon. Tento v\u00fdkonn\u00fd p\u0159\u00edstroj, kter\u00fd je vybaven nejmodern\u011bj\u0161\u00ed technologi\u00ed, p\u0159in\u00e1\u0161\u00ed neb\u00fdval\u00fd v\u00fdkon. <strong>20 000 vdech\u016f<\/strong> z masivn\u00edho <strong>25 ml e-liquidu<\/strong> z\u00e1sobn\u00edk, kter\u00fd uspokoj\u00ed i ty nejn\u00e1ro\u010dn\u011bj\u0161\u00ed vapery. Integrovan\u00fd <strong>chytr\u00fd displej<\/strong> poskytuje monitorov\u00e1n\u00ed baterie a e-d\u017eus\u016f v re\u00e1ln\u00e9m \u010dase, \u010d\u00edm\u017e eliminuje dohady p\u0159i vapov\u00e1n\u00ed.<\/p>\n<h3>V\u00fdkonn\u00e9 technick\u00e9 specifikace<\/h3>\n<p>- <strong>Kapacita baterie<\/strong>: Robustn\u00ed dob\u00edjec\u00ed baterie s kapacitou 650 mAh<br \/>- <strong>Objem e-kapaliny<\/strong>: Velkorys\u00e1 25,0 ml p\u0159edpln\u011bn\u00e1 n\u00e1dr\u017eka<br \/>- <strong>S\u00edla nikotinu<\/strong>: Optim\u00e1ln\u00ed spokojenost s nikotinovou sol\u00ed 5%<br \/>- <strong>Nab\u00edjen\u00ed<\/strong>: Ultrarychl\u00fd nab\u00edjec\u00ed port typu C<br \/>- <strong>Technologie c\u00edvek<\/strong>: Pokro\u010dil\u00e9 du\u00e1ln\u00ed <strong>s\u00ed\u0165ov\u00e1 c\u00edvka<\/strong> syst\u00e9m<br \/>- <strong>Odolnost<\/strong>: P\u0159esn\u00e9 topn\u00e9 t\u011bleso 1,1\u03a9<br \/>- <strong>Po\u010det puf\u016f<\/strong>: Nejlep\u0161\u00ed v oboru 20 000 tah\u016f na za\u0159\u00edzen\u00ed<br \/>- <strong>Mo\u017enosti p\u0159\u00edchut\u00ed<\/strong>: 12 odborn\u011b vytvo\u0159en\u00fdch p\u0159\u00edchut\u00ed<\/p>\n<h3>Portfolio pr\u00e9miov\u00fdch p\u0159\u00edchut\u00ed<\/h3>\n<p>Dop\u0159ejte si na\u0161i pe\u010dliv\u011b vybranou symfonii chut\u00ed, kter\u00e1 obsahuje:<br \/><strong>M\u00e1tov\u00fd<\/strong> - Arktick\u00e1 sv\u011b\u017eest, kter\u00e1 povzbud\u00ed va\u0161e smysly<br \/><strong>Jahodov\u00e9 li\u010di<\/strong> - Tropick\u00e1 f\u00faze s kv\u011btinov\u00fdmi t\u00f3ny<br \/><strong>Jahodov\u00e9 kiwi<\/strong> - Z\u00e1\u0159iv\u011b \u010derven\u00e9 bobule sm\u00edchan\u00e9 s pikantn\u00edm kiwi<br \/><strong>Red Bull<\/strong> - Autentick\u00fd pocit z energetick\u00e9ho n\u00e1poje<br \/><strong>Meloun<\/strong> - \u0160\u0165avnat\u00e1 exploze letn\u00edch meloun\u016f<br \/><strong>Hroznov\u00fd led<\/strong> - Fialov\u00fd v\u00fdbuch s ledov\u00fdm z\u00e1v\u011brem v hrdle<br \/><strong>Jahodov\u00fd meloun<\/strong> - Dvojit\u00e1 bobulov\u00e1 sm\u011bs<br \/><strong>Bor\u016fvkov\u00fd meloun<\/strong> - Odv\u00e1\u017en\u00e9 duo bobul\u00ed se \u0161\u0165avnatou sladkost\u00ed<br \/><strong>Bor\u016fvka malina<\/strong> - Pikantn\u00ed f\u00faze bobul\u00ed<br \/><strong>Broskvov\u00fd led<\/strong> - \u0160\u0165avnat\u00e9 peckoviny s chladiv\u00fdm efektem<br \/><strong>Sm\u00ed\u0161en\u00e9 ovoce<\/strong> - Karneval tropick\u00fdch chut\u00ed<br \/><strong>Bor\u016fvkov\u00fd led<\/strong> - Chladiv\u00fd bor\u016fvkov\u00fd z\u00e1van s k\u0159upav\u00fdm z\u00e1v\u011brem<\/p>\n<h3>Pr\u016flomov\u00e1 technologie Dual Mesh Coil<\/h3>\n<p>Pr\u016fkopnick\u00fd <strong>dvojit\u00e1 s\u00ed\u0165ov\u00e1 topn\u00e1 spir\u00e1la<\/strong> zaji\u0161\u0165uje bezkonkuren\u010dn\u00ed produkci p\u00e1ry a intenzitu chuti. Na rozd\u00edl od standardn\u00edch spir\u00e1lek vytv\u00e1\u0159\u00ed na\u0161e inovativn\u00ed s\u00ed\u0165ov\u00e1 konstrukce 220% v\u011bt\u0161\u00ed \u017ehavic\u00ed plochu pro rovnom\u011brn\u00e9 odpa\u0159ov\u00e1n\u00ed e-liquidu. To se prom\u00edt\u00e1 do bohat\u0161\u00edch chu\u0165ov\u00fdch profil\u016f, hust\u0161\u00edch oblak\u016f p\u00e1ry a konzistentn\u00edho v\u00fdkonu a\u017e do posledn\u00edho \u0161luku. Optimalizovan\u00fd odpor 1,1\u03a9 udr\u017euje ide\u00e1ln\u00ed kontrolu teploty, \u010d\u00edm\u017e zabra\u0148uje such\u00fdm potah\u016fm a z\u00e1rove\u0148 maximalizuje \u00fa\u010dinnost e-liquidu.<\/p>\n<h3>Inteligentn\u00ed funkce, kter\u00e9 vylep\u0161uj\u00ed v\u00e1\u0161 vape<\/h3>\n<p>Integrovan\u00fd <strong>chytr\u00fd displej<\/strong> p\u0159in\u00e1\u0161\u00ed revoluci v jednor\u00e1zov\u00e9m vapingu t\u00edm, \u017ee na prvn\u00ed pohled poskytuje d\u016fle\u017eit\u00e9 \u00fadaje o pou\u017e\u00edv\u00e1n\u00ed. Sledujte zb\u00fdvaj\u00edc\u00ed \u017eivotnost baterie pomoc\u00ed procentu\u00e1ln\u00edho \u00fadaje, sledujte hladinu e-liquidu pomoc\u00ed vizu\u00e1ln\u00edch indik\u00e1tor\u016f a ovl\u00e1dejte nastaven\u00ed v\u00fdkonu. V kombinaci s technologi\u00ed odolnou proti \u00fanav\u011b <strong>Baterie s kapacitou 650 mAh<\/strong> a rychl\u00e9 <strong>Nab\u00edjen\u00ed typu C<\/strong> schopnost, budete si u\u017e\u00edvat nep\u0159eru\u0161ovan\u00e9 relace, kter\u00e9 jsou 3x lep\u0161\u00ed ne\u017e u konkurence.<\/p>\n<h3>Nejlep\u0161\u00ed jednor\u00e1zov\u00fd z\u00e1\u017eitek z vapov\u00e1n\u00ed<\/h3>\n<p>Vyrobeno pro znalce vapingu, kte\u0159\u00ed hledaj\u00ed prvot\u0159\u00eddn\u00ed uspokojen\u00ed bez \u00fadr\u017eby. <strong>Bang 20000<\/strong> vyu\u017e\u00edv\u00e1 nikotinov\u00e9 soli farmaceutick\u00e9 kvality pro jemn\u011bj\u0161\u00ed potah v krku a rychlej\u0161\u00ed vst\u0159eb\u00e1v\u00e1n\u00ed nikotinu. N\u00e1\u0161 hybridn\u00ed syst\u00e9m proud\u011bn\u00ed vzduchu nab\u00edz\u00ed nastaviteln\u00fd odpor odporu - vychutnejte si t\u011bsn\u00e9 potahy MTL nebo vzdu\u0161n\u00e9 mraky DL. Ergonomick\u00e9 \u0161asi obsahuje ochranu obvod\u016f vojensk\u00e9 t\u0159\u00eddy proti p\u0159ebit\u00ed, zkratu a p\u0159eh\u0159\u00e1t\u00ed, kter\u00e1 nastavuje nov\u00e9 bezpe\u010dnostn\u00ed standardy u jednor\u00e1zov\u00fdch vap\u016f.<\/p>\n<h3>Pro\u010d si vape\u0159i vyb\u00edraj\u00ed Bang 20000?<\/h3>\n<p>- Rekordn\u00edch 20 000 vdech\u016f - Vydr\u017e\u00ed 5\u00d7 d\u00e9le ne\u017e standardn\u00ed jednor\u00e1zov\u00e9 pom\u016fcky<br \/>- Revolu\u010dn\u00ed technologie s\u00ed\u0165ov\u00e9 c\u00edvky - bezkonkuren\u010dn\u00ed \u010distota chuti<br \/>- Inovace chytr\u00e9ho displeje - prvn\u00ed v kategorii jednor\u00e1zov\u00fdch vape za\u0159\u00edzen\u00ed<br \/>- Pr\u00e9miov\u00e1 konstrukce - technologie \u010dty\u0159 t\u011bsn\u011bn\u00ed odoln\u00e1 proti \u00faniku vody<br \/>- Nab\u00edjen\u00ed p\u0159ipraven\u00e9 na budoucnost - port Type-C pro univerz\u00e1ln\u00ed kompatibilitu<br \/>- Ekologick\u00fd design - Optimalizovan\u00e9 vyu\u017eit\u00ed e-liquidu minimalizuje odpad<\/p>\n<h3>Glob\u00e1ln\u00ed inova\u010dn\u00ed z\u00e1vazek<\/h3>\n<p>Jako pr\u016fkopn\u00edci v oblasti vapingov\u00fdch technologi\u00ed se specializujeme na v\u00fdzkum a v\u00fdvoj, v\u00fdrobu a glob\u00e1ln\u00ed distribuci pr\u00e9miov\u00fdch jednor\u00e1zov\u00fdch vapes. Na\u0161e za\u0159\u00edzen\u00ed s certifikac\u00ed ISO vyu\u017e\u00edvaj\u00ed v\u00fdrobn\u00ed standardy pro leteck\u00fd pr\u016fmysl a zaji\u0161\u0165uj\u00ed v\u00fdjime\u010dnou kontrolu kvality. S hrdost\u00ed nab\u00edz\u00edme komplexn\u00ed slu\u017eby OEM\/ODM s v\u00fdvojem vlastn\u00edch p\u0159\u00edchut\u00ed, hardwarov\u00fdm in\u017een\u00fdrstv\u00edm a \u0159e\u0161en\u00edm balen\u00ed pod vlastn\u00ed zna\u010dkou. Spolupracujte s na\u0161\u00edm mezin\u00e1rodn\u00edm t\u00fdmem a z\u00edskejte specializovanou podporu prost\u0159ednictv\u00edm na\u0161\u00ed s\u00edt\u011b z\u00e1kaznick\u00fdch slu\u017eeb 24 hodin denn\u011b, 7 dn\u00ed v t\u00fddnu a program\u016f n\u00e1v\u0161t\u011bv tov\u00e1ren.<\/p>","protected":false},"excerpt":{"rendered":"<p>Vyzkou\u0161ejte pr\u00e9miov\u00e9 <strong>Bang Smart Screen 20000<\/strong> jednor\u00e1zov\u00fd vape s masivn\u00edm <strong>Kapacita 25 ml e-liquidu<\/strong> a a\u017e do <strong>20 000 vdech\u016f<\/strong>. Funkce <strong>5% s\u00edla nikotinu<\/strong>, <strong>Rychl\u00e9 nab\u00edjen\u00ed typu C<\/strong>a 12 v\u00fdbu\u0161n\u00fdch p\u0159\u00edchut\u00ed s <strong>dvojit\u00e1 s\u00ed\u0165ov\u00e1 c\u00edvka<\/strong> technologie pro intenzivn\u00ed pod\u00e1n\u00ed chuti.<\/p>","protected":false},"featured_media":973,"comment_status":"open","ping_status":"closed","template":"","meta":[],"product_brand":[107],"product_cat":[1072,1016],"product_tag":[183,184,181,182,77,185],"class_list":{"0":"post-979","1":"product","2":"type-product","3":"status-publish","4":"has-post-thumbnail","6":"product_brand-bang","7":"product_cat-bang","8":"product_cat-big-puffs-vapes","9":"product_tag-25ml-e-cigarette","10":"product_tag-5-nicotine-vape","11":"product_tag-bang-smart-screen-20000","12":"product_tag-disposable-vape-20000-puffs","13":"product_tag-mesh-coil-vape","14":"product_tag-type-c-charging-vape","16":"first","17":"instock","18":"sale","19":"shipping-taxable","20":"purchasable","21":"product-type-variable"},"jetpack_sharing_enabled":true,"tiered_pricing_type":"fixed","tiered_pricing_fixed_rules":[],"tiered_pricing_product_settings":{"layout":"default","base_unit_name":{"singular":null,"plural":null},"default_variation":null},"tiered_pricing_minimum_quantity":null,"tiered_pricing_roles_data":[],"tiered_pricing_percentage_rules":[],"tiered_pricing_maximum_quantity":null,"tiered_pricing_quantity_step":null,"_links":{"self":[{"href":"https:\/\/frvape.com\/cs\/wp-json\/wp\/v2\/product\/979","targetHints":{"allow":["GET"]}}],"collection":[{"href":"https:\/\/frvape.com\/cs\/wp-json\/wp\/v2\/product"}],"about":[{"href":"https:\/\/frvape.com\/cs\/wp-json\/wp\/v2\/types\/product"}],"replies":[{"embeddable":true,"href":"https:\/\/frvape.com\/cs\/wp-json\/wp\/v2\/comments?post=979"}],"wp:featuredmedia":[{"embeddable":true,"href":"https:\/\/frvape.com\/cs\/wp-json\/wp\/v2\/media\/973"}],"wp:attachment":[{"href":"https:\/\/frvape.com\/cs\/wp-json\/wp\/v2\/media?parent=979"}],"wp:term":[{"taxonomy":"product_brand","embeddable":true,"href":"https:\/\/frvape.com\/cs\/wp-json\/wp\/v2\/product_brand?post=979"},{"taxonomy":"product_cat","embeddable":true,"href":"https:\/\/frvape.com\/cs\/wp-json\/wp\/v2\/product_cat?post=979"},{"taxonomy":"product_tag","embeddable":true,"href":"https:\/\/frvape.com\/cs\/wp-json\/wp\/v2\/product_tag?post=979"}],"curies":[{"name":"wp","href":"https:\/\/api.w.org\/{rel}","templated":true}]}}