{"id":9870,"date":"2025-10-31T16:24:35","date_gmt":"2025-10-31T16:24:35","guid":{"rendered":"https:\/\/frvape.com\/product\/razz-bar-new-40000-disposable-vape-kit-40k-puffs-rechargeable\/"},"modified":"2026-01-26T07:47:55","modified_gmt":"2026-01-26T07:47:55","slug":"razz-bar-novy-40000-jednorazovy-vape-kit-40k-puffs-dobijeci","status":"publish","type":"product","link":"https:\/\/frvape.com\/cs\/product\/razz-bar-novy-40000-jednorazovy-vape-kit-40k-puffs-dobijeci\/","title":{"rendered":"Razz Bar NEW 40000 Jednor\u00e1zov\u00e1 sada pro vape - 40 000 puff\u016f, dob\u00edjec\u00ed"},"content":{"rendered":"<h3>Maxim\u00e1ln\u00ed v\u00fdkon se setk\u00e1v\u00e1 s \u010distou chut\u00ed<\/h3>\n<p>Za\u017eijte revolu\u010dn\u00ed vaping s <strong>Bar Razz<\/strong> NOVINKA 40000 <strong>jednor\u00e1zov\u00e9 vape<\/strong>. Navr\u017eeno tak, aby poskytovalo a\u017e <strong>40 000 obl\u00e1\u010dk\u016f<\/strong> Tato pr\u00e9miov\u00e1 sada kombinuje roz\u0161\u00ed\u0159enou kapacitu s v\u00fdjime\u010dnou produkc\u00ed chuti. Je ide\u00e1ln\u00ed pro p\u0159\u00edle\u017eitostn\u00e9 u\u017eivatele i vapingov\u00e9 nad\u0161ence a nab\u00edz\u00ed monitorov\u00e1n\u00ed v re\u00e1ln\u00e9m \u010dase prost\u0159ednictv\u00edm intuitivn\u00edho ovl\u00e1d\u00e1n\u00ed. <strong>LED obrazovka<\/strong> a v\u00fdkonn\u00fd <strong>dob\u00edjec\u00ed<\/strong> bateriov\u00fd syst\u00e9m.<\/p>\n<h3>Chytr\u00e1 technologie pro vynikaj\u00edc\u00ed vaping<\/h3>\n<p>Pokro\u010dil\u00e9 <strong>s\u00ed\u0165ov\u00e1 c\u00edvka<\/strong> zaji\u0161\u0165uje bohatou, konzistentn\u00ed p\u00e1ru a intenzivn\u00ed chu\u0165ovou p\u0159esnost. V kombinaci s mo\u017enostmi nikotinu se sol\u00ed 2% a 5% uspokoj\u00ed ka\u017ed\u00e9 pota\u017een\u00ed va\u0161e chut\u011b, zat\u00edmco dob\u00edjec\u00ed baterie USB-C s kapacitou 650 mAh podporuje nep\u0159etr\u017eit\u00fd po\u017eitek. Jej\u00ed kompaktn\u00ed design se bez probl\u00e9m\u016f vejde do kapsy nebo ta\u0161ky.<\/p>\n<h3>16 pr\u00e9miov\u00fdch p\u0159\u00edchut\u00ed<\/h3>\n<p>Dop\u0159ejte si v\u00fdjime\u010dnou nab\u00eddku 16 pe\u010dliv\u011b propracovan\u00fdch chut\u00ed:<\/p>\n<ul>\n<li>Grape Burst<\/li>\n<li>Bor\u016fvkov\u00fd led<\/li>\n<li>Sv\u011b\u017e\u00ed led<\/li>\n<li>Ananasov\u00fd kokos<\/li>\n<li>Jahodov\u00e9 kiwi<\/li>\n<li>Ku\u017eelky<\/li>\n<li>Cool Mint<\/li>\n<li>T\u0159e\u0161\u0148ov\u00fd citron<\/li>\n<li>Kiwi Mu\u010denka Ovoce Guava<\/li>\n<li>Jahodov\u00e1 zmrzlina<\/li>\n<li>Cola Ice<\/li>\n<li>Sm\u00ed\u0161en\u00e9 bobule<\/li>\n<li>Broskvov\u00fd led<\/li>\n<li>Lemon Lime<\/li>\n<li>Gumov\u00fd medv\u00eddek<\/li>\n<li>R\u016f\u017eov\u00e1 limon\u00e1da<\/li>\n<\/ul>\n<h3>Kl\u00ed\u010dov\u00e9 informace<\/h3>\n<p>Ide\u00e1ln\u00ed pro prodejce a vapery, kte\u0159\u00ed hledaj\u00ed bezprobl\u00e9mov\u00e1 pr\u00e9miov\u00e1 za\u0159\u00edzen\u00ed. D\u00edky celosv\u011btov\u00e9 p\u0159eprav\u011b a mo\u017enosti hromadn\u00e9ho balen\u00ed <strong>Bar Razz<\/strong> 40K nastavuje standard pro velkokapacitn\u00ed <strong>jednor\u00e1zov\u00e9 vape<\/strong> v\u00fdkon. Konzistence, intenzita chuti a p\u0159enosnost p\u0159i ka\u017ed\u00e9m pou\u017eit\u00ed nov\u011b definuj\u00ed va\u0161i cestu vapingu.<\/p>","protected":false},"excerpt":{"rendered":"<p>Na str\u00e1nk\u00e1ch <strong>Bar Razz<\/strong> NOVINKA 40000 <strong>jednor\u00e1zov\u00e9 vape<\/strong> dod\u00e1v\u00e1 a\u017e <strong>40 000 obl\u00e1\u010dk\u016f<\/strong> s LED monitorov\u00e1n\u00edm baterie a e-liquidu. Obsahuje a <strong>s\u00ed\u0165ov\u00e1 c\u00edvka<\/strong> pro lep\u0161\u00ed chu\u0165, <strong>dob\u00edjec\u00ed<\/strong> Baterie typu C a 16 jedine\u010dn\u00fdch p\u0159\u00edchut\u00ed slan\u00e9ho nic v s\u00edle 2%\/5%.<\/p>","protected":false},"featured_media":9864,"comment_status":"open","ping_status":"closed","template":"","meta":[],"product_brand":[70],"product_cat":[893],"product_tag":[349,112,814,372,815,516],"class_list":{"0":"post-9870","1":"product","2":"type-product","3":"status-publish","4":"has-post-thumbnail","6":"product_brand-razzbar","7":"product_cat-razzbar","8":"product_tag-40000-puffs","9":"product_tag-disposable-vape","10":"product_tag-led-screen","11":"product_tag-mesh-coil","12":"product_tag-razz-bar","13":"product_tag-rechargeable","15":"first","16":"instock","17":"sale","18":"shipping-taxable","19":"purchasable","20":"product-type-variable"},"jetpack_sharing_enabled":true,"tiered_pricing_type":"fixed","tiered_pricing_fixed_rules":[],"tiered_pricing_product_settings":{"layout":"default","base_unit_name":{"singular":null,"plural":null},"default_variation":null},"tiered_pricing_minimum_quantity":null,"tiered_pricing_roles_data":[],"tiered_pricing_percentage_rules":[],"tiered_pricing_maximum_quantity":null,"tiered_pricing_quantity_step":null,"_links":{"self":[{"href":"https:\/\/frvape.com\/cs\/wp-json\/wp\/v2\/product\/9870","targetHints":{"allow":["GET"]}}],"collection":[{"href":"https:\/\/frvape.com\/cs\/wp-json\/wp\/v2\/product"}],"about":[{"href":"https:\/\/frvape.com\/cs\/wp-json\/wp\/v2\/types\/product"}],"replies":[{"embeddable":true,"href":"https:\/\/frvape.com\/cs\/wp-json\/wp\/v2\/comments?post=9870"}],"wp:featuredmedia":[{"embeddable":true,"href":"https:\/\/frvape.com\/cs\/wp-json\/wp\/v2\/media\/9864"}],"wp:attachment":[{"href":"https:\/\/frvape.com\/cs\/wp-json\/wp\/v2\/media?parent=9870"}],"wp:term":[{"taxonomy":"product_brand","embeddable":true,"href":"https:\/\/frvape.com\/cs\/wp-json\/wp\/v2\/product_brand?post=9870"},{"taxonomy":"product_cat","embeddable":true,"href":"https:\/\/frvape.com\/cs\/wp-json\/wp\/v2\/product_cat?post=9870"},{"taxonomy":"product_tag","embeddable":true,"href":"https:\/\/frvape.com\/cs\/wp-json\/wp\/v2\/product_tag?post=9870"}],"curies":[{"name":"wp","href":"https:\/\/api.w.org\/{rel}","templated":true}]}}