{"id":6833,"date":"2025-10-13T02:15:51","date_gmt":"2025-10-13T02:15:51","guid":{"rendered":"https:\/\/frvape.com\/?page_id=6833"},"modified":"2025-10-13T06:28:40","modified_gmt":"2025-10-13T06:28:40","slug":"om-os","status":"publish","type":"page","link":"https:\/\/frvape.com\/da\/om-os\/","title":{"rendered":"Om os"},"content":{"rendered":"<div data-elementor-type=\"wp-page\" data-elementor-id=\"6833\" class=\"elementor elementor-6833\">\n\t\t\t\t<div class=\"elementor-element elementor-element-572db281 e-flex e-con-boxed e-con e-parent\" data-id=\"572db281\" data-element_type=\"container\">\n\t\t\t\t\t<div class=\"e-con-inner\">\n\t\t\t\t<div class=\"elementor-element elementor-element-21637a1a elementor-widget elementor-widget-text-editor\" data-id=\"21637a1a\" data-element_type=\"widget\" data-widget_type=\"text-editor.default\">\n\t\t\t\t\t\t\t\t\t<div style=\"width: 755px; max-width: 1570px; color: #232323; font-family: Lato, sans-serif;\">\n<h3 style=\"color: #0a0a0a; width: 755px;\">K\u00f8b engangs-vapes i l\u00f8s v\u00e6gt online fra FR VAPE<\/h3>\n<\/div>\n<p dir=\"auto\" style=\"color: #232323; font-family: Lato, sans-serif;\">Velkommen til<a href=\"https:\/\/frvape.com\/da\/\"><span style=\"color: #00aae7;\"> FR vape<\/span><\/a>, din f\u00f8rende online destination for <span style=\"color: #00ccff;\">FR<a style=\"background-color: rgba(255, 255, 255, 0); color: #00ccff;\" href=\"https:\/\/frvape.com\/da\/\">\u00a0Vapes<\/a><\/span>. Med en rig historie, der sp\u00e6nder over 5 \u00e5r i branchen, er vi stolte af at kunne tilbyde en bred vifte af topm\u00e6rker som Bang King, Al Fakher Vape, Vapeme, Waspe, RandM Tornado, Bang Box og mange flere.<\/p>\n<p dir=\"auto\" style=\"color: #232323; font-family: Lato, sans-serif;\">Hos FR vapes st\u00e5r vi som et fyrt\u00e5rn af ekspertise i verden af elektronisk dampning. Vores produkter er n\u00e5et ud til mange lande verden over, hvilket er et bevis p\u00e5 vores engagement i kvalitet og kundetilfredshed. Som erfarne fagfolk inden for e-cigaretdistribution im\u00f8dekommer vi b\u00e5de detail- og engrosbehov og sikrer, at vores kunder f\u00e5r de bedste produkter og tjenester p\u00e5 markedet.<\/p>\n<p dir=\"auto\" style=\"color: #232323; font-family: Lato, sans-serif;\">Vores hjemmeside,<a href=\"https:\/\/frvape.com\/da\/\"> FR vape.com,<\/a> fungerer som et knudepunkt for b\u00e5de entusiaster og nybegyndere og giver en problemfri shoppingoplevelse og et stort udvalg af\u00a0<a style=\"background-color: rgba(255, 255, 255, 0); color: #1e73be;\" href=\"https:\/\/frvape.com\/da\/\">E-cigaret til engangsbrug<\/a>\u00a0muligheder. Uanset om du er p\u00e5 udkig efter de nyeste innovationer eller tidl\u00f8se klassikere, er FR vape din betroede partner i dampverdenen.<\/p>\n<p dir=\"auto\" style=\"color: #232323; font-family: Lato, sans-serif;\">Tag med os p\u00e5 denne rejse, hvor vi forts\u00e6tter med at omdefinere standarderne for ekspertise inden for\u00a0<a style=\"background-color: rgba(255, 255, 255, 0); color: #1e73be;\" href=\"https:\/\/frvape.com\/da\/\">Vape til engangsbrug<\/a>\u00a0industri. Oplev forskellen med Aiviouvapes - hvor kvalitet, variation og kundetilfredshed g\u00e5r op i en h\u00f8jere enhed.<\/p>\n<p>\u00a0<\/p>\n<p style=\"color: #232323; font-family: Lato, sans-serif;\"><span style=\"font-weight: bolder;\">WhatsApp:<\/span> +86 133 6063 1532<\/p>\t\t\t\t\t\t\t\t<\/div>\n\t\t\t\t\t<\/div>\n\t\t\t\t<\/div>\n\t\t\t\t<\/div>","protected":false},"excerpt":{"rendered":"<p>Bulk Buy Disposable Vapes Online from FR VAPE Welcome to FR vape, your premier online destination for FR\u00a0vapes. With a rich history spanning over 5 years in the industry, we take pride in offering a diverse range of top-tier brands such as Bang King, Al Fakher Vape, Vapeme, Waspe, RandM Tornado, Bang Box, and more. [&#8230;]","protected":false},"author":1,"featured_media":0,"parent":0,"menu_order":0,"comment_status":"closed","ping_status":"closed","template":"","meta":{"footnotes":""},"class_list":["post-6833","page","type-page","status-publish","hentry"],"jetpack_sharing_enabled":true,"_links":{"self":[{"href":"https:\/\/frvape.com\/da\/wp-json\/wp\/v2\/pages\/6833","targetHints":{"allow":["GET"]}}],"collection":[{"href":"https:\/\/frvape.com\/da\/wp-json\/wp\/v2\/pages"}],"about":[{"href":"https:\/\/frvape.com\/da\/wp-json\/wp\/v2\/types\/page"}],"author":[{"embeddable":true,"href":"https:\/\/frvape.com\/da\/wp-json\/wp\/v2\/users\/1"}],"replies":[{"embeddable":true,"href":"https:\/\/frvape.com\/da\/wp-json\/wp\/v2\/comments?post=6833"}],"version-history":[{"count":12,"href":"https:\/\/frvape.com\/da\/wp-json\/wp\/v2\/pages\/6833\/revisions"}],"predecessor-version":[{"id":7106,"href":"https:\/\/frvape.com\/da\/wp-json\/wp\/v2\/pages\/6833\/revisions\/7106"}],"wp:attachment":[{"href":"https:\/\/frvape.com\/da\/wp-json\/wp\/v2\/media?parent=6833"}],"curies":[{"name":"wp","href":"https:\/\/api.w.org\/{rel}","templated":true}]}}