{"id":7125,"date":"2025-10-13T06:48:19","date_gmt":"2025-10-13T06:48:19","guid":{"rendered":"https:\/\/frvape.com\/?page_id=7125"},"modified":"2025-10-13T13:26:19","modified_gmt":"2025-10-13T13:26:19","slug":"kuponer-og-tilbud","status":"publish","type":"page","link":"https:\/\/frvape.com\/da\/kuponer-og-tilbud\/","title":{"rendered":"Coupons &#038; Offer"},"content":{"rendered":"<div data-elementor-type=\"wp-page\" data-elementor-id=\"7125\" class=\"elementor elementor-7125\">\n\t\t\t\t<div class=\"elementor-element elementor-element-7d519ebb e-flex e-con-boxed e-con e-parent\" data-id=\"7d519ebb\" data-element_type=\"container\">\n\t\t\t\t\t<div class=\"e-con-inner\">\n\t\t\t\t<div class=\"elementor-element elementor-element-4672ad55 elementor-widget elementor-widget-text-editor\" data-id=\"4672ad55\" data-element_type=\"widget\" data-widget_type=\"text-editor.default\">\n\t\t\t\t\t\t\t\t\t\t\t\t\t\t\t\t\t<\/div>\n\t\t\t\t\t<\/div>\n\t\t\t\t<\/div>\n\t\t<div class=\"elementor-element elementor-element-f5a1dac e-flex e-con-boxed e-con e-parent\" data-id=\"f5a1dac\" data-element_type=\"container\">\n\t\t\t\t\t<div class=\"e-con-inner\">\n\t\t\t\t<div class=\"elementor-element elementor-element-8c5601b elementor-widget elementor-widget-text-editor\" data-id=\"8c5601b\" data-element_type=\"widget\" data-widget_type=\"text-editor.default\">\n\t\t\t\t\t\t\t\t\t<h3 data-start=\"108\" data-end=\"153\"><strong data-start=\"112\" data-end=\"153\">Eksklusive kuponer og tilbud hos FR Vape<\/strong><\/h3><p data-start=\"155\" data-end=\"305\"><strong data-start=\"155\" data-end=\"305\">Velkommen til FR Vape - din one-stop shop for premium vaping-produkter. Nyd fantastiske besparelser p\u00e5 din n\u00e6ste ordre med vores s\u00e6rlige kuponer og tilbud!<\/strong><\/p><hr data-start=\"307\" data-end=\"310\"><h4 data-start=\"312\" data-end=\"336\"><strong data-start=\"317\" data-end=\"336\">Aktuelle tilbud:<\/strong><\/h4><hr data-start=\"338\" data-end=\"341\"><p data-start=\"343\" data-end=\"390\"><strong data-start=\"343\" data-end=\"390\">1. Velkomsttilbud - 10% rabat p\u00e5 din f\u00f8rste ordre<\/strong><\/p><p data-start=\"392\" data-end=\"499\">Ny p\u00e5 FR Vape? God forn\u00f8jelse <strong data-start=\"414\" data-end=\"425\">10% OFF<\/strong> p\u00e5 dit f\u00f8rste k\u00f8b!<br data-start=\"449\" data-end=\"452\">\nDu skal blot bruge koden: <strong data-start=\"473\" data-end=\"486\">VELKOMMEN10<\/strong> ved kassen.<\/p><hr data-start=\"501\" data-end=\"504\"><p data-start=\"506\" data-end=\"553\"><strong data-start=\"506\" data-end=\"553\">2. K\u00f8b 2, f\u00e5 1 gratis p\u00e5 udvalgte e-v\u00e6sker!<\/strong><\/p><p data-start=\"555\" data-end=\"720\">Fyld op med dine yndlings e-v\u00e6sker, og spar!<br data-start=\"600\" data-end=\"603\">\nK\u00f8b to flasker af udvalgte e-v\u00e6sker, og f\u00e5 en helt GRATIS!<br data-start=\"669\" data-end=\"672\">\nIngen kode n\u00f8dvendig, tilbuddet g\u00e6lder automatisk.<\/p><hr data-start=\"722\" data-end=\"725\"><p data-start=\"727\" data-end=\"766\"><strong data-start=\"727\" data-end=\"766\">3. Gratis forsendelse p\u00e5 ordrer over $50<\/strong><\/p><p data-start=\"768\" data-end=\"917\">F\u00e5 GRATIS fragt p\u00e5 alle ordrer over <strong data-start=\"805\" data-end=\"812\">$50<\/strong>!<br data-start=\"813\" data-end=\"816\">\nIngen kampagnekode n\u00f8dvendig, bare fyld din kurv, og rabatten vil blive anvendt automatisk ved kassen.<\/p><hr data-start=\"919\" data-end=\"922\"><p data-start=\"924\" data-end=\"963\"><strong data-start=\"924\" data-end=\"963\">4. Lynudsalg - 25% rabat p\u00e5 alle enheder<\/strong><\/p><p data-start=\"965\" data-end=\"1114\">I en begr\u00e6nset periode kan du spare <strong data-start=\"990\" data-end=\"1001\">25% OFF<\/strong> p\u00e5 alle vape-enheder, inklusive s\u00e6t, mods og engangsartikler.<br data-start=\"1061\" data-end=\"1064\">\nSkynd dig, dette tilbud slutter snart! Brug koden: <strong data-start=\"1102\" data-end=\"1113\">FLASH25<\/strong>.<\/p><hr data-start=\"1116\" data-end=\"1119\"><h4 data-start=\"1121\" data-end=\"1150\"><strong data-start=\"1126\" data-end=\"1150\">Eksklusivt VIP-tilbud:<\/strong><\/h4><p data-start=\"1152\" data-end=\"1186\"><strong data-start=\"1152\" data-end=\"1186\">5. 15% OFF for FR Vape-medlemmer<\/strong><\/p><p data-start=\"1188\" data-end=\"1340\">Tilmeld dig vores VIP-medlemskab og f\u00e5 <strong data-start=\"1227\" data-end=\"1238\">15% OFF<\/strong> hver eneste ordre, du laver!<br data-start=\"1260\" data-end=\"1263\">\nF\u00e5 eksklusive tilbud, tidlig adgang til nye produkter og s\u00e6rlige kampagner.<\/p><p>\n\n\n\n\n\n\n\n\n\n\n\n\n\n\n\n\n\n\n\n<\/p><p data-start=\"1342\" data-end=\"1369\">[Deltag i VIP-programmet nu!]\t\t\t\t\t\t\t\t<\/div>\n\t\t\t\t\t<\/div>\n\t\t\t\t<\/div>\n\t\t\t\t<\/div>","protected":false},"excerpt":{"rendered":"<p>Exclusive Coupons &amp; Offers at FR Vape Welcome to FR Vape \u2013 your one-stop shop for premium vaping products. Enjoy amazing savings on your next order with our special coupons and offers! Current Offers: 1. Welcome Offer \u2013 10% Off Your First Order New to FR Vape? Enjoy 10% OFF on your first purchase! Simply [&#8230;]","protected":false},"author":1,"featured_media":0,"parent":0,"menu_order":0,"comment_status":"closed","ping_status":"closed","template":"","meta":{"footnotes":""},"class_list":["post-7125","page","type-page","status-publish","hentry"],"jetpack_sharing_enabled":true,"_links":{"self":[{"href":"https:\/\/frvape.com\/da\/wp-json\/wp\/v2\/pages\/7125","targetHints":{"allow":["GET"]}}],"collection":[{"href":"https:\/\/frvape.com\/da\/wp-json\/wp\/v2\/pages"}],"about":[{"href":"https:\/\/frvape.com\/da\/wp-json\/wp\/v2\/types\/page"}],"author":[{"embeddable":true,"href":"https:\/\/frvape.com\/da\/wp-json\/wp\/v2\/users\/1"}],"replies":[{"embeddable":true,"href":"https:\/\/frvape.com\/da\/wp-json\/wp\/v2\/comments?post=7125"}],"version-history":[{"count":5,"href":"https:\/\/frvape.com\/da\/wp-json\/wp\/v2\/pages\/7125\/revisions"}],"predecessor-version":[{"id":7130,"href":"https:\/\/frvape.com\/da\/wp-json\/wp\/v2\/pages\/7125\/revisions\/7130"}],"wp:attachment":[{"href":"https:\/\/frvape.com\/da\/wp-json\/wp\/v2\/media?parent=7125"}],"curies":[{"name":"wp","href":"https:\/\/api.w.org\/{rel}","templated":true}]}}