{"id":7145,"date":"2025-10-13T07:00:26","date_gmt":"2025-10-13T07:00:26","guid":{"rendered":"https:\/\/frvape.com\/?page_id=7145"},"modified":"2025-10-13T13:27:22","modified_gmt":"2025-10-13T13:27:22","slug":"sadan-bestiller-du","status":"publish","type":"page","link":"https:\/\/frvape.com\/da\/sadan-bestiller-du\/","title":{"rendered":"How to Order"},"content":{"rendered":"<div data-elementor-type=\"wp-page\" data-elementor-id=\"7145\" class=\"elementor elementor-7145\">\n\t\t\t\t<div class=\"elementor-element elementor-element-1c37caa9 e-flex e-con-boxed e-con e-parent\" data-id=\"1c37caa9\" data-element_type=\"container\">\n\t\t\t\t\t<div class=\"e-con-inner\">\n\t\t\t\t<div class=\"elementor-element elementor-element-e8302cf elementor-widget elementor-widget-text-editor\" data-id=\"e8302cf\" data-element_type=\"widget\" data-widget_type=\"text-editor.default\">\n\t\t\t\t\t\t\t\t\t\t\t\t\t\t\t\t\t<\/div>\n\t\t\t\t\t<\/div>\n\t\t\t\t<\/div>\n\t\t<div class=\"elementor-element elementor-element-f511d1b e-flex e-con-boxed e-con e-parent\" data-id=\"f511d1b\" data-element_type=\"container\">\n\t\t\t\t\t<div class=\"e-con-inner\">\n\t\t\t\t<div class=\"elementor-element elementor-element-0d0df41 elementor-widget elementor-widget-text-editor\" data-id=\"0d0df41\" data-element_type=\"widget\" data-widget_type=\"text-editor.default\">\n\t\t\t\t\t\t\t\t\t<h3 data-start=\"107\" data-end=\"138\"><strong data-start=\"111\" data-end=\"138\">S\u00e5dan bestiller du hos FR Vape<\/strong><\/h3>\n<p data-start=\"140\" data-end=\"269\">Det er nemt og sikkert at k\u00f8be dine yndlingsdampningsprodukter hos FR Vape. F\u00f8lg trinnene nedenfor for nemt at afgive din bestilling.<\/p>\n<hr data-start=\"271\" data-end=\"274\" \/>\n<h4 data-start=\"276\" data-end=\"312\"><strong data-start=\"281\" data-end=\"312\">Trin 1: Gennemse vores produkter<\/strong><\/h4>\n<p data-start=\"314\" data-end=\"498\">Start med at udforske vores store udvalg af vaping-enheder, e-v\u00e6sker, tilbeh\u00f8r og meget mere. Du kan gennemse efter kategori eller bruge s\u00f8gefeltet til hurtigt at finde pr\u00e6cis det, du leder efter.<\/p>\n<hr data-start=\"500\" data-end=\"503\" \/>\n<h4 data-start=\"505\" data-end=\"544\"><strong data-start=\"510\" data-end=\"544\">Trin 2: L\u00e6g varer i din indk\u00f8bskurv<\/strong><\/h4>\n<p data-start=\"546\" data-end=\"857\">N\u00e5r du har fundet et produkt, du kan lide, skal du blot klikke p\u00e5 produktet for at se flere detaljer. V\u00e6lg dine foretrukne indstillinger (f.eks. smag, nikotinstyrke eller farve), og klik p\u00e5 <strong data-start=\"720\" data-end=\"735\">L\u00e6g i kurv<\/strong>. Du kan til enhver tid forts\u00e6tte med at handle eller se din indk\u00f8bskurv ved at klikke p\u00e5 indk\u00f8bskurvikonet \u00f8verst til h\u00f8jre p\u00e5 siden.<\/p>\n<hr data-start=\"859\" data-end=\"862\" \/>\n<h4 data-start=\"864\" data-end=\"897\"><strong data-start=\"869\" data-end=\"897\">Trin 3: Gennemg\u00e5 din indk\u00f8bskurv<\/strong><\/h4>\n<p data-start=\"899\" data-end=\"1136\">N\u00e5r du er klar til at tjekke ud, skal du klikke p\u00e5 <strong data-start=\"941\" data-end=\"949\">Vogn<\/strong> og gennemg\u00e5 dine varer. Her kan du justere antallet eller fjerne varer, hvis det er n\u00f8dvendigt. Hvis du har en rabatkode eller kupon, skal du indtaste den i feltet <strong data-start=\"1095\" data-end=\"1109\">Kampagnekode<\/strong> for at anvende din besparelse.<\/p>\n<hr data-start=\"1138\" data-end=\"1141\" \/>\n<h4 data-start=\"1143\" data-end=\"1179\"><strong data-start=\"1148\" data-end=\"1179\">Trin 4: Forts\u00e6t til kassen<\/strong><\/h4>\n<p data-start=\"1181\" data-end=\"1299\">Klik p\u00e5 <strong data-start=\"1191\" data-end=\"1214\">Forts\u00e6t til kassen<\/strong> knap. Du kommer til en sikker side, hvor du kan indtaste dine forsendelses- og betalingsoplysninger.<\/p>\n<hr data-start=\"1301\" data-end=\"1304\" \/>\n<h4 data-start=\"1306\" data-end=\"1351\"><strong data-start=\"1311\" data-end=\"1351\">Trin 5: Angiv forsendelsesoplysninger<\/strong><\/h4>\n<p data-start=\"1353\" data-end=\"1534\">Indtast din <strong data-start=\"1364\" data-end=\"1384\">leveringsadresse<\/strong> detaljer, herunder dit navn, e-mail, telefonnummer og leveringsadresse. Dobbelttjek, at alt er korrekt for at sikre en problemfri leveringsproces.<\/p>\n<hr data-start=\"1536\" data-end=\"1539\" \/>\n<h4 data-start=\"1541\" data-end=\"1584\"><strong data-start=\"1546\" data-end=\"1584\">Trin 6: V\u00e6lg din betalingsmetode<\/strong><\/h4>\n<p data-start=\"1586\" data-end=\"1812\">V\u00e6lg din foretrukne betalingsmetode blandt de tilg\u00e6ngelige muligheder (kredit- eller betalingskort, PayPal osv.). Indtast dine betalingsoplysninger p\u00e5 en sikker m\u00e5de. Hvis du har problemer med betalingen, er du velkommen til at kontakte vores supportteam for at f\u00e5 hj\u00e6lp.<\/p>\n<hr data-start=\"1814\" data-end=\"1817\" \/>\n<h4 data-start=\"1819\" data-end=\"1865\"><strong data-start=\"1824\" data-end=\"1865\">Trin 7: Gennemg\u00e5 og bekr\u00e6ft din ordre<\/strong><\/h4>\n<p data-start=\"1867\" data-end=\"2032\">F\u00f8r du afslutter dit k\u00f8b, skal du gennemg\u00e5 alle dine ordreoplysninger en sidste gang. Hvis alt ser godt ud, skal du klikke p\u00e5 <strong data-start=\"1981\" data-end=\"1998\">Bekr\u00e6ft ordre<\/strong> knappen for at gennemf\u00f8re dit k\u00f8b.<\/p>\n<hr data-start=\"2034\" data-end=\"2037\" \/>\n<h4 data-start=\"2039\" data-end=\"2087\"><strong data-start=\"2044\" data-end=\"2087\">Trin 8: Modtag din ordrebekr\u00e6ftelse<\/strong><\/h4>\n<p data-start=\"2089\" data-end=\"2279\">N\u00e5r din bestilling er gennemf\u00f8rt, vil du modtage en <strong data-start=\"2149\" data-end=\"2171\">Ordrebekr\u00e6ftelse<\/strong> e-mail med dine ordreoplysninger. Du vil ogs\u00e5 modtage en forsendelsesbekr\u00e6ftelse, n\u00e5r din ordre er afsendt.<\/p>\n<hr data-start=\"2281\" data-end=\"2284\" \/>\n<h4 data-start=\"2286\" data-end=\"2319\"><strong data-start=\"2291\" data-end=\"2319\">Trin 9: Spor din ordre<\/strong><\/h4>\n<p data-start=\"2321\" data-end=\"2491\">Du kan til enhver tid f\u00f8lge din ordrestatus ved at bes\u00f8ge vores <strong data-start=\"2377\" data-end=\"2397\">Spor din ordre<\/strong> side. Du skal bare indtaste din <strong data-start=\"2420\" data-end=\"2432\">Ordre-ID<\/strong> og <strong data-start=\"2437\" data-end=\"2454\">E-mail-adresse<\/strong> for at se de seneste forsendelsesopdateringer.<\/p>\t\t\t\t\t\t\t\t<\/div>\n\t\t\t\t\t<\/div>\n\t\t\t\t<\/div>\n\t\t\t\t<\/div>","protected":false},"excerpt":{"rendered":"<p>How to Order at FR Vape Shopping for your favorite vaping products at FR Vape is simple and secure. Follow the steps below to place your order with ease. Step 1: Browse Our Products Start by exploring our wide range of vaping devices, e-liquids, accessories, and more. You can browse by category or use the [&#8230;]","protected":false},"author":1,"featured_media":0,"parent":0,"menu_order":0,"comment_status":"closed","ping_status":"closed","template":"","meta":{"footnotes":""},"class_list":["post-7145","page","type-page","status-publish","hentry"],"jetpack_sharing_enabled":true,"_links":{"self":[{"href":"https:\/\/frvape.com\/da\/wp-json\/wp\/v2\/pages\/7145","targetHints":{"allow":["GET"]}}],"collection":[{"href":"https:\/\/frvape.com\/da\/wp-json\/wp\/v2\/pages"}],"about":[{"href":"https:\/\/frvape.com\/da\/wp-json\/wp\/v2\/types\/page"}],"author":[{"embeddable":true,"href":"https:\/\/frvape.com\/da\/wp-json\/wp\/v2\/users\/1"}],"replies":[{"embeddable":true,"href":"https:\/\/frvape.com\/da\/wp-json\/wp\/v2\/comments?post=7145"}],"version-history":[{"count":7,"href":"https:\/\/frvape.com\/da\/wp-json\/wp\/v2\/pages\/7145\/revisions"}],"predecessor-version":[{"id":7159,"href":"https:\/\/frvape.com\/da\/wp-json\/wp\/v2\/pages\/7145\/revisions\/7159"}],"wp:attachment":[{"href":"https:\/\/frvape.com\/da\/wp-json\/wp\/v2\/media?parent=7145"}],"curies":[{"name":"wp","href":"https:\/\/api.w.org\/{rel}","templated":true}]}}