{"id":7167,"date":"2025-10-13T07:12:26","date_gmt":"2025-10-13T07:12:26","guid":{"rendered":"https:\/\/frvape.com\/?page_id=7167"},"modified":"2025-10-13T07:13:43","modified_gmt":"2025-10-13T07:13:43","slug":"forsendelsespolitik","status":"publish","type":"page","link":"https:\/\/frvape.com\/da\/forsendelsespolitik\/","title":{"rendered":"Forsendelsespolitik"},"content":{"rendered":"<div data-elementor-type=\"wp-page\" data-elementor-id=\"7167\" class=\"elementor elementor-7167\">\n\t\t\t\t<div class=\"elementor-element elementor-element-60995797 e-flex e-con-boxed e-con e-parent\" data-id=\"60995797\" data-element_type=\"container\">\n\t\t\t\t\t<div class=\"e-con-inner\">\n\t\t\t\t<div class=\"elementor-element elementor-element-2b1c4b14 elementor-widget elementor-widget-text-editor\" data-id=\"2b1c4b14\" data-element_type=\"widget\" data-widget_type=\"text-editor.default\">\n\t\t\t\t\t\t\t\t\t\t\t\t\t\t\t\t\t<\/div>\n\t\t\t\t\t<\/div>\n\t\t\t\t<\/div>\n\t\t<div class=\"elementor-element elementor-element-90603f5 e-flex e-con-boxed e-con e-parent\" data-id=\"90603f5\" data-element_type=\"container\">\n\t\t\t\t\t<div class=\"e-con-inner\">\n\t\t\t\t<div class=\"elementor-element elementor-element-9aec96a elementor-widget elementor-widget-text-editor\" data-id=\"9aec96a\" data-element_type=\"widget\" data-widget_type=\"text-editor.default\">\n\t\t\t\t\t\t\t\t\t<h3 data-start=\"77\" data-end=\"100\"><strong data-start=\"81\" data-end=\"100\">Forsendelsespolitik<\/strong><\/h3>\n<p data-start=\"102\" data-end=\"289\">Hos FR Vape er vi forpligtet til at levere dine vaping-produkter hurtigt og sikkert. L\u00e6s vores forsendelsespolitik for at f\u00e5 flere detaljer om, hvordan vi h\u00e5ndterer forsendelse, leveringstider og meget mere.<\/p>\n<hr data-start=\"291\" data-end=\"294\" \/>\n<h4 data-start=\"296\" data-end=\"320\"><strong data-start=\"301\" data-end=\"320\">Behandlingstid<\/strong><\/h4>\n<ul data-start=\"322\" data-end=\"725\">\n<li data-start=\"322\" data-end=\"505\">\n<p data-start=\"324\" data-end=\"505\"><strong data-start=\"324\" data-end=\"345\">Ordrebehandling:<\/strong> Alle ordrer behandles inden for <strong data-start=\"378\" data-end=\"399\">1-2 arbejdsdage<\/strong> (mandag til fredag). Ordrer, der afgives i weekenden eller p\u00e5 helligdage, vil blive behandlet den n\u00e6ste arbejdsdag.<\/p>\n<\/li>\n<li data-start=\"509\" data-end=\"725\">\n<p data-start=\"511\" data-end=\"725\"><strong data-start=\"511\" data-end=\"534\">Ordrebekr\u00e6ftelse:<\/strong> N\u00e5r din ordre er afgivet, vil du modtage en <strong data-start=\"582\" data-end=\"604\">Ordrebekr\u00e6ftelse<\/strong> e-mail. N\u00e5r din ordre er behandlet og afsendt, modtager du en <strong data-start=\"671\" data-end=\"696\">Bekr\u00e6ftelse af forsendelse<\/strong> e-mail med sporingsoplysninger.<\/p>\n<\/li>\n<\/ul>\n<hr data-start=\"727\" data-end=\"730\" \/>\n<h4 data-start=\"732\" data-end=\"773\"><strong data-start=\"737\" data-end=\"773\">Forsendelsesmetoder og leveringstid<\/strong><\/h4>\n<p data-start=\"775\" data-end=\"946\">Vi tilbyder en r\u00e6kke forskellige forsendelsesmetoder for at sikre den bedste leveringsoplevelse. Leveringstiderne varierer afh\u00e6ngigt af din placering og den valgte forsendelsesmulighed ved kassen.<\/p>\n<ul data-start=\"948\" data-end=\"1410\">\n<li data-start=\"948\" data-end=\"1089\">\n<p data-start=\"950\" data-end=\"1089\"><strong data-start=\"950\" data-end=\"999\">Standardforsendelse (gratis for ordrer over $50):<\/strong><br data-start=\"999\" data-end=\"1002\" \/>Ansl\u00e5et levering: <strong data-start=\"1024\" data-end=\"1045\">3-7 arbejdsdage<\/strong><br data-start=\"1045\" data-end=\"1048\" \/>Tilg\u00e6ngelig for alle indenlandske amerikanske ordrer.<\/p>\n<\/li>\n<li data-start=\"1093\" data-end=\"1222\">\n<p data-start=\"1095\" data-end=\"1222\"><strong data-start=\"1095\" data-end=\"1118\">Hurtig levering:<\/strong><br data-start=\"1118\" data-end=\"1121\" \/>Ansl\u00e5et levering: <strong data-start=\"1143\" data-end=\"1164\">2-3 arbejdsdage<\/strong><br data-start=\"1164\" data-end=\"1167\" \/>Tilg\u00e6ngelig for indenlandske ordrer. Yderligere gebyrer g\u00e6lder.<\/p>\n<\/li>\n<li data-start=\"1224\" data-end=\"1410\">\n<p data-start=\"1226\" data-end=\"1410\"><strong data-start=\"1226\" data-end=\"1253\">International forsendelse:<\/strong><br data-start=\"1253\" data-end=\"1256\" \/>Vi sender ogs\u00e5 internationalt. Leveringstiden for internationale ordrer afh\u00e6nger af, hvor du befinder dig, men generelt ankommer de inden for <strong data-start=\"1387\" data-end=\"1409\">7-21 arbejdsdage<\/strong>.<\/p>\n<\/li>\n<\/ul>\n<hr data-start=\"1412\" data-end=\"1415\" \/>\n<h4 data-start=\"1417\" data-end=\"1440\"><strong data-start=\"1422\" data-end=\"1440\">Forsendelsesomkostninger<\/strong><\/h4>\n<ul data-start=\"1442\" data-end=\"1705\">\n<li data-start=\"1442\" data-end=\"1572\">\n<p data-start=\"1444\" data-end=\"1473\"><strong data-start=\"1444\" data-end=\"1471\">Forsendelse inden for USA:<\/strong><\/p>\n<ul data-start=\"1476\" data-end=\"1572\">\n<li data-start=\"1476\" data-end=\"1535\">\n<p data-start=\"1478\" data-end=\"1535\">Standardforsendelse: <strong data-start=\"1497\" data-end=\"1506\">$5.99<\/strong> (Gratis for ordrer over $50)<\/p>\n<\/li>\n<li data-start=\"1538\" data-end=\"1572\">\n<p data-start=\"1540\" data-end=\"1572\">Hurtig levering: <strong data-start=\"1560\" data-end=\"1570\">$15.99<\/strong><\/p>\n<\/li>\n<\/ul>\n<\/li>\n<li data-start=\"1573\" data-end=\"1705\">\n<p data-start=\"1575\" data-end=\"1604\"><strong data-start=\"1575\" data-end=\"1602\">International forsendelse:<\/strong><\/p>\n<ul data-start=\"1607\" data-end=\"1705\">\n<li data-start=\"1607\" data-end=\"1705\">\n<p data-start=\"1609\" data-end=\"1705\">Priserne varierer afh\u00e6ngigt af sted og ordrens v\u00e6gt. Du kan se forsendelsesomkostningerne ved kassen.<\/p>\n<\/li>\n<\/ul>\n<\/li>\n<\/ul>\n<hr data-start=\"1707\" data-end=\"1710\" \/>\n<h4 data-start=\"1712\" data-end=\"1740\"><strong data-start=\"1717\" data-end=\"1740\">Sporing af din ordre<\/strong><\/h4>\n<p data-start=\"1742\" data-end=\"1931\">N\u00e5r din ordre er afsendt, vil du modtage en <strong data-start=\"1798\" data-end=\"1817\">Sporingsnummer<\/strong> via e-mail. Du kan f\u00f8lge din ordres forl\u00f8b via transport\u00f8rens hjemmeside eller p\u00e5 vores <strong data-start=\"1905\" data-end=\"1925\">Spor din ordre<\/strong> side.<\/p>\n<hr data-start=\"1933\" data-end=\"1936\" \/>\n<h4 data-start=\"1938\" data-end=\"1968\"><strong data-start=\"1943\" data-end=\"1968\">Begr\u00e6nsninger for forsendelse<\/strong><\/h4>\n<ul data-start=\"1970\" data-end=\"2391\">\n<li data-start=\"1970\" data-end=\"2174\">\n<p data-start=\"1972\" data-end=\"2174\"><strong data-start=\"1972\" data-end=\"1997\">Begr\u00e6nsede steder:<\/strong> P\u00e5 grund af lokale bestemmelser kan vi ikke sende til visse steder. Tjek venligst listen over begr\u00e6nsede steder p\u00e5 vores <strong data-start=\"2121\" data-end=\"2137\">Ofte stillede sp\u00f8rgsm\u00e5l om forsendelse<\/strong> eller kontakt os for flere detaljer.<\/p>\n<\/li>\n<li data-start=\"2178\" data-end=\"2391\">\n<p data-start=\"2180\" data-end=\"2391\"><strong data-start=\"2180\" data-end=\"2201\">Bekr\u00e6ftelse af alder:<\/strong> Alle ordrer kr\u00e6ver <strong data-start=\"2221\" data-end=\"2241\">aldersbekr\u00e6ftelse<\/strong> ved levering. Du skal v\u00e6re 21 \u00e5r eller \u00e6ldre for at k\u00f8be vaping-produkter fra FR Vape. S\u00f8rg for, at en person over 21 \u00e5r er til r\u00e5dighed til at kvittere for leveringen.<\/p>\n<\/li>\n<\/ul>\n<hr data-start=\"2393\" data-end=\"2396\" \/>\n<h4 data-start=\"2398\" data-end=\"2431\"><strong data-start=\"2403\" data-end=\"2431\">Bortkomne eller beskadigede pakker<\/strong><\/h4>\n<ul data-start=\"2433\" data-end=\"2842\">\n<li data-start=\"2433\" data-end=\"2645\">\n<p data-start=\"2435\" data-end=\"2645\"><strong data-start=\"2435\" data-end=\"2453\">Bortkomne pakker:<\/strong> Hvis din pakke er markeret som leveret, men du ikke har modtaget den, bedes du straks kontakte vores supportteam p\u00e5 <strong data-start=\"2570\" data-end=\"2592\"><a class=\"decorated-link cursor-pointer\" rel=\"noopener\" data-start=\"2572\" data-end=\"2590\">support@frvape.com<\/a><\/strong>. Vi vil arbejde sammen med transport\u00f8ren for at l\u00f8se problemet.<\/p>\n<\/li>\n<li data-start=\"2649\" data-end=\"2842\">\n<p data-start=\"2651\" data-end=\"2842\"><strong data-start=\"2651\" data-end=\"2669\">Beskadigede genstande:<\/strong> Hvis du modtager en beskadiget vare, bedes du kontakte os inden for <strong data-start=\"2726\" data-end=\"2736\">7 dage<\/strong> efter modtagelse af din pakke. Vedl\u00e6g billeder af skaden, s\u00e5 s\u00f8rger vi for en ombytning eller tilbagebetaling.<\/p>\n<\/li>\n<\/ul>\n<hr data-start=\"2844\" data-end=\"2847\" \/>\n<h4 data-start=\"2849\" data-end=\"2877\"><strong data-start=\"2854\" data-end=\"2877\">Returneringer og ombytninger<\/strong><\/h4>\n<p data-start=\"2879\" data-end=\"3002\">Se venligst vores <strong data-start=\"2899\" data-end=\"2927\">Politik for returnering og ombytning<\/strong> for at f\u00e5 oplysninger om, hvordan du returnerer eller bytter varer k\u00f8bt hos FR Vape.<\/p>\t\t\t\t\t\t\t\t<\/div>\n\t\t\t\t\t<\/div>\n\t\t\t\t<\/div>\n\t\t\t\t<\/div>","protected":false},"excerpt":{"rendered":"<p>Shipping Policy At FR Vape, we are committed to delivering your vaping products quickly and securely. Please read our shipping policy for more details on how we handle shipping, delivery times, and more. Processing Time Order Processing: All orders are processed within 1\u20132 business days (Monday to Friday). Orders placed on weekends or public holidays [&#8230;]","protected":false},"author":1,"featured_media":0,"parent":0,"menu_order":0,"comment_status":"closed","ping_status":"closed","template":"","meta":{"footnotes":""},"class_list":["post-7167","page","type-page","status-publish","hentry"],"jetpack_sharing_enabled":true,"_links":{"self":[{"href":"https:\/\/frvape.com\/da\/wp-json\/wp\/v2\/pages\/7167","targetHints":{"allow":["GET"]}}],"collection":[{"href":"https:\/\/frvape.com\/da\/wp-json\/wp\/v2\/pages"}],"about":[{"href":"https:\/\/frvape.com\/da\/wp-json\/wp\/v2\/types\/page"}],"author":[{"embeddable":true,"href":"https:\/\/frvape.com\/da\/wp-json\/wp\/v2\/users\/1"}],"replies":[{"embeddable":true,"href":"https:\/\/frvape.com\/da\/wp-json\/wp\/v2\/comments?post=7167"}],"version-history":[{"count":4,"href":"https:\/\/frvape.com\/da\/wp-json\/wp\/v2\/pages\/7167\/revisions"}],"predecessor-version":[{"id":7171,"href":"https:\/\/frvape.com\/da\/wp-json\/wp\/v2\/pages\/7167\/revisions\/7171"}],"wp:attachment":[{"href":"https:\/\/frvape.com\/da\/wp-json\/wp\/v2\/media?parent=7167"}],"curies":[{"name":"wp","href":"https:\/\/api.w.org\/{rel}","templated":true}]}}