{"id":7172,"date":"2025-10-13T07:14:12","date_gmt":"2025-10-13T07:14:12","guid":{"rendered":"https:\/\/frvape.com\/?page_id=7172"},"modified":"2025-10-13T07:15:58","modified_gmt":"2025-10-13T07:15:58","slug":"refusionspolitik","status":"publish","type":"page","link":"https:\/\/frvape.com\/da\/refusionspolitik\/","title":{"rendered":"Politik for tilbagebetaling"},"content":{"rendered":"<div data-elementor-type=\"wp-page\" data-elementor-id=\"7172\" class=\"elementor elementor-7172\">\n\t\t\t\t<div class=\"elementor-element elementor-element-6aff63ed e-flex e-con-boxed e-con e-parent\" data-id=\"6aff63ed\" data-element_type=\"container\">\n\t\t\t\t\t<div class=\"e-con-inner\">\n\t\t\t\t<div class=\"elementor-element elementor-element-28eb6ff4 elementor-widget elementor-widget-text-editor\" data-id=\"28eb6ff4\" data-element_type=\"widget\" data-widget_type=\"text-editor.default\">\n\t\t\t\t\t\t\t\t\t\t\t\t\t\t\t\t\t<\/div>\n\t\t\t\t\t<\/div>\n\t\t\t\t<\/div>\n\t\t<div class=\"elementor-element elementor-element-53ebbf0 e-flex e-con-boxed e-con e-parent\" data-id=\"53ebbf0\" data-element_type=\"container\">\n\t\t\t\t\t<div class=\"e-con-inner\">\n\t\t\t\t<div class=\"elementor-element elementor-element-222f3a2 elementor-widget elementor-widget-text-editor\" data-id=\"222f3a2\" data-element_type=\"widget\" data-widget_type=\"text-editor.default\">\n\t\t\t\t\t\t\t\t\t<h3 data-start=\"75\" data-end=\"96\"><strong data-start=\"79\" data-end=\"96\">Politik for tilbagebetaling<\/strong><\/h3>\n<p data-start=\"98\" data-end=\"333\">Hos FR Vape \u00f8nsker vi, at du skal v\u00e6re helt tilfreds med dit k\u00f8b. Hvis du af en eller anden grund ikke er tilfreds med din ordre, er vi her for at hj\u00e6lpe. L\u00e6s vores refusionspolitik for detaljer om, hvordan vi h\u00e5ndterer returneringer, refusioner og ombytninger.<\/p>\n<hr data-start=\"335\" data-end=\"338\" \/>\n<h4 data-start=\"340\" data-end=\"370\"><strong data-start=\"345\" data-end=\"370\">1. Returneringsberettigelse<\/strong><\/h4>\n<p data-start=\"372\" data-end=\"438\">For at v\u00e6re berettiget til returnering skal f\u00f8lgende betingelser v\u00e6re opfyldt:<\/p>\n<ul data-start=\"440\" data-end=\"823\">\n<li data-start=\"440\" data-end=\"526\">\n<p data-start=\"442\" data-end=\"526\"><strong data-start=\"442\" data-end=\"456\">Tidsramme:<\/strong> Der skal anmodes om returnering inden for <strong data-start=\"490\" data-end=\"501\">14 dage<\/strong> efter at have modtaget din ordre.<\/p>\n<\/li>\n<li data-start=\"527\" data-end=\"720\">\n<p data-start=\"529\" data-end=\"720\"><strong data-start=\"529\" data-end=\"543\">Tilstand:<\/strong> Produktet skal v\u00e6re <strong data-start=\"564\" data-end=\"574\">Ubrugt<\/strong>, <strong data-start=\"576\" data-end=\"588\">u\u00e5bnet<\/strong>og i den originale emballage. Af hygiejniske \u00e5rsager kan vi ikke acceptere returnering af e-v\u00e6sker, engangs-dampere eller \u00e5bnede varer.<\/p>\n<\/li>\n<li data-start=\"721\" data-end=\"823\">\n<p data-start=\"723\" data-end=\"823\"><strong data-start=\"723\" data-end=\"753\">Kvittering\/bevis for k\u00f8b:<\/strong> Der skal freml\u00e6gges et gyldigt k\u00f8bsbevis (ordrenummer eller kvittering).<\/p>\n<\/li>\n<\/ul>\n<hr data-start=\"825\" data-end=\"828\" \/>\n<h4 data-start=\"830\" data-end=\"865\"><strong data-start=\"835\" data-end=\"865\">2. S\u00e5dan anmoder du om returnering<\/strong><\/h4>\n<p data-start=\"867\" data-end=\"949\">Hvis din vare opfylder kravene til returnering, skal du f\u00f8lge disse trin:<\/p>\n<ol data-start=\"951\" data-end=\"1536\">\n<li data-start=\"951\" data-end=\"1058\">\n<p data-start=\"954\" data-end=\"1058\"><strong data-start=\"954\" data-end=\"969\">Kontakt os:<\/strong> Send os en e-mail p\u00e5 <strong data-start=\"982\" data-end=\"1004\"><a class=\"decorated-link cursor-pointer\" rel=\"noopener\" data-start=\"984\" data-end=\"1002\">support@frvape.com<\/a><\/strong> med dit ordrenummer og \u00e5rsagen til returneringen.<\/p>\n<\/li>\n<li data-start=\"1059\" data-end=\"1182\">\n<p data-start=\"1062\" data-end=\"1182\"><strong data-start=\"1062\" data-end=\"1087\">Tilladelse til returnering:<\/strong> Vi vil gennemg\u00e5 din anmodning og, hvis du er berettiget, sende dig en <strong data-start=\"1145\" data-end=\"1174\">Tilladelse til returnering (RA)<\/strong> nummer.<\/p>\n<\/li>\n<li data-start=\"1183\" data-end=\"1405\">\n<p data-start=\"1186\" data-end=\"1405\"><strong data-start=\"1186\" data-end=\"1206\">Returnering af forsendelse:<\/strong> Du er ansvarlig for returforsendelsesomkostningerne, medmindre produktet er defekt eller beskadiget ved ankomsten. Vi anbefaler, at du bruger en sporbar forsendelsestjeneste for at sikre, at din returnering leveres sikkert.<\/p>\n<\/li>\n<li data-start=\"1406\" data-end=\"1536\">\n<p data-start=\"1409\" data-end=\"1536\"><strong data-start=\"1409\" data-end=\"1431\">Behandling af tilbagebetaling:<\/strong> N\u00e5r vi har modtaget og inspiceret den returnerede vare, behandler vi din tilbagebetaling inden for <strong data-start=\"1514\" data-end=\"1535\">5-7 arbejdsdage<\/strong>.<\/p>\n<\/li>\n<\/ol>\n<hr data-start=\"1538\" data-end=\"1541\" \/>\n<h4 data-start=\"1543\" data-end=\"1562\"><strong data-start=\"1548\" data-end=\"1562\">3. Tilbagebetaling<\/strong><\/h4>\n<ul data-start=\"1564\" data-end=\"2051\">\n<li data-start=\"1564\" data-end=\"1738\">\n<p data-start=\"1566\" data-end=\"1738\"><strong data-start=\"1566\" data-end=\"1582\">Fuld tilbagebetaling:<\/strong> Hvis din returnering godkendes, refunderer vi den fulde pris for de(n) returnerede vare(r). Tilbagebetalingen sker til den oprindelige betalingsmetode.<\/p>\n<\/li>\n<li data-start=\"1739\" data-end=\"1884\">\n<p data-start=\"1741\" data-end=\"1884\"><strong data-start=\"1741\" data-end=\"1760\">Delvis tilbagebetaling:<\/strong> I nogle tilf\u00e6lde kan vi tilbyde en delvis tilbagebetaling, hvis varen viser tegn p\u00e5 skade eller brug, men den er stadig berettiget til at blive returneret.<\/p>\n<\/li>\n<li data-start=\"1885\" data-end=\"2051\">\n<p data-start=\"1887\" data-end=\"1958\"><strong data-start=\"1887\" data-end=\"1912\">Varer, der ikke kan refunderes:<\/strong> Bem\u00e6rk venligst, at vi ikke tilbyder tilbagebetaling for:<\/p>\n<ul data-start=\"1961\" data-end=\"2051\">\n<li data-start=\"1961\" data-end=\"1984\">\n<p data-start=\"1963\" data-end=\"1984\">E-v\u00e6sker (hvis de er \u00e5bnet)<\/p>\n<\/li>\n<li data-start=\"1987\" data-end=\"2005\">\n<p data-start=\"1989\" data-end=\"2005\">Engangs-dampere<\/p>\n<\/li>\n<li data-start=\"2008\" data-end=\"2033\">\n<p data-start=\"2010\" data-end=\"2033\">Udsalgs- eller oprydningsvarer<\/p>\n<\/li>\n<li data-start=\"2036\" data-end=\"2048\">\n<p data-start=\"2038\" data-end=\"2048\">Gavekort<\/p>\n<\/li>\n<\/ul>\n<\/li>\n<\/ul>\n<hr data-start=\"2052\" data-end=\"2055\" \/>\n<h4 data-start=\"2057\" data-end=\"2078\"><strong data-start=\"2062\" data-end=\"2078\">4. Udvekslinger<\/strong><\/h4>\n<p data-start=\"2080\" data-end=\"2380\">Hvis du \u00f8nsker at bytte en vare til et andet produkt, bedes du kontakte os p\u00e5 <strong data-start=\"2160\" data-end=\"2182\"><a class=\"decorated-link cursor-pointer\" rel=\"noopener\" data-start=\"2162\" data-end=\"2180\">support@frvape.com<\/a><\/strong>. Ombytning er tilladt for <strong data-start=\"2210\" data-end=\"2239\">ubrugte og u\u00e5bnede varer<\/strong> inden for 14 dage efter modtagelse af din ordre. Forsendelsesgebyrer for ombytninger er kundens ansvar, medmindre produktet er defekt.<\/p>\n<hr data-start=\"2382\" data-end=\"2385\" \/>\n<h4 data-start=\"2387\" data-end=\"2425\"><strong data-start=\"2392\" data-end=\"2425\">5. Beskadigede eller defekte genstande<\/strong><\/h4>\n<p data-start=\"2427\" data-end=\"2549\">Hvis du har modtaget en <strong data-start=\"2445\" data-end=\"2456\">beskadiget<\/strong> eller <strong data-start=\"2460\" data-end=\"2473\">defekt<\/strong> vare, bedes du kontakte os inden for <strong data-start=\"2505\" data-end=\"2515\">7 dage<\/strong> efter at have modtaget din ordre. Det vil vi g\u00f8re:<\/p>\n<ul data-start=\"2551\" data-end=\"2755\">\n<li data-start=\"2551\" data-end=\"2594\">\n<p data-start=\"2553\" data-end=\"2594\">Giv en <strong data-start=\"2563\" data-end=\"2593\">gratis returforsendelseslabel<\/strong>.<\/p>\n<\/li>\n<li data-start=\"2595\" data-end=\"2666\">\n<p data-start=\"2597\" data-end=\"2666\">Tilbyd en <strong data-start=\"2605\" data-end=\"2620\">udskiftning<\/strong> eller <strong data-start=\"2624\" data-end=\"2639\">fuld tilbagebetaling<\/strong> afh\u00e6ngigt af tilg\u00e6ngelighed.<\/p>\n<\/li>\n<li data-start=\"2667\" data-end=\"2755\">\n<p data-start=\"2669\" data-end=\"2755\">I tilf\u00e6lde af defekte varer kan vi bede om et foto af skaden til verifikation.<\/p>\n<\/li>\n<\/ul>\n<hr data-start=\"2757\" data-end=\"2760\" \/>\n<h4 data-start=\"2762\" data-end=\"2797\"><strong data-start=\"2767\" data-end=\"2797\">6. Forsinket eller manglende tilbagebetaling<\/strong><\/h4>\n<p data-start=\"2799\" data-end=\"2867\">Hvis du ikke har modtaget din tilbagebetaling endnu, skal du tjekke f\u00f8lgende:<\/p>\n<ul data-start=\"2869\" data-end=\"3180\">\n<li data-start=\"2869\" data-end=\"3022\">\n<p data-start=\"2871\" data-end=\"3022\"><strong data-start=\"2871\" data-end=\"2911\">Behandlingstid for bank- eller kreditkort:<\/strong> Det kan tage flere arbejdsdage, f\u00f8r refusionen st\u00e5r p\u00e5 din konto, afh\u00e6ngigt af din bank eller betalingsudbyder.<\/p>\n<\/li>\n<li data-start=\"3023\" data-end=\"3180\">\n<p data-start=\"3025\" data-end=\"3180\"><strong data-start=\"3025\" data-end=\"3040\">Kontakt os:<\/strong> Hvis du stadig ikke har modtaget din tilbagebetaling, n\u00e5r behandlingstiden er g\u00e5et, bedes du kontakte os p\u00e5 <strong data-start=\"3142\" data-end=\"3164\"><a class=\"decorated-link cursor-pointer\" rel=\"noopener\" data-start=\"3144\" data-end=\"3162\">support@frvape.com<\/a><\/strong> for at f\u00e5 hj\u00e6lp.<\/p>\n<\/li>\n<\/ul>\n<hr data-start=\"3182\" data-end=\"3185\" \/>\n<h4 data-start=\"3187\" data-end=\"3212\"><strong data-start=\"3192\" data-end=\"3212\">7. Aflysninger<\/strong><\/h4>\n<p data-start=\"3214\" data-end=\"3439\">Hvis du \u00f8nsker at annullere en ordre, bedes du kontakte os. <strong data-start=\"3264\" data-end=\"3283\">inden for 24 timer<\/strong> efter afgivelse af ordren. N\u00e5r en ordre er behandlet eller afsendt, kan vi ikke annullere den, men du kan f\u00f8lge returproceduren, n\u00e5r du har modtaget varen.<\/p>\t\t\t\t\t\t\t\t<\/div>\n\t\t\t\t\t<\/div>\n\t\t\t\t<\/div>\n\t\t\t\t<\/div>","protected":false},"excerpt":{"rendered":"<p>Refund Policy At FR Vape, we want you to be completely satisfied with your purchase. If for any reason you are not happy with your order, we\u2019re here to help. Please read our refund policy for details on how we handle returns, refunds, and exchanges. 1. Return Eligibility To be eligible for a return, the [&#8230;]","protected":false},"author":1,"featured_media":0,"parent":0,"menu_order":0,"comment_status":"closed","ping_status":"closed","template":"","meta":{"footnotes":""},"class_list":["post-7172","page","type-page","status-publish","hentry"],"jetpack_sharing_enabled":true,"_links":{"self":[{"href":"https:\/\/frvape.com\/da\/wp-json\/wp\/v2\/pages\/7172","targetHints":{"allow":["GET"]}}],"collection":[{"href":"https:\/\/frvape.com\/da\/wp-json\/wp\/v2\/pages"}],"about":[{"href":"https:\/\/frvape.com\/da\/wp-json\/wp\/v2\/types\/page"}],"author":[{"embeddable":true,"href":"https:\/\/frvape.com\/da\/wp-json\/wp\/v2\/users\/1"}],"replies":[{"embeddable":true,"href":"https:\/\/frvape.com\/da\/wp-json\/wp\/v2\/comments?post=7172"}],"version-history":[{"count":4,"href":"https:\/\/frvape.com\/da\/wp-json\/wp\/v2\/pages\/7172\/revisions"}],"predecessor-version":[{"id":7183,"href":"https:\/\/frvape.com\/da\/wp-json\/wp\/v2\/pages\/7172\/revisions\/7183"}],"wp:attachment":[{"href":"https:\/\/frvape.com\/da\/wp-json\/wp\/v2\/media?parent=7172"}],"curies":[{"name":"wp","href":"https:\/\/api.w.org\/{rel}","templated":true}]}}