{"id":7184,"date":"2025-10-13T07:18:55","date_gmt":"2025-10-13T07:18:55","guid":{"rendered":"https:\/\/frvape.com\/?page_id=7184"},"modified":"2025-10-13T13:33:42","modified_gmt":"2025-10-13T13:33:42","slug":"vilkar-betingelser","status":"publish","type":"page","link":"https:\/\/frvape.com\/da\/vilkar-betingelser\/","title":{"rendered":"Vilk\u00e5r og betingelser"},"content":{"rendered":"<div data-elementor-type=\"wp-page\" data-elementor-id=\"7184\" class=\"elementor elementor-7184\">\n\t\t\t\t<div class=\"elementor-element elementor-element-34bbbe60 e-flex e-con-boxed e-con e-parent\" data-id=\"34bbbe60\" data-element_type=\"container\">\n\t\t\t\t\t<div class=\"e-con-inner\">\n\t\t\t\t<div class=\"elementor-element elementor-element-22ace100 elementor-widget elementor-widget-text-editor\" data-id=\"22ace100\" data-element_type=\"widget\" data-widget_type=\"text-editor.default\">\n\t\t\t\t\t\t\t\t\t\t\t\t\t\t\t\t\t<\/div>\n\t\t\t\t\t<\/div>\n\t\t\t\t<\/div>\n\t\t<div class=\"elementor-element elementor-element-c8b4cc4 e-flex e-con-boxed e-con e-parent\" data-id=\"c8b4cc4\" data-element_type=\"container\">\n\t\t\t\t\t<div class=\"e-con-inner\">\n\t\t\t\t<div class=\"elementor-element elementor-element-b1d3a85 elementor-widget elementor-widget-text-editor\" data-id=\"b1d3a85\" data-element_type=\"widget\" data-widget_type=\"text-editor.default\">\n\t\t\t\t\t\t\t\t\t<h3 data-start=\"85\" data-end=\"111\"><strong data-start=\"89\" data-end=\"111\">Vilk\u00e5r og betingelser<\/strong><\/h3>\n<p data-start=\"113\" data-end=\"411\">Velkommen til <strong data-start=\"124\" data-end=\"135\">FR Vape<\/strong>! Disse vilk\u00e5r og betingelser (\"vilk\u00e5r\") regulerer din brug af vores hjemmeside og k\u00f8b af produkter fra FR Vape. Ved at g\u00e5 ind p\u00e5 eller bruge vores hjemmeside accepterer du at overholde og v\u00e6re bundet af disse vilk\u00e5r. L\u00e6s dem omhyggeligt, f\u00f8r du foretager k\u00f8b eller bruger vores hjemmeside.<\/p>\n<hr data-start=\"413\" data-end=\"416\" \/>\n<h4 data-start=\"418\" data-end=\"449\"><strong data-start=\"423\" data-end=\"449\">1. Accept af vilk\u00e5r<\/strong><\/h4>\n<p data-start=\"451\" data-end=\"651\">Ved at bruge <strong data-start=\"460\" data-end=\"474\">frvape.com<\/strong>accepterer du disse vilk\u00e5r og betingelser, som udg\u00f8r en bindende aftale mellem dig og FR Vape. Hvis du ikke accepterer disse vilk\u00e5r, bedes du afst\u00e5 fra at bruge vores websted.<\/p>\n<hr data-start=\"653\" data-end=\"656\" \/>\n<h4 data-start=\"658\" data-end=\"685\"><strong data-start=\"663\" data-end=\"685\">2. Krav til alder<\/strong><\/h4>\n<p data-start=\"687\" data-end=\"1013\">Du skal v\u00e6re mindst <strong data-start=\"708\" data-end=\"724\">21 \u00e5r gammel<\/strong> for at k\u00f8be vaping-produkter fra FR Vape. Ved at bruge dette websted bekr\u00e6fter du, at du har den lovlige alder i din jurisdiktion til at k\u00f8be og bruge vaping-produkter. Vi forbeholder os ret til at kontrollere din alder til enhver tid og n\u00e6gte service til alle, der ikke opfylder de lovm\u00e6ssige alderskrav.<\/p>\n<hr data-start=\"1015\" data-end=\"1018\" \/>\n<h4 data-start=\"1020\" data-end=\"1068\"><strong data-start=\"1025\" data-end=\"1068\">3. Produktinformation og tilg\u00e6ngelighed<\/strong><\/h4>\n<ul data-start=\"1070\" data-end=\"1642\">\n<li data-start=\"1070\" data-end=\"1297\">\n<p data-start=\"1072\" data-end=\"1297\"><strong data-start=\"1072\" data-end=\"1097\">Produktbeskrivelser:<\/strong> Vi bestr\u00e6ber os p\u00e5 at beskrive produkterne p\u00e5 vores hjemmeside s\u00e5 n\u00f8jagtigt som muligt. Vi kan dog ikke garantere, at alle oplysninger, herunder priser, tilg\u00e6ngelighed og beskrivelser, er n\u00f8jagtige eller fuldst\u00e6ndige.<\/p>\n<\/li>\n<li data-start=\"1298\" data-end=\"1466\">\n<p data-start=\"1300\" data-end=\"1466\"><strong data-start=\"1300\" data-end=\"1317\">Tilg\u00e6ngelighed:<\/strong> Alle produkter er afh\u00e6ngige af tilg\u00e6ngelighed. Vi forbeholder os ret til at \u00e6ndre, indstille eller begr\u00e6nse produktm\u00e6ngder til enhver tid uden forudg\u00e5ende varsel.<\/p>\n<\/li>\n<li data-start=\"1467\" data-end=\"1642\">\n<p data-start=\"1469\" data-end=\"1642\"><strong data-start=\"1469\" data-end=\"1481\">Prisfasts\u00e6ttelse:<\/strong> Priserne er angivet i USD og kan \u00e6ndres uden forudg\u00e5ende varsel. Eventuelle pris\u00e6ndringer vil fremg\u00e5 af produktsiden p\u00e5 k\u00f8bstidspunktet.<\/p>\n<\/li>\n<\/ul>\n<hr data-start=\"1644\" data-end=\"1647\" \/>\n<h4 data-start=\"1649\" data-end=\"1679\"><strong data-start=\"1654\" data-end=\"1679\">4. Bestillinger og betaling<\/strong><\/h4>\n<ul data-start=\"1681\" data-end=\"2301\">\n<li data-start=\"1681\" data-end=\"1941\">\n<p data-start=\"1683\" data-end=\"1941\"><strong data-start=\"1683\" data-end=\"1704\">Godkendelse af ordre:<\/strong> Ved at afgive en ordre gennem FR Vape afgiver du et tilbud om at k\u00f8be produkter. Vi forbeholder os ret til at afvise eller annullere enhver ordre uanset \u00e5rsag, herunder problemer med betalingsbehandling, produkttilg\u00e6ngelighed eller mistanke om svindel.<\/p>\n<\/li>\n<li data-start=\"1942\" data-end=\"2130\">\n<p data-start=\"1944\" data-end=\"2130\"><strong data-start=\"1944\" data-end=\"1956\">Betaling:<\/strong> Vi accepterer en r\u00e6kke forskellige betalingsmetoder, herunder kredit- og betalingskort, PayPal og andre muligheder, der er angivet ved kassen. Betalingen skal foretages fuldt ud p\u00e5 k\u00f8bstidspunktet.<\/p>\n<\/li>\n<li data-start=\"2131\" data-end=\"2301\">\n<p data-start=\"2133\" data-end=\"2301\"><strong data-start=\"2133\" data-end=\"2156\">Ordrebekr\u00e6ftelse:<\/strong> N\u00e5r du har afgivet en ordre, modtager du en e-mail med en ordrebekr\u00e6ftelse. Dette er ikke en accept af din ordre, men en kvittering for modtagelse.<\/p>\n<\/li>\n<\/ul>\n<hr data-start=\"2303\" data-end=\"2306\" \/>\n<h4 data-start=\"2308\" data-end=\"2341\"><strong data-start=\"2313\" data-end=\"2341\">5. Forsendelse og levering<\/strong><\/h4>\n<ul data-start=\"2343\" data-end=\"2870\">\n<li data-start=\"2343\" data-end=\"2476\">\n<p data-start=\"2345\" data-end=\"2476\"><strong data-start=\"2345\" data-end=\"2364\">Forsendelsesomkostninger:<\/strong> Forsendelsesomkostningerne beregnes ved kassen ud fra din leveringsadresse og den valgte leveringsmetode.<\/p>\n<\/li>\n<li data-start=\"2477\" data-end=\"2630\">\n<p data-start=\"2479\" data-end=\"2630\"><strong data-start=\"2479\" data-end=\"2497\">Leveringstid:<\/strong> Leveringstiden er et sk\u00f8n og kan variere. Vi er ikke ansvarlige for forsinkelser for\u00e5rsaget af transport\u00f8rer eller omst\u00e6ndigheder uden for vores kontrol.<\/p>\n<\/li>\n<li data-start=\"2631\" data-end=\"2736\">\n<p data-start=\"2633\" data-end=\"2736\"><strong data-start=\"2633\" data-end=\"2652\">Sporing af ordrer:<\/strong> N\u00e5r din ordre er afsendt, modtager du et sporingsnummer, s\u00e5 du kan f\u00f8lge forsendelsen.<\/p>\n<\/li>\n<li data-start=\"2737\" data-end=\"2870\">\n<p data-start=\"2739\" data-end=\"2870\"><strong data-start=\"2739\" data-end=\"2766\">International forsendelse:<\/strong> Vi tilbyder international forsendelse, men leveringstider og forsendelsesomkostninger kan variere afh\u00e6ngigt af din placering.<\/p>\n<\/li>\n<\/ul>\n<hr data-start=\"2872\" data-end=\"2875\" \/>\n<h4 data-start=\"2877\" data-end=\"2908\"><strong data-start=\"2882\" data-end=\"2908\">6. Returneringer og tilbagebetalinger<\/strong><\/h4>\n<ul data-start=\"2910\" data-end=\"3249\">\n<li data-start=\"2910\" data-end=\"3073\">\n<p data-start=\"2912\" data-end=\"3073\"><strong data-start=\"2912\" data-end=\"2930\">Returpolitik:<\/strong> Vores <strong data-start=\"2935\" data-end=\"2952\">Politik for tilbagebetaling<\/strong> beskriver de betingelser, hvorunder du kan returnere produkter og anmode om tilbagebetaling. L\u00e6s den for at f\u00e5 flere oplysninger.<\/p>\n<\/li>\n<li data-start=\"3074\" data-end=\"3249\">\n<p data-start=\"3076\" data-end=\"3249\"><strong data-start=\"3076\" data-end=\"3107\">Beskadigede eller defekte varer:<\/strong> Hvis dit produkt er beskadiget eller defekt ved ankomsten, bedes du straks kontakte os, og vi vil l\u00f8se problemet i henhold til vores <strong data-start=\"3231\" data-end=\"3248\">Politik for tilbagebetaling<\/strong>.<\/p>\n<\/li>\n<\/ul>\n<hr data-start=\"3251\" data-end=\"3254\" \/>\n<h4 data-start=\"3256\" data-end=\"3282\"><strong data-start=\"3261\" data-end=\"3282\">7. Forbudt brug<\/strong><\/h4>\n<p data-start=\"3284\" data-end=\"3512\">Du accepterer ikke at bruge FR Vape-webstedet til noget ulovligt form\u00e5l eller p\u00e5 nogen m\u00e5de, der kan skade, deaktivere eller forringe webstedet eller forstyrre nogen anden parts brug og nydelse af webstedet. Specifikt accepterer du ikke at:<\/p>\n<ul data-start=\"3514\" data-end=\"3785\">\n<li data-start=\"3514\" data-end=\"3589\">\n<p data-start=\"3516\" data-end=\"3589\">Bruge hjemmesiden til svigagtige form\u00e5l eller til at udf\u00f8re ulovlige aktiviteter.<\/p>\n<\/li>\n<li data-start=\"3590\" data-end=\"3672\">\n<p data-start=\"3592\" data-end=\"3672\">Sende eller overf\u00f8re indhold, der er skadeligt, st\u00f8dende eller p\u00e5 anden m\u00e5de anst\u00f8deligt.<\/p>\n<\/li>\n<li data-start=\"3673\" data-end=\"3785\">\n<p data-start=\"3675\" data-end=\"3785\">Fors\u00f8ge at f\u00e5 uautoriseret adgang til et system eller en konto gennem hacking, password mining eller andre midler.<\/p>\n<\/li>\n<\/ul>\n<hr data-start=\"3787\" data-end=\"3790\" \/>\n<h4 data-start=\"3792\" data-end=\"3825\"><strong data-start=\"3797\" data-end=\"3825\">8. Intellektuel ejendom<\/strong><\/h4>\n<p data-start=\"3827\" data-end=\"4079\">Alt indhold p\u00e5 FR Vape-webstedet, herunder logoer, billeder, tekst og grafik, tilh\u00f8rer FR Vape og er beskyttet af love om ophavsret. Du m\u00e5 ikke reproducere, \u00e6ndre eller distribuere noget indhold fra vores hjemmeside uden vores forudg\u00e5ende skriftlige samtykke.<\/p>\n<hr data-start=\"4081\" data-end=\"4084\" \/>\n<h4 data-start=\"4086\" data-end=\"4121\"><strong data-start=\"4091\" data-end=\"4121\">9. Begr\u00e6nsning af ansvar<\/strong><\/h4>\n<p data-start=\"4123\" data-end=\"4359\">FR Vape er ikke ansvarlig for indirekte skader, h\u00e6ndelige skader eller f\u00f8lgeskader, der opst\u00e5r som f\u00f8lge af din brug af webstedet eller dit k\u00f8b af produkter fra vores websted. Vores ansvar er begr\u00e6nset til det bel\u00f8b, der er betalt for de p\u00e5g\u00e6ldende produkter.<\/p>\n<hr data-start=\"4361\" data-end=\"4364\" \/>\n<h4 data-start=\"4366\" data-end=\"4394\"><strong data-start=\"4371\" data-end=\"4394\">10. Skadesl\u00f8sholdelse<\/strong><\/h4>\n<p data-start=\"4396\" data-end=\"4618\">Du accepterer at holde FR Vape, dets datterselskaber, ledere og medarbejdere skadesl\u00f8se for alle krav, tab, forpligtelser eller udgifter, der opst\u00e5r som f\u00f8lge af din brug af webstedet eller enhver overtr\u00e6delse af disse vilk\u00e5r og betingelser.<\/p>\n<hr data-start=\"4620\" data-end=\"4623\" \/>\n<h4 data-start=\"4625\" data-end=\"4652\"><strong data-start=\"4630\" data-end=\"4652\">11. Politik for beskyttelse af personlige oplysninger<\/strong><\/h4>\n<p data-start=\"4654\" data-end=\"4854\">Din brug af hjemmesiden er underlagt vores <strong data-start=\"4697\" data-end=\"4715\">Politik for beskyttelse af personlige oplysninger<\/strong>som kan findes [her]. Ved at bruge FR Vape giver du dit samtykke til indsamling og brug af dine oplysninger som beskrevet i vores privatlivspolitik.<\/p>\n<hr data-start=\"4856\" data-end=\"4859\" \/>\n<h4 data-start=\"4861\" data-end=\"4890\"><strong data-start=\"4866\" data-end=\"4890\">12. \u00c6ndringer af vilk\u00e5r<\/strong><\/h4>\n<p data-start=\"4892\" data-end=\"5146\">Vi forbeholder os ret til at \u00e6ndre eller opdatere disse vilk\u00e5r og betingelser til enhver tid uden forudg\u00e5ende varsel. Eventuelle \u00e6ndringer vil blive offentliggjort p\u00e5 denne side, og de nye vilk\u00e5r vil tr\u00e6de i kraft umiddelbart efter offentligg\u00f8relsen. Vi opfordrer dig til at gennemg\u00e5 disse vilk\u00e5r med j\u00e6vne mellemrum.<\/p>\n<hr data-start=\"5148\" data-end=\"5151\" \/>\n<h4 data-start=\"5153\" data-end=\"5179\"><strong data-start=\"5158\" data-end=\"5179\">13. G\u00e6ldende lov<\/strong><\/h4>\n<p data-start=\"5181\" data-end=\"5392\">Disse vilk\u00e5r og betingelser er underlagt lovgivningen i USA og staten [inds\u00e6t stat]. Eventuelle tvister, der opst\u00e5r som f\u00f8lge af disse vilk\u00e5r, vil blive l\u00f8st ved de relevante domstole i .<\/p>\t\t\t\t\t\t\t\t<\/div>\n\t\t\t\t\t<\/div>\n\t\t\t\t<\/div>\n\t\t\t\t<\/div>","protected":false},"excerpt":{"rendered":"<p>Vilk\u00e5r og betingelser Velkommen til FR Vape! Disse vilk\u00e5r og betingelser (\"vilk\u00e5r\") regulerer din brug af vores hjemmeside og k\u00f8b af produkter fra FR Vape. Ved at g\u00e5 ind p\u00e5 eller bruge vores hjemmeside accepterer du at overholde og v\u00e6re bundet af disse vilk\u00e5r. L\u00e6s dem omhyggeligt, f\u00f8r du foretager k\u00f8b eller bruger vores hjemmeside. [...]","protected":false},"author":1,"featured_media":0,"parent":0,"menu_order":0,"comment_status":"closed","ping_status":"closed","template":"","meta":{"footnotes":""},"class_list":["post-7184","page","type-page","status-publish","hentry"],"jetpack_sharing_enabled":true,"_links":{"self":[{"href":"https:\/\/frvape.com\/da\/wp-json\/wp\/v2\/pages\/7184","targetHints":{"allow":["GET"]}}],"collection":[{"href":"https:\/\/frvape.com\/da\/wp-json\/wp\/v2\/pages"}],"about":[{"href":"https:\/\/frvape.com\/da\/wp-json\/wp\/v2\/types\/page"}],"author":[{"embeddable":true,"href":"https:\/\/frvape.com\/da\/wp-json\/wp\/v2\/users\/1"}],"replies":[{"embeddable":true,"href":"https:\/\/frvape.com\/da\/wp-json\/wp\/v2\/comments?post=7184"}],"version-history":[{"count":7,"href":"https:\/\/frvape.com\/da\/wp-json\/wp\/v2\/pages\/7184\/revisions"}],"predecessor-version":[{"id":7191,"href":"https:\/\/frvape.com\/da\/wp-json\/wp\/v2\/pages\/7184\/revisions\/7191"}],"wp:attachment":[{"href":"https:\/\/frvape.com\/da\/wp-json\/wp\/v2\/media?parent=7184"}],"curies":[{"name":"wp","href":"https:\/\/api.w.org\/{rel}","templated":true}]}}