{"id":7192,"date":"2025-10-13T07:24:22","date_gmt":"2025-10-13T07:24:22","guid":{"rendered":"https:\/\/frvape.com\/?page_id=7192"},"modified":"2025-10-13T07:26:23","modified_gmt":"2025-10-13T07:26:23","slug":"privatlivspolitik","status":"publish","type":"page","link":"https:\/\/frvape.com\/da\/privatlivspolitik\/","title":{"rendered":"Politik for beskyttelse af personlige oplysninger"},"content":{"rendered":"<div data-elementor-type=\"wp-page\" data-elementor-id=\"7192\" class=\"elementor elementor-7192\">\n\t\t\t\t<div class=\"elementor-element elementor-element-67c4d8f e-flex e-con-boxed e-con e-parent\" data-id=\"67c4d8f\" data-element_type=\"container\">\n\t\t\t\t\t<div class=\"e-con-inner\">\n\t\t\t\t<div class=\"elementor-element elementor-element-3f772469 elementor-widget elementor-widget-text-editor\" data-id=\"3f772469\" data-element_type=\"widget\" data-widget_type=\"text-editor.default\">\n\t\t\t\t\t\t\t\t\t\t\t\t\t\t\t\t\t<\/div>\n\t\t\t\t\t<\/div>\n\t\t\t\t<\/div>\n\t\t<div class=\"elementor-element elementor-element-0da027a e-flex e-con-boxed e-con e-parent\" data-id=\"0da027a\" data-element_type=\"container\">\n\t\t\t\t\t<div class=\"e-con-inner\">\n\t\t\t\t<div class=\"elementor-element elementor-element-db2b48d elementor-widget elementor-widget-text-editor\" data-id=\"db2b48d\" data-element_type=\"widget\" data-widget_type=\"text-editor.default\">\n\t\t\t\t\t\t\t\t\t<h3 data-start=\"76\" data-end=\"98\"><strong data-start=\"80\" data-end=\"98\">Politik for beskyttelse af personlige oplysninger<\/strong><\/h3>\n<p data-start=\"100\" data-end=\"328\">P\u00e5 <strong data-start=\"103\" data-end=\"114\">FR Vape<\/strong>dit privatliv er vigtigt for os. Denne fortrolighedspolitik beskriver de oplysninger, vi indsamler, hvordan vi bruger dem, og hvordan vi beskytter dine personlige data. Ved at bruge vores hjemmeside accepterer du vilk\u00e5rene i denne privatlivspolitik.<\/p>\n<hr data-start=\"330\" data-end=\"333\" \/>\n<h4 data-start=\"335\" data-end=\"369\"><strong data-start=\"340\" data-end=\"369\">1. Oplysninger, vi indsamler<\/strong><\/h4>\n<p data-start=\"371\" data-end=\"447\">Vi indsamler flere typer oplysninger for at kunne levere og forbedre vores tjenester:<\/p>\n<ul data-start=\"449\" data-end=\"1127\">\n<li data-start=\"449\" data-end=\"642\">\n<p data-start=\"451\" data-end=\"642\"><strong data-start=\"451\" data-end=\"476\">Personlige oplysninger:<\/strong> N\u00e5r du foretager et k\u00f8b eller opretter en konto, indsamler vi personlige oplysninger s\u00e5som dit navn, din e-mailadresse, din leveringsadresse, dit telefonnummer og dine betalingsoplysninger.<\/p>\n<\/li>\n<li data-start=\"646\" data-end=\"882\">\n<p data-start=\"648\" data-end=\"882\"><strong data-start=\"648\" data-end=\"677\">Ikke-personlige oplysninger:<\/strong> Vi kan indsamle ikke-personlige oplysninger s\u00e5som din IP-adresse, browsertype, operativsystem, bes\u00f8gte sider og tid brugt p\u00e5 vores hjemmeside. Det hj\u00e6lper os med at analysere tendenser og forbedre brugeroplevelsen.<\/p>\n<\/li>\n<li data-start=\"884\" data-end=\"1127\">\n<p data-start=\"886\" data-end=\"1127\"><strong data-start=\"886\" data-end=\"898\">Cookies:<\/strong> Vi bruger cookies til at forbedre din shoppingoplevelse og til at indsamle anonyme data om, hvordan bes\u00f8gende bruger vores hjemmeside. Du kan styre cookie-indstillingerne via din browser, men nogle af hjemmesidens funktioner fungerer muligvis ikke, hvis cookies er deaktiveret.<\/p>\n<\/li>\n<\/ul>\n<hr data-start=\"1129\" data-end=\"1132\" \/>\n<h4 data-start=\"1134\" data-end=\"1173\"><strong data-start=\"1139\" data-end=\"1173\">2. Hvordan vi bruger dine oplysninger<\/strong><\/h4>\n<p data-start=\"1175\" data-end=\"1231\">Vi bruger de oplysninger, vi indsamler, p\u00e5 f\u00f8lgende m\u00e5der:<\/p>\n<ul data-start=\"1233\" data-end=\"1879\">\n<li data-start=\"1233\" data-end=\"1378\">\n<p data-start=\"1235\" data-end=\"1378\"><strong data-start=\"1235\" data-end=\"1257\">For at behandle ordrer:<\/strong> Dine personlige oplysninger bruges til at behandle og opfylde dine ordrer, herunder fakturering, forsendelse og kundeservice.<\/p>\n<\/li>\n<li data-start=\"1380\" data-end=\"1515\">\n<p data-start=\"1382\" data-end=\"1515\"><strong data-start=\"1382\" data-end=\"1410\">For at forbedre vores tjenester:<\/strong> Vi analyserer din brug af vores hjemmeside for at forst\u00e5 dine pr\u00e6ferencer og forbedre vores produkter og tjenester.<\/p>\n<\/li>\n<li data-start=\"1517\" data-end=\"1740\">\n<p data-start=\"1519\" data-end=\"1740\"><strong data-start=\"1519\" data-end=\"1547\">For at kommunikere med dig:<\/strong> Vi kan sende dig opdateringer om dine ordrer, kampagnetilbud og andre vigtige oplysninger. Du kan til enhver tid frav\u00e6lge marketing-e-mails ved at klikke p\u00e5 linket \"afmeld\" i e-mailen.<\/p>\n<\/li>\n<li data-start=\"1742\" data-end=\"1879\">\n<p data-start=\"1744\" data-end=\"1879\"><strong data-start=\"1744\" data-end=\"1765\">For at forhindre svindel:<\/strong> Vi kan bruge dine oplysninger til at opdage og forhindre svigagtige transaktioner og sikre sikkerheden p\u00e5 vores websted.<\/p>\n<\/li>\n<\/ul>\n<hr data-start=\"1881\" data-end=\"1884\" \/>\n<h4 data-start=\"1886\" data-end=\"1913\"><strong data-start=\"1891\" data-end=\"1913\">3. Beskyttelse af data<\/strong><\/h4>\n<p data-start=\"1915\" data-end=\"2269\">Vi tager sikkerheden af dine personlige oplysninger alvorligt. Vi implementerer passende tekniske og organisatoriske foranstaltninger for at beskytte dine data mod uautoriseret adgang, \u00e6ndring eller offentligg\u00f8relse. Bem\u00e6rk dog, at ingen metode til transmission over internettet eller elektronisk opbevaring er helt sikker, og vi kan ikke garantere absolut sikkerhed.<\/p>\n<hr data-start=\"2271\" data-end=\"2274\" \/>\n<h4 data-start=\"2276\" data-end=\"2312\"><strong data-start=\"2281\" data-end=\"2312\">4. Deling af dine oplysninger<\/strong><\/h4>\n<p data-start=\"2314\" data-end=\"2452\">Vi s\u00e6lger, udlejer eller bytter ikke dine personlige oplysninger til tredjeparter. Vi kan dog dele dine data under f\u00f8lgende omst\u00e6ndigheder:<\/p>\n<ul data-start=\"2454\" data-end=\"3176\">\n<li data-start=\"2454\" data-end=\"2783\">\n<p data-start=\"2456\" data-end=\"2783\"><strong data-start=\"2456\" data-end=\"2478\">Udbydere af tjenester:<\/strong> Vi kan dele dine oplysninger med betroede tredjepartsudbydere, der hj\u00e6lper os med at behandle betalinger, udf\u00f8re ordrer, levere produkter og analysere brugen af webstedet. Disse tjenesteudbydere er forpligtet til at holde dine oplysninger fortrolige og kun bruge dem til de form\u00e5l, vi har godkendt.<\/p>\n<\/li>\n<li data-start=\"2787\" data-end=\"2958\">\n<p data-start=\"2789\" data-end=\"2958\"><strong data-start=\"2789\" data-end=\"2812\">Juridiske krav:<\/strong> Vi kan videregive dine personlige oplysninger, hvis loven kr\u00e6ver det, eller som svar p\u00e5 gyldige juridiske anmodninger (f.eks. en st\u00e6vning eller en retskendelse).<\/p>\n<\/li>\n<li data-start=\"2960\" data-end=\"3176\">\n<p data-start=\"2962\" data-end=\"3176\"><strong data-start=\"2962\" data-end=\"2985\">Virksomhedsoverdragelse:<\/strong> I tilf\u00e6lde af en fusion, overtagelse eller salg af aktiver kan dine personlige oplysninger blive overf\u00f8rt som en del af transaktionen. Vi giver dig besked, hvis dette sker, og beskriver dine muligheder.<\/p>\n<\/li>\n<\/ul>\n<hr data-start=\"3178\" data-end=\"3181\" \/>\n<h4 data-start=\"3183\" data-end=\"3218\"><strong data-start=\"3188\" data-end=\"3218\">5. Dine rettigheder og valgmuligheder<\/strong><\/h4>\n<p data-start=\"3220\" data-end=\"3286\">Du har f\u00f8lgende rettigheder vedr\u00f8rende dine personlige oplysninger:<\/p>\n<ul data-start=\"3288\" data-end=\"3988\">\n<li data-start=\"3288\" data-end=\"3371\">\n<p data-start=\"3290\" data-end=\"3371\"><strong data-start=\"3290\" data-end=\"3301\">Adgang:<\/strong> Du kan anmode om adgang til de personlige oplysninger, vi har om dig.<\/p>\n<\/li>\n<li data-start=\"3375\" data-end=\"3484\">\n<p data-start=\"3377\" data-end=\"3484\"><strong data-start=\"3377\" data-end=\"3392\">Rettelse:<\/strong> Hvis dine oplysninger er forkerte eller for\u00e6ldede, kan du anmode om, at vi opdaterer eller retter dem.<\/p>\n<\/li>\n<li data-start=\"3486\" data-end=\"3665\">\n<p data-start=\"3488\" data-end=\"3665\"><strong data-start=\"3488\" data-end=\"3501\">Sletning:<\/strong> Du kan anmode om, at vi sletter dine personlige oplysninger med forbehold for visse undtagelser (f.eks. n\u00e5r vi er forpligtet til at opbevare dem til juridiske eller regnskabsm\u00e6ssige form\u00e5l).<\/p>\n<\/li>\n<li data-start=\"3667\" data-end=\"3808\">\n<p data-start=\"3669\" data-end=\"3808\"><strong data-start=\"3669\" data-end=\"3681\">Opt-out:<\/strong> Du kan frav\u00e6lge at modtage reklamemails ved at klikke p\u00e5 linket \"afmeld\" i enhver markedsf\u00f8ringsmail, du modtager fra os.<\/p>\n<\/li>\n<li data-start=\"3810\" data-end=\"3988\">\n<p data-start=\"3812\" data-end=\"3988\"><strong data-start=\"3812\" data-end=\"3829\">Spor ikke:<\/strong> Nogle webbrowsere har en \"Do Not Track\"-funktion, der giver dig mulighed for at frav\u00e6lge sporing fra websteder. P\u00e5 nuv\u00e6rende tidspunkt reagerer vi ikke p\u00e5 \"Do Not Track\"-signaler.<\/p>\n<\/li>\n<\/ul>\n<p data-start=\"3990\" data-end=\"4067\">Hvis du vil g\u00f8re brug af en af disse rettigheder, bedes du kontakte os p\u00e5 <strong data-start=\"4044\" data-end=\"4066\"><a class=\"decorated-link cursor-pointer\" rel=\"noopener\" data-start=\"4046\" data-end=\"4064\">support@frvape.com<\/a><\/strong>.<\/p>\n<hr data-start=\"4069\" data-end=\"4072\" \/>\n<h4 data-start=\"4074\" data-end=\"4104\"><strong data-start=\"4079\" data-end=\"4104\">6. B\u00f8rns privatliv<\/strong><\/h4>\n<p data-start=\"4106\" data-end=\"4353\">Vores hjemmeside er ikke beregnet til b\u00f8rn under 21 \u00e5r, og vi indsamler ikke bevidst personlige oplysninger fra b\u00f8rn. Hvis vi finder ud af, at vi har indsamlet personlige oplysninger fra et barn under 21 \u00e5r, sletter vi dem s\u00e5 hurtigt som muligt.<\/p>\n<hr data-start=\"4355\" data-end=\"4358\" \/>\n<h4 data-start=\"4360\" data-end=\"4389\"><strong data-start=\"4365\" data-end=\"4389\">7. Links til tredjeparter<\/strong><\/h4>\n<p data-start=\"4391\" data-end=\"4636\">Vores hjemmeside kan indeholde links til tredjeparters hjemmesider, tjenester eller produkter. Vi er ikke ansvarlige for disse tredjeparters privatlivspraksis, og vi opfordrer dig til at l\u00e6se deres privatlivspolitik, f\u00f8r du afgiver personlige oplysninger.<\/p>\n<hr data-start=\"4638\" data-end=\"4641\" \/>\n<h4 data-start=\"4643\" data-end=\"4685\"><strong data-start=\"4648\" data-end=\"4685\">8. \u00c6ndringer af denne privatlivspolitik<\/strong><\/h4>\n<p data-start=\"4687\" data-end=\"4933\">Vi kan opdatere denne privatlivspolitik fra tid til anden. N\u00e5r vi foretager \u00e6ndringer, vil vi opdatere datoen for \"Sidst opdateret\" \u00f8verst p\u00e5 denne side. Vi opfordrer dig til at gennemg\u00e5 denne politik med j\u00e6vne mellemrum for at holde dig orienteret om, hvordan vi beskytter dine oplysninger.<\/p>\n<hr data-start=\"4935\" data-end=\"4938\" \/>\n<h4 data-start=\"4940\" data-end=\"4962\"><strong data-start=\"4945\" data-end=\"4962\">9. Kontakt os<\/strong><\/h4>\n<p data-start=\"4964\" data-end=\"5047\">Hvis du har sp\u00f8rgsm\u00e5l eller bekymringer om denne privatlivspolitik, bedes du kontakte os:<\/p>\n<ul data-start=\"5049\" data-end=\"5153\">\n<li data-start=\"5083\" data-end=\"5112\">\n<p data-start=\"5085\" data-end=\"5112\"><strong data-start=\"5085\" data-end=\"5095\">Telefon:<\/strong> +86 133 6063 1532<\/p>\n<\/li>\n<li data-start=\"5113\" data-end=\"5153\">\n<p data-start=\"5115\" data-end=\"5153\"><strong data-start=\"5115\" data-end=\"5127\">Adresse:<\/strong><span style=\"color: #333333; font-size: 14.4px;\">V\u00e6relse 312, nr. 23, Wusha Xinle Road, Chang'an Town, Dongguan<\/span><\/p>\n<\/li>\n<\/ul>\t\t\t\t\t\t\t\t<\/div>\n\t\t\t\t\t<\/div>\n\t\t\t\t<\/div>\n\t\t\t\t<\/div>","protected":false},"excerpt":{"rendered":"<p>Privacy Policy At FR Vape, your privacy is important to us. This Privacy Policy outlines the information we collect, how we use it, and how we protect your personal data. By using our website, you agree to the terms of this Privacy Policy. 1. Information We Collect We collect several types of information to provide [&#8230;]","protected":false},"author":1,"featured_media":0,"parent":0,"menu_order":0,"comment_status":"closed","ping_status":"closed","template":"","meta":{"footnotes":""},"class_list":["post-7192","page","type-page","status-publish","hentry"],"jetpack_sharing_enabled":true,"_links":{"self":[{"href":"https:\/\/frvape.com\/da\/wp-json\/wp\/v2\/pages\/7192","targetHints":{"allow":["GET"]}}],"collection":[{"href":"https:\/\/frvape.com\/da\/wp-json\/wp\/v2\/pages"}],"about":[{"href":"https:\/\/frvape.com\/da\/wp-json\/wp\/v2\/types\/page"}],"author":[{"embeddable":true,"href":"https:\/\/frvape.com\/da\/wp-json\/wp\/v2\/users\/1"}],"replies":[{"embeddable":true,"href":"https:\/\/frvape.com\/da\/wp-json\/wp\/v2\/comments?post=7192"}],"version-history":[{"count":4,"href":"https:\/\/frvape.com\/da\/wp-json\/wp\/v2\/pages\/7192\/revisions"}],"predecessor-version":[{"id":7203,"href":"https:\/\/frvape.com\/da\/wp-json\/wp\/v2\/pages\/7192\/revisions\/7203"}],"wp:attachment":[{"href":"https:\/\/frvape.com\/da\/wp-json\/wp\/v2\/media?parent=7192"}],"curies":[{"name":"wp","href":"https:\/\/api.w.org\/{rel}","templated":true}]}}