{"id":7204,"date":"2025-10-13T07:27:19","date_gmt":"2025-10-13T07:27:19","guid":{"rendered":"https:\/\/frvape.com\/?page_id=7204"},"modified":"2025-10-13T07:29:31","modified_gmt":"2025-10-13T07:29:31","slug":"alderspolitik","status":"publish","type":"page","link":"https:\/\/frvape.com\/da\/alderspolitik\/","title":{"rendered":"Alderspolitik"},"content":{"rendered":"<div data-elementor-type=\"wp-page\" data-elementor-id=\"7204\" class=\"elementor elementor-7204\">\n\t\t\t\t<div class=\"elementor-element elementor-element-7db4835c e-flex e-con-boxed e-con e-parent\" data-id=\"7db4835c\" data-element_type=\"container\">\n\t\t\t\t\t<div class=\"e-con-inner\">\n\t\t\t\t<div class=\"elementor-element elementor-element-1cc1a384 elementor-widget elementor-widget-text-editor\" data-id=\"1cc1a384\" data-element_type=\"widget\" data-widget_type=\"text-editor.default\">\n\t\t\t\t\t\t\t\t\t\t\t\t\t\t\t\t\t<\/div>\n\t\t\t\t\t<\/div>\n\t\t\t\t<\/div>\n\t\t<div class=\"elementor-element elementor-element-aa8a800 e-flex e-con-boxed e-con e-parent\" data-id=\"aa8a800\" data-element_type=\"container\">\n\t\t\t\t\t<div class=\"e-con-inner\">\n\t\t\t\t<div class=\"elementor-element elementor-element-22a10a8 elementor-widget elementor-widget-text-editor\" data-id=\"22a10a8\" data-element_type=\"widget\" data-widget_type=\"text-editor.default\">\n\t\t\t\t\t\t\t\t\t<h3 data-start=\"73\" data-end=\"91\"><strong data-start=\"77\" data-end=\"91\">Alderspolitik<\/strong><\/h3>\n<p data-start=\"93\" data-end=\"368\">P\u00e5 <strong data-start=\"96\" data-end=\"107\">FR Vape<\/strong>Vi er forpligtet til at fremme ansvarlig dampning. P\u00e5 grund af arten af vores produkter, som er beregnet til voksne, har vi implementeret strenge aldersverifikationsprotokoller for at sikre overholdelse af lovkrav og for at opretholde vores kunders sikkerhed.<\/p>\n<hr data-start=\"370\" data-end=\"373\" \/>\n<h4 data-start=\"375\" data-end=\"402\"><strong data-start=\"380\" data-end=\"402\">1. Krav til alder<\/strong><\/h4>\n<ul data-start=\"404\" data-end=\"822\">\n<li data-start=\"404\" data-end=\"613\">\n<p data-start=\"406\" data-end=\"613\"><strong data-start=\"406\" data-end=\"422\">Minimumsalder:<\/strong> Du skal v\u00e6re mindst <strong data-start=\"444\" data-end=\"460\">21 \u00e5r gammel<\/strong> at k\u00f8be vaping-produkter fra <strong data-start=\"498\" data-end=\"509\">FR Vape<\/strong>. Dette er i overensstemmelse med f\u00f8derale og statslige love om salg af tobaks- og nikotinprodukter.<\/p>\n<\/li>\n<li data-start=\"614\" data-end=\"822\">\n<p data-start=\"616\" data-end=\"822\"><strong data-start=\"616\" data-end=\"637\">Bekr\u00e6ftelse af alder:<\/strong> Ved at bruge vores websted og foretage et k\u00f8b bekr\u00e6fter du, at du er myndig i din jurisdiktion til at k\u00f8be vaping-produkter. Vi kan kr\u00e6ve bevis for alder, f\u00f8r vi behandler din ordre.<\/p>\n<\/li>\n<\/ul>\n<hr data-start=\"824\" data-end=\"827\" \/>\n<h4 data-start=\"829\" data-end=\"865\"><strong data-start=\"834\" data-end=\"865\">2. Proces for aldersbekr\u00e6ftelse<\/strong><\/h4>\n<p data-start=\"867\" data-end=\"1051\">For at sikre overholdelse af aldersbegr\u00e6nsninger bruger vi en tredjeparts aldersbekr\u00e6ftelsestjeneste. Denne tjeneste vil bekr\u00e6fte, at du er myndig, f\u00f8r du kan gennemf\u00f8re dit k\u00f8b.<\/p>\n<ul data-start=\"1053\" data-end=\"1432\">\n<li data-start=\"1053\" data-end=\"1186\">\n<p data-start=\"1055\" data-end=\"1186\"><strong data-start=\"1055\" data-end=\"1075\">Afgivelse af ordre:<\/strong> N\u00e5r du afgiver en ordre p\u00e5 <strong data-start=\"1103\" data-end=\"1117\">frvape.com<\/strong>skal du bekr\u00e6fte, at du er mindst 21 \u00e5r gammel.<\/p>\n<\/li>\n<li data-start=\"1187\" data-end=\"1432\">\n<p data-start=\"1189\" data-end=\"1432\"><strong data-start=\"1189\" data-end=\"1217\">Yderligere verifikation:<\/strong> Hvis det er n\u00f8dvendigt, kan vi bede dig om at uploade et billede af dit offentligt udstedte ID for at bekr\u00e6fte din alder, f\u00f8r vi behandler din ordre. Dit ID vil kun blive brugt til verifikationsform\u00e5l og vil ikke blive gemt i vores system.<\/p>\n<\/li>\n<\/ul>\n<hr data-start=\"1434\" data-end=\"1437\" \/>\n<h4 data-start=\"1439\" data-end=\"1472\"><strong data-start=\"1444\" data-end=\"1472\">3. Begr\u00e6nsninger p\u00e5 salg<\/strong><\/h4>\n<ul data-start=\"1474\" data-end=\"1991\">\n<li data-start=\"1474\" data-end=\"1658\">\n<p data-start=\"1476\" data-end=\"1658\"><strong data-start=\"1476\" data-end=\"1499\">Intet salg til mindre\u00e5rige:<\/strong> Vi s\u00e6lger ikke vaping-produkter til personer under 21 \u00e5r. Hvis du er mindre\u00e5rig, bedes du afst\u00e5 fra at fors\u00f8ge at k\u00f8be varer fra vores hjemmeside.<\/p>\n<\/li>\n<li data-start=\"1659\" data-end=\"1991\">\n<p data-start=\"1661\" data-end=\"1991\"><strong data-start=\"1661\" data-end=\"1691\">Geografiske begr\u00e6nsninger:<\/strong> Visse lande, regioner eller stater kan have deres egne aldersbegr\u00e6nsninger for salg af dampprodukter. Det er dit ansvar at tjekke og sikre, at du har lov til at k\u00f8be og bruge dampprodukter i dit omr\u00e5de. Vi forbeholder os ret til at n\u00e6gte service til kunder fra begr\u00e6nsede regioner.<\/p>\n<\/li>\n<\/ul>\n<hr data-start=\"1993\" data-end=\"1996\" \/>\n<h4 data-start=\"1998\" data-end=\"2041\"><strong data-start=\"2003\" data-end=\"2041\">4. Konsekvenser af overtr\u00e6delser af alderspolitikken<\/strong><\/h4>\n<ul data-start=\"2043\" data-end=\"2514\">\n<li data-start=\"2043\" data-end=\"2202\">\n<p data-start=\"2045\" data-end=\"2202\"><strong data-start=\"2045\" data-end=\"2068\">Afvisning af service:<\/strong> Hvis vi opdager, at en kunde er mindre\u00e5rig eller har overtr\u00e5dt vores alderspolitik, vil vi straks annullere deres ordre og udstede en refusion.<\/p>\n<\/li>\n<li data-start=\"2203\" data-end=\"2370\">\n<p data-start=\"2205\" data-end=\"2370\"><strong data-start=\"2205\" data-end=\"2228\">Suspendering af konto:<\/strong> Enhver kunde, der giver falske oplysninger om sin alder, kan f\u00e5 sin konto suspenderet eller permanent udelukket fra vores hjemmeside.<\/p>\n<\/li>\n<li data-start=\"2371\" data-end=\"2514\">\n<p data-start=\"2373\" data-end=\"2514\"><strong data-start=\"2373\" data-end=\"2396\">Juridiske konsekvenser:<\/strong> Overtr\u00e6delse af aldersrelaterede love kan medf\u00f8re retsforf\u00f8lgelse i overensstemmelse med g\u00e6ldende love i din jurisdiktion.<\/p>\n<\/li>\n<\/ul>\n<hr data-start=\"2516\" data-end=\"2519\" \/>\n<h4 data-start=\"2521\" data-end=\"2556\"><strong data-start=\"2526\" data-end=\"2556\">5. For\u00e6ldrenes ansvar<\/strong><\/h4>\n<p data-start=\"2558\" data-end=\"2815\">Hvis du er voksen og k\u00f8ber vaping-produkter til en anden, er du ansvarlig for at sikre, at modtageren ogs\u00e5 er myndig til at bruge produkterne. <strong data-start=\"2717\" data-end=\"2728\">FR Vape<\/strong> er ikke ansvarlig for salg eller misbrug af produkter af personer under den lovlige alder.<\/p>\n<hr data-start=\"2817\" data-end=\"2820\" \/>\n<h4 data-start=\"2822\" data-end=\"2866\"><strong data-start=\"2827\" data-end=\"2866\">6. Forpligtelse til ansvarlig dampning<\/strong><\/h4>\n<p data-start=\"2868\" data-end=\"3111\">P\u00e5 <strong data-start=\"2871\" data-end=\"2882\">FR Vape<\/strong>Vi fremmer ansvarlig brug af dampprodukter. Vi opfordrer voksne til at bruge vores produkter i overensstemmelse med retningslinjerne for sundhed og sikkerhed. Vi st\u00f8tter eller anbefaler ikke brug af dampprodukter af personer under den lovlige alder.<\/p>\n<p>9. Kontakt os<\/p>\n<p>Hvis du har sp\u00f8rgsm\u00e5l eller bekymringer om denne privatlivspolitik, bedes du kontakte os:<\/p>\n<p>Telefon: +86 133 6063 1532<\/p>\n<p>Adresse:Room 312, No. 23, Wusha Xinle Road, Chang'an Town, Dongguan<\/p>\t\t\t\t\t\t\t\t<\/div>\n\t\t\t\t\t<\/div>\n\t\t\t\t<\/div>\n\t\t\t\t<\/div>","protected":false},"excerpt":{"rendered":"<p>Age Policy At FR Vape, we are committed to promoting responsible vaping. Due to the nature of our products, which are intended for adults, we have implemented strict age verification protocols to ensure compliance with legal requirements and to maintain the safety of our customers. 1. Age Requirement Minimum Age: You must be at least [&#8230;]","protected":false},"author":1,"featured_media":0,"parent":0,"menu_order":0,"comment_status":"closed","ping_status":"closed","template":"","meta":{"footnotes":""},"class_list":["post-7204","page","type-page","status-publish","hentry"],"jetpack_sharing_enabled":true,"_links":{"self":[{"href":"https:\/\/frvape.com\/da\/wp-json\/wp\/v2\/pages\/7204","targetHints":{"allow":["GET"]}}],"collection":[{"href":"https:\/\/frvape.com\/da\/wp-json\/wp\/v2\/pages"}],"about":[{"href":"https:\/\/frvape.com\/da\/wp-json\/wp\/v2\/types\/page"}],"author":[{"embeddable":true,"href":"https:\/\/frvape.com\/da\/wp-json\/wp\/v2\/users\/1"}],"replies":[{"embeddable":true,"href":"https:\/\/frvape.com\/da\/wp-json\/wp\/v2\/comments?post=7204"}],"version-history":[{"count":4,"href":"https:\/\/frvape.com\/da\/wp-json\/wp\/v2\/pages\/7204\/revisions"}],"predecessor-version":[{"id":7208,"href":"https:\/\/frvape.com\/da\/wp-json\/wp\/v2\/pages\/7204\/revisions\/7208"}],"wp:attachment":[{"href":"https:\/\/frvape.com\/da\/wp-json\/wp\/v2\/media?parent=7204"}],"curies":[{"name":"wp","href":"https:\/\/api.w.org\/{rel}","templated":true}]}}