{"id":7209,"date":"2025-10-13T07:30:07","date_gmt":"2025-10-13T07:30:07","guid":{"rendered":"https:\/\/frvape.com\/?page_id=7209"},"modified":"2025-10-13T07:32:55","modified_gmt":"2025-10-13T07:32:55","slug":"kob-vapes-med-paypal","status":"publish","type":"page","link":"https:\/\/frvape.com\/da\/kob-vapes-med-paypal\/","title":{"rendered":"K\u00f8b vapes med Paypal"},"content":{"rendered":"<div data-elementor-type=\"wp-page\" data-elementor-id=\"7209\" class=\"elementor elementor-7209\">\n\t\t\t\t<div class=\"elementor-element elementor-element-1fc0d9f2 e-flex e-con-boxed e-con e-parent\" data-id=\"1fc0d9f2\" data-element_type=\"container\">\n\t\t\t\t\t<div class=\"e-con-inner\">\n\t\t\t\t<div class=\"elementor-element elementor-element-7bd5de14 elementor-widget elementor-widget-text-editor\" data-id=\"7bd5de14\" data-element_type=\"widget\" data-widget_type=\"text-editor.default\">\n\t\t\t\t\t\t\t\t\t\t\t\t\t\t\t\t\t<\/div>\n\t\t\t\t\t<\/div>\n\t\t\t\t<\/div>\n\t\t<div class=\"elementor-element elementor-element-07d1529 e-flex e-con-boxed e-con e-parent\" data-id=\"07d1529\" data-element_type=\"container\">\n\t\t\t\t\t<div class=\"e-con-inner\">\n\t\t\t\t<div class=\"elementor-element elementor-element-6073f1f elementor-widget elementor-widget-text-editor\" data-id=\"6073f1f\" data-element_type=\"widget\" data-widget_type=\"text-editor.default\">\n\t\t\t\t\t\t\t\t\t<h3 data-start=\"153\" data-end=\"193\"><strong data-start=\"157\" data-end=\"193\">K\u00f8b vapes med PayPal hos FR Vape<\/strong><\/h3>\n<p data-start=\"195\" data-end=\"315\">P\u00e5 <strong data-start=\"198\" data-end=\"209\">FR Vape<\/strong>Vi tilbyder en bekvem og sikker m\u00e5de, hvorp\u00e5 du kan k\u00f8be dine foretrukne dampprodukter ved hj\u00e6lp af <strong data-start=\"304\" data-end=\"314\">PayPal<\/strong>.<\/p>\n<hr data-start=\"317\" data-end=\"320\" \/>\n<h4 data-start=\"322\" data-end=\"360\"><strong data-start=\"327\" data-end=\"360\">S\u00e5dan k\u00f8ber du vapes med PayPal:<\/strong><\/h4>\n<ol data-start=\"362\" data-end=\"1327\">\n<li data-start=\"362\" data-end=\"548\">\n<p data-start=\"365\" data-end=\"548\"><strong data-start=\"365\" data-end=\"391\">Gennemse vores kollektion:<\/strong><br data-start=\"391\" data-end=\"394\" \/>Start med at gennemse vores brede udvalg af vapes, e-v\u00e6sker, tilbeh\u00f8r og meget mere. N\u00e5r du har fundet de produkter, du vil have, skal du blot klikke p\u00e5 <strong data-start=\"532\" data-end=\"547\">L\u00e6g i kurv<\/strong>.<\/p>\n<\/li>\n<li data-start=\"550\" data-end=\"722\">\n<p data-start=\"553\" data-end=\"722\"><strong data-start=\"553\" data-end=\"572\">G\u00e5 til kassen:<\/strong><br data-start=\"572\" data-end=\"575\" \/>N\u00e5r du har lagt alt i din indk\u00f8bskurv, skal du klikke p\u00e5 <strong data-start=\"635\" data-end=\"643\">Vogn<\/strong> ikon og gennemg\u00e5 dine varer. S\u00f8rg for, at alt er korrekt, f\u00f8r du forts\u00e6tter.<\/p>\n<\/li>\n<li data-start=\"724\" data-end=\"898\">\n<p data-start=\"727\" data-end=\"898\"><strong data-start=\"727\" data-end=\"757\">V\u00e6lg PayPal ved kassen:<\/strong><br data-start=\"757\" data-end=\"760\" \/>N\u00e5r du kommer til betalingssiden, vil du blive pr\u00e6senteret for flere betalingsmuligheder. Du skal blot v\u00e6lge <strong data-start=\"864\" data-end=\"874\">PayPal<\/strong> som din betalingsmetode.<\/p>\n<\/li>\n<li data-start=\"900\" data-end=\"1104\">\n<p data-start=\"903\" data-end=\"1104\"><strong data-start=\"903\" data-end=\"923\">Log ind p\u00e5 PayPal:<\/strong><br data-start=\"923\" data-end=\"926\" \/>Hvis du ikke allerede er logget ind p\u00e5 din PayPal-konto, bliver du bedt om at logge ind. Du kan betale sikkert med din PayPal-saldo, en tilknyttet bankkonto eller et kredit- eller betalingskort.<\/p>\n<\/li>\n<li data-start=\"1106\" data-end=\"1327\">\n<p data-start=\"1109\" data-end=\"1327\"><strong data-start=\"1109\" data-end=\"1136\">Gennemf\u00f8r dit k\u00f8b:<\/strong><br data-start=\"1136\" data-end=\"1139\" \/>N\u00e5r du har logget ind p\u00e5 PayPal, skal du gennemg\u00e5 dine betalingsoplysninger og bekr\u00e6fte dit k\u00f8b. Du vil modtage en <strong data-start=\"1242\" data-end=\"1264\">Ordrebekr\u00e6ftelse<\/strong> e-mail fra <strong data-start=\"1276\" data-end=\"1287\">FR Vape<\/strong> n\u00e5r din bestilling er gennemf\u00f8rt.<\/p>\n<\/li>\n<\/ol>\n<hr data-start=\"1329\" data-end=\"1332\" \/>\n<h4 data-start=\"1334\" data-end=\"1369\"><strong data-start=\"1339\" data-end=\"1369\">Hvorfor bruge PayPal hos FR Vape?<\/strong><\/h4>\n<ul data-start=\"1371\" data-end=\"1747\">\n<li data-start=\"1371\" data-end=\"1509\">\n<p data-start=\"1373\" data-end=\"1509\"><strong data-start=\"1373\" data-end=\"1397\">Sikre transaktioner:<\/strong> PayPal tilbyder en sikker m\u00e5de at gennemf\u00f8re dine transaktioner p\u00e5 uden at dele dine betalingsoplysninger direkte med os.<\/p>\n<\/li>\n<li data-start=\"1510\" data-end=\"1617\">\n<p data-start=\"1512\" data-end=\"1617\"><strong data-start=\"1512\" data-end=\"1528\">Let at bruge:<\/strong> PayPal er en enkel og meget p\u00e5lidelig betalingsmetode, som g\u00f8r det hurtigere og nemmere at betale.<\/p>\n<\/li>\n<li data-start=\"1618\" data-end=\"1747\">\n<p data-start=\"1620\" data-end=\"1747\"><strong data-start=\"1620\" data-end=\"1641\">K\u00f8berbeskyttelse:<\/strong> PayPal giver k\u00f8berbeskyttelse for kvalificerede transaktioner, hvilket sikrer ro i sindet, n\u00e5r du handler hos os.<\/p>\n<\/li>\n<\/ul>\n<hr data-start=\"1749\" data-end=\"1752\" \/>\n<h4 data-start=\"1754\" data-end=\"1779\"><strong data-start=\"1759\" data-end=\"1779\">Vigtige bem\u00e6rkninger:<\/strong><\/h4>\n<ul data-start=\"1781\" data-end=\"2085\">\n<li data-start=\"1781\" data-end=\"1944\">\n<p data-start=\"1783\" data-end=\"1944\"><strong data-start=\"1783\" data-end=\"1800\">Tilg\u00e6ngelighed:<\/strong> PayPal er tilg\u00e6ngelig for alle indenlandske ordrer. Nogle internationale transaktioner kan kr\u00e6ve alternative betalingsmetoder afh\u00e6ngigt af stedet.<\/p>\n<\/li>\n<li data-start=\"1945\" data-end=\"2085\">\n<p data-start=\"1947\" data-end=\"2085\"><strong data-start=\"1947\" data-end=\"1978\">Fleksibilitet i betalingsmetode:<\/strong> Hvis du ikke har en PayPal-saldo, kan du knytte dit kredit- eller betalingskort til din PayPal-konto for at betale.<\/p>\n<\/li>\n<\/ul>\n<hr data-start=\"2087\" data-end=\"2090\" \/>\n<h4 data-start=\"2092\" data-end=\"2111\"><strong data-start=\"2097\" data-end=\"2111\">Har du brug for hj\u00e6lp?<\/strong><\/h4>\n<p data-start=\"2113\" data-end=\"2236\">Hvis du st\u00f8der p\u00e5 problemer, n\u00e5r du betaler med PayPal, eller har sp\u00f8rgsm\u00e5l, er du velkommen til at kontakte vores kundesupportteam:<\/p>\n<ul data-start=\"2238\" data-end=\"2301\">\n<li data-start=\"2272\" data-end=\"2301\">\n<p data-start=\"2274\" data-end=\"2301\"><strong data-start=\"2274\" data-end=\"2284\">Telefon:<\/strong> +86 133 6063 1532<\/p>\n<\/li>\n<\/ul>\t\t\t\t\t\t\t\t<\/div>\n\t\t\t\t\t<\/div>\n\t\t\t\t<\/div>\n\t\t\t\t<\/div>","protected":false},"excerpt":{"rendered":"<p>Buy Vapes with PayPal at FR Vape At FR Vape, we offer a convenient and secure way for you to purchase your favorite vaping products using PayPal. How to Buy Vapes with PayPal: Browse Our Collection:Start by browsing our wide selection of vapes, e-liquids, accessories, and more. Once you&#8217;ve found the products you want, simply [&#8230;]","protected":false},"author":1,"featured_media":0,"parent":0,"menu_order":0,"comment_status":"closed","ping_status":"closed","template":"","meta":{"footnotes":""},"class_list":["post-7209","page","type-page","status-publish","hentry"],"jetpack_sharing_enabled":true,"_links":{"self":[{"href":"https:\/\/frvape.com\/da\/wp-json\/wp\/v2\/pages\/7209","targetHints":{"allow":["GET"]}}],"collection":[{"href":"https:\/\/frvape.com\/da\/wp-json\/wp\/v2\/pages"}],"about":[{"href":"https:\/\/frvape.com\/da\/wp-json\/wp\/v2\/types\/page"}],"author":[{"embeddable":true,"href":"https:\/\/frvape.com\/da\/wp-json\/wp\/v2\/users\/1"}],"replies":[{"embeddable":true,"href":"https:\/\/frvape.com\/da\/wp-json\/wp\/v2\/comments?post=7209"}],"version-history":[{"count":4,"href":"https:\/\/frvape.com\/da\/wp-json\/wp\/v2\/pages\/7209\/revisions"}],"predecessor-version":[{"id":7218,"href":"https:\/\/frvape.com\/da\/wp-json\/wp\/v2\/pages\/7209\/revisions\/7218"}],"wp:attachment":[{"href":"https:\/\/frvape.com\/da\/wp-json\/wp\/v2\/media?parent=7209"}],"curies":[{"name":"wp","href":"https:\/\/api.w.org\/{rel}","templated":true}]}}