{"id":10495,"date":"2025-11-02T03:43:17","date_gmt":"2025-11-02T03:43:17","guid":{"rendered":"https:\/\/frvape.com\/product\/uzy-crystal-100000-puffs-disposable-vape-quad-flavor-rechargeable-e-cigarette\/"},"modified":"2025-11-04T02:28:46","modified_gmt":"2025-11-04T02:28:46","slug":"uzy-crystal-100000-puffs-engangs-vape-quad-smag-genopladelig-e-cigaret","status":"publish","type":"product","link":"https:\/\/frvape.com\/da\/product\/uzy-crystal-100000-puffs-engangs-vape-quad-smag-genopladelig-e-cigaret\/","title":{"rendered":"Uzy Crystal 100000 Puffs Engangs-damp - Quad Flavor, genopladelig e-cigaret"},"content":{"rendered":"<h3>F\u00f8rsteklasses oplevelse med fire smage<\/h3>\n<p>Den <strong>Uzy krystal 100000<\/strong> revolutionerer dampning med sit innovative quad-flavor-system. Designet til kendere, der \u00f8nsker variation, er denne banebrydende <strong>Vape til engangsbrug<\/strong> har fire forskellige smagskamre i en enkelt enhed. Den avancerede <strong>Spole med fire masker<\/strong> (1,0\u03a9) varmesystem leverer enest\u00e5ende dampt\u00e6thed og opretholder autentisk smagskonsistens under hele din damprejse.<\/p>\n<h3>Smart teknik og lang levetid<\/h3>\n<p>Udstyret med en <strong>650 mAh genopladeligt batteri<\/strong>Denne enhed underst\u00f8tter langvarig brug med praktisk Type-C-hurtigopladning. Den integrerede <strong>Smart LED-sk\u00e6rm<\/strong> giver realtidsoverv\u00e5gning af b\u00e5de batteri og <strong>56 ml e-v\u00e6ske<\/strong> niveauer, s\u00e5 du aldrig bliver fanget uforberedt. Med sin gener\u00f8se kapacitet, der er konstrueret til <strong>100.000 pust<\/strong>Uzy Crystal tilbyder en hidtil uset lang levetid p\u00e5 markedet for engangsvape.<\/p>\n<h3>Tilg\u00e6ngelige smagskombinationer<\/h3>\n<ul>\n<li>Fersken Mango Ananas &amp; Bl\u00e5b\u00e6r Hindb\u00e6r &amp; Citron Lime &amp; Vandmelon BubbleGum<\/li>\n<li>Cherry Ice &amp; Grape Ice &amp; Passion Fruit Mango &amp; Love 66<\/li>\n<li>Strawberry Mango &amp; MR Blue &amp; Summer Peach Ice &amp; Black Ice<\/li>\n<li>Watermelon Ice &amp; Blue Razz Cherry &amp; Watermelon Sour Peach &amp; Passion Fruit Kiwi<\/li>\n<li>Jordb\u00e6ris &amp; Gumny Bear &amp; Vandmelon Dragon Fruit &amp; Bl\u00e5b\u00e6r Kiwi<\/li>\n<li>Jordb\u00e6r Vandmelon &amp; Blue Razz Ice &amp; Bl\u00e5b\u00e6r Hindb\u00e6r Kirseb\u00e6r &amp; fizzy cherry Ice<\/li>\n<li>Blueberry Ice &amp; Mango Peach Apricot &amp; Kiwi Passion Fruit Guava &amp; White Peach Razz<\/li>\n<li>Bl\u00e5b\u00e6r-is &amp; jordb\u00e6r-banan &amp; to \u00e6bler &amp; kegler<\/li>\n<li>Blandede b\u00e6r &amp; passionsfrugt Kiwi Lime &amp; traneb\u00e6r Drue &amp; jordb\u00e6r Kiwi<\/li>\n<li>Fersken-is &amp; bl\u00e5b\u00e6r-kirseb\u00e6r &amp; energidrik &amp; vandmelon-lychee<\/li>\n<\/ul>\n<h3>Designet til topkvalitet<\/h3>\n<p>Uzy Crystal er fremstillet af f\u00f8rsteklasses materialer og fremviser et elegant <strong>krystal-design<\/strong> der afspejler en sofistikeret stil og samtidig har en behagelig v\u00e6gt p\u00e5 160 g. Dens ergonomiske konturer passer naturligt i din h\u00e5nd og giver b\u00e5de <strong>visuel elegance<\/strong> og praktisk komfort. Tilpas dit nikotinindtag med muligheder for 0%, 2%, 3% eller 5% styrke.<\/p>\n<h3>Optimal emballage og v\u00e6rdi<\/h3>\n<p>Uzy Crystal er pakket effektivt med 10 stk. pr. \u00e6ske og 120 stk. pr. karton (19,21 kg kartonv\u00e6gt) og kombinerer f\u00f8rsteklasses ydeevne med logistisk bekvemmelighed. Designet til b\u00e5de personlig <strong>gl\u00e6de ved at dampe<\/strong> og kommerciel distributionseffektivitet s\u00e6tter denne firdobbelte smagsinnovation nye standarder i kategorien for engangsvape.<\/p>","protected":false},"excerpt":{"rendered":"<p>Oplev 4-i-1-smagens alsidighed med <strong>Uzy krystal 100000<\/strong> <strong>Vape til engangsbrug<\/strong> med <strong>quad mesh-spoler<\/strong> og en kapacitet p\u00e5 56 ml e-v\u00e6ske. Nyd op til <strong>100.000 pust<\/strong> med en <strong>Type-C genopladelig<\/strong> batteri og smart LED-display.<\/p>","protected":false},"featured_media":10489,"comment_status":"open","ping_status":"closed","template":"","meta":[],"product_brand":[237],"product_cat":[1016,1017,846],"product_tag":[],"class_list":{"0":"post-10495","1":"product","2":"type-product","3":"status-publish","4":"has-post-thumbnail","6":"product_brand-uzy","7":"product_cat-big-puffs-vapes","8":"product_cat-crystal-vapes","9":"product_cat-uzy","11":"first","12":"instock","13":"sale","14":"shipping-taxable","15":"purchasable","16":"product-type-variable"},"jetpack_sharing_enabled":true,"tiered_pricing_type":"fixed","tiered_pricing_fixed_rules":[],"tiered_pricing_product_settings":{"layout":"default","base_unit_name":{"singular":null,"plural":null},"default_variation":null},"tiered_pricing_minimum_quantity":null,"tiered_pricing_roles_data":[],"tiered_pricing_percentage_rules":[],"tiered_pricing_maximum_quantity":null,"tiered_pricing_quantity_step":null,"_links":{"self":[{"href":"https:\/\/frvape.com\/da\/wp-json\/wp\/v2\/product\/10495","targetHints":{"allow":["GET"]}}],"collection":[{"href":"https:\/\/frvape.com\/da\/wp-json\/wp\/v2\/product"}],"about":[{"href":"https:\/\/frvape.com\/da\/wp-json\/wp\/v2\/types\/product"}],"replies":[{"embeddable":true,"href":"https:\/\/frvape.com\/da\/wp-json\/wp\/v2\/comments?post=10495"}],"wp:featuredmedia":[{"embeddable":true,"href":"https:\/\/frvape.com\/da\/wp-json\/wp\/v2\/media\/10489"}],"wp:attachment":[{"href":"https:\/\/frvape.com\/da\/wp-json\/wp\/v2\/media?parent=10495"}],"wp:term":[{"taxonomy":"product_brand","embeddable":true,"href":"https:\/\/frvape.com\/da\/wp-json\/wp\/v2\/product_brand?post=10495"},{"taxonomy":"product_cat","embeddable":true,"href":"https:\/\/frvape.com\/da\/wp-json\/wp\/v2\/product_cat?post=10495"},{"taxonomy":"product_tag","embeddable":true,"href":"https:\/\/frvape.com\/da\/wp-json\/wp\/v2\/product_tag?post=10495"}],"curies":[{"name":"wp","href":"https:\/\/api.w.org\/{rel}","templated":true}]}}